{"id":988,"date":"2025-04-16T01:18:51","date_gmt":"2025-04-16T01:18:51","guid":{"rendered":"https:\/\/red-lighttherapy.com\/?post_type=product&#038;p=988"},"modified":"2025-04-20T06:05:30","modified_gmt":"2025-04-20T06:05:30","slug":"luxury-paper-gift-bags-for-cosmetics-perfume-distributors","status":"publish","type":"product","link":"https:\/\/red-lighttherapy.com\/tr\/luxury-paper-gift-bags-for-cosmetics-perfume-distributors\/","title":{"rendered":"Kozmetik Parf\u00fcm Distrib\u00fct\u00f6rleri i\u00e7in L\u00fcks Ka\u011f\u0131t Hediyelik \u00c7antalar"},"content":{"rendered":"<h2 id=\"-product-description-of-high-end-perfume-gift-bag-\"><strong>High-end Kozmetik Parf\u00fcm Ka\u011f\u0131t Hediye \u00c7antas\u0131 \u00dcr\u00fcn A\u00e7\u0131klamas\u0131<\/strong><\/h2>\n<h2 id=\"-1-double-strand-twisted-cotton-rope-handle-tensile-strength-and-ergonomic-design-\"><strong>1. \u00c7ift telli b\u00fck\u00fclm\u00fc\u015f pamuk halat sap: \u00e7ekme mukavemeti ve ergonomik tasar\u0131m<\/strong><\/h2>\n<p>Evlat edinmek\u00a0<strong>\u00e7ift telli y\u00fcksek yo\u011funluklu pamuk halat b\u00fck\u00fcm i\u015flemi<\/strong>\u00c7ekme mukavemetini (\u226510kg ta\u015f\u0131yabilir) iyile\u015ftirmek i\u00e7in birden fazla elyaf telinin i\u00e7 i\u00e7e ge\u00e7mesi yoluyla kavrama hissini optimize eder. \u0130pin y\u00fczeyi, avu\u00e7 i\u00e7i bas\u0131nc\u0131n\u0131n e\u015fit olarak da\u011f\u0131lmas\u0131n\u0131 ve uzun s\u00fcreli tutu\u015fta iz kalmamas\u0131n\u0131 sa\u011flamak i\u00e7in \u00e7ap ve kavisin hassas \u00f6l\u00e7\u00fcm\u00fc ile birlikte kaymaz i\u015flemden ge\u00e7irilmi\u015ftir. Pamuk halat\u0131n iki ucu, d\u00fc\u015fme riskini \u00f6nlemek i\u00e7in g\u00fc\u00e7lendirilmi\u015f per\u00e7in tasar\u0131m\u0131na sahip bir at nal\u0131 toka yap\u0131s\u0131 ile sabitlenmi\u015ftir.<\/p>\n<h2 id=\"-2-artistic-visual-rhythm-geometric-relief-pattern-design-\"><strong>2. Sanatsal g\u00f6rsel ritim: geometrik kabartma desen tasar\u0131m\u0131<\/strong><\/h2>\n<p>\u00c7anta g\u00f6vdesinin ana g\u00f6rselinde \u015funlar kullan\u0131l\u0131r\u00a0<strong>ak\u0131\u015fkan geometrik kabartma desen<\/strong>ve \u00fc\u00e7 boyutlu kabartma i\u015flemi, de\u011fi\u015fen derinlikler ve s\u0131\u011fl\u0131klarla dalgal\u0131 bir doku sunar. Parf\u00fcm molek\u00fcllerinin hareket y\u00f6r\u00fcngesinden esinlenen desen, mat kaplama i\u015flemiyle birle\u015ftirilerek \u0131\u015f\u0131k ve g\u00f6lgenin k\u0131r\u0131lmas\u0131yla dinamik bir g\u00f6rsel ritim olu\u015fturulur ve markan\u0131n sanatsal tonalitesini g\u00fc\u00e7lendirir. Yan taraf, ana desen ile bo\u015f alan\u0131 birbirine ba\u011flamak ve \u00fcst d\u00fczey estetik dengeyi yans\u0131tmak i\u00e7in degrade bir lekeleme i\u015flemiyle desteklenmi\u015ftir.<\/p>\n<h2 id=\"-3-brand-logo-enhancement-dark-blue-base-and-hot-stamping-process-\"><strong>3. Marka logosu geli\u015ftirme: koyu mavi taban ve s\u0131cak damgalama i\u015flemi<\/strong><\/h2>\n<p>Ana\u00a0<strong>derin deniz mavisi model<\/strong>\u00a0Pantone 19-4052'nin klasik renk numaras\u0131n\u0131, merkezi bir s\u0131cak damgalama marka logosu ile benimser. arac\u0131l\u0131\u011f\u0131yla\u00a0<strong>Alman ithal so\u011fuk damgalama teknolojisi<\/strong>0,1 mm'lik hassas \u00e7izgi restorasyonu sa\u011flan\u0131r ve metal folyo tabakas\u0131n\u0131n kal\u0131nl\u0131\u011f\u0131 12\u03bcm'ye ula\u015farak mat \u00e7anta y\u00fczeyinde g\u00fc\u00e7l\u00fc bir g\u00f6rsel kontrast olu\u015fturur. Laboratuvar testlerine g\u00f6re, s\u0131cak damgalama tabakas\u0131 5.000 s\u00fcrt\u00fcnmeden sonra d\u00fc\u015fmemi\u015f ve l\u00fcks s\u0131n\u0131f dayan\u0131kl\u0131l\u0131k standartlar\u0131n\u0131 kar\u015f\u0131lam\u0131\u015ft\u0131r.<\/p>\n<h2 id=\"-4-hidden-triangular-support-structure-no-load-shape-management-\"><strong>4. Gizli \u00fc\u00e7gen destek yap\u0131s\u0131: y\u00fcks\u00fcz \u015fekil y\u00f6netimi<\/strong><\/h2>\n<p>Yenilik\u00e7i g\u00f6m\u00fcl\u00fc\u00a0<strong>katlanabilir \u00fc\u00e7gen astar sistemi<\/strong>1,2 mm kal\u0131nl\u0131\u011f\u0131nda gri tahta lazer kesim kullan\u0131larak \u00fcretilmi\u015ftir. Bo\u015fken, torban\u0131n d\u00fcz \u015feklini korumak i\u00e7in \u00fc\u00e7gen prizma destek \u00e7er\u00e7evesi olu\u015fturmak \u00fczere otomatik olarak a\u00e7\u0131l\u0131r; y\u00fcklendikten sonra, i\u00e7erikle uyumlu bir \u015fekilde k\u00fc\u00e7\u00fcl\u00fcr. Astar\u0131n kenar\u0131 tutkals\u0131z ge\u00e7meli yuvalarla \u00f6nceden g\u00f6m\u00fcl\u00fcd\u00fcr. T\u00fcketiciler bunu \u00e7\u0131kard\u0131ktan sonra, ikincil paketleme elde etmek i\u00e7in tokalar arac\u0131l\u0131\u011f\u0131yla bir masa\u00fcst\u00fc saklama kutusuna yeniden monte edilebilirler.<\/p>\n<h2 id=\"-5-fsc-certified-environmentally-friendly-material-system-\"><strong>5. FSC sertifikal\u0131 \u00e7evre dostu malzeme sistemi<\/strong><\/h2>\n<p>Ana g\u00f6vde \u015funlardan yap\u0131lm\u0131\u015ft\u0131r\u00a0<strong>FSC Mix sertifikal\u0131 beyaz karton<\/strong>\u00a0(miktar 300 g\/\u33a1, kal\u0131nl\u0131k 0,4 mm) ve y\u00fczey, SGS testinden ge\u00e7en ve g\u0131da ile temas g\u00fcvenli\u011fi standartlar\u0131na ula\u015fan bitki bazl\u0131 su bazl\u0131 kaplama ile kaplanm\u0131\u015ft\u0131r. Astar, par\u00e7alanabilir m\u0131s\u0131r ni\u015fastas\u0131 sentetik filmden yap\u0131lm\u0131\u015ft\u0131r ve t\u00fcm torban\u0131n par\u00e7alanma d\u00f6ng\u00fcs\u00fc \u2264180 g\u00fcnd\u00fcr ve karbon ayak izi geleneksel ambalaja k\u0131yasla 42% azalt\u0131lm\u0131\u015ft\u0131r.<\/p>\n<h2 id=\"-6-magnetic-safety-closure-system-\"><strong>6. Manyetik g\u00fcvenlik kapatma sistemi<\/strong><\/h2>\n<p>\u00dcst k\u0131s\u0131m a\u015fa\u011f\u0131dakilerle donat\u0131lm\u0131\u015ft\u0131r\u00a0<strong>NdFeB manyetik \u00e7\u0131t\u00e7\u0131tl\u0131 d\u00fc\u011fme grubu<\/strong>ve kapanma kuvveti ANSYS mekanik sim\u00fclasyonu ile 0,8N-m'ye optimize edilmi\u015ftir. \u00c7ift manyetik kutuplu kademeli d\u00fczenleme tasar\u0131m\u0131 hassas hizalama sa\u011flar ve nakliye titre\u015fim testi, 10.000 a\u00e7ma ve kapamadan sonra manyetik kuvvet azalmas\u0131n\u0131n 3%'den daha az oldu\u011funu g\u00f6sterir. A\u00e7ma ve kapama k\u0131sm\u0131, boyal\u0131 kozmetik \u015fi\u015fesini korumak i\u00e7in \u00e7izilmez kadife astar ile \u00f6nceden g\u00f6m\u00fclm\u00fc\u015ft\u00fcr.<\/p>\n<h2 id=\"-7-die-cutting-and-indentation-rapid-prototyping-technology-\"><strong>7. Kal\u0131p kesim ve girinti h\u0131zl\u0131 prototipleme teknolojisi<\/strong><\/h2>\n<p>Bu\u00a0<strong>di\u0307ji\u0307tal kalip kesi\u0307m si\u0307stemi\u0307<\/strong>\u00a0\u00f6n katlama \u00e7izgisi k\u0131lavuz i\u015fareti ile desteklenen 85\u00b0 hassas V-oluk girintisini tamamlamak i\u00e7in kullan\u0131l\u0131r. Distrib\u00fct\u00f6r personeli, torban\u0131n \u00fc\u00e7 boyutlu \u015fekillendirmesini 30 saniye i\u00e7inde tamamlayarak i\u015f\u00e7ilik maliyetlerini 60% oran\u0131nda azaltabilir. Bir DIY d\u00f6n\u00fc\u015ft\u00fcrme k\u0131lavuzu sa\u011flanm\u0131\u015ft\u0131r. T\u00fcketiciler \u00e7antay\u0131 saklad\u0131ktan sonra, \u00f6nceden kesilmi\u015f \u00e7izgileri katlayarak alt\u0131 \u0131zgaral\u0131 bir m\u00fccevher saklama kutusuna d\u00f6n\u00fc\u015ft\u00fcrebilir ve ambalaj\u0131n kullan\u0131m \u00f6mr\u00fcn\u00fc uzatabilir.<\/p>","protected":false},"excerpt":{"rendered":"<p>Bu koyu mavi ka\u011f\u0131t hediye \u00e7antas\u0131n\u0131n marka haf\u0131zas\u0131n\u0131 g\u00fc\u00e7lendirmek i\u00e7in \u00f6n ortas\u0131nda alt\u0131n s\u0131cak damgal\u0131 folyo logo bulunmaktad\u0131r. \u00c7ift b\u00fck\u00fcml\u00fc pamuk ip, gerilme mukavemetini art\u0131r\u0131r ve ta\u015f\u0131ma s\u0131ras\u0131nda avu\u00e7 i\u00e7i bas\u0131nc\u0131n\u0131n e\u015fit olarak da\u011f\u0131lmas\u0131n\u0131 sa\u011flar. Kozmetik ve parf\u00fcmler i\u00e7in \u00f6zel bir \u00fcst d\u00fczey ka\u011f\u0131t hediye \u00e7antas\u0131d\u0131r.<\/p>","protected":false},"featured_media":989,"template":"","meta":{"_kad_post_transparent":"default","_kad_post_title":"","_kad_post_layout":"default","_kad_post_sidebar_id":"","_kad_post_content_style":"default","_kad_post_vertical_padding":"default","_kad_post_feature":"","_kad_post_feature_position":"","_kad_post_header":false,"_kad_post_footer":false,"_kad_post_classname":""},"product_brand":[],"product_cat":[15,28,17],"product_tag":[376,374,375],"class_list":{"0":"post-988","1":"product","2":"type-product","3":"status-publish","4":"has-post-thumbnail","6":"product_cat-red-light-therapy","7":"product_cat-customize","8":"product_cat-services","9":"product_tag-luxury-cosmetics-perfume-gift-bags","10":"product_tag-paper-gift-bags-for-cosmetics","11":"product_tag-perfume-shopping-bags","13":"first","14":"instock","15":"shipping-taxable","16":"product-type-simple","17":"entry","18":"content-bg","19":"loop-entry"},"_links":{"self":[{"href":"https:\/\/red-lighttherapy.com\/tr\/wp-json\/wp\/v2\/product\/988","targetHints":{"allow":["GET"]}}],"collection":[{"href":"https:\/\/red-lighttherapy.com\/tr\/wp-json\/wp\/v2\/product"}],"about":[{"href":"https:\/\/red-lighttherapy.com\/tr\/wp-json\/wp\/v2\/types\/product"}],"wp:featuredmedia":[{"embeddable":true,"href":"https:\/\/red-lighttherapy.com\/tr\/wp-json\/wp\/v2\/media\/989"}],"wp:attachment":[{"href":"https:\/\/red-lighttherapy.com\/tr\/wp-json\/wp\/v2\/media?parent=988"}],"wp:term":[{"taxonomy":"product_brand","embeddable":true,"href":"https:\/\/red-lighttherapy.com\/tr\/wp-json\/wp\/v2\/product_brand?post=988"},{"taxonomy":"product_cat","embeddable":true,"href":"https:\/\/red-lighttherapy.com\/tr\/wp-json\/wp\/v2\/product_cat?post=988"},{"taxonomy":"product_tag","embeddable":true,"href":"https:\/\/red-lighttherapy.com\/tr\/wp-json\/wp\/v2\/product_tag?post=988"}],"curies":[{"name":"wp","href":"https:\/\/api.w.org\/{rel}","templated":true}]}}