{"id":982,"date":"2025-04-15T15:56:27","date_gmt":"2025-04-15T15:56:27","guid":{"rendered":"https:\/\/red-lighttherapy.com\/?post_type=product&#038;p=982"},"modified":"2025-04-15T16:12:20","modified_gmt":"2025-04-15T16:12:20","slug":"custom-child-proof-5-pre-roll-drawer-box-divider-boxes-consultant","status":"publish","type":"product","link":"https:\/\/red-lighttherapy.com\/tr\/custom-child-proof-5-pre-roll-drawer-box-divider-boxes-consultant\/","title":{"rendered":"\u00d6zel \u00c7ocuk Korumal\u0131 5 \u00d6n Rulo \u00c7ekmece Kutusu B\u00f6l\u00fcc\u00fc Kutular\u0131 Dan\u0131\u015fman"},"content":{"rendered":"<h3 id=\"-1-core-product-positioning-\"><strong>1. Temel \u00fcr\u00fcn konumland\u0131rmas\u0131<\/strong><\/h3>\n<p>Kenevir t\u00fcrevleri i\u00e7in \u00f6zel olarak tasarlanm\u0131\u015ft\u0131r (CBD\/THC\/Pre-roll, vb.) A\u015fa\u011f\u0131daki ihtiya\u00e7lar\u0131 kar\u015f\u0131lamak i\u00e7in y\u00fcksek g\u00fcvenlikli, y\u00fcksek i\u015flevselli\u011fe sahip paketleme \u00e7\u00f6z\u00fcmleri:<\/p>\n<p>-\u00a0<strong>\u00c7ocuk ge\u00e7irmezlik sertifikas\u0131<\/strong>: Uluslararas\u0131 \u00e7ocuk g\u00fcvenli\u011fi standartlar\u0131na (ASTM D4253, CPSC 16 CFR Part 1700 gibi) uygun, s\u0131k\u0131\u015ft\u0131rmaya dayan\u0131kl\u0131 ve a\u00e7\u0131lmay\u0131 \u00f6nleyici yap\u0131 tasar\u0131m\u0131 sayesinde 5 ya\u015f\u0131ndan k\u00fc\u00e7\u00fck \u00e7ocuklar\u0131n kazara a\u00e7\u0131lmamas\u0131n\u0131 sa\u011flar.<\/p>\n<p>-\u00a0<strong>\u00d6n rulo b\u00f6lme sistemi<\/strong>: Ta\u015f\u0131ma s\u0131ras\u0131nda sars\u0131nt\u0131 ve hasar\u0131 \u00f6nlemek i\u00e7in Pre-roll, Live Rosin ve farkl\u0131 boyutlardaki di\u011fer rulo \u00fcr\u00fcnler i\u00e7in uygun dahili ayarlanabilir b\u00f6lme katman\u0131.<\/p>\n<p>-\u00a0<strong>G\u00f6rsel pazarlama optimizasyonu<\/strong>: Malzeme ve s\u00fcre\u00e7lerin kombinasyonu sayesinde, hassas logo riskinden ka\u00e7\u0131n\u0131rken gen\u00e7 t\u00fcketici grubuna uygun modaya uygun bir g\u00f6r\u00fcn\u00fcm yarat\u0131n.<\/p>\n<h3 id=\"-2-customized-box-solution-\"><strong>2. \u00d6zelle\u015ftirilmi\u015f kutu \u00e7\u00f6z\u00fcm\u00fc<\/strong><\/h3>\n<table>\n<thead>\n<tr>\n<th>Kutu tipi<\/th>\n<th>\u0130\u015flevsel \u00f6zellikler<\/th>\n<th>Uygulanabilir senaryo durumu<\/th>\n<\/tr>\n<\/thead>\n<tbody>\n<tr>\n<td><strong>\u00c7ocuklara Dayan\u0131kl\u0131 Sert \u00c7ekmece Kutusu<\/strong><\/td>\n<td>\u00c7ift katmanl\u0131 kilitleme yap\u0131s\u0131 (manyetik emi\u015f + toka), a\u00e7mak i\u00e7in iki elle kullan\u0131m gerekir; \u00e7ekmece k\u0131zak ray\u0131nda yerle\u015fik s\u00f6n\u00fcmleme tamponu vard\u0131r<\/td>\n<td>Y\u00fcksek kaliteli THC ya\u011f\u0131, CBD esans\u0131 vb. gibi y\u00fcksek de\u011ferli \u00fcr\u00fcnler.<\/td>\n<\/tr>\n<tr>\n<td><strong>Katlanabilir Manyetik Kutu<\/strong><\/td>\n<td>Katlanabilir tasar\u0131m saklama alan\u0131ndan tasarruf sa\u011flar, gizli kilitli manyetik emme kapa\u011f\u0131<\/td>\n<td>Ta\u015f\u0131nabilir Pre-roll \u00e7oklu paket hediye kutusu<\/td>\n<\/tr>\n<tr>\n<td><strong>\u00c7ocuklara Dayan\u0131kl\u0131 Mente\u015feli Kapakl\u0131<\/strong><\/td>\n<td>S\u0131cak preslenmi\u015f kapak, mente\u015fede entegre \u00e7ocuk diren\u00e7li toka, a\u00e7ma ve kapama belirli bir a\u00e7\u0131da kuvvet gerektirir<\/td>\n<td>B\u00fcy\u00fck kapasiteli CBD kaps\u00fcl ambalaj kutusu<\/td>\n<\/tr>\n<tr>\n<td><strong>\u00d6zelle\u015ftirilebilir Sanat Ka\u011f\u0131d\u0131 \u00c7ekmecesi<\/strong><\/td>\n<td>350gsm sanat ka\u011f\u0131d\u0131 + k\u0131smi UV kabartma kullan\u0131larak, ay\u0131rma katman\u0131 marka LOGO ile lazerle kaz\u0131nabilir<\/td>\n<td>Yeti\u015fkinler i\u00e7in \u00fcst d\u00fczey \u00fcr\u00fcnler<\/td>\n<\/tr>\n<\/tbody>\n<\/table>\n<h3 id=\"-3-innovative-combination-of-materials-and-processes-\"><strong>3. Yenilik\u00e7i malzeme ve s\u00fcre\u00e7 kombinasyonu<\/strong><\/h3>\n<p><strong>G\u00fcvenli malzeme se\u00e7imi<\/strong>\u00a0-\u00a0<strong>Temel koruma katman\u0131<\/strong>: Sert Gri Karton (3mm kal\u0131nl\u0131k) + \u00e7ocuk korumal\u0131 metal loc<\/p>\n<p>- <strong>G\u00f6rsel iyile\u015ftirme katman\u0131<\/strong>: Holografik Ka\u011f\u0131t (lazer renk de\u011fi\u015ftirme efekti) veya Alt\u0131n Varak Damgalama (s\u0131cak damgalama i\u015flemi)<\/p>\n<p>-\u00a0<strong>\u00c7evre koruma se\u00e7ene\u011fi<\/strong>: biyolojik olarak par\u00e7alanabilen PLA malzemesi (ek 30 g\u00fcnl\u00fck \u00fcretim d\u00f6ng\u00fcs\u00fc gerektirir)<\/p>\n<p><strong>S\u00fcre\u00e7 kaplamas\u0131 \u00e7\u00f6z\u00fcm\u00fc<br \/>\n<\/strong><\/p>\n<p>\u00d6rnek: \u00c7ocuk korumal\u0131 \u00d6n rulo ay\u0131r\u0131c\u0131<\/p>\n<p>1. Alt tabaka: Sanat Ka\u011f\u0131d\u0131 400gsm (mat y\u00fczey)<\/p>\n<p>2. Bask\u0131: Pantone 802C (uyar\u0131 rengi) + 6 renkli CMYK y\u00fcksek hassasiyetli \u00fcst bask\u0131<\/p>\n<p>3. Koruma: UV Spot kaplama kilit alanlar (\u00e7izilmez)<\/p>\n<p>4. Yap\u0131: 5 rulo \u00e7ap\u0131 spesifikasyonuna uygun dahili EVA k\u00f6p\u00fck b\u00f6l\u00fcc\u00fc<\/p>\n<p>5. Kilit: Gizli manyetik kilit (a\u00e7mak i\u00e7in 2 kg \u00e7ekme kuvveti gerektirir)<code class=\"lang-plaintext\"><br \/>\n<\/code><\/p>\n<h3 id=\"-4-cost-optimization-and-delivery-process-\"><strong>4. Maliyet optimizasyonu ve teslimat s\u00fcreci<\/strong><\/h3>\n<p>-\u00a0<strong>\u00d6nceden \u015fekillendirilmi\u015f sevkiyat\u0131n avantajlar\u0131<\/strong>:<\/p>\n<p>- Fabrikada \u00f6nceden kurulmu\u015f b\u00f6lme sistemi, m\u00fc\u015fterilerin yaln\u0131zca \u00fcr\u00fcn\u00fc doldurmas\u0131 gerekir (70% manuel paketleme s\u00fcresinden tasarruf)<\/p>\n<p>- Standartla\u015ft\u0131r\u0131lm\u0131\u015f b\u00f6lme \u015fablonlar\u0131 sa\u011flay\u0131n (1.5g\/3.0g \u00d6n rulo \u00f6zel kart yuvas\u0131 gibi)<\/p>\n<p>-\u00a0<strong>H\u0131zl\u0131 prova hizmeti<\/strong>: - 72 saat i\u00e7inde 3D render sa\u011flay\u0131n - \u0130lk sipari\u015f \u00fcretimini 15 g\u00fcn i\u00e7inde tamamlay\u0131n (FDA g\u0131da s\u0131n\u0131f\u0131 ambalaj sertifikas\u0131 dahil)<\/p>\n<h3 id=\"-5-market-trend-insights-\"><strong>5. Pazar e\u011filimi i\u00e7g\u00f6r\u00fcleri<\/strong><\/h3>\n<p>-\u00a0<strong>2025'te ambalaj trendleri<\/strong>:<\/p>\n<p>- Duygusal tasar\u0131m: S\u0131cakl\u0131\u011fa duyarl\u0131 m\u00fcrekkep (dokunmatik renk de\u011fi\u015fimi) ile interaktif deneyimi geli\u015ftirin<\/p>\n<p>- Ak\u0131ll\u0131 koruma: Sahtecili\u011fe kar\u015f\u0131 do\u011frulama sa\u011flamak i\u00e7in entegre NFC \u00e7ipi (ek maliyet $0,8\/birim)<\/p>\n<p>- S\u00fcrd\u00fcr\u00fclebilir ambalaj: FSC sertifikal\u0131 malzemelerin kullan\u0131m oran\u0131 65%'ye y\u00fckseldi<\/p>\n<h3 id=\"-6-design-team-service-\"><strong>6. Tasar\u0131m ekibi hizmeti<\/strong><\/h3>\n<p>-\u00a0<strong>Gereksinim analizi a\u015famas\u0131<\/strong>: \"Esrar Ambalaj\u0131 Uyumluluk \u00d6z Kontrol Listesi\" sa\u011flay\u0131n (12 \u00e7ocuk g\u00fcvenli\u011fi g\u00f6stergesi dahil)<\/p>\n<p>-\u00a0<strong>Konsept tasar\u0131m a\u015famas\u0131<\/strong>: 3 set stil \u015femas\u0131 \u00e7\u0131kt\u0131 (minimalist teknoloji stili\/retro eczane stili\/do\u011fal bitki stili)<\/p>\n<p>-\u00a0<strong>Seri \u00fcretim deste\u011fi<\/strong>: Ambalaj s\u00f6kme \u015femas\u0131 ve doldurma e\u011fitimi sa\u011flay\u0131n (video g\u00f6sterimi dahil)<\/p>","protected":false},"excerpt":{"rendered":"<p>\u00c7ocuklara dayan\u0131kl\u0131 \u00f6n rulo \u00e7ekmece kutusu b\u00f6l\u00fcc\u00fc kutusu \u00f6zelle\u015ftirilmi\u015f dan\u0131\u015fman hizmet a\u00e7\u0131klamas\u0131 Esrar paketleme end\u00fcstrisindeki 16 y\u0131ll\u0131k deneyime dayanarak, \u00e7ocuk g\u00fcvenli\u011fi ve estetik tasar\u0131mla birlikte<\/p>","protected":false},"featured_media":986,"template":"","meta":{"_kad_post_transparent":"default","_kad_post_title":"","_kad_post_layout":"default","_kad_post_sidebar_id":"","_kad_post_content_style":"default","_kad_post_vertical_padding":"default","_kad_post_feature":"","_kad_post_feature_position":"","_kad_post_header":false,"_kad_post_footer":false,"_kad_post_classname":""},"product_brand":[],"product_cat":[15,40,17],"product_tag":[368,369,370],"class_list":{"0":"post-982","1":"product","2":"type-product","3":"status-publish","4":"has-post-thumbnail","6":"product_cat-red-light-therapy","7":"product_cat-red-light-therapy-panel","8":"product_cat-services","9":"product_tag-5-pre-roll-drawer-box","10":"product_tag-boxes-consultant","11":"product_tag-custom-child-proof-drawer-box","13":"first","14":"instock","15":"shipping-taxable","16":"product-type-simple","17":"entry","18":"content-bg","19":"loop-entry"},"_links":{"self":[{"href":"https:\/\/red-lighttherapy.com\/tr\/wp-json\/wp\/v2\/product\/982","targetHints":{"allow":["GET"]}}],"collection":[{"href":"https:\/\/red-lighttherapy.com\/tr\/wp-json\/wp\/v2\/product"}],"about":[{"href":"https:\/\/red-lighttherapy.com\/tr\/wp-json\/wp\/v2\/types\/product"}],"wp:featuredmedia":[{"embeddable":true,"href":"https:\/\/red-lighttherapy.com\/tr\/wp-json\/wp\/v2\/media\/986"}],"wp:attachment":[{"href":"https:\/\/red-lighttherapy.com\/tr\/wp-json\/wp\/v2\/media?parent=982"}],"wp:term":[{"taxonomy":"product_brand","embeddable":true,"href":"https:\/\/red-lighttherapy.com\/tr\/wp-json\/wp\/v2\/product_brand?post=982"},{"taxonomy":"product_cat","embeddable":true,"href":"https:\/\/red-lighttherapy.com\/tr\/wp-json\/wp\/v2\/product_cat?post=982"},{"taxonomy":"product_tag","embeddable":true,"href":"https:\/\/red-lighttherapy.com\/tr\/wp-json\/wp\/v2\/product_tag?post=982"}],"curies":[{"name":"wp","href":"https:\/\/api.w.org\/{rel}","templated":true}]}}