{"id":975,"date":"2025-04-15T15:41:40","date_gmt":"2025-04-15T15:41:40","guid":{"rendered":"https:\/\/red-lighttherapy.com\/?post_type=product&#038;p=975"},"modified":"2025-04-15T15:55:15","modified_gmt":"2025-04-15T15:55:15","slug":"customized-slider-child-resistant-box-rigid-boxes-wholesale","status":"publish","type":"product","link":"https:\/\/red-lighttherapy.com\/tr\/customized-slider-child-resistant-box-rigid-boxes-wholesale\/","title":{"rendered":"\u00d6zelle\u015ftirilmi\u015f Kayd\u0131r\u0131c\u0131 \u00c7ocuk Dayan\u0131kl\u0131 Kutu Sert Kutular Toptan Sat\u0131\u015f"},"content":{"rendered":"<h3 id=\"-1-box-design-flexible-push-pull-pull-out-structure-suitable-for-multiple-scenarios-\"><strong>1. Kutu tasar\u0131m\u0131: esnek itme-\u00e7ekme\/\u00e7\u0131karma yap\u0131s\u0131, birden fazla senaryo i\u00e7in uygun<\/strong><\/h3>\n<p>Bu \u00fcr\u00fcn \u015fu \u00f6zelliklere sahiptir\u00a0<strong>push-pull veya pull-out \u00e7ift modlu kutu tipi<\/strong>Hem e\u011flenceyi hem de pratikli\u011fi g\u00f6z \u00f6n\u00fcnde bulundurarak. Kutu boyutu m\u00fc\u015fteri ihtiya\u00e7lar\u0131na g\u00f6re \u00f6zelle\u015ftirilebilir ve y\u00fczey ka\u011f\u0131d\u0131\u00a0<strong>y\u00fcksek parlakl\u0131kta p\u00fcr\u00fczs\u00fcz ka\u011f\u0131t<\/strong>ile e\u015fle\u015ftirilmi\u015ftir.\u00a0<strong>kal\u0131nla\u015ft\u0131r\u0131lm\u0131\u015f karton yap\u0131\u015ft\u0131rma i\u015flemi<\/strong>\u00a0S\u0131k\u0131\u015ft\u0131rma direnci, a\u015f\u0131nma direnci ve g\u00f6rsel doku sa\u011flamak i\u00e7in. \u0130tme-\u00e7ekme yap\u0131s\u0131 tasar\u0131m\u0131, \u00e7ocuk koruma standartlar\u0131n\u0131 kar\u015f\u0131lar (CRP i\u00e7in FDA ve ulusal standartlar\u0131n gerekliliklerine bak\u0131n) ve ayn\u0131 zamanda sorunsuz bir a\u00e7ma ve kapama deneyimi ile kullan\u0131c\u0131 tercihini art\u0131r\u0131r.<\/p>\n<h3 id=\"-2-brand-logo-technology-uv-hot-stamping-enhances-visual-impact-\"><strong>2. Marka logosu teknolojisi: UV\/s\u0131cak damgalama g\u00f6rsel etkiyi art\u0131r\u0131r<\/strong><\/h3>\n<p>Metin ve desenler \u015funlar\u0131 kullanabilir\u00a0<strong>UV \u00fc\u00e7 boyutlu kabartma, s\u0131cak damgalama, kabartmal\u0131 s\u0131cak damgalama<\/strong>\u00a0ve metal doku ve y\u00fcksek parlakl\u0131k efektleriyle marka tonunu vurgulamak i\u00e7in di\u011fer i\u015flemler. \u00d6rne\u011fin, UV i\u015flemi mat ve parlak \u0131\u015f\u0131k aras\u0131nda bir kontrast olu\u015fturabilir ve s\u0131cak damgalama i\u015flemi LOGO'ya \u00fcst d\u00fczey e-sigara markalar\u0131n\u0131n ihtiya\u00e7lar\u0131 i\u00e7in uygun olan bir l\u00fcks hissi verir.<\/p>\n<h3 id=\"-3-touch-optimization-soft-touch-coated-paper-improves-user-experience-\"><strong>3. Dokunmatik optimizasyon: yumu\u015fak dokunu\u015flu ku\u015fe ka\u011f\u0131t kullan\u0131c\u0131 deneyimini iyile\u015ftirir<\/strong><\/h3>\n<p>\u0130\u00e7 ve d\u0131\u015f ka\u011f\u0131t katmanlar\u0131 \u015funlardan yap\u0131lm\u0131\u015ft\u0131r\u00a0<strong>yumu\u015fak dokunu\u015flu kaplama teknolojisi<\/strong>\u0130pek kadar narin olan ve t\u00fcketicilerin parmak u\u00e7lar\u0131n\u0131n dokunsal haf\u0131zas\u0131na uyan. Bu tasar\u0131m sadece kutudan \u00e7\u0131karma seremonisi hissini artt\u0131rmakla kalmaz, ayn\u0131 zamanda farkl\u0131la\u015ft\u0131r\u0131lm\u0131\u015f dokunsal geri bildirim yoluyla marka tan\u0131n\u0131rl\u0131\u011f\u0131n\u0131 g\u00fc\u00e7lendirir, \u00f6zellikle kullan\u0131c\u0131 deneyimine odaklanan e-sigara \u00fcr\u00fcnleri i\u00e7in uygundur.<\/p>\n<h3 id=\"-4-fusion-of-natural-elements-sea-water-droplet-theme-design-\"><strong>4. Do\u011fal unsurlar\u0131n birle\u015fimi: deniz suyu damlac\u0131\u011f\u0131 tema tasar\u0131m\u0131<\/strong><\/h3>\n<p>Kutu y\u00fczeyi \u015funlar\u0131 i\u00e7erir\u00a0<strong>dinamik su damlac\u0131klar\u0131 ile \u0131\u015f\u0131k ve g\u00f6lgenin i\u00e7 i\u00e7e ge\u00e7mesi<\/strong>\u00a0G\u00f6rsel dil ve degrade bask\u0131, k\u0131smi UV veya lazer film teknolojisi arac\u0131l\u0131\u011f\u0131yla su damlac\u0131klar\u0131n\u0131n ak\u0131\u015f\u0131n\u0131 sim\u00fcle ederek \u00e7evre koruma ve safl\u0131k marka konseptini aktar\u0131r. Bu tasar\u0131m, e-sigara end\u00fcstrisinin do\u011fa dostu y\u00f6ne do\u011fru d\u00f6n\u00fc\u015f\u00fcm e\u011filimine uygun olarak deniz koruma ve sa\u011fl\u0131kl\u0131 ya\u015fam gibi temalara uyarlanabilir.<\/p>\n<h3 id=\"-5-holiday-theme-customization-seasonal-elements-enhance-marketing-value-\"><strong>5. Tatil temas\u0131 \u00f6zelle\u015ftirmesi: mevsimsel unsurlar pazarlama de\u011ferini art\u0131r\u0131r<\/strong><\/h3>\n<p>Destek\u00a0<strong>Noel kar taneleri, Bahar Festivali fenerleri, Sevgililer G\u00fcn\u00fc kalp \u015fekilleri<\/strong>\u00a0ve di\u011fer tatil temalar\u0131n\u0131 \u00f6zelle\u015ftirebilir ve de\u011fi\u015ftirilebilir ekler, lazer s\u0131cak damgalama veya k\u0131smi renkli bask\u0131 yoluyla h\u0131zl\u0131 de\u011fi\u015fim sa\u011flayabilir. \u00d6rne\u011fin, Noel modeli \u00fc\u00e7 boyutlu kar tanesi kabartmas\u0131 ve degrade k\u0131rm\u0131z\u0131 arka planla e\u015fle\u015ftirilebilirken, Bahar Festivali modeli tatil hediyelerinin niteliklerini geli\u015ftirmek i\u00e7in s\u0131cak damgal\u0131 fenerler ve u\u011furlu bulut desenleri i\u00e7erir.<\/p>\n<h3 id=\"-6-r-d-strength-innovative-ability-to-keep-up-with-industry-trends-\"><strong>6. Ar-Ge g\u00fcc\u00fc: sekt\u00f6r trendlerine ayak uydurmak i\u00e7in yenilik\u00e7i yetenek<\/strong><\/h3>\n<p>Ekip \u015fu ki\u015filerden olu\u015fmaktad\u0131r\u00a0<strong>ambalaj tasar\u0131m\u0131 alan\u0131nda 16 y\u0131l\u0131 a\u015fk\u0131n deneyime sahip uzmanlar<\/strong>E-sigara end\u00fcstrisindeki \u00e7ocuk korumal\u0131 a\u00e7\u0131lma yap\u0131s\u0131 ve \u00e7evre dostu malzeme uygulamas\u0131 gibi trendleri derinlemesine inceleyen Hem g\u00fcvenlik hem de teknolojik anlamda geleneksel \u00fcst ve alt kapa\u011f\u0131n gizli bir manyetik tokaya y\u00fckseltilmesi gibi mod\u00fcler tasar\u0131m sayesinde h\u0131zl\u0131 yineleme sa\u011flanm\u0131\u015ft\u0131r.<\/p>\n<h3 id=\"-7-industry-cooperation-mature-supply-chain-and-reputation-guarantee-\"><strong>7. End\u00fcstri i\u015fbirli\u011fi: olgun tedarik zinciri ve itibar garantisi<\/strong><\/h3>\n<p>Kooperatif m\u00fc\u015fterileri \u015funlar\u0131 kapsar\u00a0<strong>RELX, MOTI, VAZO<\/strong>\u00a0ve di\u011fer \u00f6nde gelen markalara provadan seri \u00fcretime kadar tek elden hizmet sunmaktad\u0131r.\u00a0<strong>FSC sertifikal\u0131 \u00e7evre dostu ka\u011f\u0131t<\/strong>\u00a0ve RoHS standart \u00fcretim s\u00fcreci, yerli ve yabanc\u0131 kalite denetim gerekliliklerine uyumu sa\u011flamak i\u00e7in kullan\u0131l\u0131r. K\u00fc\u00e7\u00fck parti \u00f6zelle\u015ftirmesi desteklenir (minimum 500 adet) ve teslimat d\u00f6ng\u00fcs\u00fc 12-15 g\u00fcne k\u0131salt\u0131l\u0131r.<\/p>","protected":false},"excerpt":{"rendered":"<p>Biz sa\u011flayabiliriz<br \/>\n- E-sigara markas\u0131 yeni \u00fcr\u00fcn lansman\u0131 hediye kutusu<br \/>\n- Tatil promosyonu s\u0131n\u0131rl\u0131 say\u0131da paket<br \/>\n- S\u0131n\u0131r \u00f6tesi e-ticarete \u00f6zel paketleme \u00e7\u00f6z\u00fcmleri vb.<\/p>","protected":false},"featured_media":981,"template":"","meta":{"_kad_post_transparent":"default","_kad_post_title":"","_kad_post_layout":"default","_kad_post_sidebar_id":"","_kad_post_content_style":"default","_kad_post_vertical_padding":"default","_kad_post_feature":"","_kad_post_feature_position":"","_kad_post_header":false,"_kad_post_footer":false,"_kad_post_classname":""},"product_brand":[],"product_cat":[15,40,17],"product_tag":[295,366,367],"class_list":{"0":"post-975","1":"product","2":"type-product","3":"status-publish","4":"has-post-thumbnail","6":"product_cat-red-light-therapy","7":"product_cat-red-light-therapy-panel","8":"product_cat-services","9":"product_tag-child-resistant-box","10":"product_tag-customized-slider-box","11":"product_tag-rigid-boxes-wholesale","13":"first","14":"instock","15":"shipping-taxable","16":"product-type-simple","17":"entry","18":"content-bg","19":"loop-entry"},"_links":{"self":[{"href":"https:\/\/red-lighttherapy.com\/tr\/wp-json\/wp\/v2\/product\/975","targetHints":{"allow":["GET"]}}],"collection":[{"href":"https:\/\/red-lighttherapy.com\/tr\/wp-json\/wp\/v2\/product"}],"about":[{"href":"https:\/\/red-lighttherapy.com\/tr\/wp-json\/wp\/v2\/types\/product"}],"wp:featuredmedia":[{"embeddable":true,"href":"https:\/\/red-lighttherapy.com\/tr\/wp-json\/wp\/v2\/media\/981"}],"wp:attachment":[{"href":"https:\/\/red-lighttherapy.com\/tr\/wp-json\/wp\/v2\/media?parent=975"}],"wp:term":[{"taxonomy":"product_brand","embeddable":true,"href":"https:\/\/red-lighttherapy.com\/tr\/wp-json\/wp\/v2\/product_brand?post=975"},{"taxonomy":"product_cat","embeddable":true,"href":"https:\/\/red-lighttherapy.com\/tr\/wp-json\/wp\/v2\/product_cat?post=975"},{"taxonomy":"product_tag","embeddable":true,"href":"https:\/\/red-lighttherapy.com\/tr\/wp-json\/wp\/v2\/product_tag?post=975"}],"curies":[{"name":"wp","href":"https:\/\/api.w.org\/{rel}","templated":true}]}}