{"id":964,"date":"2025-04-15T13:02:38","date_gmt":"2025-04-15T13:02:38","guid":{"rendered":"https:\/\/red-lighttherapy.com\/?post_type=product&#038;p=964"},"modified":"2025-04-15T16:32:49","modified_gmt":"2025-04-15T16:32:49","slug":"exporter-unique-marble-paper-shopping-gift-bag-for-hair-wigs","status":"publish","type":"product","link":"https:\/\/red-lighttherapy.com\/tr\/exporter-unique-marble-paper-shopping-gift-bag-for-hair-wigs\/","title":{"rendered":"Sa\u00e7 Peruklar\u0131 i\u00e7in \u0130hracat\u00e7\u0131 Benzersiz Mermer Ka\u011f\u0131t Al\u0131\u015fveri\u015f hediye \u00c7antas\u0131"},"content":{"rendered":"<h2 id=\"-product-description-of-exporter-s-unique-marble-wig-special-eco-friendly-gift-bag-\"><strong>\u0130hracat\u00e7\u0131n\u0131n E\u015fsiz Mermer Peruk \u00d6zel \u00c7evre Dostu Hediye \u00c7antas\u0131n\u0131n \u00dcr\u00fcn A\u00e7\u0131klamas\u0131<\/strong><\/h2>\n<h2 id=\"-i-core-environmental-protection-concept-fsc-certification-and-degradable-characteristics-\"><strong>1. Temel \u00c7evre Koruma Konsepti: FSC Sertifikasyonu ve Par\u00e7alanabilir \u00d6zellikler<\/strong><\/h2>\n<p>Bu \u00fcr\u00fcn FSC sertifikal\u0131 \u00e7evre dostu ka\u011f\u0131t hamurundan yap\u0131lm\u0131\u015ft\u0131r ve ekolojik ayak izinin kayna\u011f\u0131ndan daha d\u00fc\u015f\u00fck olmas\u0131n\u0131 sa\u011flamak i\u00e7in hammaddeler s\u00fcrekli y\u00f6netilen ormanlardan elde edilir. Ka\u011f\u0131t hamuru temiz bir \u00fcretim s\u00fcrecinden ge\u00e7irilmi\u015f ve biyolojik olarak par\u00e7alanabilen katk\u0131 maddeleri ile birle\u015ftirilmi\u015ftir. Do\u011fal ortamda 6-12 ay i\u00e7inde tamamen zarars\u0131z maddelere ayr\u0131\u015fabilir ve geleneksel plastiklerin kirlilik sorunundan ka\u00e7\u0131n\u0131r. \u00c7anta g\u00f6vdesi a\u015fa\u011f\u0131dakilerle bas\u0131lm\u0131\u015ft\u0131r\u00a0<strong>bitki bazl\u0131 su bazl\u0131 m\u00fcrekkep<\/strong>Toksik olmayan ve zarars\u0131z olan, AB REACH \u00e7evre koruma standartlar\u0131n\u0131 kar\u015f\u0131layan ve \u00fcst d\u00fczey peruk \u00fcr\u00fcnlerinin ye\u015fil ambalaj ihtiya\u00e7lar\u0131 i\u00e7in uygundur.<\/p>\n<h2 id=\"-ii-innovative-process-die-cutting-creasing-and-flattening-design-\"><strong>2. Yenilik\u00e7i s\u00fcre\u00e7: kal\u0131p kesim katlama ve d\u00fczle\u015ftirme tasar\u0131m\u0131<\/strong><\/h2>\n<ul>\n<li><strong>Kal\u0131p kesim katlama i\u015flemi<\/strong>: Torban\u0131n kenar\u0131, ka\u011f\u0131t torban\u0131n sorunsuz bir \u015fekilde a\u00e7\u0131l\u0131p kapanmas\u0131n\u0131 ve yap\u0131n\u0131n stabil olmas\u0131n\u0131 sa\u011flamak i\u00e7in bir \u00f6n s\u0131kma hatt\u0131 tasar\u0131m\u0131 ile birlikte y\u00fcksek hassasiyetli bir \u00e7elik b\u0131\u00e7ak kal\u0131b\u0131 ile sorunsuz bir \u015fekilde kesilir. \u00d6zel kare tabanl\u0131 torba tasar\u0131m\u0131 y\u00fck ta\u015f\u0131ma kapasitesini art\u0131r\u0131r (5 kg peruk \u00fcr\u00fcn ta\u015f\u0131yabilir) ve katland\u0131ktan sonra kal\u0131nl\u0131k sadece 2 cm'dir, bu da nakliye hacmini \u00f6nemli \u00f6l\u00e7\u00fcde azalt\u0131r ve tasarruf sa\u011flar\u00a0<strong>nakliye \u00fccretinin 40%'den fazlas\u0131<\/strong>.<\/li>\n<li><strong>Otomatik \u00fcretim hatt\u0131<\/strong>: Ak\u0131ll\u0131 bir d\u00fczeltme sistemine sahip tam otomatik bir kal\u0131p kesme ve katlama makinesini benimser ve saatlik \u00fcretim kapasitesine sahiptir.\u00a0<strong>1,000,000<\/strong>B\u00fcy\u00fck \u00f6l\u00e7ekli ihracat sipari\u015flerinin ihtiya\u00e7lar\u0131n\u0131 kar\u015f\u0131lamak i\u00e7in birden fazla spesifikasyonun h\u0131zl\u0131 bir \u015fekilde de\u011fi\u015ftirilmesini destekler.<\/li>\n<\/ul>\n<h2 id=\"-third-vision-and-touch-luxurious-marble-pattern-and-ergonomic-handle-\"><strong>3. G\u00f6rme ve dokunma: l\u00fcks mermer desen ve ergonomik sap<\/strong><\/h2>\n<ul>\n<li><strong>Gri tabanl\u0131 beyaz mermer desen<\/strong>: Taban olarak mat gri ile ak\u0131c\u0131 beyaz dokularla e\u015fle\u015ftirilmi\u015ftir. \u0130\u00e7inden\u00a0<strong>kli\u015fe bask\u0131 teknolojisi<\/strong>Y\u00fcksek hassasiyetli bir gradyan efekti elde edilir ve renk kontrast\u0131 98%'ye ula\u015farak ka\u011f\u0131t torbaya do\u011fal ta\u015f\u0131n l\u00fcks dokusunu verir. Y\u00fczey, dokunmaya kar\u015f\u0131 \u00e7izilmeye kar\u015f\u0131 dayan\u0131kl\u0131, a\u015f\u0131nmaya kar\u015f\u0131 diren\u00e7li ve hassas olan ve peruk \u00fcr\u00fcnlerinin \u00fcst d\u00fczey durumu i\u00e7in uygun olan \u00e7evre dostu paspas film ile kaplanm\u0131\u015ft\u0131r. Ergonomik sap ipi: Sap, hem yumu\u015fak hem de dayan\u0131kl\u0131 olan 8 mm \u00e7ap\u0131nda ve 200 kg \u00e7ekme mukavemetine sahip elyaf dokumadan yap\u0131lm\u0131\u015ft\u0131r. Sap\u0131n i\u00e7 taraf\u0131, avu\u00e7 i\u00e7i e\u011frisine uyan dalgal\u0131 kaymaz bir dokuya sahiptir ve uzun s\u00fcre tutarken iz kalmaz, bu da tasarlanm\u0131\u015ft\u0131r.<\/li>\n<\/ul>\n<h2 id=\"-fourth-efficient-production-and-quality-assurance-\"><strong>4. Verimli \u00fcretim ve kalite g\u00fcvencesi<\/strong><\/h2>\n<ul>\n<li><strong>Bask\u0131 teknolojisi<\/strong>: Ak\u0131ll\u0131 dizgi yaz\u0131l\u0131m\u0131 sayesinde d\u00fczen kullan\u0131m\u0131n\u0131 optimize edin, ka\u011f\u0131t israf\u0131n\u0131 azalt\u0131n ve tek sayfal\u0131k bask\u0131 verimini 99,5%'ye y\u00fckseltin. Birden fazla sipari\u015f grubunun birle\u015fik bask\u0131s\u0131n\u0131 destekleyerek teslimat d\u00f6ng\u00fcs\u00fcn\u00fc 72 saate kadar k\u0131salt\u0131r.<\/li>\n<li><strong>Kalite kontrol sistemi<\/strong>: Her \u00fcr\u00fcn grubunun ISO 9001 kalite y\u00f6netim sistemi standartlar\u0131n\u0131 kar\u015f\u0131lad\u0131\u011f\u0131ndan emin olmak i\u00e7in gerilim izleme, renk fark\u0131 kalibrasyonu, y\u00fck ta\u015f\u0131ma testi vb. dahil olmak \u00fczere tam s\u00fcre\u00e7li otomatik kalite denetimi.<\/li>\n<\/ul>\n<h2 id=\"-application-scenarios-and-market-advantages-\"><strong>Uygulama senaryolar\u0131 ve pazar avantajlar\u0131<\/strong><\/h2>\n<ul>\n<li><strong>Peruk end\u00fcstrisine uyarlanabilirlik<\/strong>: \u00c7anta boyutu \u00f6zelle\u015ftirmeyi destekler ve astar, peruk \u015feklini ve parlakl\u0131\u011f\u0131n\u0131 korumak i\u00e7in nem ge\u00e7irmez bir pamuk tabakas\u0131 ile donat\u0131labilir.<\/li>\n<li><strong>Marka premium<\/strong>: \u00c7evre koruma \u00f6zelliklerinin ve l\u00fcks g\u00f6r\u00fcn\u00fcm\u00fcn ikili kutsamas\u0131, markan\u0131n ambalaj yoluyla s\u00fcrd\u00fcr\u00fclebilirlik kavram\u0131n\u0131 iletmesine ve son t\u00fcketicilerin sadakatini art\u0131rmas\u0131na yard\u0131mc\u0131 olur.<\/li>\n<\/ul>","protected":false},"excerpt":{"rendered":"<p>\u00c7anta g\u00f6vdesi, a\u00e7\u0131lmas\u0131 ve kapat\u0131lmas\u0131 kolay olan kal\u0131p kesme ve katlama teknolojisini benimser ve nakliye maliyetlerinden tasarruf etmek i\u00e7in d\u00fcz olarak g\u00f6nderilebilir. Biyolojik olarak par\u00e7alanabilen ve \u00e7evre dostu olan FSC sertifikal\u0131 \u00e7evre dostu ka\u011f\u0131t hamurundan yap\u0131lm\u0131\u015ft\u0131r. Gri arka plana ve beyaz \u00e7izgilere sahip mermer desen, ka\u011f\u0131t torbaya l\u00fcks hissi katar.<\/p>","protected":false},"featured_media":970,"template":"","meta":{"_kad_post_transparent":"default","_kad_post_title":"","_kad_post_layout":"default","_kad_post_sidebar_id":"","_kad_post_content_style":"default","_kad_post_vertical_padding":"default","_kad_post_feature":"","_kad_post_feature_position":"","_kad_post_header":false,"_kad_post_footer":false,"_kad_post_classname":""},"product_brand":[],"product_cat":[15,17],"product_tag":[373,371,372],"class_list":{"0":"post-964","1":"product","2":"type-product","3":"status-publish","4":"has-post-thumbnail","6":"product_cat-red-light-therapy","7":"product_cat-services","8":"product_tag-exporter-hair-wigs-bag","9":"product_tag-paper-shopping-bag-for-hair","10":"product_tag-unique-marble-paper-wigs-gift-bag","12":"first","13":"instock","14":"shipping-taxable","15":"product-type-simple","16":"entry","17":"content-bg","18":"loop-entry"},"_links":{"self":[{"href":"https:\/\/red-lighttherapy.com\/tr\/wp-json\/wp\/v2\/product\/964","targetHints":{"allow":["GET"]}}],"collection":[{"href":"https:\/\/red-lighttherapy.com\/tr\/wp-json\/wp\/v2\/product"}],"about":[{"href":"https:\/\/red-lighttherapy.com\/tr\/wp-json\/wp\/v2\/types\/product"}],"wp:featuredmedia":[{"embeddable":true,"href":"https:\/\/red-lighttherapy.com\/tr\/wp-json\/wp\/v2\/media\/970"}],"wp:attachment":[{"href":"https:\/\/red-lighttherapy.com\/tr\/wp-json\/wp\/v2\/media?parent=964"}],"wp:term":[{"taxonomy":"product_brand","embeddable":true,"href":"https:\/\/red-lighttherapy.com\/tr\/wp-json\/wp\/v2\/product_brand?post=964"},{"taxonomy":"product_cat","embeddable":true,"href":"https:\/\/red-lighttherapy.com\/tr\/wp-json\/wp\/v2\/product_cat?post=964"},{"taxonomy":"product_tag","embeddable":true,"href":"https:\/\/red-lighttherapy.com\/tr\/wp-json\/wp\/v2\/product_tag?post=964"}],"curies":[{"name":"wp","href":"https:\/\/api.w.org\/{rel}","templated":true}]}}