{"id":952,"date":"2025-04-15T11:34:00","date_gmt":"2025-04-15T11:34:00","guid":{"rendered":"https:\/\/red-lighttherapy.com\/?post_type=product&#038;p=952"},"modified":"2025-04-15T12:24:59","modified_gmt":"2025-04-15T12:24:59","slug":"dealers-custom-luxury-paper-shopping-gift-bags-for-clothing","status":"publish","type":"product","link":"https:\/\/red-lighttherapy.com\/tr\/dealers-custom-luxury-paper-shopping-gift-bags-for-clothing\/","title":{"rendered":"Bayiler Giyim i\u00e7in \u00d6zel L\u00fcks Ka\u011f\u0131t Al\u0131\u015fveri\u015f Hediye \u00c7antalar\u0131"},"content":{"rendered":"<h2>Bayiler Giyim i\u00e7in \u00d6zel L\u00fcks Ka\u011f\u0131t Al\u0131\u015fveri\u015f Hediye \u00c7antalar\u0131<\/h2>\n<h2 id=\"1-color-and-visual-presentation-\">1.\u00a0<strong>Renk ve g\u00f6rsel sunum<\/strong><\/h2>\n<ul>\n<li>Ana renk\u00a0<strong>Pantone renk kart\u0131 \u00f6zelle\u015ftirilmi\u015f yumu\u015fak pembe<\/strong>\u00a0(CMYK\/Pantone spot renk kalibrasyonunu destekler) ve\u00a0<strong>d\u00f6rt renkli ofset bask\u0131 s\u00fcreci<\/strong>\u00a0tek tip renk ge\u00e7i\u015fi sa\u011flayarak taze ve zarif bir g\u00f6rsel etki sunar.<\/li>\n<li>Y\u00fczey \u015fu \u015fekilde olabilir\u00a0<strong>mat\/parlak kaplamal\u0131<\/strong>\u00a0hassas bir dokunu\u015fu korurken ka\u011f\u0131d\u0131n a\u015f\u0131nma direncini art\u0131rmak i\u00e7in.<\/li>\n<\/ul>\n<h2 id=\"2-light-luxury-craft-details-\">2.\u00a0<strong>Hafif l\u00fcks zanaat detaylar\u0131<\/strong><\/h2>\n<ul>\n<li><strong>Kenarlarda hassas s\u0131cak damgalama alt\u0131n \u00e7izgiler<\/strong>: Almanya'dan ithal s\u0131cak damgalama folyosu kullan\u0131larak, mikro l\u00fcks dokuyu geli\u015ftirmek i\u00e7in \u00e7izgi hatas\u0131 0,5 mm i\u00e7inde kontrol edilir.<\/li>\n<li><strong>\u00dc\u00e7 boyutlu kurdele fiyonk<\/strong>: Yay\u0131n \u00fc\u00e7 boyutlu tasla\u011f\u0131, yay \u00fczerinde bulunan\u00a0<strong>3D kabartma i\u015flemi<\/strong>ve parlakl\u0131k kontrast\u0131n\u0131 art\u0131rmak i\u00e7in mat kaplama veya yerel UV i\u015flemi se\u00e7ilebilir ve el yap\u0131m\u0131 dantellerle e\u015fle\u015ftirildi\u011finde daha geli\u015fmi\u015f olur.<\/li>\n<\/ul>\n<h2 id=\"3-humanized-functional-design-\">3.\u00a0<strong>\u0130nsanc\u0131lla\u015ft\u0131r\u0131lm\u0131\u015f fonksiyonel tasar\u0131m<\/strong><\/h2>\n<ul>\n<li><strong>Kaymaz dalga kavrama<\/strong>: Halat \u015funlardan yap\u0131lm\u0131\u015ft\u0131r\u00a0<strong>kal\u0131n naylon \u00e7ekirdek + kaymaz pamuk ipli\u011fi \u00f6rg\u00fcl\u00fc katman<\/strong>ve kavrama alan\u0131, kald\u0131rma bas\u0131nc\u0131n\u0131 da\u011f\u0131tmak i\u00e7in dalgal\u0131 bir oluk ile \u00f6nceden ayarlanm\u0131\u015ft\u0131r ve y\u00fck ta\u015f\u0131ma kapasitesi 8 kg'a ula\u015fabilir.<\/li>\n<li><strong>Alt takviye yap\u0131s\u0131<\/strong>: Be\u015f kat kompozit karton (kal\u0131nl\u0131k 0.4-0.6mm) ile\u00a0<strong>\u00e7ift katmanl\u0131 yap\u0131\u015ft\u0131r\u0131c\u0131 hatt\u0131<\/strong>\u00a0A\u011f\u0131r nesnelerin dengesini sa\u011flamak i\u00e7in.<\/li>\n<\/ul>\n<h2 id=\"4-multiple-printing-processes-\">4.\u00a0<strong>\u00c7oklu bask\u0131 s\u00fcre\u00e7leri<\/strong><\/h2>\n<ul>\n<li><strong>UV kabartma<\/strong>: Yerel y\u00fckseltilmi\u015f g\u00f6r\u00fcnt\u00fcler ve metinler dokunulabilir ve marka LOGO takviyesi i\u00e7in uygundur.<\/li>\n<li><strong>Mikro perforasyon i\u015flemi<\/strong>: Yaz\u0131n hafif l\u00fcks giysi paketleme ihtiya\u00e7lar\u0131 i\u00e7in uygun, nefes alabilen bir oyuk etkisi yarat\u0131n.<\/li>\n<li><strong>So\u011fuk damgalama teknolojisi<\/strong>: Metal doku desenleri y\u00fcksek s\u0131cakl\u0131k olmadan elde edilebilir, \u00e7evre dostu ve \u00f6zel ka\u011f\u0131tlarla uyumludur.<\/li>\n<\/ul>\n<h2 id=\"5-suitable-for-multi-scene-design-\">5.\u00a0<strong>\u00c7oklu sahne tasar\u0131m\u0131 i\u00e7in uygun<\/strong><\/h2>\n<ul>\n<li><strong>\u0130\u015f hediyelik e\u015fyalar\u0131<\/strong>: Kurumsal sloganlar ve s\u0131cak damgalama numaralar\u0131 basabilir, t\u00f6ren hissini artt\u0131rmak i\u00e7in ipek veya pazen ile astarlanabilir.<\/li>\n<li><strong>D\u00fc\u011f\u00fcn serisi<\/strong>: Dantel kabartma, inci parlak kaplama ve di\u011fer unsurlar\u0131 entegre eder, yeni evlilerin isimlerinin s\u0131cak damgalanmas\u0131n\u0131 destekler.<\/li>\n<\/ul>\n<h2 id=\"6-material-and-production-standards-\">6.\u00a0<strong>Malzeme ve \u00fcretim standartlar\u0131<\/strong><\/h2>\n<ul>\n<li><strong>Temel malzeme se\u00e7imi<\/strong>: Y\u00fcksek renk \u00fcretimi ile 250-300g beyaz karton (kal\u0131nl\u0131k 0.31-0.4mm) \u00f6nerilir; veya do\u011fal stil markalar i\u00e7in uygun \u00e7evre dostu beyaz kraft ka\u011f\u0131t (120-200g).<\/li>\n<li><strong>Kalite kontrol standartlar\u0131<\/strong>: hata \u22641mm, bask\u0131 renk fark\u0131 \u0394E\u22643.0, ISO 12647-2 renk y\u00f6netim sistemi sertifikas\u0131n\u0131 ge\u00e7ti.<\/li>\n<li><strong>\u00dcretim d\u00f6ng\u00fcs\u00fc<\/strong>: 7-14 g\u00fcn (3 tasar\u0131m tasla\u011f\u0131 onay\u0131 dahil), h\u0131zland\u0131r\u0131lm\u0131\u015f \u00f6zelle\u015ftirmeyi destekleyin.<\/li>\n<\/ul>","protected":false},"excerpt":{"rendered":"<p>Bu \u00fcst d\u00fczey giyim ka\u011f\u0131t al\u0131\u015fveri\u015f hediye \u00e7antas\u0131, hafif l\u00fcks markalar, \u00fcst d\u00fczey perakende ve ticari hediyelik e\u015fyalar i\u00e7in tasarlanm\u0131\u015ft\u0131r. Kullan\u0131m Alanlar\u0131\u00a0<strong>yumu\u015fak kiraz \u00e7i\u00e7e\u011fi pembesi<\/strong>\u00a0ile birlikte ana renk olarak\u00a0<strong>alt\u0131n damgalama hatlar\u0131<\/strong>\u00a0ve\u00a0<strong>\u00fc\u00e7 boyutlu kurdele fiyonk<\/strong>\u00a0hem sanatsal hem de pratik bir ambalaj \u00e7\u00f6z\u00fcm\u00fc olu\u015fturmak i\u00e7in el sanatlar\u0131. Tam s\u00fcre\u00e7 \u00f6zelle\u015ftirilmi\u015f hizmetleri destekler ve d\u00fc\u011f\u00fcnler, marka pop-up ma\u011fazalar\u0131, l\u00fcks tezgahlar ve di\u011fer senaryolar i\u00e7in uygundur.<\/p>","protected":false},"featured_media":957,"template":"","meta":{"_kad_post_transparent":"default","_kad_post_title":"","_kad_post_layout":"default","_kad_post_sidebar_id":"","_kad_post_content_style":"default","_kad_post_vertical_padding":"default","_kad_post_feature":"","_kad_post_feature_position":"","_kad_post_header":false,"_kad_post_footer":false,"_kad_post_classname":""},"product_brand":[],"product_cat":[15,30,17],"product_tag":[361,362,360],"class_list":{"0":"post-952","1":"product","2":"type-product","3":"status-publish","4":"has-post-thumbnail","6":"product_cat-red-light-therapy","7":"product_cat-dropshipping","8":"product_cat-services","9":"product_tag-custom-clothing-gift-bags","10":"product_tag-dealers-shopping-gift-bags","11":"product_tag-paper-shopping-bags-for-clothing","13":"first","14":"instock","15":"shipping-taxable","16":"product-type-simple","17":"entry","18":"content-bg","19":"loop-entry"},"_links":{"self":[{"href":"https:\/\/red-lighttherapy.com\/tr\/wp-json\/wp\/v2\/product\/952","targetHints":{"allow":["GET"]}}],"collection":[{"href":"https:\/\/red-lighttherapy.com\/tr\/wp-json\/wp\/v2\/product"}],"about":[{"href":"https:\/\/red-lighttherapy.com\/tr\/wp-json\/wp\/v2\/types\/product"}],"wp:featuredmedia":[{"embeddable":true,"href":"https:\/\/red-lighttherapy.com\/tr\/wp-json\/wp\/v2\/media\/957"}],"wp:attachment":[{"href":"https:\/\/red-lighttherapy.com\/tr\/wp-json\/wp\/v2\/media?parent=952"}],"wp:term":[{"taxonomy":"product_brand","embeddable":true,"href":"https:\/\/red-lighttherapy.com\/tr\/wp-json\/wp\/v2\/product_brand?post=952"},{"taxonomy":"product_cat","embeddable":true,"href":"https:\/\/red-lighttherapy.com\/tr\/wp-json\/wp\/v2\/product_cat?post=952"},{"taxonomy":"product_tag","embeddable":true,"href":"https:\/\/red-lighttherapy.com\/tr\/wp-json\/wp\/v2\/product_tag?post=952"}],"curies":[{"name":"wp","href":"https:\/\/api.w.org\/{rel}","templated":true}]}}