{"id":946,"date":"2025-04-15T11:22:29","date_gmt":"2025-04-15T11:22:29","guid":{"rendered":"https:\/\/red-lighttherapy.com\/?post_type=product&#038;p=946"},"modified":"2025-04-15T11:33:47","modified_gmt":"2025-04-15T11:33:47","slug":"maker-lotion-eyebrow-pencil-lipstick-perfume-folding-carton","status":"publish","type":"product","link":"https:\/\/red-lighttherapy.com\/tr\/maker-lotion-eyebrow-pencil-lipstick-perfume-folding-carton\/","title":{"rendered":"Maker Losyon Ka\u015f Kalemi Ruj Parf\u00fcm Katlan\u0131r Karton"},"content":{"rendered":"<h2 id=\"folding-carton-product-description-customized-packaging-solution-for-lotion-eyebrow-pencil-lipstick-and-perfume\">Katlan\u0131r karton \u00fcr\u00fcn a\u00e7\u0131klamas\u0131: Losyon, ka\u015f kalemi, ruj ve parf\u00fcm i\u00e7in \u00f6zelle\u015ftirilmi\u015f ambalaj \u00e7\u00f6z\u00fcm\u00fc<\/h2>\n<h2 id=\"-1-card-box-design-specially-optimized-for-tubular-hand-cream-to-prevent-shaking-during-transportation-\"><strong>1. Kart kutu tasar\u0131m\u0131: ta\u015f\u0131ma s\u0131ras\u0131nda sallanmay\u0131 \u00f6nlemek i\u00e7in t\u00fcp \u015feklindeki el kremi i\u00e7in \u00f6zel olarak optimize edilmi\u015ftir<\/strong><\/h2>\n<p>Evlat edinmek\u00a0<strong>tek par\u00e7a kart kutusu yap\u0131s\u0131<\/strong>\u0130\u00e7inde tasarlanm\u0131\u015f hassas b\u00f6lme b\u00f6lmeleri ile, ta\u015f\u0131ma s\u0131ras\u0131nda sars\u0131lmamas\u0131n\u0131 sa\u011flamak ve \u00e7arp\u0131\u015fma hasar\u0131n\u0131 \u00f6nlemek i\u00e7in boru \u015feklindeki el kremi, ka\u015f kalemi, ruj vb. gibi farkl\u0131 \u00fcr\u00fcn formlar\u0131na m\u00fckemmel uyum sa\u011flar.\u00a0<strong>Manyetik kart yuvas\u0131<\/strong>\u00a0stabiliteyi art\u0131rmak amac\u0131yla parf\u00fcm \u015fi\u015feleri gibi silindirik par\u00e7alar\u0131 sabitlemek i\u00e7in kutu g\u00f6vdesinin kenar\u0131nda kullan\u0131l\u0131r.<\/p>\n<h2 id=\"-2-high-strength-material-350g-white-cardboard-compression-resistant-structure-\"><strong>2. Y\u00fcksek mukavemetli malzeme: 350g beyaz karton + s\u0131k\u0131\u015ft\u0131rmaya dayan\u0131kl\u0131 yap\u0131<\/strong><\/h2>\n<p>Kutu g\u00f6vdesi \u015funlardan yap\u0131lm\u0131\u015ft\u0131r\u00a0<strong>350g beyaz karton<\/strong>taraf\u0131ndan g\u00fc\u00e7lendirilmi\u015ftir.\u00a0<strong>\u00e7apraz s\u0131zd\u0131rmaz alt + \u00e7ift katmanl\u0131 yan paneller<\/strong>50kg'dan fazla y\u00fck ta\u015f\u0131ma kapasitesi ile depolama istifleme bas\u0131nc\u0131 gereksinimlerini kar\u015f\u0131lar.\u00a0<strong>Bas\u0131n\u00e7 dayan\u0131m\u0131 testi<\/strong>\u00a0testinde, kutu g\u00f6vdesinin deforme olmamas\u0131n\u0131 sa\u011flamak i\u00e7in 10 katmanl\u0131 istifleme depolama ortam\u0131na dayanabilir.<\/p>\n<h2 id=\"-3-surface-lamination-process-moisture-proof-and-anti-fouling-in-line-with-hygiene-standards-\"><strong>3. Y\u00fczey laminasyon i\u015flemi: hijyen standartlar\u0131na uygun, nem ge\u00e7irmez ve kirlenme \u00f6nleyici<\/strong><\/h2>\n<p>Y\u00fczey \u015fu \u00f6zellikleri ta\u015f\u0131r\u00a0<strong>\u00e7evre dostu mat laminasyon i\u015flemi<\/strong>\u00a0kartonun nem emme riskini azalt\u0131r ve ayn\u0131 zamanda ISO 10993 biyouyumluluk testini ge\u00e7erek kozmetik ambalajlar i\u00e7in hijyen standartlar\u0131n\u0131 kar\u015f\u0131lar.\u00a0<strong>G\u0131da s\u0131n\u0131f\u0131 silikon ped<\/strong>\u00a0kozmetiklerin kartona do\u011frudan temas etmesini \u00f6nlemek i\u00e7in i\u00e7 katmana eklenir ve \u00fcr\u00fcn g\u00fcvenli\u011fini iki kat sa\u011flar.<\/p>\n<h2 id=\"-4-brand-logo-process-hot-stamping-logo-precision-printing-\"><strong>4. Marka logosu s\u00fcreci: s\u0131cak damgalama LOGO + hassas bask\u0131<\/strong><\/h2>\n<p>LOGO \u015funlar\u0131 benimser\u00a0<strong>\u00fc\u00e7 boyutlu s\u0131cak damgalama i\u015flemi<\/strong>ve alt\u0131n, g\u00fcm\u00fc\u015f ve pembe alt\u0131n gibi \u00e7ok renkli \u00f6zelle\u015ftirmeyi destekleyen hassas grav\u00fcr silikon plaka (hata \u22640,1 mm) ile y\u00fcksek parlakl\u0131kta metalik doku elde eder. Bask\u0131 katman\u0131 a\u015fa\u011f\u0131dakilerle i\u015flenir\u00a0<strong>nano UV kaplama<\/strong>A\u015f\u0131nmaya ve \u00e7izilmeye kar\u015f\u0131 dayan\u0131kl\u0131d\u0131r ve uzun s\u00fcreli depolamadan sonra solmaz, markan\u0131n \u00fcst d\u00fczey imaj\u0131n\u0131 vurgular.<\/p>\n<h2 id=\"-5-high-degree-of-customization-flexible-adaptation-to-multiple-categories-of-needs-\"><strong>5. Y\u00fcksek derecede \u00f6zelle\u015ftirme: birden fazla ihtiya\u00e7 kategorisine esnek adaptasyon<\/strong><\/h2>\n<ul>\n<li><strong>Boyut \u00f6zelle\u015ftirme<\/strong>: 5-30cm uzunluk ayar\u0131n\u0131 destekler ve 30ml parf\u00fcm \u015fi\u015feleri ve 15cm ka\u015f kalemleri gibi farkl\u0131 \u00f6zelliklere sahip \u00fcr\u00fcnleri bar\u0131nd\u0131rabilir.<\/li>\n<li><strong>\u0130\u015flev geni\u015fletme<\/strong>: \u0130ste\u011fe ba\u011fl\u0131 \u00e7ekmece tipi katmanlama, \u015feffaf pencere, \u015ferit s\u0131zd\u0131rmazl\u0131k ve di\u011fer tasar\u0131mlar kozmetik, parf\u00fcm hediye kutular\u0131 ve di\u011fer senaryolar\u0131n ihtiya\u00e7lar\u0131n\u0131 kar\u015f\u0131layabilir.<\/li>\n<li><strong>Desen tasar\u0131m\u0131<\/strong>: Kutu yap\u0131s\u0131ndan s\u0131cak damgalama desenine, marka g\u00f6rsel dilinin tek elden e\u015fle\u015ftirilmesine kadar tam kasa tasar\u0131m hizmetleri sa\u011flay\u0131n.<\/li>\n<\/ul>\n<h2 id=\"-6-source-factory-support-16-years-of-experience-small-batch-flexible-production-\"><strong>6. Kaynak fabrika deste\u011fi: 16 y\u0131ll\u0131k deneyim, k\u00fc\u00e7\u00fck parti esnek \u00fcretim<\/strong><\/h2>\n<p>g\u00fcvenerek\u00a0<strong>16 y\u0131ll\u0131k ambalaj \u00fcretim kayna\u011f\u0131 fabrika<\/strong>\u00a0Guangdong, \u00c7in'de, tam otomatik kal\u0131p kesme makinesi + s\u0131cak damgalama \u00fcretim hatt\u0131n\u0131 benimser, destekler\u00a0<strong>500 adet minimum sipari\u015f<\/strong>ve 7-15 g\u00fcn i\u00e7inde teslim eder. Sa\u011flamak\u00a0<strong>\u00fccretsi\u0307z prova hi\u0307zmeti\u0307<\/strong>\u00a0Seri \u00fcretimden \u00f6nce detaylar\u0131n do\u011fru e\u015fle\u015fmesini sa\u011flamak i\u00e7in.<\/p>","protected":false},"excerpt":{"rendered":"<p>Bu karton kutu 350g beyaz karton sto\u011fundan yap\u0131lm\u0131\u015ft\u0131r. Y\u00fczey kaplamas\u0131, karton taraf\u0131ndan nem emilimi riskini azaltabilir. Kozmetik ambalajlar\u0131n hijyen standartlar\u0131n\u0131 kar\u015f\u0131lar ve ta\u015f\u0131ma s\u0131ras\u0131nda sallanmay\u0131 \u00f6nlemek i\u00e7in t\u00fcp el kreminin \u015fekline m\u00fckemmel uyum sa\u011flayabilir.<\/p>","protected":false},"featured_media":947,"template":"","meta":{"_kad_post_transparent":"default","_kad_post_title":"","_kad_post_layout":"default","_kad_post_sidebar_id":"","_kad_post_content_style":"default","_kad_post_vertical_padding":"default","_kad_post_feature":"","_kad_post_feature_position":"","_kad_post_header":false,"_kad_post_footer":false,"_kad_post_classname":""},"product_brand":[],"product_cat":[15,28,24,17],"product_tag":[357,358,359],"class_list":{"0":"post-946","1":"product","2":"type-product","3":"status-publish","4":"has-post-thumbnail","6":"product_cat-red-light-therapy","7":"product_cat-customize","8":"product_cat-red-light-therapy-bed","9":"product_cat-services","10":"product_tag-eyebrow-pencil-folding-carton","11":"product_tag-lipstick-folding-carton","12":"product_tag-perfume-packaging-boxes","14":"first","15":"instock","16":"shipping-taxable","17":"product-type-simple","18":"entry","19":"content-bg","20":"loop-entry"},"_links":{"self":[{"href":"https:\/\/red-lighttherapy.com\/tr\/wp-json\/wp\/v2\/product\/946","targetHints":{"allow":["GET"]}}],"collection":[{"href":"https:\/\/red-lighttherapy.com\/tr\/wp-json\/wp\/v2\/product"}],"about":[{"href":"https:\/\/red-lighttherapy.com\/tr\/wp-json\/wp\/v2\/types\/product"}],"wp:featuredmedia":[{"embeddable":true,"href":"https:\/\/red-lighttherapy.com\/tr\/wp-json\/wp\/v2\/media\/947"}],"wp:attachment":[{"href":"https:\/\/red-lighttherapy.com\/tr\/wp-json\/wp\/v2\/media?parent=946"}],"wp:term":[{"taxonomy":"product_brand","embeddable":true,"href":"https:\/\/red-lighttherapy.com\/tr\/wp-json\/wp\/v2\/product_brand?post=946"},{"taxonomy":"product_cat","embeddable":true,"href":"https:\/\/red-lighttherapy.com\/tr\/wp-json\/wp\/v2\/product_cat?post=946"},{"taxonomy":"product_tag","embeddable":true,"href":"https:\/\/red-lighttherapy.com\/tr\/wp-json\/wp\/v2\/product_tag?post=946"}],"curies":[{"name":"wp","href":"https:\/\/api.w.org\/{rel}","templated":true}]}}