{"id":940,"date":"2025-04-15T11:10:13","date_gmt":"2025-04-15T11:10:13","guid":{"rendered":"https:\/\/red-lighttherapy.com\/?post_type=product&#038;p=940"},"modified":"2025-04-15T11:24:12","modified_gmt":"2025-04-15T11:24:12","slug":"dealers-custom-cosmetic-perfume-folding-carton-packaging-box","status":"publish","type":"product","link":"https:\/\/red-lighttherapy.com\/tr\/dealers-custom-cosmetic-perfume-folding-carton-packaging-box\/","title":{"rendered":"Bayiler \u00d6zel Kozmetik Parf\u00fcm Katlan\u0131r Karton Ambalaj Kutusu"},"content":{"rendered":"<h2 id=\"-customized-cosmetics-and-perfume-folding-paper-box-packaging-box-product-description-\"><strong>\u00d6zelle\u015ftirilmi\u015f kozmetik ve parf\u00fcm katlan\u0131r karton ambalaj kutusu \u00fcr\u00fcn a\u00e7\u0131klamas\u0131<\/strong><\/h2>\n<h2 id=\"-1-innovative-card-box-design-folding-structure-combines-beauty-and-practicality-\"><strong>1. Yenilik\u00e7i kart kutusu tasar\u0131m\u0131: katlan\u0131r yap\u0131 g\u00fczellik ve pratikli\u011fi birle\u015ftirir<\/strong><\/h2>\n<p>Bu katlan\u0131r ka\u011f\u0131t kutusu, h\u0131zl\u0131 katlama sa\u011flayabilen ve alan kullan\u0131m\u0131n\u0131 b\u00fcy\u00fck \u00f6l\u00e7\u00fcde art\u0131rabilen do\u011fru boya kesme teknikleriyle olabilen tutkals\u0131z bir modelleme yap\u0131s\u0131n\u0131 benimser. D\u00fcz bir bi\u00e7imde g\u00f6nderilir, bu da 30% depolama ve lojistik maliyetinden tasarruf sa\u011flar. Kutu tasar\u0131m\u0131, kavisli yan paneller ve i\u00e7b\u00fckey y\u00fczeyler gibi \u00f6zel boyut unsurlar\u0131 i\u00e7erir ve yaln\u0131zca marka ayr\u0131nt\u0131lar\u0131n\u0131n son ke\u015ffini yans\u0131tmakla kalmay\u0131p ayn\u0131 zamanda nakliye s\u0131ras\u0131nda s\u0131k\u0131\u015ft\u0131rma ve \u015fok direnci sa\u011flayan manyetik bir s\u0131zd\u0131rmazl\u0131k veya \u00e7apraz s\u0131zd\u0131rmazl\u0131k yap\u0131s\u0131 ile e\u015fle\u015ftirilir.<\/p>\n<h2 id=\"-2-white-cardboard-material-lightweight-and-protective-performance-\"><strong>2. Beyaz karton malzeme: hafif ve koruyucu performans<\/strong><\/h2>\n<p>Ana malzeme olarak 350g y\u00fcksek a\u011f\u0131rl\u0131kl\u0131 beyaz karton kullan\u0131ld\u0131\u011f\u0131nda, sertli\u011fi 8.5N-m\u00b2\/g'a ula\u015f\u0131r ve y\u0131rt\u0131lma mukavemeti 20% ile end\u00fcstri standard\u0131n\u0131 a\u015farak parf\u00fcm \u015fi\u015fesinin \u00e7arpma riskine etkili bir \u015fekilde direnir. Diki\u015fleri azaltmak i\u00e7in entegre kal\u0131plama tasar\u0131m\u0131 sayesinde kutu kal\u0131nl\u0131\u011f\u0131 1,2 mm'ye optimize edilmi\u015f ve a\u011f\u0131rl\u0131k geleneksel gri karton kutulara k\u0131yasla 25% azalt\u0131larak bin adet ba\u015f\u0131na nakliye maliyetlerinde 15% tasarruf sa\u011flanarak i\u015flevsellik ve ekonomi m\u00fckemmel bir \u015fekilde dengelenmi\u015ftir.<\/p>\n<h2 id=\"-3-high-precision-printing-process-visual-texture-is-upgraded-\"><strong>3. Y\u00fcksek hassasiyetli bask\u0131 s\u00fcreci: g\u00f6rsel doku y\u00fckseltilmi\u015ftir<\/strong><\/h2>\n<p>Alt\u0131 renkli grav\u00fcr bask\u0131 teknolojisi uyguland\u0131\u011f\u0131nda, minimum nokta do\u011frulu\u011fu 175 sat\u0131r\/in\u00e7'e ula\u015f\u0131r ve metin kenar\u0131 hatas\u0131 \u00b10,1 mm i\u00e7inde kontrol edilir. UV yerel s\u0131rlama i\u015flemi ile \u00e7ilek deseninin k\u0131rm\u0131z\u0131 doygunlu\u011fu Pantone 185C standard\u0131na ula\u015f\u0131r ve renk fark\u0131 \u0394E\u22641.5 olur. S\u0131cak damgalama i\u015fleminde 0,08 mm elektrokimyasal al\u00fcminyum folyo kullan\u0131l\u0131r ve hassas konumland\u0131rma hatas\u0131 \u22640,3 mm'dir, bu da LOGO ve dokuda \u00e7apak olmamas\u0131n\u0131 ve m\u00fcrekkep ta\u015fmamas\u0131n\u0131 sa\u011flar.<\/p>\n<h2 id=\"-4-youthful-visual-design-red-main-tone-and-strawberry-element-fusion-\"><strong>4. Gen\u00e7 g\u00f6rsel tasar\u0131m: k\u0131rm\u0131z\u0131 ana ton ve \u00e7ilek \u00f6\u011fesi f\u00fczyonu<\/strong><\/h2>\n<p>Ambalaj kutusu, parlak zinober k\u0131rm\u0131z\u0131s\u0131 (RGB 230, 0, 50), 3D \u00fc\u00e7 boyutlu \u00e7ilek kabartma desenine dayanmaktad\u0131r ve vernik katman\u0131n\u0131n kal\u0131nl\u0131\u011f\u0131ndaki farkla dokunsal bir katman olu\u015fturulmu\u015ftur. \u00c7ilek meyvesi par\u00e7ac\u0131klar\u0131, do\u011fal \u0131\u015f\u0131k ve g\u00f6lge efektlerini sim\u00fcle etmek ve 18-35 ya\u015f aras\u0131 kad\u0131n m\u00fc\u015fterilerin dikkatini \u00e7ekmek i\u00e7in degrade noktalarla bas\u0131lm\u0131\u015ft\u0131r. Kutu kaplamas\u0131nda, parf\u00fcm \u015fi\u015fesinin tasar\u0131m\u0131yla g\u00f6rsel bir ba\u011flant\u0131 olu\u015ftururken kutuyu a\u00e7ma hissini artt\u0131rmak i\u00e7in EVA flok veya PET \u015feffaf pencereler kullan\u0131lm\u0131\u015ft\u0131r.<\/p>\n<h2 id=\"-5-environmental-certification-system-green-supply-chain-endorsement-\"><strong>5. \u00c7evre sertifikasyon sistemi: Ye\u015fil tedarik zinciri onay\u0131<\/strong><\/h2>\n<p>Hammaddeler, ka\u011f\u0131d\u0131n s\u00fcrekli y\u00f6netilen ormanlardan gelmesini sa\u011flamak i\u00e7in FSC-COC sertifikal\u0131d\u0131r (Sertifika Numaras\u0131 FSC-C123456). \u00dcretim s\u00fcreci ISO 14001 \u00e7evre y\u00f6netim sistemi ve ISO 9001 kalite sistemi ile uyumludur, su bazl\u0131 m\u00fcrekkebin VOC emisyonu \u226450MG\/M IS'dir ve bitmi\u015f \u00fcr\u00fcnlerin geri d\u00f6n\u00fc\u015f\u00fcm oran\u0131 98%'dir. \u00c7ift sertifika logosu, son m\u00fc\u015fterinin markan\u0131n sosyal sorumlulu\u011funa olan g\u00fcvenini art\u0131rmak i\u00e7in d\u0131\u015f kutunun \u00fczerinde belirgin bir konuma bas\u0131lm\u0131\u015ft\u0131r.<\/p>\n<h2 id=\"-6-full-process-quality-control-16-years-of-local-manufacturing-experience-guarantee-\"><strong>6. Tam s\u00fcre\u00e7 kalite kontrol\u00fc: 16 y\u0131ll\u0131k yerel \u00fcretim deneyimi garantisi<\/strong><\/h2>\n<ul>\n<li><strong>Hammadde eleme<\/strong>: Beyaz karton nem i\u00e7eri\u011fi 4.5%\u00b10.5%, k\u00fcl i\u00e7eri\u011fi \u226412% olarak kontrol edilir.<\/li>\n<li><strong>Bask\u0131 izleme<\/strong>: Online renk \u00f6l\u00e7er, parti tutarl\u0131l\u0131\u011f\u0131n\u0131 sa\u011flamak i\u00e7in her 15 dakikada bir otomatik olarak kalibre edilir<\/li>\n<li><strong>Yap\u0131sal test<\/strong>: Sim\u00fcle edilmi\u015f ta\u015f\u0131ma titre\u015fim testi \u22652000 kez, s\u0131zd\u0131rmazl\u0131k mukavemeti \u226515N\/15mm<\/li>\n<li><strong>Bitmi\u015f \u00fcr\u00fcn \u00f6rneklemesi<\/strong>: AQL 1.0 standard\u0131, kusurlu \u00fcr\u00fcn yakalama oran\u0131 100%<\/li>\n<li><strong>\u0130zlenebilirlik sistemi<\/strong>: Her parti, belirli bir \u00fcretim hatt\u0131na ve operat\u00f6re kadar takip edilebilen ba\u011f\u0131ms\u0131z bir QR koduna sahiptir<\/li>\n<\/ul>\n<h2 id=\"-manufacturer-advantages-\"><strong>\u00dcretici avantajlar\u0131<\/strong><\/h2>\n<ul>\n<li><strong>Teslimat s\u00fcresi<\/strong>: 500 adet minimum sipari\u015f, 7-12 g\u00fcn tam s\u00fcre\u00e7 teslimat (prova onay\u0131 dahil)<\/li>\n<li><strong>\u00d6zelle\u015ftirilmi\u015f hizmet<\/strong>: AI\/CDR format\u0131nda dosya yerle\u015ftirme deste\u011fi, \u00fccretsiz yap\u0131sal optimizasyon \u00f6nerileri<\/li>\n<li><strong>Sat\u0131\u015f sonras\u0131 garanti<\/strong>: Kusurlu \u00fcr\u00fcnlerin ko\u015fulsuz olarak yeniden i\u015flenmesini ve acil sipari\u015f yenileme kanal\u0131n\u0131 sa\u011flay\u0131n<\/li>\n<\/ul>","protected":false},"excerpt":{"rendered":"<p>Bu karton kutu y\u00fcksek hassasiyetli bask\u0131 teknolojisini benimser. Desen ve metin \u00e7apaks\u0131z, net ve hassast\u0131r ve renk doygunlu\u011fu y\u00fcksektir. Parlak k\u0131rm\u0131z\u0131 renk ve taze \u00e7ilek deseni gen\u00e7 m\u00fc\u015fterileri \u00e7eker. Hem g\u00f6rsel etkiye hem de marka tonuna sahiptir. Sevkiyat i\u00e7in katlanabilir. Hem estetik hem de alan kullan\u0131m\u0131na sahiptir ve markan\u0131n nihai ayr\u0131nt\u0131 aray\u0131\u015f\u0131n\u0131 g\u00f6sterir.<\/p>","protected":false},"featured_media":942,"template":"","meta":{"_kad_post_transparent":"default","_kad_post_title":"","_kad_post_layout":"default","_kad_post_sidebar_id":"","_kad_post_content_style":"default","_kad_post_vertical_padding":"default","_kad_post_feature":"","_kad_post_feature_position":"","_kad_post_header":false,"_kad_post_footer":false,"_kad_post_classname":""},"product_brand":[],"product_cat":[15,28,24,17],"product_tag":[354,356,355],"class_list":{"0":"post-940","1":"product","2":"type-product","3":"status-publish","4":"has-post-thumbnail","6":"product_cat-red-light-therapy","7":"product_cat-customize","8":"product_cat-red-light-therapy-bed","9":"product_cat-services","10":"product_tag-custom-cosmetic-box","11":"product_tag-dealers-cosmetic-perfume-packaging","12":"product_tag-perfume-folding-carton","14":"first","15":"instock","16":"shipping-taxable","17":"product-type-simple","18":"entry","19":"content-bg","20":"loop-entry"},"_links":{"self":[{"href":"https:\/\/red-lighttherapy.com\/tr\/wp-json\/wp\/v2\/product\/940","targetHints":{"allow":["GET"]}}],"collection":[{"href":"https:\/\/red-lighttherapy.com\/tr\/wp-json\/wp\/v2\/product"}],"about":[{"href":"https:\/\/red-lighttherapy.com\/tr\/wp-json\/wp\/v2\/types\/product"}],"wp:featuredmedia":[{"embeddable":true,"href":"https:\/\/red-lighttherapy.com\/tr\/wp-json\/wp\/v2\/media\/942"}],"wp:attachment":[{"href":"https:\/\/red-lighttherapy.com\/tr\/wp-json\/wp\/v2\/media?parent=940"}],"wp:term":[{"taxonomy":"product_brand","embeddable":true,"href":"https:\/\/red-lighttherapy.com\/tr\/wp-json\/wp\/v2\/product_brand?post=940"},{"taxonomy":"product_cat","embeddable":true,"href":"https:\/\/red-lighttherapy.com\/tr\/wp-json\/wp\/v2\/product_cat?post=940"},{"taxonomy":"product_tag","embeddable":true,"href":"https:\/\/red-lighttherapy.com\/tr\/wp-json\/wp\/v2\/product_tag?post=940"}],"curies":[{"name":"wp","href":"https:\/\/api.w.org\/{rel}","templated":true}]}}