{"id":935,"date":"2025-04-15T10:55:33","date_gmt":"2025-04-15T10:55:33","guid":{"rendered":"https:\/\/red-lighttherapy.com\/?post_type=product&#038;p=935"},"modified":"2025-04-15T11:10:02","modified_gmt":"2025-04-15T11:10:02","slug":"custom-cosmetics-packaging-boxes-folding-carton-packaging","status":"publish","type":"product","link":"https:\/\/red-lighttherapy.com\/tr\/custom-cosmetics-packaging-boxes-folding-carton-packaging\/","title":{"rendered":"\u00d6zel Kozmetik Ambalaj Kutular\u0131 Katlan\u0131r Karton Ambalaj"},"content":{"rendered":"<h2 id=\"-product-description-of-foldable-cosmetic-packaging-box-\"><strong>Katlanabilir Karton Kozmetik Ambalaj Kutusunun \u00dcr\u00fcn A\u00e7\u0131klamas\u0131<\/strong><\/h2>\n<h2 id=\"-1-innovative-structural-design-perfect-fusion-of-folding-aesthetics-and-practicality-\"><strong>1. Yenilik\u00e7i yap\u0131sal tasar\u0131m: katlama esteti\u011fi ve pratikli\u011fin m\u00fckemmel birle\u015fimi<\/strong><\/h2>\n<p>Bu kozmetik katlan\u0131r ka\u011f\u0131t kutusu, tutkal olmadan tek dokunu\u015fla katlama elde etmek i\u00e7in yan kilitleme teknolojisi ile birlikte patentli bir katlama montaj yap\u0131s\u0131 benimser. A\u00e7\u0131ld\u0131\u011f\u0131nda, \u00fc\u00e7 boyutlu bir \u00e7ilek kabartma \u015fekli sunar ve kapand\u0131ktan sonra kal\u0131nl\u0131k orijinal hacmin 1 \/ 3'\u00fcne s\u0131k\u0131\u015ft\u0131r\u0131larak depolama ve nakliye alan\u0131n\u0131n kullan\u0131m oran\u0131n\u0131 b\u00fcy\u00fck \u00f6l\u00e7\u00fcde art\u0131r\u0131r. G\u00f6m\u00fcl\u00fc manyetik toka tasar\u0131m\u0131, birden fazla a\u00e7ma ve kapamadan sonra da do\u011fru bir \u015fekilde s\u0131f\u0131rlanabilmesini sa\u011flar ve ayr\u0131nt\u0131lar markan\u0131n kullan\u0131c\u0131 deneyimi konusundaki nihai aray\u0131\u015f\u0131n\u0131 g\u00f6sterir.<\/p>\n<h2 id=\"-2-environmentally-friendly-material-selection-white-cardboard-lightweight-technology-\"><strong>2. \u00c7evre dostu malzeme se\u00e7imi: beyaz karton hafif teknoloji<\/strong><\/h2>\n<p>\u0130\u00e7eri\u011fin korunmas\u0131 ve nakliye maliyetlerinin optimizasyonu g\u00f6z \u00f6n\u00fcnde bulundurularak temel malzeme olarak 300g FSC sertifikal\u0131 beyaz karton se\u00e7ilmi\u015ftir. Astar, rujlar ve toz kekler gibi \u00f6zel \u015fekilli \u00fcr\u00fcnler i\u00e7in uygun olan g\u0131da s\u0131n\u0131f\u0131 EVA kal\u0131p kesim konumland\u0131rma oluklar\u0131n\u0131 benimser ve darbeye dayan\u0131kl\u0131l\u0131k performans\u0131 sertifikal\u0131d\u0131r.<\/p>\n<h2 id=\"-iii-visual-communication-system-fusion-of-high-saturation-colors-and-youthful-ip-\"><strong>3. G\u00f6rsel ileti\u015fim sistemi: y\u00fcksek doygunluktaki renklerin f\u00fczyonu ve gen\u00e7 IP<\/strong><\/h2>\n<ol>\n<li><strong>Bask\u0131 s\u00fcreci<\/strong>: 8 renkli UV ofset bask\u0131 + k\u0131smi s\u0131cak damgalama i\u015flemi benimsenerek, minimum nokta do\u011frulu\u011fu 175 sat\u0131r \/ in\u00e7'e ula\u015f\u0131r ve metin keskinli\u011fi \u22640,1 mm hatad\u0131r. \u00c7ilek deseni, Pantone 185C k\u0131rm\u0131z\u0131dan gradyan renk numaralar\u0131na do\u011fru restorasyon elde etmek i\u00e7in 3D modelleme ile ayr\u0131l\u0131r ve renk fark\u0131 \u0394E &lt;1.5&#039;tir.<\/li>\n<li><strong>Desen tasar\u0131m\u0131<\/strong>: Ana g\u00f6rsel, \u0131\u015f\u0131k kayna\u011f\u0131 alt\u0131nda dinamik bir \u00fc\u00e7 boyut hissi sunan \u00e7iy \u0131\u015f\u0131\u011f\u0131 efektli UV kaplama ile ger\u00e7ek\u00e7i \u00e7ilek meyvesini temel unsur olarak al\u0131r. Marka maskotu ill\u00fcstrasyonu kutunun yan taraf\u0131na yerle\u015ftirilmi\u015f ve Z ku\u015fa\u011f\u0131 m\u00fc\u015fterilerinin duygusal ba\u011f\u0131 iki boyutlu stil ile g\u00fc\u00e7lendirilmi\u015ftir. G\u00f6z takip testi, g\u00f6rsel kal\u0131\u015f s\u00fcresinin 27% artt\u0131\u011f\u0131n\u0131 g\u00f6stermektedir.<\/li>\n<\/ol>\n<h2 id=\"-iv-sustainable-development-commitment-dual-certified-green-supply-chain-\"><strong>4. S\u00fcrd\u00fcr\u00fclebilir kalk\u0131nma taahh\u00fcd\u00fc: \u00e7ift sertifikal\u0131 ye\u015fil tedarik zinciri<\/strong><\/h2>\n<ol>\n<li><strong>FSC orman sertifikas\u0131<\/strong>: Ka\u011f\u0131t hammaddelerinin 100%'si s\u00fcrd\u00fcr\u00fclebilir \u015fekilde y\u00f6netilen ormanlardan gelir, \u00fcretim s\u00fcrecinin karbon ayak izi 35% azalt\u0131l\u0131r ve ambalaj kutular\u0131n\u0131n geri d\u00f6n\u00fc\u015f\u00fcm oran\u0131 95%'ye ula\u015f\u0131r.<\/li>\n<li><strong>ISO 14001 sistemi<\/strong>: Sun Chemical EC 10\/2011 sertifikal\u0131 su bazl\u0131 m\u00fcrekkep kullan\u0131larak, VOC emisyonlar\u0131 ulusal standart s\u0131n\u0131r\u0131ndan 60% daha d\u00fc\u015f\u00fckt\u00fcr. \u00dcretim at\u0131klar\u0131 hamur haline getirildikten sonra ofis ka\u011f\u0131d\u0131na geri d\u00f6n\u00fc\u015ft\u00fcr\u00fcl\u00fcr ve 92%'lik bir kaynak geri d\u00f6n\u00fc\u015f\u00fcm oran\u0131 elde edilir.<\/li>\n<li><strong>Hafif ambalaj<\/strong>: Geleneksel renkli kutulardan 30% daha hafiftir, tek bir konteynerin y\u00fckleme kapasitesi 5.800 par\u00e7aya \u00e7\u0131kar\u0131l\u0131r ve nakliye enerji t\u00fcketimi 18% azal\u0131r.<\/li>\n<\/ol>","protected":false},"excerpt":{"rendered":"<p>Nakliye i\u00e7in katlanabilen karton tasar\u0131m\u0131, esteti\u011fi alan kullan\u0131m\u0131yla birle\u015ftirerek markan\u0131n ayr\u0131nt\u0131lara verdi\u011fi \u00f6nemi g\u00f6steriyor. Ana malzeme olarak i\u00e7eri\u011fi etkili bir \u015fekilde koruyabilen beyaz karton kullan\u0131lm\u0131\u015ft\u0131r. Ayn\u0131 zamanda hafif tasar\u0131m, i\u015flevsellik ve ekonomi aras\u0131ndaki dengeyi yans\u0131tarak nakliye maliyetlerini d\u00fc\u015f\u00fcr\u00fcr.<\/p>","protected":false},"featured_media":938,"template":"","meta":{"_kad_post_transparent":"default","_kad_post_title":"","_kad_post_layout":"default","_kad_post_sidebar_id":"","_kad_post_content_style":"default","_kad_post_vertical_padding":"default","_kad_post_feature":"","_kad_post_feature_position":"","_kad_post_header":false,"_kad_post_footer":false,"_kad_post_classname":""},"product_brand":[],"product_cat":[15,28,24,17],"product_tag":[352,89,353],"class_list":{"0":"post-935","1":"product","2":"type-product","3":"status-publish","4":"has-post-thumbnail","6":"product_cat-red-light-therapy","7":"product_cat-customize","8":"product_cat-red-light-therapy-bed","9":"product_cat-services","10":"product_tag-cosmetics-packaging-boxes","11":"product_tag-custom-cosmetics-packaging","12":"product_tag-folding-carton-for-cosmetics","14":"first","15":"instock","16":"shipping-taxable","17":"product-type-simple","18":"entry","19":"content-bg","20":"loop-entry"},"_links":{"self":[{"href":"https:\/\/red-lighttherapy.com\/tr\/wp-json\/wp\/v2\/product\/935","targetHints":{"allow":["GET"]}}],"collection":[{"href":"https:\/\/red-lighttherapy.com\/tr\/wp-json\/wp\/v2\/product"}],"about":[{"href":"https:\/\/red-lighttherapy.com\/tr\/wp-json\/wp\/v2\/types\/product"}],"wp:featuredmedia":[{"embeddable":true,"href":"https:\/\/red-lighttherapy.com\/tr\/wp-json\/wp\/v2\/media\/938"}],"wp:attachment":[{"href":"https:\/\/red-lighttherapy.com\/tr\/wp-json\/wp\/v2\/media?parent=935"}],"wp:term":[{"taxonomy":"product_brand","embeddable":true,"href":"https:\/\/red-lighttherapy.com\/tr\/wp-json\/wp\/v2\/product_brand?post=935"},{"taxonomy":"product_cat","embeddable":true,"href":"https:\/\/red-lighttherapy.com\/tr\/wp-json\/wp\/v2\/product_cat?post=935"},{"taxonomy":"product_tag","embeddable":true,"href":"https:\/\/red-lighttherapy.com\/tr\/wp-json\/wp\/v2\/product_tag?post=935"}],"curies":[{"name":"wp","href":"https:\/\/api.w.org\/{rel}","templated":true}]}}