{"id":929,"date":"2025-04-15T10:39:22","date_gmt":"2025-04-15T10:39:22","guid":{"rendered":"https:\/\/red-lighttherapy.com\/?post_type=product&#038;p=929"},"modified":"2025-04-15T10:55:24","modified_gmt":"2025-04-15T10:55:24","slug":"vendor-child-proof-empty-510-disposable-vape-pen-packaging","status":"publish","type":"product","link":"https:\/\/red-lighttherapy.com\/tr\/vendor-child-proof-empty-510-disposable-vape-pen-packaging\/","title":{"rendered":"Sat\u0131c\u0131 \u00c7ocuk Korumal\u0131 Bo\u015f 510 Tek Kullan\u0131ml\u0131k Vape Kalem Ambalaj\u0131"},"content":{"rendered":"<h2 id=\"child-proof-510-disposable-electronic-cigarette-pen-packaging-product-description\">\u00c7ocuk korumal\u0131 510 tek kullan\u0131ml\u0131k vape kalem ambalaj\u0131 \u00fcr\u00fcn a\u00e7\u0131klamas\u0131<\/h2>\n<h2 id=\"1-intelligent-drawer-style-child-proof-opening-and-closing-design-\">1.\u00a0<strong>Ak\u0131ll\u0131 \u00e7ekmece tarz\u0131 \u00e7ocuk korumal\u0131 a\u00e7ma ve kapama tasar\u0131m\u0131<\/strong><\/h2>\n<p>\u0130tme-\u00e7ekme yap\u0131s\u0131 sayesinde tek elle kolayca \u00e7al\u0131\u015ft\u0131r\u0131labilir ve \u00e7ocuk koruma i\u015flevi mekanik s\u00f6n\u00fcmleme tasar\u0131m\u0131 ile ger\u00e7ekle\u015ftirilir. \u00c7ekmece ray\u0131 \u00e7ift tokal\u0131 bir mekanizma ile donat\u0131lm\u0131\u015ft\u0131r ve a\u00e7mak i\u00e7in itme-\u00e7ekme i\u015flemi s\u0131ras\u0131nda belirli bir a\u00e7\u0131 ve kuvvet uygulanmal\u0131d\u0131r, bu sadece yeti\u015fkinlerin rahat eri\u015fim ihtiya\u00e7lar\u0131n\u0131 kar\u015f\u0131lamakla kalmaz, ayn\u0131 zamanda \u00e7ocuklar\u0131n yanl\u0131\u015fl\u0131kla a\u00e7\u0131lma veya kayma riskini de etkili bir \u015fekilde \u00f6nler.<\/p>\n<h2 id=\"2-environmentally-friendly-and-durable-coated-paper-material-\">2.\u00a0<strong>\u00c7evre dostu ve dayan\u0131kl\u0131 ku\u015fe ka\u011f\u0131t malzeme<\/strong><\/h2>\n<p>Kutu g\u00f6vdesi FSC sertifikal\u0131 ku\u015fe ka\u011f\u0131t alt tabaka kullan\u0131r ve y\u00fczey a\u015f\u0131nmaya dayan\u0131kl\u0131 ve ya\u015flanma kar\u015f\u0131t\u0131 kaplama ile kaplanm\u0131\u015ft\u0131r. Y\u00fcksek s\u0131kl\u0131kta a\u00e7\u0131l\u0131p kapanmaya ve nakliye a\u015f\u0131nma ve y\u0131pranmas\u0131na dayanabilir ve 100 defadan fazla tekrarlanan kullan\u0131m\u0131 destekler. Mat i\u015flem, parmak izi kal\u0131nt\u0131lar\u0131n\u0131 azalt\u0131r ve saf siyah g\u00f6r\u00fcn\u00fcm tasar\u0131m\u0131 ile birlikte i\u015f ve t\u0131p gibi \u00fcst d\u00fczey senaryolar i\u00e7in uygundur.<\/p>\n<h2 id=\"3-precision-mold-and-integrated-molding-process-\">3.\u00a0<strong>Hassas kal\u0131p ve entegre kal\u0131plama s\u00fcreci<\/strong><\/h2>\n<p>0,01 mm y\u00fcksek hassasiyetli kal\u0131p kesme teknolojisi sayesinde, kenarlar\u0131n d\u00fcz ve \u00e7apaks\u0131z olmas\u0131n\u0131 ve a\u00e7ma ve kapama yap\u0131s\u0131n\u0131n kusursuz olmas\u0131n\u0131 sa\u011flar. Tutkals\u0131z entegre katlan\u0131r kal\u0131plama i\u015flemi, geleneksel ambalajlar\u0131n ek yerlerini ve yap\u0131\u015ft\u0131rma zay\u0131fl\u0131klar\u0131n\u0131 ortadan kald\u0131r\u0131r, genel bas\u0131n\u00e7 dayan\u0131m\u0131n\u0131 40% art\u0131r\u0131r ve hizmet \u00f6mr\u00fcn\u00fc end\u00fcstri standard\u0131n\u0131n iki kat\u0131na kadar uzat\u0131r.<\/p>\n<h2 id=\"4-customized-eva-lining-and-shock-protection-\">4.\u00a0<strong>\u00d6zelle\u015ftirilmi\u015f EVA astar ve \u015fok korumas\u0131<\/strong><\/h2>\n<p>Beyaz EVA astar, ta\u015f\u0131ma s\u0131ras\u0131nda yer de\u011fi\u015ftirmeyi \u00f6nlemek i\u00e7in \u00b10,5 mm'lik bir sabitleme do\u011frulu\u011fu ile 510 kalem tipi \u00fcr\u00fcne uyan bir oluk olu\u015fturmak i\u00e7in CNC ile oyulmu\u015ftur. Astar b\u00f6lmesi ki\u015fiselle\u015ftirilmi\u015f ayarlamay\u0131 destekler ve farkl\u0131 \u00f6zelliklerde m\u00fcrekkep kartu\u015flar\u0131 veya ek aksesuarlarla (\u015farj kablolar\u0131, k\u0131lavuzlar gibi) uyumludur ve tamponlama performans\u0131 1,5 metrelik d\u00fc\u015fme testi sertifikas\u0131n\u0131 ge\u00e7mi\u015ftir.<\/p>\n<h2 id=\"5-modular-customization-and-global-compliance-\">5.\u00a0<strong>Mod\u00fcler \u00f6zelle\u015ftirme ve k\u00fcresel uyumluluk<\/strong><\/h2>\n<p>Ambalaj, m\u00fc\u015fterilerin \u00e7ok \u00f6zellikli \u00fcr\u00fcnlere y\u00f6nelik uyumluluk gereksinimlerini kar\u015f\u0131lamak i\u00e7in boyut, a\u00e7ma konumu ve astar b\u00f6l\u00fcm\u00fcn\u00fcn esnek bir \u015fekilde ayarlanmas\u0131n\u0131 destekler. FSC orman s\u00fcrd\u00fcr\u00fclebilirli\u011fi sertifikasyonunu ge\u00e7en ve AB REACH ve ABD FDA gibi k\u00fcresel \u00e7evre d\u00fczenlemeleriyle uyumlu olan malzeme, \u015firketlerin ye\u015fil tedarik zinciri hedeflerine ula\u015fmas\u0131na yard\u0131mc\u0131 olur.<\/p>","protected":false},"excerpt":{"rendered":"<p>Ka\u011f\u0131t \u00e7ekmeceli \u00e7ocuk korumal\u0131 kutu a\u00e7ma ve kapama tasar\u0131m\u0131, kazara kaymay\u0131 \u00f6nlerken e\u015fyalar\u0131n tek elle kolayca itilmesine ve \u00e7ekilmesine olanak tan\u0131r. Kaplamal\u0131 ka\u011f\u0131t malzeme a\u015f\u0131nmaya ve eskimeye dayan\u0131kl\u0131d\u0131r, yeniden kullan\u0131labilir ve \u00e7evre koruma ve ekonomik konseptlerle uyumludur. M\u00fcrekkep kartu\u015flar\u0131n\u0131n veya \u00f6zel \u00fcr\u00fcn ambalajlar\u0131n\u0131n farkl\u0131 \u00f6zelliklerinin ihtiya\u00e7lar\u0131n\u0131 kar\u015f\u0131lamak i\u00e7in boyut, a\u00e7\u0131l\u0131\u015f konumu ve astar b\u00f6l\u00fcm\u00fcn\u00fcn ki\u015fiselle\u015ftirilmi\u015f ayar\u0131n\u0131 destekler.<\/p>","protected":false},"featured_media":930,"template":"","meta":{"_kad_post_transparent":"default","_kad_post_title":"","_kad_post_layout":"default","_kad_post_sidebar_id":"","_kad_post_content_style":"default","_kad_post_vertical_padding":"default","_kad_post_feature":"","_kad_post_feature_position":"","_kad_post_header":false,"_kad_post_footer":false,"_kad_post_classname":""},"product_brand":[],"product_cat":[15,20,40,17],"product_tag":[351,169,350],"class_list":{"0":"post-929","1":"product","2":"type-product","3":"status-publish","4":"has-post-thumbnail","6":"product_cat-red-light-therapy","7":"product_cat-led-face-light-therapy","8":"product_cat-red-light-therapy-panel","9":"product_cat-services","10":"product_tag-empty-vape-cartridge-packaging","11":"product_tag-vape-cartridge-packaging","12":"product_tag-vape-cartridge-packaging-usa","14":"first","15":"instock","16":"shipping-taxable","17":"product-type-simple","18":"entry","19":"content-bg","20":"loop-entry"},"_links":{"self":[{"href":"https:\/\/red-lighttherapy.com\/tr\/wp-json\/wp\/v2\/product\/929","targetHints":{"allow":["GET"]}}],"collection":[{"href":"https:\/\/red-lighttherapy.com\/tr\/wp-json\/wp\/v2\/product"}],"about":[{"href":"https:\/\/red-lighttherapy.com\/tr\/wp-json\/wp\/v2\/types\/product"}],"wp:featuredmedia":[{"embeddable":true,"href":"https:\/\/red-lighttherapy.com\/tr\/wp-json\/wp\/v2\/media\/930"}],"wp:attachment":[{"href":"https:\/\/red-lighttherapy.com\/tr\/wp-json\/wp\/v2\/media?parent=929"}],"wp:term":[{"taxonomy":"product_brand","embeddable":true,"href":"https:\/\/red-lighttherapy.com\/tr\/wp-json\/wp\/v2\/product_brand?post=929"},{"taxonomy":"product_cat","embeddable":true,"href":"https:\/\/red-lighttherapy.com\/tr\/wp-json\/wp\/v2\/product_cat?post=929"},{"taxonomy":"product_tag","embeddable":true,"href":"https:\/\/red-lighttherapy.com\/tr\/wp-json\/wp\/v2\/product_tag?post=929"}],"curies":[{"name":"wp","href":"https:\/\/api.w.org\/{rel}","templated":true}]}}