{"id":923,"date":"2025-04-15T10:22:56","date_gmt":"2025-04-15T10:22:56","guid":{"rendered":"https:\/\/red-lighttherapy.com\/?post_type=product&#038;p=923"},"modified":"2025-04-16T16:38:08","modified_gmt":"2025-04-16T16:38:08","slug":"custom-clamshell-perfume-gift-boxes-packaging-supplies","status":"publish","type":"product","link":"https:\/\/red-lighttherapy.com\/tr\/custom-clamshell-perfume-gift-boxes-packaging-supplies\/","title":{"rendered":"\u00d6zel Kapakl\u0131 Parf\u00fcm Hediye Kutular\u0131 Ambalaj Malzemeleri"},"content":{"rendered":"<h3 id=\"1-full-dimensional-brand-customization-service-\">1.\u00a0<strong>Tam boyutlu marka \u00f6zelle\u015ftirme hizmeti<\/strong><\/h3>\n<p>Tasar\u0131mdan \u00fcretime kadar tam s\u00fcre\u00e7 \u00f6zelle\u015ftirme hizmetleri sa\u011fl\u0131yoruz ve ambalaj kutusunun boyutunu, i\u015f\u00e7ili\u011fini, renk e\u015fle\u015fmesini ve yap\u0131s\u0131n\u0131 marka konumland\u0131rmas\u0131na, \u00fcr\u00fcn \u00f6zelliklerine ve pazar talebine g\u00f6re esnek bir \u015fekilde ayarlayabiliyoruz. \u0130ster basit modern tarz, ister oryantal estetik unsurlar veya \u00fcst d\u00fczey sanat ill\u00fcstrasyon tarz\u0131 olsun, marka tonuyla do\u011fru bir \u015fekilde e\u015fle\u015febilir. \u00d6rne\u011fin, g\u00f6rsel katman\u0131 geli\u015ftirmek i\u00e7in s\u0131cak damgalama, kabartma, kabartma ve di\u011fer i\u015flemler yoluyla veya benzersiz bir ambalaj \u00e7\u00f6z\u00fcm\u00fc olu\u015fturmak i\u00e7in markan\u0131n \u00f6zel LOGO'sunu ve k\u00fclt\u00fcrel sembollerini entegre edin.<\/p>\n<h3 id=\"2-16-year-source-factory-quality-and-cost-double-guarantee-\">2.\u00a0<strong>16 y\u0131ll\u0131k kaynak fabrika, kalite ve maliyet \u00e7ift garantisi<\/strong><\/h3>\n<p>Ambalaj end\u00fcstrisinde 16 y\u0131ll\u0131k derin ekime sahip bir kaynak fabrika olarak, hammadde tedarikinden \u00fcretim ve i\u015flemeye kadar tamamen kontrol edilebilen eksiksiz bir tedarik zinciri sistemine sahibiz. Maliyetleri d\u00fc\u015f\u00fcrmek i\u00e7in b\u00fcy\u00fck \u00f6l\u00e7ekli bir \u00fcretim modeli kullan\u0131yoruz ve \u00fcr\u00fcn\u00fcn hem y\u00fcksek maliyet performans\u0131na hem de dayan\u0131kl\u0131l\u0131\u011fa sahip olmas\u0131n\u0131 sa\u011flamak i\u00e7in ka\u011f\u0131t a\u011f\u0131rl\u0131\u011f\u0131 ve tutkal \u00e7evre korumas\u0131 gibi ayr\u0131nt\u0131lar\u0131 s\u0131k\u0131 bir \u015fekilde kontrol ediyoruz. \u0130\u015fbirli\u011fi yapt\u0131\u011f\u0131m\u0131z m\u00fc\u015fterilerimiz uluslararas\u0131 g\u00fczellik markalar\u0131n\u0131 ve son teknoloji koku \u015firketlerini kapsamaktad\u0131r ve kalite, piyasa taraf\u0131ndan uzun s\u00fcredir do\u011frulanm\u0131\u015ft\u0131r.<\/p>\n<h3 id=\"3-design-empowers-brand-value-enhancement-\">3.\u00a0<strong>Tasar\u0131m, marka de\u011ferini art\u0131rmay\u0131 g\u00fc\u00e7lendirir<\/strong><\/h3>\n<p>Ambalaj tasar\u0131m ekibi l\u00fcks ambalaj mant\u0131\u011f\u0131n\u0131 \u00e7ok iyi biliyor ve malzeme kontrast\u0131, renk psikolojisi ve yap\u0131sal yeniliklerle \u00fcr\u00fcn katma de\u011ferini art\u0131r\u0131yor. \u00d6rne\u011fin, gri karton ve siyah kartonun kombinasyonu sadece sakin dokuyu vurgulamakla kalm\u0131yor, ayn\u0131 zamanda kal\u0131p kesim teknolojisi sayesinde astar ve \u00fcr\u00fcn aras\u0131nda kusursuz bir uyum sa\u011flayarak \u00fcst d\u00fczey bir markan\u0131n profesyonel imaj\u0131n\u0131 yans\u0131t\u0131yor. \u00d6rnekler, \u00f6zelle\u015ftirilmi\u015f tasar\u0131m\u0131n t\u00fcketicilerin markaya olan tevecc\u00fch\u00fcn\u00fc 40%'den daha fazla art\u0131rabildi\u011fini g\u00f6stermektedir.<\/p>\n<h3 id=\"4-scientific-lining-protection-system-\">4.\u00a0<strong>Bilimsel astar koruma sistemi<\/strong><\/h3>\n<p>Astar EVA k\u00f6p\u00fck, flok veya \u00f6zelle\u015ftirilmi\u015f s\u00fcnger gibi y\u00fcksek yast\u0131klama malzemeleri kullan\u0131r ve ta\u015f\u0131ma s\u0131ras\u0131nda sars\u0131nt\u0131 ve \u00e7arp\u0131\u015fmay\u0131 \u00f6nlemek i\u00e7in hassas kal\u0131p kesme teknolojisi ile parf\u00fcm \u015fi\u015fesinin d\u0131\u015f hatlar\u0131na tam olarak uyar. Gri kartonun (1200 GSM) i\u00e7 katman\u0131 temel destek sa\u011flar ve siyah kart\u0131n (120 GSM) d\u0131\u015f katman\u0131 bas\u0131n\u00e7 direncini art\u0131r\u0131r. \u00c7ifte koruma \u00fcr\u00fcn\u00fcn bozulmamas\u0131n\u0131 sa\u011flar.<\/p>\n<h3 id=\"5-environmentally-friendly-materials-stable-structure-\">5.\u00a0<strong>\u00c7evre dostu malzemeler, sa\u011flam yap\u0131<\/strong><\/h3>\n<p>Ana malzemeler, RoHS uyumlu ve hem y\u00fcksek mukavemet hem de hafiflik avantajlar\u0131na sahip 1200 GSM gri karton ve 120 GSM siyah kartondur. Gri karton, farkl\u0131 s\u0131cakl\u0131k ve nem ortamlar\u0131na uyum sa\u011flamak i\u00e7in neme dayan\u0131kl\u0131 i\u015flemden ge\u00e7irilmi\u015ftir; siyah karton, hassas gradyanlar ve s\u0131cak damgalama gibi karma\u015f\u0131k efektler sunabilen p\u00fcr\u00fczs\u00fcz bir y\u00fczeye ve g\u00fc\u00e7l\u00fc bir bask\u0131 yap\u0131\u015fkanl\u0131\u011f\u0131na sahiptir ve \u00fcst d\u00fczey pazar\u0131n ambalaj stabilitesine y\u00f6nelik kat\u0131 gereksinimlerini kar\u015f\u0131lamaktad\u0131r.<\/p>\n<h3 id=\"6-flip-top-design-practical-and-aesthetic-balance-\">6.\u00a0<strong>Flip-top tasar\u0131m, pratik ve estetik denge<\/strong><\/h3>\n<p>Flip-top kutu, tek elle kolayca a\u00e7\u0131labilen manyetik veya tokal\u0131 bir kapatma yap\u0131s\u0131na sahiptir ve ekran penceresi tasar\u0131m\u0131, \u00fcr\u00fcn\u00fcn bir bak\u0131\u015fta g\u00f6r\u00fclmesini sa\u011flar. A\u00e7\u0131lma ve kapanma a\u00e7\u0131lar\u0131 ergonomik olarak optimize edilmi\u015ftir ve eri\u015fim deneyimi sorunsuzdur. Ayn\u0131 zamanda, kapak dikildi\u011finde ba\u011f\u0131ms\u0131z bir te\u015fhir stand\u0131 olarak kullan\u0131labilir, bu da i\u015flevsellik ve rit\u00fceli birle\u015ftiren tezgah te\u015fhiri veya hediye verme sahneleri i\u00e7in uygundur.<\/p>\n<h3 id=\"7-natural-color-matching-exquisite-style-\">7.\u00a0<strong>Do\u011fal renk uyumu, zarif stil<\/strong><\/h3>\n<p>Genel olarak d\u00fc\u015f\u00fck doygunluktaki ye\u015fil renk \u015femas\u0131, \u00e7evre koruma kavram\u0131n\u0131 yans\u0131t\u0131rken, taze ve \u00fcst d\u00fczey bir marka imaj\u0131 ta\u015f\u0131yor. Mat\/par\u0131ldayan y\u00fczey i\u015flemine sahip basit kutu \u015feklindeki \u00e7izgiler a\u015f\u0131r\u0131 s\u00fcslemeden ka\u00e7\u0131nmakta ve marka stilini malzemenin kendi dokusu arac\u0131l\u0131\u011f\u0131yla aktarmaktad\u0131r. Ger\u00e7ek test verileri, bu t\u00fcr bir tasar\u0131m\u0131n \u00fcr\u00fcn\u00fcn raftaki g\u00f6rsel kal\u0131\u015f s\u00fcresini 30% kadar uzatabildi\u011fini g\u00f6stermektedir.<\/p>","protected":false},"excerpt":{"rendered":"<p>Yarat\u0131c\u0131 tasar\u0131mdan seri \u00fcretime ve teslimata kadar, 16 y\u0131ll\u0131k sekt\u00f6r deneyimimizle destekleniyor ve \u00f6zelle\u015ftirilmi\u015f \u00e7\u00f6z\u00fcmlerle markalar\u0131n zorlu rekabette \u00f6ne \u00e7\u0131kmas\u0131na yard\u0131mc\u0131 oluyoruz. \u0130ster tatil hediyeleri, ister e-ticarete \u00f6zel \u00fcr\u00fcnler veya \u00e7evrimd\u0131\u015f\u0131 deneyim ma\u011fazas\u0131 te\u015fhirleri olsun, \u00fcr\u00fcn premium yeteneklerini geli\u015ftirmeye yard\u0131mc\u0131 olmak i\u00e7in uyarlama \u00e7\u00f6z\u00fcmleri sa\u011flayabiliriz.<\/p>","protected":false},"featured_media":924,"template":"","meta":{"_kad_post_transparent":"default","_kad_post_title":"","_kad_post_layout":"default","_kad_post_sidebar_id":"","_kad_post_content_style":"default","_kad_post_vertical_padding":"default","_kad_post_feature":"","_kad_post_feature_position":"","_kad_post_header":false,"_kad_post_footer":false,"_kad_post_classname":""},"product_brand":[],"product_cat":[15,27,17],"product_tag":[348,347,349],"class_list":{"0":"post-923","1":"product","2":"type-product","3":"status-publish","4":"has-post-thumbnail","6":"product_cat-red-light-therapy","7":"product_cat-red-light-therapy-belt","8":"product_cat-services","9":"product_tag-custom-clamshell","10":"product_tag-custom-clamshell-boxes","11":"product_tag-gift-boxes-packaging-supplies","13":"first","14":"instock","15":"shipping-taxable","16":"product-type-simple","17":"entry","18":"content-bg","19":"loop-entry"},"_links":{"self":[{"href":"https:\/\/red-lighttherapy.com\/tr\/wp-json\/wp\/v2\/product\/923","targetHints":{"allow":["GET"]}}],"collection":[{"href":"https:\/\/red-lighttherapy.com\/tr\/wp-json\/wp\/v2\/product"}],"about":[{"href":"https:\/\/red-lighttherapy.com\/tr\/wp-json\/wp\/v2\/types\/product"}],"wp:featuredmedia":[{"embeddable":true,"href":"https:\/\/red-lighttherapy.com\/tr\/wp-json\/wp\/v2\/media\/924"}],"wp:attachment":[{"href":"https:\/\/red-lighttherapy.com\/tr\/wp-json\/wp\/v2\/media?parent=923"}],"wp:term":[{"taxonomy":"product_brand","embeddable":true,"href":"https:\/\/red-lighttherapy.com\/tr\/wp-json\/wp\/v2\/product_brand?post=923"},{"taxonomy":"product_cat","embeddable":true,"href":"https:\/\/red-lighttherapy.com\/tr\/wp-json\/wp\/v2\/product_cat?post=923"},{"taxonomy":"product_tag","embeddable":true,"href":"https:\/\/red-lighttherapy.com\/tr\/wp-json\/wp\/v2\/product_tag?post=923"}],"curies":[{"name":"wp","href":"https:\/\/api.w.org\/{rel}","templated":true}]}}