{"id":900,"date":"2025-04-15T09:58:54","date_gmt":"2025-04-15T09:58:54","guid":{"rendered":"https:\/\/red-lighttherapy.com\/?post_type=product&#038;p=900"},"modified":"2025-04-15T10:16:33","modified_gmt":"2025-04-15T10:16:33","slug":"private-label-child-resistant-drawer-box-for-vape-cartridge","status":"publish","type":"product","link":"https:\/\/red-lighttherapy.com\/tr\/private-label-child-resistant-drawer-box-for-vape-cartridge\/","title":{"rendered":"Vape Kartu\u015fu i\u00e7in Private Label \u00c7ocuklara Dayan\u0131kl\u0131 \u00c7ekmece Kutusu"},"content":{"rendered":"<h2 id=\"-child-safe-drawer-type-electronic-cigarette-cartridge-box-product-description-\"><strong>Vape Kartu\u015fu i\u00e7in \u00d6zel Etiket \u00c7ocuk Dayan\u0131kl\u0131 \u00c7ekmece Kutusu \u00dcr\u00fcn A\u00e7\u0131klamas\u0131<\/strong><\/h2>\n<h2 id=\"1-child-lock-patent-technology-\">1.\u00a0<strong>\u00c7ocuk kilidi patent teknolojisi<\/strong><\/h2>\n<p>Uluslararas\u0131 kabul g\u00f6rm\u00fc\u015f tak-\u00e7\u0131kar mekanik \u00e7ocuk kilidi tasar\u0131m\u0131 benimsenmi\u015ftir. Kartu\u015fun kilidinin a\u00e7\u0131labilmesi i\u00e7in 2 saniye i\u00e7inde \u00fc\u00e7 kez tak\u0131l\u0131p \u00e7\u0131kar\u0131lmas\u0131 gerekir (kilit a\u00e7ma eylemi uluslararas\u0131 standart ISO 8317 sertifikasyon gerekliliklerini ifade eder), bu da \u00e7ocuklar\u0131n uzak durmas\u0131n\u0131 etkili bir \u015fekilde \u00f6nler. Patent sertifikas\u0131, AB EN 14375 ve ABD ASTM D3475-18 gibi \u00f6nemli pazar d\u00fczenlemelerini kapsar ve \u00fcr\u00fcn\u00fcn \"Elektronik Sigara Zorunlu Ulusal Standard\u0131\" ve k\u00fcresel g\u00fcvenlik d\u00fczenlemelerine uygun olmas\u0131n\u0131 sa\u011flar.<\/p>\n<h2 id=\"2-sealing-and-protection-integration-\">2.\u00a0<strong>S\u0131zd\u0131rmazl\u0131k ve koruma entegrasyonu<\/strong><\/h2>\n<p>\u00c7ekmece tipi kutu \u00e7ift tokal\u0131 bir yap\u0131ya sahiptir. Kapat\u0131ld\u0131\u011f\u0131nda, silikon bir s\u0131zd\u0131rmazl\u0131k halkas\u0131 arac\u0131l\u0131\u011f\u0131yla hava ge\u00e7irmez bir bariyer olu\u015fturur. Nem ge\u00e7irmezlik ve oksidasyon \u00f6nleme performans\u0131 IP54 seviyesine ula\u015f\u0131rken, d\u0131\u015f darbenin neden oldu\u011fu kazara a\u00e7\u0131lmay\u0131 \u00f6nler.<\/p>\n<h2 id=\"1-fsc-certified-environmentally-friendly-paper-\">3. <strong>FSC sertifikal\u0131 \u00e7evre dostu ka\u011f\u0131t<\/strong><\/h2>\n<p>Kutu g\u00f6vdesinde FSC-C137354 sertifikal\u0131 ka\u011f\u0131t kullan\u0131lmakta, hammaddeler s\u00fcrd\u00fcr\u00fclebilir \u015fekilde y\u00f6netilen ormanlardan gelmekte, AB Kereste Y\u00f6netmeli\u011fi (EUTR) ve Kuzey Amerika \u00e7evre standartlar\u0131na uymakta ve ambalaj bask\u0131s\u0131nda toksik olmayan ve par\u00e7alanabilen su bazl\u0131 m\u00fcrekkep kullan\u0131lmaktad\u0131r.<\/p>\n<h2 id=\"2-visual-identification-system-enhancement-\">4. <strong>G\u00f6rsel tan\u0131mlama sisteminin geli\u015ftirilmesi<\/strong><\/h2>\n<ul>\n<li><strong>Ana renk<\/strong>: G\u00fcvenli\u011fi ve teknolojiyi simgeleyen saf beyaz taban.<\/li>\n<li><strong>Desen tasar\u0131m\u0131<\/strong>: Kutu y\u00fczeyindeki kabartmal\u0131 bulut deseni, geleneksel oryantal u\u011furlu bulut deseninden esinlenmi\u015ftir ve tan\u0131n\u0131rl\u0131\u011f\u0131 ve \u00fcst d\u00fczey dokuyu art\u0131rmak i\u00e7in marka LOGO s\u0131cak damgalama i\u015flemi ile e\u015fle\u015ftirilmi\u015ftir.<\/li>\n<\/ul>\n<h2 id=\"1-eva-customized-lining-protection-\">5. <strong>EVA \u00f6zelle\u015ftirilmi\u015f astar korumas\u0131<\/strong><\/h2>\n<p>Astar, 50 kg statik bas\u0131nca ve 1,2 metre d\u00fc\u015fme etkisine dayanacak \u015fekilde test edilmi\u015f olan y\u00fcksek yo\u011funluklu EVA k\u00f6p\u00fck (yo\u011funluk 45P, kal\u0131nl\u0131k 7 mm) kullan\u0131r. \u0130\u00e7 bo\u015fluk, \u00e7e\u015fitli \u00f6zelliklere uygun olarak kartu\u015fun \u015fekline g\u00f6re lazerle kesilmi\u015ftir ve darbeye dayan\u0131kl\u0131l\u0131k ve tamponlama performans\u0131 end\u00fcstri standard\u0131ndan 30% daha iyidir.<\/p>\n<h2 id=\"2-fast-modular-design-system-\">6. <strong>H\u0131zl\u0131 mod\u00fcler tasar\u0131m sistemi<\/strong><\/h2>\n<ul>\n<li><strong>72 saatte teslimat<\/strong>: CAD \u00e7izim i\u00e7e aktar\u0131m\u0131n\u0131 destekler, ak\u0131ll\u0131ca kutu yap\u0131s\u0131 olu\u015fturur, b\u00f6l\u00fcnm\u00fc\u015f kal\u0131p \u00e7\u00f6z\u00fcm\u00fcn\u00fc astarlar ve yuvarlak \/ oval kartu\u015f \u00f6zelle\u015ftirmesiyle uyumludur (\u00e7ap 20 mm veya daha fazla).<\/li>\n<li><strong>Esnek geni\u015fleme<\/strong>: \u00c7ekmece izi, tek kullan\u0131ml\u0131k elektronik sigaralar veya kartu\u015f de\u011fi\u015ftiren \u00e7ok aromal\u0131 setler i\u00e7in uygun olan tek\/\u00e7ift katmanl\u0131 bir yap\u0131ya geni\u015fletilebilir.<\/li>\n<\/ul>\n<h2 id=\"-fourth-compliance-certification-and-after-sales-service-\"><strong>7. Uyumluluk sertifikas\u0131 ve sat\u0131\u015f sonras\u0131 hizmet<\/strong><\/h2>\n<ul>\n<li><strong>Uluslararas\u0131 sertifika<\/strong>: CE, RoHS, REACH testlerini ge\u00e7ti ve \u00fcretim partisini ve uyumluluk sertifikas\u0131n\u0131 do\u011frulamak i\u00e7in kodu taray\u0131n.<\/li>\n<li><strong>Kalite g\u00fcvence taahh\u00fcd\u00fc<\/strong>: 12 ayl\u0131k yap\u0131sal garanti sa\u011flay\u0131n ve eski kutu geri d\u00f6n\u00fc\u015f\u00fcm\u00fcn\u00fc ve y\u00fckseltmesini destekleyin.<\/li>\n<\/ul>","protected":false},"excerpt":{"rendered":"<p>Bu \u00fcr\u00fcn \"g\u00fcvenlik, \u00e7evre koruma ve y\u00fcksek verimlili\u011fi\" temel al\u0131r, \u00e7ocuklara dayan\u0131kl\u0131 mekanizmay\u0131 marka esteti\u011fiyle derinlemesine b\u00fct\u00fcnle\u015ftirir ve k\u00fcresel vape markalar\u0131n\u0131n uyumluluk, kullan\u0131c\u0131 deneyimi ve tedarik zinciri verimlili\u011fi i\u00e7in \u00e7e\u015fitli ihtiya\u00e7lar\u0131n\u0131 kar\u015f\u0131lar.<\/p>","protected":false},"featured_media":913,"template":"","meta":{"_kad_post_transparent":"default","_kad_post_title":"","_kad_post_layout":"default","_kad_post_sidebar_id":"","_kad_post_content_style":"default","_kad_post_vertical_padding":"default","_kad_post_feature":"","_kad_post_feature_position":"","_kad_post_header":false,"_kad_post_footer":false,"_kad_post_classname":""},"product_brand":[],"product_cat":[15,20,40,17],"product_tag":[344,345,346],"class_list":{"0":"post-900","1":"product","2":"type-product","3":"status-publish","4":"has-post-thumbnail","6":"product_cat-red-light-therapy","7":"product_cat-led-face-light-therapy","8":"product_cat-red-light-therapy-panel","9":"product_cat-services","10":"product_tag-child-resistant-vape-packaging","11":"product_tag-drawer-box-for-vape-cartridge","12":"product_tag-private-label-vape-cartridge-box","14":"first","15":"instock","16":"shipping-taxable","17":"product-type-simple","18":"entry","19":"content-bg","20":"loop-entry"},"_links":{"self":[{"href":"https:\/\/red-lighttherapy.com\/tr\/wp-json\/wp\/v2\/product\/900","targetHints":{"allow":["GET"]}}],"collection":[{"href":"https:\/\/red-lighttherapy.com\/tr\/wp-json\/wp\/v2\/product"}],"about":[{"href":"https:\/\/red-lighttherapy.com\/tr\/wp-json\/wp\/v2\/types\/product"}],"wp:featuredmedia":[{"embeddable":true,"href":"https:\/\/red-lighttherapy.com\/tr\/wp-json\/wp\/v2\/media\/913"}],"wp:attachment":[{"href":"https:\/\/red-lighttherapy.com\/tr\/wp-json\/wp\/v2\/media?parent=900"}],"wp:term":[{"taxonomy":"product_brand","embeddable":true,"href":"https:\/\/red-lighttherapy.com\/tr\/wp-json\/wp\/v2\/product_brand?post=900"},{"taxonomy":"product_cat","embeddable":true,"href":"https:\/\/red-lighttherapy.com\/tr\/wp-json\/wp\/v2\/product_cat?post=900"},{"taxonomy":"product_tag","embeddable":true,"href":"https:\/\/red-lighttherapy.com\/tr\/wp-json\/wp\/v2\/product_tag?post=900"}],"curies":[{"name":"wp","href":"https:\/\/api.w.org\/{rel}","templated":true}]}}