{"id":894,"date":"2025-04-15T09:42:47","date_gmt":"2025-04-15T09:42:47","guid":{"rendered":"https:\/\/red-lighttherapy.com\/?post_type=product&#038;p=894"},"modified":"2025-04-16T16:37:17","modified_gmt":"2025-04-16T16:37:17","slug":"bespoke-clamshell-gift-box-for-1-gram-concentrate-live-resin","status":"publish","type":"product","link":"https:\/\/red-lighttherapy.com\/tr\/bespoke-clamshell-gift-box-for-1-gram-concentrate-live-resin\/","title":{"rendered":"Ismarlama Kapakl\u0131 Hediye Kutusu 1 Gram Konsantre Canl\u0131 Re\u00e7ine i\u00e7in"},"content":{"rendered":"<h2 id=\"-customized-flip-top-gift-box-1g-concentrated-active-resin-exclusive-protection-solution-\"><strong>\u00d6zelle\u015ftirilmi\u015f kapakl\u0131 hediye kutusu 1g konsantre aktif re\u00e7ine \u00f6zel koruma \u00e7\u00f6z\u00fcm\u00fc<\/strong><\/h2>\n<h2 id=\"-1-ergonomic-flip-top-design-one-handed-operation-without-burden-\"><strong>1. Ergonomik flip-top tasar\u0131m, y\u00fck olmadan tek elle kullan\u0131m<\/strong><\/h2>\n<ul>\n<li>Hassas mente\u015fe yap\u0131s\u0131 ve manyetik toka \u00e7ift yard\u0131m\u0131n\u0131 benimseyen tek elle itme, geleneksel katlan\u0131r kutular\u0131n s\u0131k\u0131\u015fmas\u0131 veya gev\u015femesi sorununu \u00f6nleyerek sorunsuz bir \u015fekilde a\u00e7\u0131l\u0131p kapanabilir.<\/li>\n<li>Flip-top'\u0131n \u00f6mr\u00fc 10.000 kez a\u00e7\u0131l\u0131p kapanma i\u00e7in test edilmi\u015f ve dayan\u0131kl\u0131l\u0131k 300% ile art\u0131r\u0131larak y\u00fcksek frekansl\u0131 kullan\u0131m ihtiya\u00e7lar\u0131 kar\u015f\u0131lanm\u0131\u015ft\u0131r.<\/li>\n<\/ul>\n<h2 id=\"-2-environmentally-friendly-coated-paper-material-taking-into-account-strength-and-sustainability-\"><strong>2. Dayan\u0131kl\u0131l\u0131k ve s\u00fcrd\u00fcr\u00fclebilirli\u011fi dikkate alan \u00e7evre dostu ku\u015fe ka\u011f\u0131t malzemesi<\/strong><\/h2>\n<ul>\n<li>Se\u00e7ilmi\u015f FSC sertifikal\u0131 kal\u0131nla\u015ft\u0131r\u0131lm\u0131\u015f ku\u015fe ka\u011f\u0131t (iste\u011fe ba\u011fl\u0131 mat film \/ parlak film), 400g \/ m\u00b2 sertlik, 500g'\u0131n \u00fczerinde y\u00fck ta\u015f\u0131ma kapasitesi, 1g re\u00e7ine \u00fcr\u00fcnlerini s\u0131k\u0131ca korur.<\/li>\n<li>Avrupa ve Amerika pazarlar\u0131n\u0131n \u00e7evre koruma eri\u015fim standartlar\u0131na uygun olarak \u00e7evre dostu m\u00fcrekkep bask\u0131s\u0131 ve par\u00e7alanabilir kaplama s\u00fcrecini destekleyin.<\/li>\n<\/ul>\n<h2 id=\"-3-precision-die-cutting-process-millimeter-level-precision-adaptation-\"><strong>3. Hassas kal\u0131p kesim i\u015flemi, milimetre d\u00fczeyinde hassas adaptasyon<\/strong><\/h2>\n<ul>\n<li>Lazer kesim teknolojisi, kutunun kenar\u0131nda \u00e7apak olmamas\u0131n\u0131 sa\u011flar, diki\u015f tolerans\u0131 \u22640,3 mm'dir, dokunu\u015f hassast\u0131r ve \u00e7izilme riskini \u00f6nler.<\/li>\n<li>Yerle\u015fik dairesel olu\u011fun derinli\u011fi, sekt\u00f6rdeki ana ak\u0131m 1 gram konsantre boyutuna uyarlanm\u0131\u015ft\u0131r (\u00e7ap 20 mm \/ ayarlanabilir) ve darbeye ve bas\u0131nca dayan\u0131kl\u0131 olan ve nakliye s\u0131ras\u0131nda s\u0131f\u0131r yer de\u011fi\u015ftirmeye sahip olan g\u0131da s\u0131n\u0131f\u0131 EVA tampon tabakas\u0131 kullan\u0131l\u0131r.<\/li>\n<\/ul>\n<h2 id=\"-4-minimalist-blank-design-interpreting-high-end-tonality-\"><strong>4. Minimalist bo\u015f tasar\u0131m, \u00fcst d\u00fczey tonaliteyi yorumlama<\/strong><\/h2>\n<ul>\n<li>Saf renkli mat taban, LOGO'suz bo\u015f bir tasar\u0131mla e\u015fle\u015ftirilerek i\u00e7eri\u011fin de\u011ferini vurgular ve s\u0131cak damgalama, kabartma, UV k\u0131smi parlak y\u00fczey ve di\u011fer i\u015flem \u00f6zelle\u015ftirmelerini destekler.<\/li>\n<li>\u0130ste\u011fe ba\u011fl\u0131 manyetik kadife astar, metal isim plakas\u0131 veya \u00f6zelle\u015ftirilmi\u015f kart yuvas\u0131 kutudan \u00e7\u0131karma t\u00f6reni hissini art\u0131r\u0131r.<\/li>\n<\/ul>\n<h2 id=\"-customized-service-\"><strong>5. \u00d6zelle\u015ftirilmi\u015f hizmet<\/strong><\/h2>\n<ul>\n<li><strong>Esnek boyut<\/strong>: \u00d6zel \u015fekilli mum kutular\u0131na veya \u00e7ok \u0131zgaral\u0131 ambalaj ihtiya\u00e7lar\u0131na uyum sa\u011flayarak 15-30 mm \u00e7ap\u0131ndaki oluklar\u0131n ayarlanmas\u0131n\u0131 destekler.<\/li>\n<li><strong>Yap\u0131sal iyile\u015ftirme<\/strong>: Sahtecili\u011fe kar\u015f\u0131 m\u00fch\u00fcrler, d\u0131\u015far\u0131 \u00e7ekilebilen i\u00e7 tepsiler veya \u00e7ift katmanl\u0131 istifleme tasar\u0131mlar\u0131 eklenebilir.<\/li>\n<li><strong>Bask\u0131 \u00e7\u00f6z\u00fcm\u00fc<\/strong>: Pantone spot renkler, floresan renkler, kabartma bask\u0131 ve di\u011fer ni\u015f i\u015flemler sa\u011flan\u0131r ve t\u00fcm kutu y\u00fczeyi marka g\u00f6rsel \u00f6zelle\u015ftirmesi desteklenir.<\/li>\n<li><strong>Aksesuar katma de\u011feri<\/strong>: \u00d6zelle\u015ftirilmi\u015f aletler (mikro spatulalar gibi), talimat ekleri veya elektronik \u00e7ipler (NFC izlenebilirli\u011fi) ile.<\/li>\n<\/ul>\n<h3 id=\"-application-scenarios-\"><strong>6. Uygulama senaryolar\u0131<\/strong><\/h3>\n<ul>\n<li>\u00dcst d\u00fczey konsantre re\u00e7ine hediye setleri<\/li>\n<li>S\u0131n\u0131rl\u0131 say\u0131da ortak markal\u0131 \u00fcr\u00fcn ambalaj\u0131<\/li>\n<li>T\u0131bbi s\u0131n\u0131f aktif bile\u015fenlerin m\u00fch\u00fcrl\u00fc depolanmas\u0131<\/li>\n<li>Marka \u00fcyelerine \u00f6zel ki\u015fiselle\u015ftirilmi\u015f hediye kutular\u0131<\/li>\n<\/ul>","protected":false},"excerpt":{"rendered":"<p>Y\u00fcksek de\u011ferli konsantre canl\u0131 re\u00e7ine (Live Resin) i\u00e7in \u00f6zel olarak tasarlanan kapakl\u0131 hediye kutusu, minimalist esteti\u011fi i\u015flevsel tasar\u0131mla birle\u015ftirir ve \u00fcr\u00fcn korumas\u0131, ta\u015f\u0131nabilir deneyim ve marka dokusunda \u00fc\u00e7l\u00fc bir y\u00fckseltme elde etmek i\u00e7in hassas i\u015f\u00e7ilik kullan\u0131r. \u00dcst d\u00fczey hediyeler, s\u0131n\u0131rl\u0131 s\u00fcr\u00fcmler veya ni\u015f \u00f6zelle\u015ftirme ihtiya\u00e7lar\u0131 i\u00e7in uygundur.<\/p>","protected":false},"featured_media":896,"template":"","meta":{"_kad_post_transparent":"default","_kad_post_title":"","_kad_post_layout":"default","_kad_post_sidebar_id":"","_kad_post_content_style":"default","_kad_post_vertical_padding":"default","_kad_post_feature":"","_kad_post_feature_position":"","_kad_post_header":false,"_kad_post_footer":false,"_kad_post_classname":""},"product_brand":[],"product_cat":[15,27,17],"product_tag":[339,340,338],"class_list":{"0":"post-894","1":"product","2":"type-product","3":"status-publish","4":"has-post-thumbnail","6":"product_cat-red-light-therapy","7":"product_cat-red-light-therapy-belt","8":"product_cat-services","9":"product_tag-bespoke-live-resin-gift-box","10":"product_tag-clamshell-gift-box-for-concentrate","11":"product_tag-gift-box-for-1-gram-concentrate","13":"first","14":"instock","15":"shipping-taxable","16":"product-type-simple","17":"entry","18":"content-bg","19":"loop-entry"},"_links":{"self":[{"href":"https:\/\/red-lighttherapy.com\/tr\/wp-json\/wp\/v2\/product\/894","targetHints":{"allow":["GET"]}}],"collection":[{"href":"https:\/\/red-lighttherapy.com\/tr\/wp-json\/wp\/v2\/product"}],"about":[{"href":"https:\/\/red-lighttherapy.com\/tr\/wp-json\/wp\/v2\/types\/product"}],"wp:featuredmedia":[{"embeddable":true,"href":"https:\/\/red-lighttherapy.com\/tr\/wp-json\/wp\/v2\/media\/896"}],"wp:attachment":[{"href":"https:\/\/red-lighttherapy.com\/tr\/wp-json\/wp\/v2\/media?parent=894"}],"wp:term":[{"taxonomy":"product_brand","embeddable":true,"href":"https:\/\/red-lighttherapy.com\/tr\/wp-json\/wp\/v2\/product_brand?post=894"},{"taxonomy":"product_cat","embeddable":true,"href":"https:\/\/red-lighttherapy.com\/tr\/wp-json\/wp\/v2\/product_cat?post=894"},{"taxonomy":"product_tag","embeddable":true,"href":"https:\/\/red-lighttherapy.com\/tr\/wp-json\/wp\/v2\/product_tag?post=894"}],"curies":[{"name":"wp","href":"https:\/\/api.w.org\/{rel}","templated":true}]}}