{"id":893,"date":"2025-04-15T09:26:53","date_gmt":"2025-04-15T09:26:53","guid":{"rendered":"https:\/\/red-lighttherapy.com\/?post_type=product&#038;p=893"},"modified":"2025-04-16T16:38:38","modified_gmt":"2025-04-16T16:38:38","slug":"customized-clamshell-magnetic-perfume-box-gift-box-sourcing","status":"publish","type":"product","link":"https:\/\/red-lighttherapy.com\/tr\/customized-clamshell-magnetic-perfume-box-gift-box-sourcing\/","title":{"rendered":"\u00d6zelle\u015ftirilmi\u015f Kapakl\u0131 Manyetik Parf\u00fcm Kutusu Hediye Kutusu Kaynak Kullan\u0131m\u0131"},"content":{"rendered":"<h3 id=\"1-material-selection-the-golden-combination-of-coated-paper-and-cardboard-\">1.\u00a0<strong>Malzeme se\u00e7imi: ku\u015fe ka\u011f\u0131t ve kartonun alt\u0131n kombinasyonu<\/strong><\/h3>\n<p>Hediye kutusu \u015funlar\u0131 kullan\u0131r\u00a0<strong>ku\u015fe ka\u011f\u0131t<\/strong>\u00a0y\u00fczey ka\u011f\u0131d\u0131 olarak. Y\u00fczeyi p\u00fcr\u00fczs\u00fcz ve emicidir. Y\u00fcksek hassasiyetli desenleri ve hassas gradyan efektlerini do\u011fru bir \u015fekilde geri y\u00fckleyebilir. \u00d6zellikle metalik dokular veya \u0131\u015f\u0131k ve g\u00f6lge seviyeleri sunan tasar\u0131mlar i\u00e7in uygundur.\u00a0<strong>1200g tek tarafl\u0131 karton<\/strong>\u00a0alt k\u0131s\u0131m i\u00e7in kullan\u0131l\u0131r. Kal\u0131nl\u0131k ve y\u00fck ta\u015f\u0131ma kapasitesi, kutu g\u00f6vdesinin stabil olmas\u0131n\u0131 ve deforme olmas\u0131n\u0131n kolay olmamas\u0131n\u0131 sa\u011flamak i\u00e7in s\u0131k\u0131 bir \u015fekilde \u00f6l\u00e7\u00fcl\u00fcr. Ayn\u0131 zamanda, i\u00e7 yap\u0131 tasar\u0131m\u0131 (bal pete\u011fi karton dolgu gibi), nakliye s\u0131ras\u0131nda sars\u0131nt\u0131dan kaynaklanan hasar\u0131 \u00f6nlemek i\u00e7in parf\u00fcm\u00fcn sabitlenmesini art\u0131rmak i\u00e7in kullan\u0131l\u0131r.<\/p>\n<h3 id=\"2-appearance-design-deep-purple-tone-and-four-color-spot-color-technology-fusion-\">2.\u00a0<strong>G\u00f6r\u00fcn\u00fcm tasar\u0131m\u0131: koyu mor ton ve d\u00f6rt renk + spot renk teknolojisi f\u00fczyonu<\/strong><\/h3>\n<p>Temel renk \u015funlar\u0131 kullan\u0131r\u00a0<strong>koyu mor<\/strong>Zarafet ve gizemi simgeleyen bu \u00fcr\u00fcn, parf\u00fcm \u00fcr\u00fcnlerinin \u00fcst d\u00fczey konumland\u0131rmas\u0131na uymaktad\u0131r.\u00a0<strong>D\u00f6rt renkli bask\u0131 (CMYK)<\/strong>\u00a0temel renk kapsam\u0131n\u0131 elde etmek i\u00e7in kullan\u0131l\u0131r ve\u00a0<strong>spot renkli bask\u0131<\/strong>\u00a0(Pantone renk kart\u0131 \u00f6zel rengi gibi) renk doygunlu\u011funu ve tutarl\u0131l\u0131\u011f\u0131n\u0131 sa\u011flamak i\u00e7in marka LOGO'sunu veya \u00f6zel dokuyu vurgulamak i\u00e7in \u00fcst \u00fcste bindirilir. \u00d6rne\u011fin, LOGO k\u0131sm\u0131 mat arka plan \u00fczerinde g\u00f6rsel bir odak olu\u015fturmak i\u00e7in s\u0131cak damgalama \u00f6zel renk s\u00fcrecini benimser ve genel stil basit ama l\u00fckst\u00fcr.<\/p>\n<h3 id=\"3-surface-treatment-matt-film-process-improves-practicality-and-protection-\">3.\u00a0<strong>Y\u00fczey i\u015fleme: Mat film i\u015flemi pratikli\u011fi ve korumay\u0131 art\u0131r\u0131r<\/strong><\/h3>\n<p>Kutu y\u00fczeyi a\u015fa\u011f\u0131dakilerle kapl\u0131d\u0131r\u00a0<strong>mat film<\/strong>Kirlenme \u00f6nleyici, parmak izi \u00f6nleyici ve a\u015f\u0131nma direnci \u00f6zelliklerine sahiptir. Y\u00fczey, yans\u0131ma giri\u015fimini \u00f6nleyebilen ve ayn\u0131 zamanda nem, ya\u011f ve alkol erozyonunu \u00f6nleyen ve hediye kutusunun hizmet \u00f6mr\u00fcn\u00fc uzatan y\u00fcksek dereceli mat bir y\u00fczey olu\u015fturmak i\u00e7in mat film ile kaplanm\u0131\u015ft\u0131r.<\/p>\n<h3 id=\"4-structural-design-the-convenience-and-aesthetic-balance-of-the-top-and-bottom-box-flap-\">4.\u00a0<strong>Yap\u0131sal tasar\u0131m: \u00fcst ve alt kutu kapa\u011f\u0131n\u0131n rahatl\u0131\u011f\u0131 ve estetik dengesi<\/strong><\/h3>\n<p>Benimsemek\u00a0<strong>\u00fcst ve alt kutu kapak yap\u0131s\u0131<\/strong>\u00dcst kutu ve alt kutu manyetik emme yap\u0131s\u0131 ile kapat\u0131l\u0131r ve a\u00e7ma ve kapama a\u00e7\u0131s\u0131 180 \u00b0 'ye kadar \u00e7\u0131kar, bu da parf\u00fcm almay\u0131 ve koymay\u0131 kolayla\u015ft\u0131r\u0131r. Kutu kapa\u011f\u0131 ve kutu g\u00f6vdesinin oran\u0131 ergonomik olarak optimize edilmi\u015ftir, bu da tek elle a\u00e7\u0131l\u0131p kapat\u0131labilir, bu da basit ve h\u0131zl\u0131d\u0131r, zamandan tasarruf sa\u011flar.<\/p>\n<h3 id=\"5-personalized-customization-flexibly-adapt-to-brand-creative-needs-\">5.\u00a0<strong>Ki\u015fiselle\u015ftirilmi\u015f \u00f6zelle\u015ftirme: markan\u0131n yarat\u0131c\u0131 ihtiya\u00e7lar\u0131na esnek bir \u015fekilde uyum sa\u011flay\u0131n<\/strong><\/h3>\n<p>Kutu y\u00fczeyi \u015funlar\u0131 destekler\u00a0<strong>tam geni\u015flikte bask\u0131<\/strong>ve desenleri, metinleri ve marka hikayelerini \u00f6zelle\u015ftirebilir. \u00d6rne\u011fin, k\u00fc\u00e7\u00fck partiler halinde y\u00fcksek hassasiyetli \u00e7\u0131kt\u0131lar elde etmek i\u00e7in dijital bask\u0131 teknolojisi kullan\u0131labilir veya dokunsal seviyeyi art\u0131rmak i\u00e7in kabartma ve s\u0131cak damgalama i\u015flemleri birle\u015ftirilebilir. M\u00fc\u015fteriler tasar\u0131m taslaklar\u0131 sa\u011flayabilir veya hediye kutusunun g\u00f6r\u00fcn\u00fcmden i\u00e7eri\u011fe kadar marka de\u011ferini ta\u015f\u0131mas\u0131n\u0131 sa\u011flamak i\u00e7in yarat\u0131c\u0131 tasar\u0131mlar yapmalar\u0131 i\u00e7in profesyonel ekiplere emanet edebilir.<\/p>\n<h3 id=\"6-box-type-adaptation-flexibility-of-multi-scenario-applications-\">6.\u00a0<strong>Kutu tipi adaptasyonu: \u00e7ok senaryolu uygulamalar\u0131n esnekli\u011fi<\/strong><\/h3>\n<p>Standart \u00fcst ve alt kutulara ek olarak,\u00a0<strong>\u00e7ekmece tipi, katlan\u0131r tip, manyetik tokal\u0131 tip<\/strong>\u00a0ve di\u011fer \u00e7e\u015fitlendirilmi\u015f kutu t\u00fcrleri mevcuttur. \u00d6rne\u011fin, \u00fcst d\u00fczey seri gizem duygusunu artt\u0131rmak i\u00e7in \u00e7ift katmanl\u0131 bir i\u00e7 i\u00e7e ge\u00e7me yap\u0131s\u0131 kullanabilirken, s\u0131n\u0131rl\u0131 say\u0131da interaktif deneyimi artt\u0131rmak i\u00e7in \u00e7\u0131kar\u0131labilir bir astar veya koku test cihaz\u0131 ile entegre edilebilir. T\u00fcm kutu tipleri, nakliye g\u00fcvenli\u011fini sa\u011flamak i\u00e7in d\u00fc\u015fme ve bas\u0131n\u00e7 direnci testlerinden ge\u00e7mi\u015ftir.<\/p>\n<h3 id=\"7-capacity-guarantee-full-process-quality-control-of-5320-workshop-\">7.\u00a0<strong>Kapasite garantisi: 5320\u33a1 at\u00f6lyenin tam s\u00fcre\u00e7 kalite kontrol\u00fc<\/strong><\/h3>\n<p>Bizim kendi\u00a0<strong>5320 metrekarelik ak\u0131ll\u0131 \u00fcretim \u00fcss\u00fc<\/strong>Heidelberg alt\u0131 renkli bask\u0131 makineleri ve tam otomatik kal\u0131p kesme makineleri gibi geli\u015fmi\u015f ekipmanlarla donat\u0131lm\u0131\u015f, tasar\u0131mdan teslimata kadar tam s\u00fcre\u00e7 kontrol\u00fcn\u00fc desteklemektedir. G\u00fcnl\u00fck 30.000 adetten fazla \u00fcretim kapasitesi ile ISO kalite y\u00f6netim sistemini s\u0131k\u0131 bir \u015fekilde takip edin ve acil sipari\u015fler 7 g\u00fcn i\u00e7inde teslim edilebilir. Dijital y\u00f6netim sistemi, \u00fcr\u00fcn tutarl\u0131l\u0131\u011f\u0131n\u0131 sa\u011flamak i\u00e7in s\u0131cakl\u0131k, nem, m\u00fcrekkep konsantrasyonu ve di\u011fer parametreleri ger\u00e7ek zamanl\u0131 olarak izler.<\/p>","protected":false},"excerpt":{"rendered":"<p>Bu hediye kutusu, i\u015flevselli\u011fi, esteti\u011fi ve marka tonunu g\u00f6z \u00f6n\u00fcnde bulundurarak malzeme, i\u015f\u00e7ilik ve tasar\u0131m\u0131n i\u015fbirli\u011fine dayal\u0131 bir yenili\u011fidir. \u00dcst d\u00fczey parf\u00fcmler, tatil hediye kutular\u0131 veya s\u0131n\u0131rl\u0131 ortak \u00fcr\u00fcnler i\u00e7in uygundur. Esnek bir tedarik zinciri ve s\u0131k\u0131 kalite kontrol\u00fc sayesinde m\u00fc\u015fterilere verimli ve g\u00fcvenilir \u00f6zelle\u015ftirilmi\u015f \u00e7\u00f6z\u00fcmler sunar.<\/p>","protected":false},"featured_media":920,"template":"","meta":{"_kad_post_transparent":"default","_kad_post_title":"","_kad_post_layout":"default","_kad_post_sidebar_id":"","_kad_post_content_style":"default","_kad_post_vertical_padding":"default","_kad_post_feature":"","_kad_post_feature_position":"","_kad_post_header":false,"_kad_post_footer":false,"_kad_post_classname":""},"product_brand":[],"product_cat":[15,27,17],"product_tag":[341,342,343],"class_list":{"0":"post-893","1":"product","2":"type-product","3":"status-publish","4":"has-post-thumbnail","6":"product_cat-red-light-therapy","7":"product_cat-red-light-therapy-belt","8":"product_cat-services","9":"product_tag-customized-clamshell-box","10":"product_tag-magnetic-perfume-box","11":"product_tag-perfume-gift-box-sourcing","13":"first","14":"instock","15":"shipping-taxable","16":"product-type-simple","17":"entry","18":"content-bg","19":"loop-entry"},"_links":{"self":[{"href":"https:\/\/red-lighttherapy.com\/tr\/wp-json\/wp\/v2\/product\/893","targetHints":{"allow":["GET"]}}],"collection":[{"href":"https:\/\/red-lighttherapy.com\/tr\/wp-json\/wp\/v2\/product"}],"about":[{"href":"https:\/\/red-lighttherapy.com\/tr\/wp-json\/wp\/v2\/types\/product"}],"wp:featuredmedia":[{"embeddable":true,"href":"https:\/\/red-lighttherapy.com\/tr\/wp-json\/wp\/v2\/media\/920"}],"wp:attachment":[{"href":"https:\/\/red-lighttherapy.com\/tr\/wp-json\/wp\/v2\/media?parent=893"}],"wp:term":[{"taxonomy":"product_brand","embeddable":true,"href":"https:\/\/red-lighttherapy.com\/tr\/wp-json\/wp\/v2\/product_brand?post=893"},{"taxonomy":"product_cat","embeddable":true,"href":"https:\/\/red-lighttherapy.com\/tr\/wp-json\/wp\/v2\/product_cat?post=893"},{"taxonomy":"product_tag","embeddable":true,"href":"https:\/\/red-lighttherapy.com\/tr\/wp-json\/wp\/v2\/product_tag?post=893"}],"curies":[{"name":"wp","href":"https:\/\/api.w.org\/{rel}","templated":true}]}}