{"id":877,"date":"2025-04-15T07:02:12","date_gmt":"2025-04-15T07:02:12","guid":{"rendered":"https:\/\/red-lighttherapy.com\/?post_type=product&#038;p=877"},"modified":"2025-04-20T06:04:31","modified_gmt":"2025-04-20T06:04:31","slug":"distributing-magnetic-lid-rigid-box-for-vip-membership-card","status":"publish","type":"product","link":"https:\/\/red-lighttherapy.com\/tr\/distributing-magnetic-lid-rigid-box-for-vip-membership-card\/","title":{"rendered":"VIP \u00dcyelik Kart\u0131 i\u00e7in Distributing Manyetik Kapakl\u0131 Sert Kutu"},"content":{"rendered":"<h2 id=\"product-description-of-vip-member-card-magnetic-cover-hard-box-for-distribution\">Da\u011f\u0131t\u0131m i\u00e7in VIP \u00dcye Kart\u0131 Manyetik Kapakl\u0131 Sert Kutu \u00dcr\u00fcn A\u00e7\u0131klamas\u0131<\/h2>\n<h2>1.\u00a0<strong>Manyetik <\/strong>Kapak <strong>Kutu Tipi: Tek Elle Kullan\u0131m ve Kalite Alg\u0131s\u0131n\u0131n \u00c7ifte Y\u00fckseltilmesi<\/strong><\/h2>\n<ul>\n<li><strong>Manyetik Hassas Adsorpsiyon<\/strong>: Y\u00fcksek hassasiyetli manyetik emme yap\u0131s\u0131n\u0131 benimseyen kutu kapa\u011f\u0131, tek bir itme ile a\u00e7\u0131l\u0131p kapat\u0131labilir ve kapat\u0131ld\u0131\u011f\u0131nda net bir \"t\u0131k\" sesi duyulur, bu da kullan\u0131c\u0131n\u0131n sezgisel kalite alg\u0131s\u0131n\u0131 art\u0131r\u0131r.<\/li>\n<li><strong>Dayan\u0131kl\u0131l\u0131k Garantisi<\/strong>: Manyetik emme bile\u015feni, zay\u0131flama olmadan binlerce kez a\u00e7\u0131l\u0131p kapanmak \u00fczere test edilmi\u015ftir ve uzun vadeli stabilite sa\u011flar.<\/li>\n<\/ul>\n<h2 id=\"2-display-stand-design-enjoy-the-sense-of-ceremony-as-soon-as-you-open-the-box-\">2.\u00a0<strong>Te\u015fhir Stand\u0131 Tasar\u0131m\u0131: Kutuyu A\u00e7ar A\u00e7maz T\u00f6ren Duygusunun Tad\u0131n\u0131 \u00c7\u0131kar\u0131n<\/strong><\/h2>\n<ul>\n<li><strong>\u00c7ok A\u00e7\u0131l\u0131 Ekran Fonksiyonu<\/strong>: Kutu g\u00f6vdesi a\u00e7\u0131ld\u0131ktan sonra, VIP kart\u0131n s\u0131cak damgalama LOGO'sunu veya kabartma i\u015flemini sezgisel olarak sunabilen ve kutuyu a\u00e7arken sayg\u0131nl\u0131k ve t\u00f6ren duygusunu art\u0131ran 30 \u00b0 e\u011fimli bir ekran stand\u0131 olu\u015fturulur.<\/li>\n<li><strong>Kayar Ray Yap\u0131s\u0131 (Opsiyonel)<\/strong>: \u00c7ekmece tipi k\u0131zak ray\u0131 tasar\u0131m\u0131, i\u015f senaryolar\u0131n\u0131n verimli ihtiya\u00e7lar\u0131n\u0131 kar\u015f\u0131layan \u00e7al\u0131\u015fma d\u00fczg\u00fcnl\u00fc\u011f\u00fcn\u00fc daha da geli\u015ftirir.<\/li>\n<\/ul>\n<h2 id=\"3-visual-presentation-luxury-aesthetic-language-\">3.\u00a0<strong>G\u00f6rsel sunum: l\u00fcks estetik dil<\/strong><\/h2>\n<ul>\n<li><strong>Ana renk ve i\u015f\u00e7ilik<\/strong>: Kutu g\u00f6vdesi, marka logosu, \u00e7er\u00e7eve deseni vb. gibi k\u0131smi s\u0131cak damgalama \/ g\u00fcm\u00fc\u015f i\u015f\u00e7ili\u011fi ile saf beyaz mat taban\u0131 benimser, sade ve l\u00fcks bir g\u00f6rsel etki sunar.<\/li>\n<li><strong>Malzeme se\u00e7imi<\/strong>: \u0130ste\u011fe ba\u011fl\u0131 buzlu PVC, sedefli karton veya \u00e7evre dostu akrilik malzeme, hassas dokunu\u015f ve \u00e7izilmeye ve a\u015f\u0131nmaya dayan\u0131kl\u0131.<\/li>\n<\/ul>\n<h2 id=\"4-inner-lining-design-precise-storage-and-protection-\">4.\u00a0<strong>\u0130\u00e7 astar tasar\u0131m\u0131: hassas saklama ve koruma<\/strong><\/h2>\n<ul>\n<li><strong>\u00d6zelle\u015ftirilmi\u015f kart yuvas\u0131<\/strong>: \u0130\u00e7 astar, tekli\/\u00e7oklu kartlar\u0131n boyutuna tam olarak uyan, darbeye dayan\u0131kl\u0131 ve a\u015f\u0131nmaya diren\u00e7li y\u00fcksek yo\u011funluklu EVA s\u00fcnger veya flanel malzeme kullan\u0131r.<\/li>\n<li><strong>\u00c7ok fonksiyonlu b\u00f6lme<\/strong>: \u0130\u015f hediyesi sahnelerinin ihtiya\u00e7lar\u0131n\u0131 kar\u015f\u0131lamak i\u00e7in kartvizitler, k\u0131lavuzlar veya k\u00fc\u00e7\u00fck hediyelerle uyumlu ba\u011f\u0131ms\u0131z b\u00f6lmeler eklenebilir.<\/li>\n<\/ul>\n<h2 id=\"5-quality-control-standards-strict-scene-adaptability-\">5.\u00a0<strong>Kalite kontrol standartlar\u0131: s\u0131k\u0131 sahne uyarlanabilirli\u011fi<\/strong><\/h2>\n<ul>\n<li><strong>\u00c7evresel tolerans<\/strong>: Yanmaz, nem ge\u00e7irmez, anti-UV ya\u015flanma testlerini ge\u00e7mi\u015ftir ve banka d\u00fczeyinde depolama ve nakliye standartlar\u0131n\u0131 kar\u015f\u0131lar.<\/li>\n<li><strong>Teknoloji detaylar\u0131<\/strong>: Kutu g\u00f6vdesinin kenar\u0131, \u00e7izilmeleri \u00f6nlemek i\u00e7in yuvarlat\u0131lm\u0131\u015f pah k\u0131rma teknolojisini benimser.<\/li>\n<\/ul>\n<h2 id=\"-unlimited-customization-service-\"><strong>6. S\u0131n\u0131rs\u0131z \u00f6zelle\u015ftirme hizmeti<\/strong><\/h2>\n<ul>\n<li><strong>Esnek s\u00fcre\u00e7 adaptasyonu<\/strong>: S\u0131cak damgalama \/ g\u00fcm\u00fc\u015f, UV kabartma, lazer renkli bask\u0131, lazer grav\u00fcr ve di\u011fer i\u015flemleri destekler ve ayn\u0131 anda LOGO, numara, m\u00fc\u015fteri ad\u0131 ve di\u011fer ki\u015fiselle\u015ftirilmi\u015f bilgileri \u00f6zelle\u015ftirebilir.<\/li>\n<li><strong>Boyut ve yap\u0131 geni\u015flemesi<\/strong>: 0,76 mm standart kartlardan 1,2 mm kal\u0131nla\u015ft\u0131r\u0131lm\u0131\u015f kartlara kadar uyumludur, \u00e7ift katmanl\u0131 manyetik emme kutular\u0131na, katlan\u0131r hediye kutular\u0131na ve di\u011fer formlara geni\u015fletilebilir ve \u00f6zel \u015fekilli kartlara ve \u00e7oklu kart kombinasyonu ihtiya\u00e7lar\u0131na uyarlanabilir.<\/li>\n<li><strong>Toplu teslimat garantisi<\/strong>: 500 adet minimum sipari\u015fi, 7-14 g\u00fcnl\u00fck son derece h\u0131zl\u0131 teslimat\u0131 destekler ve s\u00fcre\u00e7 boyunca renk \u00f6rne\u011fi onay\u0131, prova ve inceleme hizmetleri sa\u011flar.<\/li>\n<\/ul>\n<h2 id=\"-applicable-scenario-examples-\"><strong>7. Uygulanabilir senaryo \u00f6rnekleri<\/strong><\/h2>\n<ul>\n<li><strong>Bankalar\u0131n \u00f6zel bankac\u0131l\u0131k m\u00fc\u015fterileri<\/strong>: Siyah alt\u0131n kartlar ve elmas kartlar ile \"y\u00fcksek net de\u011fere sahip kullan\u0131c\u0131lar\u0131n ayr\u0131cal\u0131kl\u0131 kimli\u011fini\" g\u00fc\u00e7lendirin.<\/li>\n<li><strong>\u00dcst d\u00fczey \u00fcyelik sistemi<\/strong>: Y\u0131ll\u0131k bir hediye kutusu bile\u015feni olarak, marka sadakatini art\u0131rmak i\u00e7in \u00fcyelik haklar\u0131 k\u0131lavuzu ve \u00f6zelle\u015ftirilmi\u015f kartlarla birlikte gelir.<\/li>\n<li><strong>Kartvizit Seti<\/strong>: \"Dokunma + g\u00f6rme\" \u015feklinde ikili bir bellek noktas\u0131 olu\u015fturmak i\u00e7in metal kartvizitleri ve manyetik kutular\u0131 entegre edin.<\/li>\n<\/ul>","protected":false},"excerpt":{"rendered":"<p>Bu manyetik kapakl\u0131 sert kutu, \u00fcst d\u00fczey VIP kartlar, kredi kartlar\u0131, banka kartlar\u0131 ve kartvizitler i\u00e7in \u00f6zel olarak tasarlanm\u0131\u015ft\u0131r. L\u00fcks s\u0131n\u0131f i\u015f\u00e7ili\u011fi insani i\u015flevlerle birle\u015ftirir. Manyetik a\u00e7ma ve kapama, te\u015fhir stand\u0131 tasar\u0131m\u0131 ve s\u0131cak damgalama gibi temel \u00f6zellikleriyle bankalar\u0131n, \u00f6zel bankalar\u0131n, \u00fcst d\u00fczey \u00fcyelik sistemlerinin ve di\u011fer senaryolar\u0131n ihtiya\u00e7lar\u0131na tam olarak uyum sa\u011flayarak asil deneyimi ve marka de\u011ferini yeniden \u015fekillendirir.<\/p>","protected":false},"featured_media":887,"template":"","meta":{"_kad_post_transparent":"default","_kad_post_title":"","_kad_post_layout":"default","_kad_post_sidebar_id":"","_kad_post_content_style":"default","_kad_post_vertical_padding":"default","_kad_post_feature":"","_kad_post_feature_position":"","_kad_post_header":false,"_kad_post_footer":false,"_kad_post_classname":""},"product_brand":[],"product_cat":[15,27,17],"product_tag":[334,333,332],"class_list":{"0":"post-877","1":"product","2":"type-product","3":"status-publish","4":"has-post-thumbnail","6":"product_cat-red-light-therapy","7":"product_cat-red-light-therapy-belt","8":"product_cat-services","9":"product_tag-custom-vip-membership-card-box","10":"product_tag-magnetic-lid-vip-membership-box","11":"product_tag-rigid-box-for-vip-card","13":"first","14":"instock","15":"shipping-taxable","16":"product-type-simple","17":"entry","18":"content-bg","19":"loop-entry"},"_links":{"self":[{"href":"https:\/\/red-lighttherapy.com\/tr\/wp-json\/wp\/v2\/product\/877","targetHints":{"allow":["GET"]}}],"collection":[{"href":"https:\/\/red-lighttherapy.com\/tr\/wp-json\/wp\/v2\/product"}],"about":[{"href":"https:\/\/red-lighttherapy.com\/tr\/wp-json\/wp\/v2\/types\/product"}],"wp:featuredmedia":[{"embeddable":true,"href":"https:\/\/red-lighttherapy.com\/tr\/wp-json\/wp\/v2\/media\/887"}],"wp:attachment":[{"href":"https:\/\/red-lighttherapy.com\/tr\/wp-json\/wp\/v2\/media?parent=877"}],"wp:term":[{"taxonomy":"product_brand","embeddable":true,"href":"https:\/\/red-lighttherapy.com\/tr\/wp-json\/wp\/v2\/product_brand?post=877"},{"taxonomy":"product_cat","embeddable":true,"href":"https:\/\/red-lighttherapy.com\/tr\/wp-json\/wp\/v2\/product_cat?post=877"},{"taxonomy":"product_tag","embeddable":true,"href":"https:\/\/red-lighttherapy.com\/tr\/wp-json\/wp\/v2\/product_tag?post=877"}],"curies":[{"name":"wp","href":"https:\/\/api.w.org\/{rel}","templated":true}]}}