{"id":871,"date":"2025-04-15T06:50:34","date_gmt":"2025-04-15T06:50:34","guid":{"rendered":"https:\/\/red-lighttherapy.com\/?post_type=product&#038;p=871"},"modified":"2025-04-15T07:42:52","modified_gmt":"2025-04-15T07:42:52","slug":"satin-lined-magnetic-closure-box-wigs-hair-extension-online","status":"publish","type":"product","link":"https:\/\/red-lighttherapy.com\/tr\/satin-lined-magnetic-closure-box-wigs-hair-extension-online\/","title":{"rendered":"Saten Astarl\u0131 Manyetik Kapatma Kutusu Peruk Sa\u00e7 Uzatma Online"},"content":{"rendered":"<h2 id=\"-satin-magnetic-buckle-wig-hair-extension-magnetic-box-product-description-\"><strong>Saten Manyetik Kapatma Peruk Sa\u00e7 Uzatma Manyetik Kutu \u00dcr\u00fcn A\u00e7\u0131klamas\u0131<\/strong><\/h2>\n<h2 id=\"1-magnetic-box-design-quiet-and-convenient-\">1.\u00a0<strong>Manyetik Kapatma kutusu tasar\u0131m\u0131, sessiz ve kullan\u0131\u015fl\u0131<\/strong><\/h2>\n<p>Yenilik\u00e7i sessiz manyetik toka teknolojisi, tek elle kolay a\u00e7ma ve kapamaya olanak tan\u0131yarak, takmas\u0131 kolay ve \u00e7al\u0131\u015ft\u0131rmas\u0131 zahmetli olan geleneksel tokalar\u0131n sorunlu noktalar\u0131n\u0131 tamamen \u00e7\u00f6zer. Manyetik yap\u0131, y\u00fcksek frekansl\u0131 kullan\u0131m alt\u0131nda sabit adsorpsiyon kuvvetini korudu\u011fundan emin olmak i\u00e7in hassas bir \u015fekilde test edilmi\u015ftir ve peruklar\u0131n ve sa\u00e7 uzatma \u00fcr\u00fcnlerinin g\u00fcnl\u00fck kullan\u0131m senaryolar\u0131 i\u00e7in uygundur, kullan\u0131c\u0131 deneyimini ve marka hizmet verimlili\u011fini b\u00fcy\u00fck \u00f6l\u00e7\u00fcde geli\u015ftirir.<\/p>\n<h2 id=\"2-hot-stamping-process-and-three-dimensional-pattern-\">2.\u00a0<strong>S\u0131cak damgalama i\u015flemi ve \u00fc\u00e7 boyutlu desen<\/strong><\/h2>\n<p>Kutu y\u00fczeyi, marka LOGOSUNU veya \u00f6zelle\u015ftirilmi\u015f \u00fc\u00e7 boyutlu deseni (\u00e7i\u00e7ekler, geometrik desenler vb.) sunmak i\u00e7in y\u00fcksek hassasiyetli s\u0131cak damgalama teknolojisini kullan\u0131r ve saten malzeme \u00fczerinde hassas bir parlakl\u0131k kontrast\u0131 olu\u015fturarak g\u00f6rsel katmanlamay\u0131 ve \u00fcst d\u00fczey dokuyu geli\u015ftirir.<\/p>\n<h2 id=\"3-pink-main-color-stimulates-purchasing-desire-\">3.\u00a0<strong>Pembe ana renk sat\u0131n alma arzusunu uyar\u0131r<\/strong><\/h2>\n<p>Kutu g\u00f6vdesi a\u011f\u0131rl\u0131kl\u0131 olarak yumu\u015fak pembe renkte olup, mat saten dokunu\u015fla bir araya getirilerek zarafet ve k\u0131z \u00e7ocuksulu\u011funu yans\u0131tmakta, kad\u0131n t\u00fcketicilerin estetik tercihleriyle do\u011fru bir \u015fekilde e\u015fle\u015fmekte ve ani sat\u0131n al\u0131mlar\u0131 te\u015fvik etmektedir.<\/p>\n<h2 id=\"4-replaceable-ribbon-accessory-design-\">4.\u00a0<strong>De\u011fi\u015ftirilebilir \u015ferit aksesuar tasar\u0131m\u0131<\/strong><\/h2>\n<p>Ayn\u0131 renkteki standart saten kurdeleler, mevsimsel tema aksesuarlar\u0131n\u0131n de\u011fi\u015ftirilmesini destekler (tatil s\u0131n\u0131rl\u0131 i\u015flemeli kurdeleler, \u00e7\u0131kar\u0131labilir kolyeler gibi), t\u00fcm ambalaj kutusunu de\u011fi\u015ftirmeye gerek yoktur ve yineleme maliyetlerini \u00f6nemli \u00f6l\u00e7\u00fcde azalt\u0131r. M\u00fc\u015fteriler, pazarlama faaliyetlerinin ihtiya\u00e7lar\u0131n\u0131 kar\u015f\u0131lamak i\u00e7in kurdele metnini ve renk e\u015fle\u015ftirmesini esnek bir \u015fekilde \u00f6zelle\u015ftirebilir.<\/p>\n<h2 id=\"5-eva-impact-resistant-lining-protection-\">5.\u00a0<strong>EVA darbeye dayan\u0131kl\u0131 astar korumas\u0131<\/strong><\/h2>\n<p>G\u00f6m\u00fcl\u00fc y\u00fcksek yo\u011funluklu EVA tampon katman\u0131, petek yap\u0131s\u0131 peru\u011fun deforme olmas\u0131n\u0131 veya aksesuarlar\u0131n zarar g\u00f6rmesini \u00f6nlemek i\u00e7in nakliye veya d\u00fc\u015fme s\u0131ras\u0131nda darbeyi emer. Ambalaj\u0131n kullan\u0131m \u00f6mr\u00fcn\u00fc uzatmak i\u00e7in astar \u00e7\u0131kar\u0131labilir ve temizlenebilir.<\/p>\n<h2 id=\"6-customized-service-and-supply-chain-advantages-\">6.\u00a0<strong>\u00d6zelle\u015ftirilmi\u015f hizmet ve tedarik zinciri avantajlar\u0131<\/strong><\/h2>\n<ul>\n<li><strong>Esnek parametre ayar\u0131<\/strong>: Farkl\u0131 ihtiya\u00e7lar\u0131 kar\u015f\u0131lamak i\u00e7in boyut (k\u0131sa sa\u00e7 par\u00e7alar\u0131ndan uzun sa\u00e7 setlerine kadar uyarlanabilir), kutu yap\u0131s\u0131 (\u0131zgara \/ tek katman), malzeme (\u00e7evre dostu geri d\u00f6n\u00fc\u015ft\u00fcr\u00fclm\u00fc\u015f deri \/ sert ka\u011f\u0131t taban) kombinasyonunun \u00e7evrimi\u00e7i \u00f6zelle\u015ftirilmesini destekler.<\/li>\n<li><strong>D\u00fc\u015f\u00fck minimum sipari\u015f miktar\u0131<\/strong>: 500 adet kadar d\u00fc\u015f\u00fck MOQ, m\u00fc\u015fteri envanter bask\u0131s\u0131n\u0131 azaltmak i\u00e7in k\u00fc\u00e7\u00fck toplu sipari\u015fler de \u00fcretilebilir.<\/li>\n<li><strong>H\u0131zl\u0131 teslimat<\/strong>: Ak\u0131ll\u0131 \u00fcretim hatlar\u0131na g\u00fcvenerek, numune \u00fcretiminden seri \u00fcretime 7-15 g\u00fcn s\u00fcrer ve verimli teslimat elde etmek i\u00e7in k\u00fcresel lojistik a\u011f\u0131 ile i\u015fbirli\u011fi yapar.<\/li>\n<\/ul>\n<h2 id=\"7-applicable-scenarios-and-brand-value-\">7.\u00a0<strong>Uygulanabilir senaryolar ve marka de\u011feri<\/strong><\/h2>\n<ul>\n<li><strong>T\u00fcketici sonu<\/strong>: Ki\u015fisel peruk saklama ve hediye verme senaryolar\u0131na uygulanabilir, \u00fcr\u00fcn kutu a\u00e7ma t\u00f6reni hissini art\u0131r\u0131r;<\/li>\n<li><strong>\u0130\u015f sonu<\/strong>: G\u00fczellik salonlar\u0131 ve peruk zinciri markalar\u0131, birle\u015fik ambalajlar arac\u0131l\u0131\u011f\u0131yla \u00fcst d\u00fczey imajlar\u0131n\u0131 g\u00fc\u00e7lendirebilir;<\/li>\n<li><strong>\u00c7evre koruma konsepti<\/strong>: Malzeme FSC sertifikal\u0131d\u0131r ve \u015ferit ile astar yeniden kullan\u0131labilir ve s\u00fcrd\u00fcr\u00fclebilir t\u00fcketim e\u011filimine yan\u0131t verir.<\/li>\n<\/ul>","protected":false},"excerpt":{"rendered":"<p>Manyetik kapatma kutusu tipi Sessiz manyetik toka, tek elle a\u00e7ma ve kapama kolayl\u0131\u011f\u0131n\u0131 ger\u00e7ekle\u015ftirerek geleneksel tokalar\u0131n kolay a\u015f\u0131nma sorununu ortadan kald\u0131r\u0131r. Peruk ve sa\u00e7lar\u0131n y\u00fcksek frekansta a\u00e7\u0131l\u0131p kapanmas\u0131 i\u00e7in uygundur, kullan\u0131c\u0131 deneyimini ve marka hizmet verimlili\u011fini art\u0131r\u0131r.<\/p>","protected":false},"featured_media":872,"template":"","meta":{"_kad_post_transparent":"default","_kad_post_title":"","_kad_post_layout":"default","_kad_post_sidebar_id":"","_kad_post_content_style":"default","_kad_post_vertical_padding":"default","_kad_post_feature":"","_kad_post_feature_position":"","_kad_post_header":false,"_kad_post_footer":false,"_kad_post_classname":""},"product_brand":[],"product_cat":[15,27,17],"product_tag":[330,322,331],"class_list":{"0":"post-871","1":"product","2":"type-product","3":"status-publish","4":"has-post-thumbnail","6":"product_cat-red-light-therapy","7":"product_cat-red-light-therapy-belt","8":"product_cat-services","9":"product_tag-hair-extension-box","10":"product_tag-magnetic-closure-box-for-wigs","11":"product_tag-wigs-hair-extension-rigid-box-online","13":"first","14":"instock","15":"shipping-taxable","16":"product-type-simple","17":"entry","18":"content-bg","19":"loop-entry"},"_links":{"self":[{"href":"https:\/\/red-lighttherapy.com\/tr\/wp-json\/wp\/v2\/product\/871","targetHints":{"allow":["GET"]}}],"collection":[{"href":"https:\/\/red-lighttherapy.com\/tr\/wp-json\/wp\/v2\/product"}],"about":[{"href":"https:\/\/red-lighttherapy.com\/tr\/wp-json\/wp\/v2\/types\/product"}],"wp:featuredmedia":[{"embeddable":true,"href":"https:\/\/red-lighttherapy.com\/tr\/wp-json\/wp\/v2\/media\/872"}],"wp:attachment":[{"href":"https:\/\/red-lighttherapy.com\/tr\/wp-json\/wp\/v2\/media?parent=871"}],"wp:term":[{"taxonomy":"product_brand","embeddable":true,"href":"https:\/\/red-lighttherapy.com\/tr\/wp-json\/wp\/v2\/product_brand?post=871"},{"taxonomy":"product_cat","embeddable":true,"href":"https:\/\/red-lighttherapy.com\/tr\/wp-json\/wp\/v2\/product_cat?post=871"},{"taxonomy":"product_tag","embeddable":true,"href":"https:\/\/red-lighttherapy.com\/tr\/wp-json\/wp\/v2\/product_tag?post=871"}],"curies":[{"name":"wp","href":"https:\/\/api.w.org\/{rel}","templated":true}]}}