{"id":865,"date":"2025-04-15T06:34:05","date_gmt":"2025-04-15T06:34:05","guid":{"rendered":"https:\/\/red-lighttherapy.com\/?post_type=product&#038;p=865"},"modified":"2025-04-15T07:43:08","modified_gmt":"2025-04-15T07:43:08","slug":"custom-commercial-clamshell-gift-cannabis-packaging-boxes","status":"publish","type":"product","link":"https:\/\/red-lighttherapy.com\/tr\/custom-commercial-clamshell-gift-cannabis-packaging-boxes\/","title":{"rendered":"\u00d6zel Ticari Kapakl\u0131 Hediye Kenevir Ambalaj Kutular\u0131"},"content":{"rendered":"<h2 id=\"customized-product-description-for-commercial-clamshell-gift-box-cannabis-gift-box-\">Ticari kapakl\u0131 hediye kutusu kenevir hediye kutusu i\u00e7in \u00f6zelle\u015ftirilmi\u015f \u00fcr\u00fcn a\u00e7\u0131klamas\u0131:<\/h2>\n<h2 id=\"1-magnetic-clamshell-gift-box-system-\">1.\u00a0<strong>Manyetik kapakl\u0131 hediye kutusu sistemi<\/strong><\/h2>\n<p>120\u00b0 a\u00e7\u0131lma ve kapanma a\u00e7\u0131s\u0131na sahip, 0,8 mm kal\u0131nla\u015ft\u0131r\u0131lm\u0131\u015f teneke mente\u015fe ile donat\u0131lm\u0131\u015f, y\u00fcksek hassasiyetli manyetik ge\u00e7meli yap\u0131ya sahiptir ve 10.000 yorulma testinden sonra 98% manyetik kararl\u0131l\u0131\u011f\u0131n\u0131 korur. Kutu g\u00f6vde hatlar\u0131, \u22640,1 mm kenar hatas\u0131 ile askeri s\u0131n\u0131f kal\u0131p kesme teknolojisini benimser ve CNC hassas oyma teknolojisi ile sa\u011flam bir g\u00f6r\u00fcn\u00fcm elde edilir. Tek elle a\u00e7mak ve kapatmak i\u00e7in yaln\u0131zca 1,2N itme kuvveti gerekir, bu da i\u015f senaryolar\u0131nda h\u0131zl\u0131 eri\u015fim i\u00e7in uygundur.<\/p>\n<h2 id=\"2-modular-lining-configuration-\">2.\u00a0<strong>Mod\u00fcler astar konfig\u00fcrasyonu<\/strong><\/h2>\n<p>Astar, 45 \u00b1 5kg \/ m\u00b3 yo\u011funlu\u011fa, \u00b1 0,5 mm delik hassasiyetine sahip g\u0131da s\u0131n\u0131f\u0131 EVA s\u00fcngeri kullan\u0131r ve silindirik ve kare gibi 12 kap \u015feklini destekler. Astar kal\u0131b\u0131 sipari\u015f gereksinimlerine g\u00f6re de\u011fi\u015ftirilebilir ve tek kal\u0131p de\u011fi\u015ftirme s\u00fcresi \u226430 dakikad\u0131r. \u00d6nceden doldurulmu\u015f kenevir sak\u0131zlar\u0131, sigaralar, u\u00e7ucu ya\u011f \u015fi\u015feleri ve di\u011fer \u00e7ok formlu \u00fcr\u00fcnler i\u00e7in uygundur.<\/p>\n<h2 id=\"3-color-and-pattern-technology-\">3.\u00a0<strong>Renk ve desen teknolojisi<\/strong><\/h2>\n<p>Ana renk Pantone'un \u00f6zel renk k\u00fct\u00fcphanesi PANTONE 109C'nin y\u00fcksek doygunluklu parlak sar\u0131s\u0131n\u0131 kullan\u0131r. Mat kaplama 6 renkli ofset bask\u0131 makinesi ile \u00fcst \u00fcste bindirilir ve y\u00fczey dokunu\u015fu 400-600 mesh z\u0131mpara ka\u011f\u0131d\u0131n\u0131n s\u00fcrt\u00fcnme katsay\u0131s\u0131na ula\u015f\u0131r. Siyah elle boyanm\u0131\u015f desen UV kabartma teknolojisini kullan\u0131r, \u00e7izgi \u00e7\u0131k\u0131nt\u0131 y\u00fcksekli\u011fi 0,3 mm'dir ve Braille tan\u0131ma alan\u0131 ek olarak nano kabartma ile \u00fcst \u00fcste bindirilir, bu da dokunsal tan\u0131may\u0131 60% art\u0131r\u0131r.<\/p>\n<h2 id=\"4-process-combination-solution-\">4.\u00a0<strong>S\u00fcre\u00e7 kombinasyon \u00e7\u00f6z\u00fcm\u00fc<\/strong><\/h2>\n<p>Lazer kaz\u0131ma (ayarlanabilir derinlik 0,1-0,5 mm), so\u011fuk damgalama (alt\u0131n\/g\u00fcm\u00fc\u015f\/lazer folyo), \u00fc\u00e7 boyutlu kabartma (3D kabartma hassasiyeti 0,02 mm) ve di\u011fer i\u015flem kar\u0131\u015f\u0131mlar\u0131n\u0131 destekler. Kutu kapa\u011f\u0131n\u0131n LOGO alan\u0131, ayn\u0131 anda QR kodu lazer kaz\u0131ma ve s\u0131cak damgalama metnini ger\u00e7ekle\u015ftirebilen, sahtecili\u011fi \u00f6nleme ve marka te\u015fhirinin ikili ihtiya\u00e7lar\u0131n\u0131 kar\u015f\u0131layan 2 \u00d7 3 cm'lik bir \u00f6zelle\u015ftirme alan\u0131 ay\u0131r\u0131r.<\/p>\n<h2 id=\"5-printing-and-production-capacity-guarantee-\">5.\u00a0<strong>Bask\u0131 ve \u00fcretim kapasitesi garantisi<\/strong><\/h2>\n<p>Heidelberg XL106-8+L ofset bask\u0131 makinesini benimseyin, CMYK + 3 spot renk e\u015fzamanl\u0131 bask\u0131y\u0131 destekleyin, renk fark\u0131 kontrol\u00fc \u0394E\u22641.5. Fabrika, g\u00fcnl\u00fck 1 milyon adet \u00fcretim kapasitesine sahip 18 tam otomatik \u00fcretim hatt\u0131 ile donat\u0131lm\u0131\u015ft\u0131r ve 72 saatlik s\u00fcrekli \u00fcretim 500.000 acil sipari\u015fi tamamlayabilir. Prova s\u00fcreci 3D modelleme ve CNC kesimi entegre eder ve tasar\u0131m tasla\u011f\u0131 onayland\u0131ktan sonra 24 saat i\u00e7inde fiziksel numune kutular\u0131 sa\u011flan\u0131r.<\/p>\n<h2 id=\"6-customized-service-terms-\">6.\u00a0<strong>\u00d6zelle\u015ftirilmi\u015f hizmet \u015fartlar\u0131<\/strong><\/h2>\n<p>Minimum sipari\u015f miktar\u0131 500 adettir ve SKU karma partileri desteklenmektedir. Standart teslimat d\u00f6ng\u00fcs\u00fc 7 g\u00fcnd\u00fcr ve h\u0131zland\u0131r\u0131lm\u0131\u015f sipari\u015f 3 g\u00fcne kadar s\u0131k\u0131\u015ft\u0131r\u0131labilir. Kuzey Amerika ve Avrupa Birli\u011fi'nin pazara eri\u015fim standartlar\u0131n\u0131 kar\u015f\u0131layan FSC sertifikal\u0131 \u00e7evre dostu ka\u011f\u0131t ve par\u00e7alanabilir PLA astar se\u00e7enekleri sa\u011flay\u0131n.<\/p>\n<h2 id=\"-technical-parameters-\"><strong>Teknik parametreler<\/strong><\/h2>\n<table>\n<thead>\n<tr>\n<th>Proje<\/th>\n<th>Parametreler<\/th>\n<\/tr>\n<\/thead>\n<tbody>\n<tr>\n<td>Kutu boyutu<\/td>\n<td>\u00d6zelle\u015ftirilebilir<\/td>\n<\/tr>\n<tr>\n<td>Malzeme kal\u0131nl\u0131\u011f\u0131<\/td>\n<td>Teneke 0,25 mm + astar 2 mm EVA<\/td>\n<\/tr>\n<tr>\n<td>Manyetik \u00e7ekim<\/td>\n<td>800-1200 Gauss<\/td>\n<\/tr>\n<tr>\n<td>Y\u00fck ta\u015f\u0131ma kapasitesi<\/td>\n<td>Statik y\u00fck \u22655kg\/dinamik d\u00fc\u015fme direnci 1,2m<\/td>\n<\/tr>\n<\/tbody>\n<\/table>","protected":false},"excerpt":{"rendered":"<p>Kapakl\u0131 hediye kutusu yap\u0131s\u0131, sa\u011flaml\u0131k ve alan kullan\u0131m\u0131n\u0131 bir araya getirir. Kutu keskin ve temiz hatlara sahiptir. Manyetik a\u00e7ma ve kapama tasar\u0131m\u0131 tek elle kolay kullan\u0131m sa\u011flar. A\u00e7ma ve kapama \u00f6mr\u00fc bin kereden fazlad\u0131r. Ana renk sar\u0131d\u0131r ve elle boyanm\u0131\u015f siyah desenleri vard\u0131r. Kenevir \u00fcr\u00fcnlerinizin te\u015fhir raf\u0131nda t\u00fcketicilerin dikkatini \u00e7ekmesini sa\u011flayan g\u00fc\u00e7l\u00fc bir dokunsal tan\u0131ma \u00f6zelli\u011fine sahiptir.<\/p>","protected":false},"featured_media":866,"template":"","meta":{"_kad_post_transparent":"default","_kad_post_title":"","_kad_post_layout":"default","_kad_post_sidebar_id":"","_kad_post_content_style":"default","_kad_post_vertical_padding":"default","_kad_post_feature":"","_kad_post_feature_position":"","_kad_post_header":false,"_kad_post_footer":false,"_kad_post_classname":""},"product_brand":[],"product_cat":[15,27,17],"product_tag":[327,329,328],"class_list":{"0":"post-865","1":"product","2":"type-product","3":"status-publish","4":"has-post-thumbnail","6":"product_cat-red-light-therapy","7":"product_cat-red-light-therapy-belt","8":"product_cat-services","9":"product_tag-clamshell-gift-boxes","10":"product_tag-commercial-cannabis-packaging","11":"product_tag-custom-cannabis-packaging","13":"first","14":"instock","15":"shipping-taxable","16":"product-type-simple","17":"entry","18":"content-bg","19":"loop-entry"},"_links":{"self":[{"href":"https:\/\/red-lighttherapy.com\/tr\/wp-json\/wp\/v2\/product\/865","targetHints":{"allow":["GET"]}}],"collection":[{"href":"https:\/\/red-lighttherapy.com\/tr\/wp-json\/wp\/v2\/product"}],"about":[{"href":"https:\/\/red-lighttherapy.com\/tr\/wp-json\/wp\/v2\/types\/product"}],"wp:featuredmedia":[{"embeddable":true,"href":"https:\/\/red-lighttherapy.com\/tr\/wp-json\/wp\/v2\/media\/866"}],"wp:attachment":[{"href":"https:\/\/red-lighttherapy.com\/tr\/wp-json\/wp\/v2\/media?parent=865"}],"wp:term":[{"taxonomy":"product_brand","embeddable":true,"href":"https:\/\/red-lighttherapy.com\/tr\/wp-json\/wp\/v2\/product_brand?post=865"},{"taxonomy":"product_cat","embeddable":true,"href":"https:\/\/red-lighttherapy.com\/tr\/wp-json\/wp\/v2\/product_cat?post=865"},{"taxonomy":"product_tag","embeddable":true,"href":"https:\/\/red-lighttherapy.com\/tr\/wp-json\/wp\/v2\/product_tag?post=865"}],"curies":[{"name":"wp","href":"https:\/\/api.w.org\/{rel}","templated":true}]}}