{"id":859,"date":"2025-04-15T06:21:33","date_gmt":"2025-04-15T06:21:33","guid":{"rendered":"https:\/\/red-lighttherapy.com\/?post_type=product&#038;p=859"},"modified":"2025-04-15T07:43:45","modified_gmt":"2025-04-15T07:43:45","slug":"distribute-magnetic-lid-rigid-box-for-lipstick-mini-perfume","status":"publish","type":"product","link":"https:\/\/red-lighttherapy.com\/tr\/distribute-magnetic-lid-rigid-box-for-lipstick-mini-perfume\/","title":{"rendered":"Ruj Mini Parf\u00fcm i\u00e7in Manyetik Kapakl\u0131 Sert Kutu Da\u011f\u0131t\u0131n"},"content":{"rendered":"<h2 id=\"-product-description-of-magnetic-lid-lipstick-mini-perfume-hard-box-\"><strong>Manyetik Kapakl\u0131 Ruj Mini Parf\u00fcm Sert Kutu \u00dcr\u00fcn A\u00e7\u0131klamas\u0131<\/strong><\/h2>\n<h2 id=\"-1-magnetic-lid-design-easy-and-stable-opening-and-closing-\"><strong>1. Manyetik kapak tasar\u0131m\u0131, kolay ve istikrarl\u0131 a\u00e7ma ve kapama<\/strong><\/h2>\n<p>Y\u00fcksek mukavemetli manyetik yap\u0131y\u0131 benimseyen kapak ve kutu g\u00f6vdesi, hassas m\u0131knat\u0131s bile\u015fenleri ile sorunsuz bir \u015fekilde ba\u011flan\u0131r, sorunsuz bir \u015fekilde a\u00e7\u0131l\u0131r ve kapan\u0131r ve kapand\u0131ktan sonra s\u0131k\u0131ca adsorbe edilir ve tekrar tekrar kullan\u0131mdan sonra bile gev\u015feme riski olmadan s\u0131k\u0131ca tak\u0131l\u0131 kal\u0131r. Manyetik g\u00fc\u00e7, nakliye ve g\u00fcnl\u00fck kullan\u0131m s\u0131ras\u0131nda g\u00fcvenli\u011fi sa\u011flamak i\u00e7in farkl\u0131 boyut ve a\u011f\u0131rl\u0131ktaki i\u00e7eriklere uyum sa\u011flamak \u00fczere marka gereksinimlerine g\u00f6re \u00f6zelle\u015ftirilebilir.<\/p>\n<h2 id=\"-2-modern-and-simple-box-shape-with-neat-lines-\"><strong>2. D\u00fczg\u00fcn hatlara sahip modern ve basit kutu \u015fekli<\/strong><\/h2>\n<p>Kutu g\u00f6vdesi geometrik \u00fc\u00e7 boyutlu \u015fekle dayan\u0131r ve minimalist \u00e7izgiler ve dik a\u00e7\u0131l\u0131 katlan\u0131r y\u00fczey tasar\u0131m\u0131 ile modern end\u00fcstriyel esteti\u011fi g\u00f6sterir. Kaplamal\u0131 ka\u011f\u0131t malzeme, kutu g\u00f6vdesine hafif bir \u00f6zellik kazand\u0131r\u0131rken, ayn\u0131 zamanda \u00e7evre koruma ve pratiklik g\u00f6z \u00f6n\u00fcnde bulundurularak m\u00fckemmel y\u00fck ta\u015f\u0131ma kapasitesine sahiptir.<\/p>\n<h2 id=\"-3-high-precision-craftsmanship-details-highlight-quality-\"><strong>3. Y\u00fcksek hassasiyetli i\u015f\u00e7ilik, detaylar kaliteyi vurgular<\/strong><\/h2>\n<p>Kutu g\u00f6vdesi lazer kal\u0131p kesim ve girinti teknolojisini benimser, diki\u015fler d\u00fcz ve \u00e7apaks\u0131zd\u0131r, k\u00f6\u015feler keskin ve deforme olmaz, kutu \u015feklinin d\u00fcz ve sabit olmas\u0131n\u0131 sa\u011flar. Astar, ruj veya parf\u00fcm numunesinin \u015fekline g\u00f6re hassas bir \u015fekilde yivli, i\u00e7eri\u011fi s\u0131k\u0131ca sabitleyen, yast\u0131klayan ve darbeye diren\u00e7li olan ve nakliye s\u0131ras\u0131nda sars\u0131nt\u0131dan kaynaklanan hasar\u0131 \u00f6nleyen y\u00fcksek yo\u011funluklu siyah \u00e7evre dostu bir s\u00fcngerdir.<\/p>\n<h2 id=\"-4-two-color-collision-design-to-enhance-brand-recognition-\"><strong>4. Marka tan\u0131n\u0131rl\u0131\u011f\u0131n\u0131 art\u0131rmak i\u00e7in iki renkli \u00e7arp\u0131\u015fma tasar\u0131m\u0131<\/strong><\/h2>\n<ul>\n<li><strong>D\u0131\u015f tasar\u0131m<\/strong>: Kutu kapa\u011f\u0131, dokunmaya kar\u015f\u0131 hassas ve parmak izi b\u0131rakmayan, sade ve l\u00fcks bir doku sunan saf siyah mat UV kaplamaya sahiptir.<\/li>\n<li><strong>\u0130\u00e7 mekan\u0131n ve kutu g\u00f6vdesinin \u00f6ne \u00e7\u0131kan \u00f6zellikleri<\/strong>: Kutu g\u00f6vdesinin yanlar\u0131 ve i\u00e7 k\u0131sm\u0131, 95%'den daha fazla doygunlu\u011fa sahip, mat siyahla g\u00fc\u00e7l\u00fc bir g\u00f6rsel kontrast olu\u015fturan, markan\u0131n ana rengini vurgulayan ve t\u00fcketici bellek noktalar\u0131n\u0131 art\u0131ran parlak ye\u015fil parlak kaplamad\u0131r.<\/li>\n<\/ul>\n<h2 id=\"-5-flexible-customization-to-meet-brand-needs-\"><strong>5. Marka ihtiya\u00e7lar\u0131n\u0131 kar\u015f\u0131lamak i\u00e7in esnek \u00f6zelle\u015ftirme<\/strong><\/h2>\n<ul>\n<li><strong>Boyut ve yap\u0131<\/strong>: Mini ruj (\u00e7ap 1,5-2 cm) veya parf\u00fcm numuneleri (y\u00fckseklik 5-8 cm) gibi \u00e7e\u015fitli \u00f6zelliklerin \u00f6zelle\u015ftirilmesini destekler ve kutu g\u00f6vdesi tek katmanl\u0131 veya \u00e7ok katmanl\u0131 b\u00f6lme yap\u0131s\u0131 olarak tasarlanabilir.<\/li>\n<li><strong>Teknoloji y\u00fckseltme<\/strong>: Marka ayr\u0131cal\u0131\u011f\u0131n\u0131 art\u0131rmak i\u00e7in iste\u011fe ba\u011fl\u0131 Logo kabartma, alt\u0131n \/ g\u00fcm\u00fc\u015f s\u0131cak damgalama veya yerel UV deseni.<\/li>\n<li><strong>\u00c7evre sertifikas\u0131<\/strong>: Kaplamal\u0131 ka\u011f\u0131t malzeme FSC orman y\u00f6netimi sertifikas\u0131na uygundur ve mat kaplama toksik olmayan ve zarars\u0131z olan REACH \u00e7evre koruma testini ge\u00e7mi\u015ftir.<\/li>\n<\/ul>\n<h2 id=\"-applicable-scenarios-\"><strong>Uygulanabilir senaryolar<\/strong><\/h2>\n<p>\u00dcst d\u00fczey kozmetikler, parf\u00fcm numuneleri, m\u00fccevher aksesuarlar\u0131 vb. gibi hafif l\u00fcks \u00fcr\u00fcnler i\u00e7in tasarlanm\u0131\u015ft\u0131r, marka \u00e7evrimd\u0131\u015f\u0131 saya\u00e7lar\u0131, e-ticaret hediye kutusu setleri ve s\u0131n\u0131rl\u0131 say\u0131da \u00fcr\u00fcn ambalaj\u0131 i\u00e7in uygundur, ekran g\u00fczelli\u011fini ve pratik korumay\u0131 birle\u015ftirir<\/p>","protected":false},"excerpt":{"rendered":"<p>Manyetik kapama kolayl\u0131\u011f\u0131, \u00e7evre dostu malzemeler ve g\u00f6rsel etki temel al\u0131narak, i\u015f\u00e7ilik detaylar\u0131 ve renk kontrast\u0131 ile marka farkl\u0131la\u015fmas\u0131 yarat\u0131l\u0131rken, koruma ve s\u00fcrd\u00fcr\u00fclebilirlik kavramlar\u0131 da dikkate al\u0131narak \u00fcr\u00fcnlerin terminal pazar\u0131nda \u00f6ne \u00e7\u0131kmas\u0131na yard\u0131mc\u0131 olunuyor.<\/p>","protected":false},"featured_media":860,"template":"","meta":{"_kad_post_transparent":"default","_kad_post_title":"","_kad_post_layout":"default","_kad_post_sidebar_id":"","_kad_post_content_style":"default","_kad_post_vertical_padding":"default","_kad_post_feature":"","_kad_post_feature_position":"","_kad_post_header":false,"_kad_post_footer":false,"_kad_post_classname":""},"product_brand":[],"product_cat":[15,28,27,17],"product_tag":[326,324,325],"class_list":{"0":"post-859","1":"product","2":"type-product","3":"status-publish","4":"has-post-thumbnail","6":"product_cat-red-light-therapy","7":"product_cat-customize","8":"product_cat-red-light-therapy-belt","9":"product_cat-services","10":"product_tag-distribute-custom-lipstick-mini-perfume-boxes","11":"product_tag-magnetic-lid-lipstick-box","12":"product_tag-rigid-box-for-perfume","14":"first","15":"instock","16":"shipping-taxable","17":"product-type-simple","18":"entry","19":"content-bg","20":"loop-entry"},"_links":{"self":[{"href":"https:\/\/red-lighttherapy.com\/tr\/wp-json\/wp\/v2\/product\/859","targetHints":{"allow":["GET"]}}],"collection":[{"href":"https:\/\/red-lighttherapy.com\/tr\/wp-json\/wp\/v2\/product"}],"about":[{"href":"https:\/\/red-lighttherapy.com\/tr\/wp-json\/wp\/v2\/types\/product"}],"wp:featuredmedia":[{"embeddable":true,"href":"https:\/\/red-lighttherapy.com\/tr\/wp-json\/wp\/v2\/media\/860"}],"wp:attachment":[{"href":"https:\/\/red-lighttherapy.com\/tr\/wp-json\/wp\/v2\/media?parent=859"}],"wp:term":[{"taxonomy":"product_brand","embeddable":true,"href":"https:\/\/red-lighttherapy.com\/tr\/wp-json\/wp\/v2\/product_brand?post=859"},{"taxonomy":"product_cat","embeddable":true,"href":"https:\/\/red-lighttherapy.com\/tr\/wp-json\/wp\/v2\/product_cat?post=859"},{"taxonomy":"product_tag","embeddable":true,"href":"https:\/\/red-lighttherapy.com\/tr\/wp-json\/wp\/v2\/product_tag?post=859"}],"curies":[{"name":"wp","href":"https:\/\/api.w.org\/{rel}","templated":true}]}}