{"id":853,"date":"2025-04-15T06:10:00","date_gmt":"2025-04-15T06:10:00","guid":{"rendered":"https:\/\/red-lighttherapy.com\/?post_type=product&#038;p=853"},"modified":"2025-04-15T07:44:04","modified_gmt":"2025-04-15T07:44:04","slug":"luxury-brand-manufacturer-magnetic-closure-box-for-hair-wigs","status":"publish","type":"product","link":"https:\/\/red-lighttherapy.com\/tr\/luxury-brand-manufacturer-magnetic-closure-box-for-hair-wigs\/","title":{"rendered":"L\u00fcks Marka \u00dcreticisi Sa\u00e7 Peruklar\u0131 i\u00e7in Manyetik Kapatma Kutusu"},"content":{"rendered":"<h2 id=\"-magnetic-luxury-wig-storage-box-product-description-\"><strong>Manyetik Kapatmal\u0131 L\u00fcks Peruk Kutusu \u00dcr\u00fcn A\u00e7\u0131klamas\u0131<\/strong><\/h2>\n<h2 id=\"-i-innovative-magnetic-opening-and-closing-system-guarding-exquisite-art-\"><strong>1. Yenilik\u00e7i manyetik a\u00e7ma ve kapama sistemi, zarif sanat\u0131 korur<\/strong><\/h2>\n<p>Evlat Edinme\u00a0<strong>manyetik kutu tasar\u0131m\u0131<\/strong>y\u00fcksek mukavemetli manyetik bile\u015fenler, kullan\u0131m\u0131 kolay ve m\u00fckemmel s\u0131zd\u0131rmazl\u0131\u011fa sahip tek elle a\u00e7ma ve kapama elde etmek i\u00e7in kullan\u0131l\u0131r. Kutu kapa\u011f\u0131 ile kutu g\u00f6vdesi aras\u0131ndaki temas y\u00fczeyi hassas bir \u015fekilde e\u015fle\u015ftirilerek toz, nem ve d\u0131\u015f bas\u0131n\u00e7 etkili bir \u015fekilde izole edilir, peruklar i\u00e7in sabit bir s\u0131cakl\u0131k ve nem depolama ortam\u0131 sa\u011flan\u0131r ve hizmet \u00f6mr\u00fc uzat\u0131l\u0131r. G\u00f6m\u00fcl\u00fc toz ge\u00e7irmez flanel katman ve elektrostatik koruyucu film, elyaf s\u00fcrt\u00fcnme hasar\u0131n\u0131 daha da \u00f6nler ve peruk \u015feklinin eskisi kadar iyi olmas\u0131n\u0131 sa\u011flar.<\/p>\n<h2 id=\"-ii-visual-language-that-emphasizes-both-aesthetics-and-function-\"><strong>2. Hem esteti\u011fi hem de i\u015flevi vurgulayan g\u00f6rsel dil<\/strong><\/h2>\n<ul>\n<li>ile\u00a0<strong>merkezlenmi\u015f simetrik kompozisyon<\/strong>\u00a0\u00c7ekirdek olarak kutu g\u00f6vdesi, kutu a\u00e7\u0131l\u0131rken merkezi eksen boyunca e\u015fit bir h\u0131zda a\u00e7\u0131larak kutuya rit\u00fcel hissi ve markaya \u00f6zel haf\u0131za noktalar\u0131 kazand\u0131r\u0131r. Kutu kapa\u011f\u0131n\u0131n a\u00e7\u0131lma a\u00e7\u0131s\u0131, raf te\u015fhiri ve hediye verme sahneleri i\u00e7in uygun olan ve \u00fcr\u00fcn te\u015fhirinin g\u00f6rsel gerilimini art\u0131ran 90\u00b0'de hassas bir \u015fekilde kontrol edilir.<\/li>\n<li>Kutu g\u00f6vdesi \u015funlar\u0131 benimser\u00a0<strong>d\u00fczg\u00fcn geometrik kesim teknolojisi<\/strong>Y\u00fczeyde gereksiz dekorasyon olmadan ve modern l\u00fcks tasar\u0131m diline uyan dik a\u00e7\u0131l\u0131 kenarlar ve d\u00fczlemler aras\u0131nda yumu\u015fak ge\u00e7i\u015f. Mod\u00fcler istifleme yap\u0131s\u0131 40% depolama alan\u0131ndan tasarruf sa\u011flayabilir ve nakliye kay\u0131p oran\u0131n\u0131 azaltabilir.<\/li>\n<\/ul>\n<h2 id=\"-three-sustainable-materials-and-process-innovation-\"><strong>3. S\u00fcrd\u00fcr\u00fclebilir malzemeler ve s\u00fcre\u00e7 inovasyonu<\/strong><\/h2>\n<ul>\n<li>Ana malzeme \u015fudur\u00a0<strong>FSC sertifikal\u0131 ku\u015fe ka\u011f\u0131t<\/strong>ve be\u015f katmanl\u0131 kompozit kabartma teknolojisi, bas\u0131n\u00e7 dayan\u0131m\u0131n\u0131 300% art\u0131rmak i\u00e7in kullan\u0131l\u0131r ve y\u00fck ta\u015f\u0131ma kapasitesi deformasyon olmadan 5 kg'a kadar \u00e7\u0131kar. Hafif petek sandvi\u00e7 tasar\u0131m\u0131 ta\u015f\u0131nabilirli\u011fi dikkate al\u0131r ve tek bir kutunun a\u011f\u0131rl\u0131\u011f\u0131 sadece 280 g'd\u0131r.<\/li>\n<li>Marka logosu \u015funlar\u0131 benimser\u00a0<strong>nano d\u00fczeyde \u00fc\u00e7 boyutlu s\u0131cak damgalama teknolojisi<\/strong>kenar do\u011frulu\u011fu hatas\u0131 \u22640,1 mm'dir ve \u0131\u015f\u0131k k\u0131r\u0131lmas\u0131 hassas bir metalik parlakl\u0131k sunar. Mat, saf siyah renk sakin ve \u00f6l\u00e7\u00fcl\u00fcd\u00fcr ve siyah ile uyumludur.\u00a0<strong>parlak sar\u0131 saten kurdele<\/strong>\u00a0kutu g\u00f6vdesi boyunca uzanarak g\u00fc\u00e7l\u00fc bir g\u00f6rsel kontrast olu\u015fturur ve 70% ile raf tan\u0131n\u0131rl\u0131\u011f\u0131n\u0131 art\u0131r\u0131r.<\/li>\n<\/ul>\n<h2 id=\"-four-humanized-lining-system-\"><strong>4. \u0130nsanla\u015ft\u0131r\u0131lm\u0131\u015f astar sistemi<\/strong><\/h2>\n<ul>\n<li><strong>Kal\u0131pla kesilmi\u015f oluk i\u00e7 destek<\/strong>\u00a0peru\u011fun ark\u0131na g\u00f6re \u00f6zelle\u015ftirilir ve sa\u00e7, ekstr\u00fczyon ve deformasyonu \u00f6nlemek i\u00e7in EVA bellek k\u00f6p\u00fc\u011f\u00fc ve ark destek \u00e7er\u00e7evesi ile sabitlenir. Yivin y\u00fczeyi, peru\u011fun do\u011fal kabar\u0131k durumunu korumak i\u00e7in nefes alabilen ipek astar ile kaplanm\u0131\u015ft\u0131r ve kutudan \u00e7\u0131kar\u0131labilir.<\/li>\n<\/ul>\n<h2 id=\"-v-environmental-commitment-and-brand-value-\"><strong>5. \u00c7evreye Ba\u011fl\u0131l\u0131k ve Marka De\u011feri<\/strong><\/h2>\n<ul>\n<li>Hammaddeden \u00fcretime kadar olan t\u00fcm s\u00fcre\u00e7\u00a0<strong>Ye\u015fil Tedarik Zinciri Standard\u0131<\/strong>. Ambalaj m\u00fcrekkebi, 98% biyolojik par\u00e7alanabilirlik oran\u0131na sahip bitki bazl\u0131 su bazl\u0131 bir form\u00fcle sahiptir. Sat\u0131lan her \u00fcr\u00fcn i\u00e7in elde edilen gelirin 1%'si tropik ya\u011fmur ormanlar\u0131n\u0131 koruma projesine ba\u011f\u0131\u015flanarak markan\u0131n sosyal sorumlulu\u011funun alt\u0131 \u00e7iziliyor.<\/li>\n<\/ul>\n<h2 id=\"-product-parameters-\"><strong>\u00dcr\u00fcn Parametreleri<\/strong><\/h2>\n<table>\n<thead>\n<tr>\n<th>Proje<\/th>\n<th>Teknik \u00d6zellikler<\/th>\n<\/tr>\n<\/thead>\n<tbody>\n<tr>\n<td>Malzeme<\/td>\n<td>FSC sertifikal\u0131 ku\u015fe ka\u011f\u0131t<\/td>\n<\/tr>\n<tr>\n<td>Astar<\/td>\n<td>\u00d6zelle\u015ftirilmi\u015f kavisli EVA + ipek astar<\/td>\n<\/tr>\n<tr>\n<td>Manyetik emme bile\u015feni<\/td>\n<td>G\u00fc\u00e7l\u00fc m\u0131knat\u0131s<\/td>\n<\/tr>\n<tr>\n<td>Boyut<\/td>\n<td>\u00d6zelle\u015ftirilebilir<\/td>\n<\/tr>\n<\/tbody>\n<\/table>","protected":false},"excerpt":{"rendered":"<p>Manyetik kapatma kutusu tasar\u0131m\u0131, tek elle kolay a\u00e7ma ve kapama sa\u011flar. Kullan\u0131m\u0131 kolayd\u0131r ve peru\u011fu toz ve nemden koruyan g\u00fc\u00e7l\u00fc s\u0131zd\u0131rmazl\u0131k \u00f6zelliklerine sahiptir. Merkezlenmi\u015f simetrik kompozisyon \u00fcr\u00fcn g\u00f6vdesini vurgular ve kutuyu a\u00e7arken t\u00f6ren hissini art\u0131r\u0131r. Raf te\u015fhiri veya hediye sahneleri i\u00e7in uygundur.<\/p>","protected":false},"featured_media":854,"template":"","meta":{"_kad_post_transparent":"default","_kad_post_title":"","_kad_post_layout":"default","_kad_post_sidebar_id":"","_kad_post_content_style":"default","_kad_post_vertical_padding":"default","_kad_post_feature":"","_kad_post_feature_position":"","_kad_post_header":false,"_kad_post_footer":false,"_kad_post_classname":""},"product_brand":[],"product_cat":[15,27,17],"product_tag":[323,321,322],"class_list":{"0":"post-853","1":"product","2":"type-product","3":"status-publish","4":"has-post-thumbnail","6":"product_cat-red-light-therapy","7":"product_cat-red-light-therapy-belt","8":"product_cat-services","9":"product_tag-brand-manufacturer-hair-wigs-box","10":"product_tag-luxury-box-for-hair","11":"product_tag-magnetic-closure-box-for-wigs","13":"first","14":"instock","15":"shipping-taxable","16":"product-type-simple","17":"entry","18":"content-bg","19":"loop-entry"},"_links":{"self":[{"href":"https:\/\/red-lighttherapy.com\/tr\/wp-json\/wp\/v2\/product\/853","targetHints":{"allow":["GET"]}}],"collection":[{"href":"https:\/\/red-lighttherapy.com\/tr\/wp-json\/wp\/v2\/product"}],"about":[{"href":"https:\/\/red-lighttherapy.com\/tr\/wp-json\/wp\/v2\/types\/product"}],"wp:featuredmedia":[{"embeddable":true,"href":"https:\/\/red-lighttherapy.com\/tr\/wp-json\/wp\/v2\/media\/854"}],"wp:attachment":[{"href":"https:\/\/red-lighttherapy.com\/tr\/wp-json\/wp\/v2\/media?parent=853"}],"wp:term":[{"taxonomy":"product_brand","embeddable":true,"href":"https:\/\/red-lighttherapy.com\/tr\/wp-json\/wp\/v2\/product_brand?post=853"},{"taxonomy":"product_cat","embeddable":true,"href":"https:\/\/red-lighttherapy.com\/tr\/wp-json\/wp\/v2\/product_cat?post=853"},{"taxonomy":"product_tag","embeddable":true,"href":"https:\/\/red-lighttherapy.com\/tr\/wp-json\/wp\/v2\/product_tag?post=853"}],"curies":[{"name":"wp","href":"https:\/\/api.w.org\/{rel}","templated":true}]}}