{"id":847,"date":"2025-04-15T05:57:09","date_gmt":"2025-04-15T05:57:09","guid":{"rendered":"https:\/\/red-lighttherapy.com\/?post_type=product&#038;p=847"},"modified":"2025-04-15T07:44:32","modified_gmt":"2025-04-15T07:44:32","slug":"fabrication-hair-wigs-extension-magnetic-lid-boxes-packaging","status":"publish","type":"product","link":"https:\/\/red-lighttherapy.com\/tr\/fabrication-hair-wigs-extension-magnetic-lid-boxes-packaging\/","title":{"rendered":"\u0130malat Sa\u00e7 Peruk Uzatma Manyetik Kapakl\u0131 Kutular Ambalaj"},"content":{"rendered":"<h2 id=\"-wig-and-hair-extension-magnetic-cover-box-packaging-product-description-\"><strong>Peruk ve sa\u00e7 uzatma manyetik kapakl\u0131 kutu ambalaj \u00fcr\u00fcn a\u00e7\u0131klamas\u0131<\/strong><\/h2>\n<h2 id=\"1-three-dimensional-structure-design-stability-and-space-efficiency-coexist\">1. \u00dc\u00e7 boyutlu yap\u0131 tasar\u0131m\u0131: stabilite ve alan verimlili\u011fi bir arada<\/h2>\n<p>Bu manyetik kapak kutusu bir\u00a0<strong>\u00fc\u00e7 boyutlu katlan\u0131r yap\u0131<\/strong>1-2 peruk veya sa\u00e7 uzatma \u00fcr\u00fcn\u00fcn\u00fc bar\u0131nd\u0131rabilen i\u00e7 alan d\u00fczeninin ergonomik optimizasyonuna dayan\u0131r ve ayn\u0131 zamanda hassas kilit ve destek nerv\u00fcr\u00fc tasar\u0131m\u0131 sayesinde genel stabiliteyi art\u0131r\u0131r. Bu\u00a0<strong>\u00e7ift katmanl\u0131 karton g\u00fc\u00e7lendirme i\u015flemi<\/strong>\u00a0kutu g\u00f6vdesinin k\u00f6\u015felerinde, yuvarlat\u0131lm\u0131\u015f kenar i\u015flemiyle birlikte \u00e7apak \u00e7izilme riskini tamamen ortadan kald\u0131rmak, nakliye ve kullan\u0131m s\u0131ras\u0131nda g\u00fcvenlik ve dayan\u0131kl\u0131l\u0131k sa\u011flamak i\u00e7in kullan\u0131l\u0131r.<\/p>\n<h2 id=\"2-magnetic-opening-and-closing-system-convenience-and-sealing-double-guarantee\">2. Manyetik a\u00e7ma ve kapama sistemi: kolayl\u0131k ve s\u0131zd\u0131rmazl\u0131k \u00e7ift garanti<\/h2>\n<p>ile donat\u0131lm\u0131\u015ft\u0131r.\u00a0<strong>y\u00fcksek hassasiyetli manyetik mod\u00fcl<\/strong>Tek elle a\u00e7ma ve kapama i\u015flemini ger\u00e7ekle\u015ftirebilir ve a\u00e7ma ve kapama a\u00e7\u0131s\u0131 120 \u00b0 'ye ula\u015ft\u0131\u011f\u0131nda otomatik olarak emebilir ve kapanabilir. Sessiz kayar ray tasar\u0131m\u0131, a\u00e7ma ve kapama i\u015flemini mekanik g\u00fcr\u00fclt\u00fc olmadan yapar ve bir\u00a0<strong>tamamen sar\u0131lm\u0131\u015f s\u0131zd\u0131rmaz yap\u0131<\/strong>\u00a0Kapand\u0131ktan sonra, nakliye s\u0131ras\u0131nda toz giri\u015fini ve kazara a\u00e7\u0131lmay\u0131 etkili bir \u015fekilde \u00f6nler. Deformasyon olmaks\u0131z\u0131n 3 kg dikey bas\u0131nca dayanacak \u015fekilde test edilmi\u015ftir.<\/p>\n<h2 id=\"3-environmentally-friendly-materials-and-crafts-fsc-certification-leads-the-green-trend\">3. \u00c7evre dostu malzemeler ve el sanatlar\u0131: FSC sertifikas\u0131 ye\u015fil trende \u00f6nc\u00fcl\u00fck ediyor<\/h2>\n<p>Kutu g\u00f6vdesi \u015funlardan yap\u0131lm\u0131\u015ft\u0131r\u00a0<strong>FSC sertifikal\u0131 ku\u015fe ka\u011f\u0131t<\/strong>y\u00fczey mat \u00e7evre dostu m\u00fcrekkeple kaplanm\u0131\u015ft\u0131r ve malzeme 100% geri d\u00f6n\u00fc\u015ft\u00fcr\u00fclebilir ve par\u00e7alanabilirdir. Astar, EVA yast\u0131klama pamu\u011fu ve \u00e7\u0131kar\u0131labilir b\u00f6lmeler kullan\u0131r, bu da yaln\u0131zca \u00fcr\u00fcn\u00fc korumakla kalmaz, ayn\u0131 zamanda ki\u015fiselle\u015ftirilmi\u015f alan yeniden d\u00fczenlemesini destekler ve ambalaj at\u0131\u011f\u0131n\u0131 azalt\u0131r. T\u00fcm \u00fcretim s\u00fcreci ISO14001 \u00e7evre y\u00f6netim sistemi sertifikasyonundan ge\u00e7mi\u015ftir ve karbon ayak izi geleneksel ambalajlara g\u00f6re 40% daha d\u00fc\u015f\u00fckt\u00fcr.<\/p>\n<h2 id=\"4-visual-aesthetics-and-brand-extension\">4. G\u00f6rsel estetik ve marka uzant\u0131s\u0131<\/h2>\n<ol>\n<li><strong>Lavanta serisinin ana rengi<\/strong>: Renk sisteminden esinlenen d\u00fc\u015f\u00fck doygunluklu lavanta, y\u00fcksek kaliteli bir doku sunar ve sedefli kaplama i\u015flemiyle e\u015fle\u015ftirilir. Do\u011fal \u0131\u015f\u0131k ve \u0131\u015f\u0131k alt\u0131nda degrade bir parlakl\u0131k efekti sunar, bu da raf te\u015fhirinin \u00e7ekicili\u011fini art\u0131r\u0131r.<\/li>\n<li><strong>Ayn\u0131 renk marka g\u00f6rsel \u00f6\u011feleri<\/strong>:<\/li>\n<li>Elde tutulan \u015ferit, 2,5 cm geni\u015fli\u011finde ve 8 kg y\u00fck ta\u015f\u0131ma kapasitesine sahip geri d\u00f6n\u00fc\u015ft\u00fcr\u00fclm\u00fc\u015f polyesterden yap\u0131lm\u0131\u015ft\u0131r ve kutu g\u00f6vdesinin rengiyle sorunsuz bir \u015fekilde ba\u011flant\u0131l\u0131d\u0131r.<\/li>\n<li>Kutu kapa\u011f\u0131n\u0131n ortas\u0131 bir kakma ile i\u015flenmi\u015ftir.\u00a0<strong>saten manyetik dekoratif \u015ferit<\/strong>ve marka LOGOSU bas\u0131l\u0131r ve preslenir, b\u00f6ylece ambalajdan marka logosuna g\u00f6rsel bir s\u00fcreklilik olu\u015fturulur.<\/li>\n<\/ol>\n<h2 id=\"5-professional-manufacturing-and-fast-delivery\">5. Profesyonel \u00fcretim ve h\u0131zl\u0131 teslimat<\/h2>\n<p>G\u00fcvenmek\u00a0<strong>16 y\u0131ll\u0131k ambalaj \u00fcretim deneyimi<\/strong>Fabrika, tasar\u0131m ve provadan seri \u00fcretime kadar t\u00fcm s\u00fcrecin dijital kontrol\u00fcn\u00fc sa\u011flamak i\u00e7in bir ERP ak\u0131ll\u0131 y\u00f6netim sistemi ile donat\u0131lm\u0131\u015ft\u0131r. Minimum 500 adet sipari\u015fi destekler, g\u00fcnl\u00fck ortalama 1 milyon adet \u00fcretim kapasitesi ve 99,8%'den fazla istikrarl\u0131 bir verim oran\u0131 ile 7 g\u00fcn i\u00e7inde \u00fcretim ve teslimat\u0131 tamamlar.<\/p>\n<h2 id=\"-technical-parameters-\"><strong>Teknik parametreler<\/strong><\/h2>\n<table>\n<thead>\n<tr>\n<th>Proje<\/th>\n<th>Teknik \u00d6zellikler<\/th>\n<\/tr>\n<\/thead>\n<tbody>\n<tr>\n<td>D\u0131\u015f kutu boyutu<\/td>\n<td>\u00d6zelle\u015ftirilebilir<\/td>\n<\/tr>\n<tr>\n<td>Manyetik g\u00fc\u00e7<\/td>\n<td>\u2265800GS<\/td>\n<\/tr>\n<tr>\n<td>\u00c7evre sertifikas\u0131<\/td>\n<td>FSC, RoHS, REACH<\/td>\n<\/tr>\n<tr>\n<td>Teslimat d\u00f6ng\u00fcs\u00fc<\/td>\n<td>7 g\u00fcn (prova onay\u0131 dahil)<\/td>\n<\/tr>\n<\/tbody>\n<\/table>","protected":false},"excerpt":{"rendered":"<p>Manyetik kapatma kutusu tek elle rahat kullan\u0131m sa\u011flar ve a\u00e7ma ve kapama i\u015flemi sessiz ve p\u00fcr\u00fczs\u00fczd\u00fcr. \u00dcst d\u00fczey peruk markalar\u0131, kuaf\u00f6r salonu hediye setleri, s\u0131n\u0131r \u00f6tesi e-ticaret sa\u00e7 uzatma \u00fcr\u00fcnleri ve di\u011fer senaryolar i\u00e7in uygundur ve LOGO s\u0131cak damgalama \/ UV bask\u0131 ve lazer sahtecili\u011fe kar\u015f\u0131 koruma gibi \u00f6zelle\u015ftirilmi\u015f hizmetleri destekler.<\/p>","protected":false},"featured_media":848,"template":"","meta":{"_kad_post_transparent":"default","_kad_post_title":"","_kad_post_layout":"default","_kad_post_sidebar_id":"","_kad_post_content_style":"default","_kad_post_vertical_padding":"default","_kad_post_feature":"","_kad_post_feature_position":"","_kad_post_header":false,"_kad_post_footer":false,"_kad_post_classname":""},"product_brand":[],"product_cat":[15,27,17],"product_tag":[319,320,318],"class_list":{"0":"post-847","1":"product","2":"type-product","3":"status-publish","4":"has-post-thumbnail","6":"product_cat-red-light-therapy","7":"product_cat-red-light-therapy-belt","8":"product_cat-services","9":"product_tag-custom-wig-packaging-boxes-wholesale","10":"product_tag-notable-wig-packaging","11":"product_tag-wig-boxes","13":"first","14":"instock","15":"shipping-taxable","16":"product-type-simple","17":"entry","18":"content-bg","19":"loop-entry"},"_links":{"self":[{"href":"https:\/\/red-lighttherapy.com\/tr\/wp-json\/wp\/v2\/product\/847","targetHints":{"allow":["GET"]}}],"collection":[{"href":"https:\/\/red-lighttherapy.com\/tr\/wp-json\/wp\/v2\/product"}],"about":[{"href":"https:\/\/red-lighttherapy.com\/tr\/wp-json\/wp\/v2\/types\/product"}],"wp:featuredmedia":[{"embeddable":true,"href":"https:\/\/red-lighttherapy.com\/tr\/wp-json\/wp\/v2\/media\/848"}],"wp:attachment":[{"href":"https:\/\/red-lighttherapy.com\/tr\/wp-json\/wp\/v2\/media?parent=847"}],"wp:term":[{"taxonomy":"product_brand","embeddable":true,"href":"https:\/\/red-lighttherapy.com\/tr\/wp-json\/wp\/v2\/product_brand?post=847"},{"taxonomy":"product_cat","embeddable":true,"href":"https:\/\/red-lighttherapy.com\/tr\/wp-json\/wp\/v2\/product_cat?post=847"},{"taxonomy":"product_tag","embeddable":true,"href":"https:\/\/red-lighttherapy.com\/tr\/wp-json\/wp\/v2\/product_tag?post=847"}],"curies":[{"name":"wp","href":"https:\/\/api.w.org\/{rel}","templated":true}]}}