{"id":836,"date":"2025-04-15T03:39:51","date_gmt":"2025-04-15T03:39:51","guid":{"rendered":"https:\/\/red-lighttherapy.com\/?post_type=product&#038;p=836"},"modified":"2025-04-15T04:18:39","modified_gmt":"2025-04-15T04:18:39","slug":"magnetic-closure-scissors-boxes-packaging-solution-with-eva","status":"publish","type":"product","link":"https:\/\/red-lighttherapy.com\/tr\/magnetic-closure-scissors-boxes-packaging-solution-with-eva\/","title":{"rendered":"Eva ile Manyetik Kapakl\u0131 Makas Kutular\u0131 Ambalaj \u00c7\u00f6z\u00fcm\u00fc"},"content":{"rendered":"<h2 id=\"-eva-magnetic-sealing-scissors-box-packaging-solution-\">Eva ile Manyetik Kapakl\u0131 Makas Kutular\u0131 Ambalaj \u00c7\u00f6z\u00fcm\u00fc<\/h2>\n<h2 id=\"1-magnetic-flip-cover-structure-one-hand-operation-ultimate-sealing-\">1.\u00a0<strong>Manyetik kapatma kapak yap\u0131s\u0131: tek elle kullan\u0131m, \u00fcst\u00fcn s\u0131zd\u0131rmazl\u0131k<\/strong><\/h2>\n<p>Manyetik kapatma kapa\u011f\u0131 tasar\u0131m\u0131 benimsenmi\u015ftir. Kapat\u0131ld\u0131\u011f\u0131nda, N52 m\u0131knat\u0131s d\u00fczene\u011fi ve metal levha, tek elle kolayca a\u00e7\u0131l\u0131p kapat\u0131labilen kesintisiz s\u0131zd\u0131rmazl\u0131k sa\u011flamak i\u00e7in tam olarak e\u015fle\u015ftirilir. Manyetik emi\u015f kuvveti 5000 a\u00e7ma ve kapama testiyle do\u011frulanm\u0131\u015ft\u0131r ve end\u00fcstri standard\u0131n\u0131 \u00e7ok a\u015farak hala istikrarl\u0131 emi\u015fi s\u00fcrd\u00fcrmektedir (manyetik g\u00fc\u00e7 14kg\/cm\u00b2'den fazlad\u0131r). Kutu kapa\u011f\u0131n\u0131n kenar\u0131, a\u00e7ma ve kapaman\u0131n p\u00fcr\u00fczs\u00fczl\u00fc\u011f\u00fcn\u00fc art\u0131rmak ve ellerin s\u0131k\u0131\u015fmas\u0131 riskini \u00f6nlemek i\u00e7in bir ark ge\u00e7i\u015f s\u00fcrecini benimser.<\/p>\n<h2 id=\"2-stepped-eva-sponge-lining-precise-shockproof-suitable-for-high-end-scissors-\">2.\u00a0<strong>Kademeli EVA s\u00fcnger astar: hassas darbeye dayan\u0131kl\u0131, \u00fcst d\u00fczey makaslar i\u00e7in uygun<\/strong><\/h2>\n<p>Astar, makas\u0131n konturuna m\u00fckemmel \u015fekilde uymas\u0131 i\u00e7in kademeli kal\u0131p a\u00e7ma i\u015flemiyle hassas bir \u015fekilde kesilen y\u00fcksek yo\u011funluklu EVA malzemeden (\u00e7evre dostu ve m\u00fckemmel darbe direnci) yap\u0131lm\u0131\u015ft\u0131r. \u0130\u00e7 k\u0131s\u0131m \u00fc\u00e7 katmana ayr\u0131lm\u0131\u015ft\u0131r: 360\u00b0 anti-sismik koruma elde etmek i\u00e7in \u00fcst sabit sap, orta tampon b\u0131\u00e7ak ve alt g\u00fc\u00e7lendirilmi\u015f destek ve ta\u015f\u0131ma s\u0131ras\u0131nda bas\u0131n\u00e7 dayan\u0131m\u0131 50 kg'dan fazlad\u0131r.<\/p>\n<h2 id=\"3-golden-section-box-design-balanced-aesthetics-of-visual-and-function-\">3.\u00a0<strong>Alt\u0131n Kesitli Kutu Tasar\u0131m\u0131: G\u00f6rsel ve \u0130\u015flevsel Dengeli Estetik<\/strong><\/h2>\n<p>Ambalaj kutusunun uzunluk, geni\u015flik ve y\u00fckseklik oran\u0131, ana siyah renk ve mat doku ile birlikte 1: 0.618 alt\u0131n kesiti kesinlikle takip ederek \u00fcst d\u00fczey l\u00fcks\u00fc vurgular. Kutu g\u00f6vdesinin kenar\u0131, geometrik esteti\u011fin mant\u0131\u011f\u0131n\u0131 yans\u0131t\u0131rken tutma rahatl\u0131\u011f\u0131n\u0131 art\u0131rmak i\u00e7in 5 mm yuvarlat\u0131lm\u0131\u015f k\u00f6\u015felerle i\u015flenmi\u015ftir. Kutu kapa\u011f\u0131n\u0131n a\u00e7\u0131lma a\u00e7\u0131s\u0131 110\u00b0 olup ergonomiktir ve sergilendi\u011finde zarif bir a\u00e7\u0131lma ve kapanma duru\u015fu sunar.<\/p>\n<h2 id=\"4-customized-surface-technology-in-depth-transmission-of-brand-value-\">4.\u00a0<strong>\u00d6zelle\u015ftirilmi\u015f y\u00fczey teknolojisi: Marka de\u011ferinin derinlemesine aktar\u0131m\u0131<\/strong><\/h2>\n<ul>\n<li><strong>Lazer kaz\u0131ma<\/strong>: Kutu kapa\u011f\u0131n\u0131n orta alan\u0131nda, 0,1 mm hassasiyetle bir marka LOGOSU veya dokusu sunabilen ve metal doku ile mat\u0131n kontrast etkisini destekleyen UV lazer lazer kaz\u0131ma teknolojisi kullan\u0131l\u0131r.<\/li>\n<li><strong>S\u0131cak damgalama i\u015flemi<\/strong>: Yerel s\u0131cak damgalama alt\u0131n\/g\u00fcm\u00fc\u015f, kutu kapa\u011f\u0131n\u0131n kenar\u0131ndaki \u00e7izgi dekorasyonu veya slogan metni gibi g\u00f6rsel d\u00fczeyi art\u0131r\u0131r.<\/li>\n<li><strong>UV kaplama<\/strong>: Y\u00fczey, parmak izi kal\u0131nt\u0131s\u0131n\u0131 \u00f6nlemek i\u00e7in hassas ve a\u015f\u0131nmaya dayan\u0131kl\u0131 mat UV m\u00fcrekkeple kaplanm\u0131\u015ft\u0131r.<\/li>\n<\/ul>\n<h2 id=\"5-efficient-production-and-verification-system-48-hour-ultra-fast-proofing-\">5.\u00a0<strong>Verimli \u00fcretim ve do\u011frulama sistemi: 48 saatlik ultra h\u0131zl\u0131 prova<\/strong><\/h2>\n<p>Ak\u0131ll\u0131 kutu k\u00fct\u00fcphanesine ve otomatik \u00fcretim hatt\u0131na dayanarak, tasar\u0131mdan numuneye kadar t\u00fcm s\u00fcrece h\u0131zl\u0131 yan\u0131t vermeyi destekler:<\/p>\n<ul>\n<li><strong>Yap\u0131sal do\u011frulama<\/strong>: 3D modelleme, katlama animasyonlar\u0131 olu\u015fturur ve a\u00e7ma ve kapama efektlerini ger\u00e7ek zamanl\u0131 olarak sim\u00fcle eder.<\/li>\n<li><strong>Malzeme e\u015fle\u015ftirme<\/strong>: 10 EVA yo\u011funlu\u011fu (20-60kg\/m\u00b3) ve 5 m\u0131knat\u0131s \u00f6zelli\u011fi (\u00e7ap 5-20mm) mevcuttur.<\/li>\n<li><strong>Bask\u0131 provas\u0131<\/strong>: Dijital bask\u0131 + k\u00fc\u00e7\u00fck parti deneme \u00fcretim modunu benimseyerek, s\u00fcre\u00e7 do\u011frulamal\u0131 fiziksel numuneler 48 saat i\u00e7inde teslim edilir.<\/li>\n<\/ul>\n<h2 id=\"-technical-parameters-and-applicable-scenarios-\"><strong>Teknik parametreler ve uygulanabilir senaryolar<\/strong><\/h2>\n<table>\n<thead>\n<tr>\n<th><strong>Proje<\/strong><\/th>\n<th><strong>Teknik \u00d6zellikler<\/strong><\/th>\n<\/tr>\n<\/thead>\n<tbody>\n<tr>\n<td>Malzeme<\/td>\n<td>D\u0131\u015f kutu: 450g siyah karton + EVA astar (kal\u0131nl\u0131k 10mm)<\/td>\n<\/tr>\n<tr>\n<td>M\u0131knat\u0131s konfig\u00fcrasyonu<\/td>\n<td>N52 NdFeB m\u0131knat\u0131s \u00d7 2 (\u00e7ap 12 mm, kal\u0131nl\u0131k 3 mm)<\/td>\n<\/tr>\n<tr>\n<td>Y\u00fczey i\u015flemi<\/td>\n<td>UV mat + s\u0131cak damgalama\/lazer kaz\u0131ma (iste\u011fe ba\u011fl\u0131 kombinasyon)<\/td>\n<\/tr>\n<tr>\n<td>Uygulanabilir makas boyutu<\/td>\n<td>Uzunluk 150-250mm (\u00f6zelle\u015ftirilmi\u015f \u0131zgara kaplamay\u0131 destekler)<\/td>\n<\/tr>\n<tr>\n<td>Koruma seviyesi<\/td>\n<td>D\u00fc\u015fmeyi \u00f6nleyici y\u00fckseklik 1,5 m, deformasyon olmadan 50 kg y\u00fck ta\u015f\u0131ma<\/td>\n<\/tr>\n<\/tbody>\n<\/table>\n<p><strong>Uygulanabilir alanlar<\/strong>: \u00fcst d\u00fczey ev makaslar\u0131, profesyonel kuaf\u00f6r aletleri, t\u0131bbi cerrahi aletler ve di\u011fer hassas alet ambalajlar\u0131.<\/p>\n<h2 id=\"-value-proposition-\"><strong>De\u011fer \u00f6nerisi<\/strong><\/h2>\n<ul>\n<li><strong>Marka premium<\/strong>: Siyah minimalist tasar\u0131m, manyetik etkile\u015fimle e\u015fle\u015ftirilerek \"kutuyu a\u00e7mak bir t\u00f6ren duygusudur\" gibi \u00fcst d\u00fczey bir deneyim yarat\u0131r.<\/li>\n<li><strong>Maliyet optimizasyonu<\/strong>: Entegre EVA astar kal\u0131plama i\u015flemi montaj ad\u0131mlar\u0131n\u0131 azalt\u0131r ve seri \u00fcretim maliyeti geleneksel k\u00f6p\u00fck \u00e7\u00f6z\u00fcm\u00fcnden 15% daha d\u00fc\u015f\u00fckt\u00fcr.<\/li>\n<li><strong>\u00c7evre koruma taahh\u00fcd\u00fc<\/strong>: EVA malzemeleri geri d\u00f6n\u00fc\u015ft\u00fcr\u00fclebilir ve par\u00e7alanabilir ve AB RoHS standartlar\u0131na uygundur.<\/li>\n<\/ul>","protected":false},"excerpt":{"rendered":"<p>Herhangi bir bo\u015fluk olmadan s\u0131k\u0131ca kapat\u0131lan ve tek elle kolayca \u00e7al\u0131\u015ft\u0131r\u0131labilen manyetik kapatma yap\u0131s\u0131 kullan\u0131l\u0131r. \u0130\u00e7 kademeli s\u00fcnger astar, makasl\u0131 ambalaj \u00fcr\u00fcnlerinin darbeye dayan\u0131kl\u0131l\u0131k gereksinimlerini kar\u015f\u0131lamak i\u00e7in hassas bir \u015fekilde kal\u0131planm\u0131\u015ft\u0131r.<\/p>","protected":false},"featured_media":837,"template":"","meta":{"_kad_post_transparent":"default","_kad_post_title":"","_kad_post_layout":"default","_kad_post_sidebar_id":"","_kad_post_content_style":"default","_kad_post_vertical_padding":"default","_kad_post_feature":"","_kad_post_feature_position":"","_kad_post_header":false,"_kad_post_footer":false,"_kad_post_classname":""},"product_brand":[],"product_cat":[15,17],"product_tag":[315,316,317],"class_list":{"0":"post-836","1":"product","2":"type-product","3":"status-publish","4":"has-post-thumbnail","6":"product_cat-red-light-therapy","7":"product_cat-services","8":"product_tag-magnetic-closure-boxes-for-scissors","9":"product_tag-scissors-boxes-packaging-solution","10":"product_tag-scissors-packaging-with-eva","12":"first","13":"instock","14":"shipping-taxable","15":"product-type-simple","16":"entry","17":"content-bg","18":"loop-entry"},"_links":{"self":[{"href":"https:\/\/red-lighttherapy.com\/tr\/wp-json\/wp\/v2\/product\/836","targetHints":{"allow":["GET"]}}],"collection":[{"href":"https:\/\/red-lighttherapy.com\/tr\/wp-json\/wp\/v2\/product"}],"about":[{"href":"https:\/\/red-lighttherapy.com\/tr\/wp-json\/wp\/v2\/types\/product"}],"wp:featuredmedia":[{"embeddable":true,"href":"https:\/\/red-lighttherapy.com\/tr\/wp-json\/wp\/v2\/media\/837"}],"wp:attachment":[{"href":"https:\/\/red-lighttherapy.com\/tr\/wp-json\/wp\/v2\/media?parent=836"}],"wp:term":[{"taxonomy":"product_brand","embeddable":true,"href":"https:\/\/red-lighttherapy.com\/tr\/wp-json\/wp\/v2\/product_brand?post=836"},{"taxonomy":"product_cat","embeddable":true,"href":"https:\/\/red-lighttherapy.com\/tr\/wp-json\/wp\/v2\/product_cat?post=836"},{"taxonomy":"product_tag","embeddable":true,"href":"https:\/\/red-lighttherapy.com\/tr\/wp-json\/wp\/v2\/product_tag?post=836"}],"curies":[{"name":"wp","href":"https:\/\/api.w.org\/{rel}","templated":true}]}}