{"id":830,"date":"2025-04-15T03:26:39","date_gmt":"2025-04-15T03:26:39","guid":{"rendered":"https:\/\/red-lighttherapy.com\/?post_type=product&#038;p=830"},"modified":"2025-04-15T03:39:42","modified_gmt":"2025-04-15T03:39:42","slug":"maker-holographic-paper-lid-lift-off-box-for-candle-perfume","status":"publish","type":"product","link":"https:\/\/red-lighttherapy.com\/tr\/maker-holographic-paper-lid-lift-off-box-for-candle-perfume\/","title":{"rendered":"Mum Parf\u00fcm i\u00e7in Maker Holografik Ka\u011f\u0131t Kapakl\u0131 A\u00e7\u0131l\u0131r Kutu"},"content":{"rendered":"<h2 id=\"-maker-candle-perfume-holographic-paper-lid-box-product-description-\"><strong>Maker Mum Parf\u00fcm Holografik Ka\u011f\u0131t Kapak ve Taban Kutusu \u00dcr\u00fcn A\u00e7\u0131klamas\u0131<\/strong><\/h2>\n<h2 id=\"-1-classic-top-and-bottom-lid-box-design-both-stable-and-aesthetic-\"><strong>1. Klasik \u00fcst ve alt kapakl\u0131 kutu tasar\u0131m\u0131, hem sa\u011flam hem de estetik<\/strong><\/h2>\n<p>Klasik \u00fcst ve alt kapak yap\u0131s\u0131n\u0131 benimseyen kutunun kapa\u011f\u0131 ve alt k\u0131sm\u0131, milimetre d\u00fczeyinde hassas uyum sa\u011flamak i\u00e7in hassas kal\u0131plarla olu\u015fturulmu\u015ftur. Kutu g\u00f6vdesi \u00e7ift katmanl\u0131 koruma konseptini birle\u015ftirir ve i\u00e7indeki \u00f6zelle\u015ftirilmi\u015f oluk mumu s\u0131k\u0131ca sarar. Anti-sismik ve anti-s\u0131k\u0131\u015ft\u0131rma performans\u0131 s\u0131radan s\u00fcnger malzemelerden daha iyidir ve uzun mesafeli nakliye s\u0131ras\u0131nda s\u0131f\u0131r hasar sa\u011flar. Kutu a\u011fz\u0131, a\u00e7\u0131lmas\u0131 ve kapanmas\u0131 p\u00fcr\u00fczs\u00fcz olan ve g\u00fc\u00e7l\u00fc s\u0131zd\u0131rmazl\u0131\u011fa sahip, nakliye s\u0131ras\u0131nda kazara a\u00e7\u0131lmay\u0131 etkili bir \u015fekilde \u00f6nleyen ve kutudan \u00e7\u0131karma t\u00f6reni hissi veren manyetik bir toka veya \u00e7\u0131t\u00e7\u0131tl\u0131 toka tasar\u0131m\u0131n\u0131 benimser.<\/p>\n<h2 id=\"-2-humanized-interactive-experience-efficient-adaptation-to-retail-scenarios-\"><strong>2. \u0130nsanc\u0131lla\u015ft\u0131r\u0131lm\u0131\u015f interaktif deneyim, perakende senaryolar\u0131na etkin adaptasyon<\/strong><\/h2>\n<p>Tek bir el dokunu\u015fuyla a\u00e7\u0131labilen kullan\u0131\u015fl\u0131 tasar\u0131m, perakende senaryolar\u0131nda t\u00fcketicilerin \u00fcr\u00fcnleri h\u0131zl\u0131 bir \u015fekilde g\u00f6r\u00fcnt\u00fcleme ihtiya\u00e7lar\u0131n\u0131 kar\u015f\u0131lamak i\u00e7in karma\u015f\u0131k ad\u0131mlar gerektirmez. Kutu g\u00f6vdesi sert hatlara sahiptir ve y\u00fcksek mukavemetli \u00e7evre dostu karton ve bambu elyaf katman\u0131ndan olu\u015fan kompozit bir s\u00fcre\u00e7 benimser. Sergilenirken deforme olmas\u0131 kolay de\u011fildir ve raflar, hediye kutusu setleri ve sanat sergileri gibi birden fazla senaryo i\u00e7in uygundur. Astar, i\u015flevselli\u011fi ve pratikli\u011fi art\u0131rmak i\u00e7in parf\u00fcmleri, aksesuarlar\u0131 veya talimatlar\u0131 esnek bir \u015fekilde bar\u0131nd\u0131rabilen b\u00f6lme tasar\u0131m\u0131n\u0131 destekler.<\/p>\n<h2 id=\"-3-environmentally-friendly-materials-and-holographic-vision-create-advanced-sensory-memory-\"><strong>3. \u00c7evre dostu malzemeler ve holografik g\u00f6r\u00fc\u015f, geli\u015fmi\u015f duyusal haf\u0131za yarat\u0131r<\/strong><\/h2>\n<p>Kutu g\u00f6vdesinde 183g Holografik \u00e7evre dostu holografik ka\u011f\u0131t kullan\u0131lm\u0131\u015f olup, par\u00e7alanabilir laminasyon i\u015flemiyle birlikte ipeksi dokunu\u015f ve lazer fantezi renk efekti ikili bir g\u00f6rsel ve dokunsal haf\u0131za noktas\u0131 olu\u015fturmaktad\u0131r. G\u00fcm\u00fc\u015f taban, teknoloji ve gelecek duygusunun temelini olu\u015ftururken lazer atlama rengi, dinamik \u0131\u015f\u0131k ve g\u00f6lge de\u011fi\u015fimleriyle canl\u0131l\u0131k katarak kad\u0131nlar\u0131n ve gen\u00e7 m\u00fc\u015fterilerin duygusal rezonans\u0131na do\u011fru bir \u015fekilde ula\u015f\u0131r. Laminasyon i\u015flemi, parlakl\u0131\u011f\u0131n sergilendi\u011finde uzun \u00f6m\u00fcrl\u00fc ve yeni olmas\u0131n\u0131 sa\u011flamak i\u00e7in hem kirlenme \u00f6nleyici hem de a\u015f\u0131nmaya dayan\u0131kl\u0131 \u00f6zelliklere sahiptir.<\/p>\n<h2 id=\"-4-customized-accessories-empower-brand-premium-\"><strong>4. \u00d6zelle\u015ftirilmi\u015f aksesuarlar marka primini g\u00fc\u00e7lendirir<\/strong><\/h2>\n<p>Tatil hediye kutular\u0131, s\u0131n\u0131rl\u0131 say\u0131da \u00fcretilen \u00fcr\u00fcnler ve ortak markal\u0131 modeller gibi y\u00fcksek katma de\u011ferli \u00fcr\u00fcnler i\u00e7in uygun olan manyetik tokalar, kurdeleler ve s\u0131cak damgalama logolar\u0131 gibi aksesuarlar\u0131n kurulumunu destekler. Astar, flok veya geri d\u00f6n\u00fc\u015ft\u00fcr\u00fclebilir EVA malzemeye y\u00fckseltilebilir ve b\u00f6lme tasar\u0131m\u0131, \"koku setleri\" ve \"sezonluk s\u0131n\u0131rl\u0131\" gibi pazarlama senaryolar\u0131n\u0131 kar\u015f\u0131lamak i\u00e7in \u00e7e\u015fitli kokular\u0131 bar\u0131nd\u0131rabilir. Ambalaj kutusunun yan taraf\u0131na bir koku penceresi tasar\u0131m\u0131 yerle\u015ftirilebilir, b\u00f6ylece t\u00fcketiciler ambalaj\u0131 a\u00e7madan \u00f6nce koku seviyesini koklayabilir ve s\u00fcr\u00fckleyici deneyimi geli\u015ftirebilir.<\/p>\n<h2 id=\"-5-strengthening-sustainable-concept-and-brand-recognition-\"><strong>5. S\u00fcrd\u00fcr\u00fclebilir konseptin ve marka bilinirli\u011finin g\u00fc\u00e7lendirilmesi<\/strong><\/h2>\n<p>T\u00fcm s\u00fcre\u00e7 \u00e7evre dostu teknolojiyi benimser ve bambu elyaf tabakas\u0131 ve par\u00e7alanabilir kaplama malzemeleri, hem estetik hem de s\u00fcrd\u00fcr\u00fclebilir kavramlar\u0131 dikkate alarak FSC sertifikasyon standartlar\u0131n\u0131 kar\u015f\u0131lar. Markan\u0131n \u00f6zel renk sistemiyle birle\u015fen lazer efekti g\u00fc\u00e7l\u00fc bir g\u00f6rsel tan\u0131ma olu\u015fturuyor ve sosyal medya ileti\u015fiminde \"lazer spot\" konu \u00f6zelli\u011fine sahip olarak markan\u0131n \u00e7emberi k\u0131rmas\u0131na yard\u0131mc\u0131 oluyor. Ambalaj kutusu, kullan\u0131m \u00f6mr\u00fcn\u00fc uzatmak ve \u00e7evre koruma imaj\u0131n\u0131 derinle\u015ftirmek i\u00e7in ev depolama veya sanat s\u00fcslerine d\u00f6n\u00fc\u015ft\u00fcr\u00fclebilir.<\/p>\n<h2 id=\"-application-scenario-example-\"><strong>6. Uygulama senaryosu \u00f6rne\u011fi<\/strong><\/h2>\n<ul>\n<li><strong>Perakende te\u015fhir<\/strong>: Sert kutu tipi s\u00fcpermarket raflar\u0131 ve g\u00fczellik koleksiyonu ma\u011fazalar\u0131 i\u00e7in uygundur ve lazer parlakl\u0131\u011f\u0131 dikkat \u00e7eker.<\/li>\n<li><strong>Hediye seti<\/strong>: Tatil hediyesi verme t\u00f6reni hissi yaratmak i\u00e7in kurdeleler ve alt\u0131n damgal\u0131 tebrik kartlar\u0131 ekleyin.<\/li>\n<li><strong>Marka ortak markala\u015fmas\u0131<\/strong>: B\u00f6lme astar\u0131 ve manyetik toka tasar\u0131m\u0131 sayesinde, premium alan\u0131 art\u0131rmak i\u00e7in \u00e7ok markal\u0131 \u00fcr\u00fcnleri entegre edin.<\/li>\n<\/ul>\n<h2 id=\"-technical-parameters-\"><strong>7. Teknik Parametreler<\/strong><\/h2>\n<ul>\n<li>Malzeme: 183g Holografik ka\u011f\u0131t + bambu fiber kompozit katman<\/li>\n<li>S\u00fcre\u00e7: d\u00fc\u015f\u00fck s\u0131cakl\u0131kta soya balmumu laminasyonu, lazer hassas kal\u0131p kesimi<\/li>\n<li>Boyut: \u00f6zelle\u015ftirmeyi destekler (standart versiyon 8 cm \u00e7apl\u0131 mumlar i\u00e7in uygundur)<\/li>\n<li>\u00c7evre sertifikas\u0131: FSC, par\u00e7alanabilir etiket<\/li>\n<\/ul>","protected":false},"excerpt":{"rendered":"<p>Maker holografik kapak ve taban kutusu \"f\u00fct\u00fcristik rit\u00fceli\" temel al\u0131yor. Teknolojik g\u00fcm\u00fc\u015f ve lazer renginin \u00e7arp\u0131\u015fmas\u0131yla, rasyonel estetik ve duygusal deneyimi dengeliyor ve markan\u0131n de\u011ferlerini aktarmas\u0131 i\u00e7in sessiz bir ara\u00e7 haline geliyor.<\/p>","protected":false},"featured_media":832,"template":"","meta":{"_kad_post_transparent":"default","_kad_post_title":"","_kad_post_layout":"default","_kad_post_sidebar_id":"","_kad_post_content_style":"default","_kad_post_vertical_padding":"default","_kad_post_feature":"","_kad_post_feature_position":"","_kad_post_header":false,"_kad_post_footer":false,"_kad_post_classname":""},"product_brand":[],"product_cat":[15,19,17],"product_tag":[312,313,314],"class_list":{"0":"post-830","1":"product","2":"type-product","3":"status-publish","4":"has-post-thumbnail","6":"product_cat-red-light-therapy","7":"product_cat-red-light-therapy-stand","8":"product_cat-services","9":"product_tag-holographic-paper-candle-box","10":"product_tag-lid-lift-off-box-for-perfume","11":"product_tag-maker-box-for-candle-perfume","13":"first","14":"instock","15":"shipping-taxable","16":"product-type-simple","17":"entry","18":"content-bg","19":"loop-entry"},"_links":{"self":[{"href":"https:\/\/red-lighttherapy.com\/tr\/wp-json\/wp\/v2\/product\/830","targetHints":{"allow":["GET"]}}],"collection":[{"href":"https:\/\/red-lighttherapy.com\/tr\/wp-json\/wp\/v2\/product"}],"about":[{"href":"https:\/\/red-lighttherapy.com\/tr\/wp-json\/wp\/v2\/types\/product"}],"wp:featuredmedia":[{"embeddable":true,"href":"https:\/\/red-lighttherapy.com\/tr\/wp-json\/wp\/v2\/media\/832"}],"wp:attachment":[{"href":"https:\/\/red-lighttherapy.com\/tr\/wp-json\/wp\/v2\/media?parent=830"}],"wp:term":[{"taxonomy":"product_brand","embeddable":true,"href":"https:\/\/red-lighttherapy.com\/tr\/wp-json\/wp\/v2\/product_brand?post=830"},{"taxonomy":"product_cat","embeddable":true,"href":"https:\/\/red-lighttherapy.com\/tr\/wp-json\/wp\/v2\/product_cat?post=830"},{"taxonomy":"product_tag","embeddable":true,"href":"https:\/\/red-lighttherapy.com\/tr\/wp-json\/wp\/v2\/product_tag?post=830"}],"curies":[{"name":"wp","href":"https:\/\/api.w.org\/{rel}","templated":true}]}}