{"id":824,"date":"2025-04-15T03:12:20","date_gmt":"2025-04-15T03:12:20","guid":{"rendered":"https:\/\/red-lighttherapy.com\/?post_type=product&#038;p=824"},"modified":"2025-04-15T03:26:31","modified_gmt":"2025-04-15T03:26:31","slug":"custom-luxury-sliding-drawer-wigs-packaging-boxes-bulk","status":"publish","type":"product","link":"https:\/\/red-lighttherapy.com\/tr\/custom-luxury-sliding-drawer-wigs-packaging-boxes-bulk\/","title":{"rendered":"\u00d6zel L\u00fcks S\u00fcrg\u00fcl\u00fc \u00c7ekmece Peruk Ambalaj Kutular\u0131 Toplu"},"content":{"rendered":"<h2 id=\"customized-luxury-sliding-drawer-style-wig-packaging-box-product-description\">\u00d6zel L\u00fcks S\u00fcrg\u00fcl\u00fc \u00c7ekmece Peruk Ambalaj Kutular\u0131 Toplu \u00dcr\u00fcn A\u00e7\u0131klamas\u0131<\/h2>\n<h2><strong>1. Yenilik\u00e7i s<\/strong>s\u00fcrg\u00fcl\u00fc \u00e7ekmece <strong>a\u00e7\u0131l\u0131\u015f tasar\u0131m\u0131<\/strong><\/h2>\n<p>Hassas bir kayar ray yap\u0131s\u0131n\u0131 benimseyerek, tek bir itme ile sorunsuz bir \u015fekilde a\u00e7\u0131p kapatabilirsiniz.\u00a0<strong>rit\u00fcel duygusu ve rahatl\u0131k<\/strong>. \u00c7ekmece tarz\u0131 tasar\u0131m, \u00fcst d\u00fczey peruk kutular\u0131ndan esinlenmi\u015ftir. \u0130\u00e7 ray, s\u0131k\u0131\u015fma olmadan sorunsuz \u00e7al\u0131\u015fmay\u0131 sa\u011flamak i\u00e7in tekrar tekrar test edilmi\u015f ve optimize edilmi\u015ftir. Ayn\u0131 zamanda, kazara kaymay\u0131 \u00f6nlemek i\u00e7in kapanma stabilitesini sa\u011flamak i\u00e7in manyetik toka kullan\u0131l\u0131r.<\/p>\n<h2 id=\"-2-scientific-lining-support-system-\"><strong>2. Bilimsel astar destek sistemi<\/strong><\/h2>\n<p>Astar, y\u00fcksek yo\u011funluklu EVA s\u00fcnger ve flok kuma\u015ftan olu\u015fan kompozit bir malzemeden yap\u0131lm\u0131\u015ft\u0131r. \u0130\u00e7inden\u00a0<strong>Peruk \u015feklini sim\u00fcle etmek i\u00e7in 3D modelleme<\/strong>\u00f6zelle\u015ftirilmi\u015f b\u00f6lme tasar\u0131m\u0131 sa\u011flanmaktad\u0131r:<\/p>\n<ul>\n<li><strong>\u0130stikrar<\/strong>: Peruk boyutuna g\u00f6re hassas bir \u015fekilde yerle\u015ftirin, sa\u00e7 par\u00e7as\u0131n\u0131n e\u011frili\u011fine uyun ve nakliye s\u0131ras\u0131nda sallanmay\u0131 ve a\u015f\u0131nmay\u0131 \u00f6nleyin;<\/li>\n<li><strong>Koruyucu<\/strong>: Floklama y\u00fczeyi statik adsorpsiyonu azalt\u0131r ve peru\u011fun hizmet \u00f6mr\u00fcn\u00fc uzat\u0131r.<\/li>\n<\/ul>\n<h2 id=\"-three-laser-precision-and-detail-processing-\"><strong>3. Lazer hassasiyeti ve detay i\u015fleme<\/strong><\/h2>\n<ul>\n<li><strong>S\u0131f\u0131r hatal\u0131 kesim<\/strong>: Alman TRUMPF lazer ekipman\u0131 kullan\u0131larak, kutu g\u00f6vdesinin sorunsuz bir \u015fekilde yerle\u015ftirilmesini sa\u011flamak i\u00e7in hata \u00b1 0,1 mm i\u00e7inde kontrol edilir;<\/li>\n<li><strong>\u0130nsanc\u0131lla\u015ft\u0131r\u0131lm\u0131\u015f dokunu\u015f<\/strong>: Kenar R a\u00e7\u0131l\u0131 ta\u015flama i\u015flemi ile i\u015flenir, dokunu\u015fu hassas ve \u00e7apaks\u0131zd\u0131r ve ergonomik kavrama deneyimine uygundur.<\/li>\n<\/ul>\n<h2 id=\"-four-soothing-visual-aesthetic-design-\"><strong>4. Yat\u0131\u015ft\u0131r\u0131c\u0131 g\u00f6rsel estetik tasar\u0131m<\/strong><\/h2>\n<ul>\n<li><strong>Ana renk<\/strong>: Ye\u015file dayal\u0131, mat UV kaplama i\u015flemi kullan\u0131l\u0131r ve d\u00fc\u015f\u00fck doygunluk rengi, \u00fcst d\u00fczey peruk markalar\u0131n\u0131n tonalitesine uyan g\u00f6rsel bask\u0131y\u0131 azaltabilir;<\/li>\n<li><strong>Dekoratif \u00f6\u011feler<\/strong>: Siyah saten kurdele ile, kutu a\u00e7ma t\u00f6reni hissini artt\u0131rmak i\u00e7in \u00f6nceden ayarlanm\u0131\u015f k\u0131lavuz oluklar arac\u0131l\u0131\u011f\u0131yla do\u011fru kutu a\u00e7ma konumland\u0131rmas\u0131 elde edilir.<\/li>\n<\/ul>\n<h2 id=\"-v-multi-dimensional-free-customization-solution-\"><strong>5. \u00c7ok boyutlu \u00fccretsiz \u00f6zelle\u015ftirme \u00e7\u00f6z\u00fcm\u00fc<\/strong><\/h2>\n<p>Esnek kombinasyonu destekler\u00a0<strong>boyut, yap\u0131 ve i\u015flev<\/strong>\u00a0mod\u00fcller:<\/p>\n<ol>\n<li><strong>Boyut adaptasyonu<\/strong>: 15-60cm uzunlu\u011funda, 3-15cm y\u00fcksekli\u011finde, k\u0131sa sa\u00e7 par\u00e7alar\u0131ndan tam ba\u015f \u00f6rt\u00fclerine kadar uyumludur;<\/li>\n<li><strong>\u0130\u015flev geni\u015fletme<\/strong>: \u0130ste\u011fe ba\u011fl\u0131 nem ge\u00e7irmez kart yuvalar\u0131, LED ayna katman\u0131, marka kart yuvas\u0131 vb;<\/li>\n<li><strong>Yap\u0131sal iyile\u015ftirme<\/strong>: \u00dcst ve alt kapaklar, \u00e7ift kap\u0131lar ve katlan\u0131r stiller gibi t\u00fcrev formlar sa\u011flar.<\/li>\n<\/ol>\n<h2 id=\"-sixth-flexible-supply-chain-service-\"><strong>6. Esnek tedarik zinciri hizmeti<\/strong><\/h2>\n<ul>\n<li><strong>H\u0131zl\u0131 yan\u0131t<\/strong>: 72 saat i\u00e7inde provay\u0131 tamamlay\u0131n, 3D renderlar\u0131n ve fiziksel nesnelerin e\u015fzamanl\u0131 onay\u0131n\u0131 destekleyin;<\/li>\n<li><strong>Esnek minimum sipari\u015f<\/strong>: 500 adet seri \u00fcretim i\u00e7in, stok bask\u0131s\u0131n\u0131 azaltmak i\u00e7in tek bir partide 10 spesifikasyon kar\u0131\u015ft\u0131r\u0131labilir;<\/li>\n<li><strong>Katma de\u011ferli hizmet<\/strong>: \u00dccretsiz marka VI f\u00fczyon tasar\u0131m\u0131, s\u0131n\u0131r \u00f6tesi lojistik \u00e7\u00f6z\u00fcmleri ve sat\u0131\u015f sonras\u0131 garanti.<\/li>\n<\/ul>\n<h2 id=\"-vii-environmental-protection-and-quality-commitment-\"><strong>7. \u00c7evre koruma ve kalite taahh\u00fcd\u00fc<\/strong><\/h2>\n<ul>\n<li><strong>Malzeme sertifikas\u0131<\/strong>: Kutu g\u00f6vdesi FSC sertifikal\u0131 beyaz karton ve su bazl\u0131 \u00e7evre dostu yap\u0131\u015ft\u0131r\u0131c\u0131 kullan\u0131r ve SGS a\u011f\u0131r metal testinden ge\u00e7mi\u015ftir;<\/li>\n<li><strong>Verimlilik garantisi<\/strong>: Kendine ait fabrika, g\u00fcnl\u00fck ortalama 10.000.000 par\u00e7an\u0131n \u00fczerinde \u00fcretim kapasitesine sahip tam otomatik kal\u0131p kesme makineleri ve ofset bask\u0131 \u00fcretim hatlar\u0131 ile donat\u0131lm\u0131\u015ft\u0131r.<\/li>\n<\/ul>","protected":false},"excerpt":{"rendered":"<p>Ka\u011f\u0131t \u00e7ekmeceli kutu a\u00e7ma tasar\u0131m\u0131, tek elle sorunsuz \u00e7al\u0131\u015fmaya olanak tan\u0131yarak t\u00f6ren duygusunu rahatl\u0131kla birle\u015ftirir. Astar, sallanmay\u0131 ve a\u015f\u0131nmay\u0131 \u00f6nlemek i\u00e7in farkl\u0131 boyutlardaki peruklar\u0131 dengeli bir \u015fekilde destekleyecek \u015fekilde hassas bir \u015fekilde hesaplanm\u0131\u015ft\u0131r.<\/p>","protected":false},"featured_media":825,"template":"","meta":{"_kad_post_transparent":"default","_kad_post_title":"","_kad_post_layout":"default","_kad_post_sidebar_id":"","_kad_post_content_style":"default","_kad_post_vertical_padding":"default","_kad_post_feature":"","_kad_post_feature_position":"","_kad_post_header":false,"_kad_post_footer":false,"_kad_post_classname":""},"product_brand":[],"product_cat":[15,20,17],"product_tag":[311,309,310],"class_list":{"0":"post-824","1":"product","2":"type-product","3":"status-publish","4":"has-post-thumbnail","6":"product_cat-red-light-therapy","7":"product_cat-led-face-light-therapy","8":"product_cat-services","9":"product_tag-bulk-wigs-boxes","10":"product_tag-custom-wigs-packaging-boxes","11":"product_tag-luxury-sliding-wigs-boxes","13":"first","14":"instock","15":"shipping-taxable","16":"product-type-simple","17":"entry","18":"content-bg","19":"loop-entry"},"_links":{"self":[{"href":"https:\/\/red-lighttherapy.com\/tr\/wp-json\/wp\/v2\/product\/824","targetHints":{"allow":["GET"]}}],"collection":[{"href":"https:\/\/red-lighttherapy.com\/tr\/wp-json\/wp\/v2\/product"}],"about":[{"href":"https:\/\/red-lighttherapy.com\/tr\/wp-json\/wp\/v2\/types\/product"}],"wp:featuredmedia":[{"embeddable":true,"href":"https:\/\/red-lighttherapy.com\/tr\/wp-json\/wp\/v2\/media\/825"}],"wp:attachment":[{"href":"https:\/\/red-lighttherapy.com\/tr\/wp-json\/wp\/v2\/media?parent=824"}],"wp:term":[{"taxonomy":"product_brand","embeddable":true,"href":"https:\/\/red-lighttherapy.com\/tr\/wp-json\/wp\/v2\/product_brand?post=824"},{"taxonomy":"product_cat","embeddable":true,"href":"https:\/\/red-lighttherapy.com\/tr\/wp-json\/wp\/v2\/product_cat?post=824"},{"taxonomy":"product_tag","embeddable":true,"href":"https:\/\/red-lighttherapy.com\/tr\/wp-json\/wp\/v2\/product_tag?post=824"}],"curies":[{"name":"wp","href":"https:\/\/api.w.org\/{rel}","templated":true}]}}