{"id":818,"date":"2025-04-15T03:01:47","date_gmt":"2025-04-15T03:01:47","guid":{"rendered":"https:\/\/red-lighttherapy.com\/?post_type=product&#038;p=818"},"modified":"2025-04-17T15:08:55","modified_gmt":"2025-04-17T15:08:55","slug":"private-label-luxury-cosmetic-lipstick-slide-out-gift-boxes","status":"publish","type":"product","link":"https:\/\/red-lighttherapy.com\/tr\/private-label-luxury-cosmetic-lipstick-slide-out-gift-boxes\/","title":{"rendered":"Private Label L\u00fcks Kozmetik Ruj Kayd\u0131rmal\u0131 Hediye Kutular\u0131"},"content":{"rendered":"<h2 id=\"private-label-luxury-cosmetic-lipstick-slide-out-gift-boxes-product-description\">Private Label L\u00fcks Kozmetik Ruj Kayd\u0131rmal\u0131 Hediye Kutular\u0131 \u00dcr\u00fcn A\u00e7\u0131klamas\u0131<\/h2>\n<h2 id=\"-1-window-perspective-design-jewelry-is-directly-visible-\"><strong>1. Pencere perspektif tasar\u0131m\u0131, m\u00fccevherler do\u011frudan g\u00f6r\u00fclebilir<\/strong><\/h2>\n<p>Hediye kutusunun \u00fcst k\u0131sm\u0131\u00a0<strong>\u00f6zel \u015fekilli pencere tasar\u0131m\u0131<\/strong>\u00a0Kutuyu a\u00e7madan i\u00e7indeki m\u00fccevher ve rujun zarif ayr\u0131nt\u0131lar\u0131n\u0131 net bir \u015fekilde g\u00f6sterebilen y\u00fcksek \u015feffafl\u0131kta akrilik malzeme ile. Pencerenin kenar\u0131 a\u015fa\u011f\u0131dakilerle i\u015flenmi\u015ftir\u00a0<strong>lazer hassas kesi\u0307m teknoloji\u0307si\u0307<\/strong>\u00a0Kutu g\u00f6vdesine sorunsuz bir \u015fekilde ba\u011flanan bu \u00fcr\u00fcn, yaln\u0131zca \u00fcr\u00fcn te\u015fhirinin \u00f6zg\u00fcnl\u00fc\u011f\u00fcn\u00fc art\u0131rmakla kalmaz, ayn\u0131 zamanda geleneksel kapakl\u0131 kutular\u0131n tekrar tekrar a\u00e7\u0131l\u0131p kapanmas\u0131ndan kaynaklanan a\u015f\u0131nma ve y\u0131pranmay\u0131 da \u00f6nler.<\/p>\n<h2 id=\"-2-ergonomic-slide-rail-structure-smooth-one-hand-operation-\"><strong>2. Ergonomik kayar ray yap\u0131s\u0131, tek elle sorunsuz \u00e7al\u0131\u015fma<\/strong><\/h2>\n<p>Yenilik\u00e7i\u00a0<strong>\u00fc\u00e7 a\u015famal\u0131 \u00e7ekilebilir ray<\/strong>\u00a0kullanarak\u00a0<strong>naylon kayar ray + metal k\u0131lavuz oluk<\/strong>\u00a0kombinasyonu, tek elle itme i\u00e7 kutuyu sorunsuz bir \u015fekilde d\u0131\u015far\u0131 kayd\u0131rabilir ve diren\u00e7 katsay\u0131s\u0131 0,3N i\u00e7inde kontrol edilir. Kutu g\u00f6vdesi sadece 15 mm kal\u0131nl\u0131\u011f\u0131ndad\u0131r ve geleneksel \u00e7evirmeli kutulara k\u0131yasla 40% alan tasarrufu sa\u011flar, tuvalet masalar\u0131 ve el \u00e7antalar\u0131 gibi kompakt sahneler i\u00e7in uygundur.<\/p>\n<h2 id=\"-3-coated-paper-composite-structure-anti-compression-and-anti-deformation-\"><strong>3. Kaplamal\u0131 ka\u011f\u0131t kompozit yap\u0131, anti-s\u0131k\u0131\u015ft\u0131rma ve anti-deformasyon<\/strong><\/h2>\n<p>Kutu g\u00f6vdesi \u015funlar\u0131 benimser\u00a0<strong>350g ku\u015fe ka\u011f\u0131t + 1,5 mm gri karton<\/strong>\u00a0kompozit s\u00fcre\u00e7 ve taraf\u0131ndan i\u015flenir\u00a0<strong>10.000 tonluk hidrolik \u015fekillendirme<\/strong>. \u0130stifleme y\u00fck ta\u015f\u0131ma kapasitesi deformasyon olmadan 50kg\/\u33a1'ye ula\u015f\u0131r. Astar, bal pete\u011fi destek iskeleti ile tasarlanm\u0131\u015ft\u0131r.\u00a0<strong>BIFMA X5 s\u0131k\u0131\u015ft\u0131rma sertifikas\u0131<\/strong>\u00a0ve nakliye s\u0131ras\u0131nda ekstr\u00fczyon darbesinin 90%'sine dayanabilir.<\/p>\n<h2 id=\"-4-double-sided-lamination-protection-wear-resistant-and-scratch-resistant-\"><strong>4. \u00c7ift tarafl\u0131 laminasyon korumas\u0131, a\u015f\u0131nmaya ve \u00e7izilmeye kar\u015f\u0131 dayan\u0131kl\u0131<\/strong><\/h2>\n<p>D\u0131\u015f katman a\u015fa\u011f\u0131dakilerle kapl\u0131d\u0131r\u00a0<strong>0,15 mm mat PET film<\/strong>ve y\u00fczey sertli\u011fi 3H seviyesine (kalem sertli\u011fi testi) ula\u015f\u0131r, bu da m\u00fccevher kenarlar\u0131ndan kaynaklanan \u00e7izilmelere kar\u015f\u0131 koyabilir. \u0130\u00e7 katman a\u015fa\u011f\u0131dakilerle kapl\u0131d\u0131r\u00a0<strong>g\u0131da s\u0131n\u0131f\u0131 PE film<\/strong>Ruj macununun kontaminasyon riski ta\u015f\u0131mad\u0131\u011f\u0131ndan emin olmak i\u00e7in ISO 10993 biyouyumluluk testinden ge\u00e7mi\u015ftir.<\/p>\n<h2 id=\"-5-micron-level-edge-treatment-silky-touch-\"><strong>5. Mikron d\u00fczeyinde kenar i\u015fleme, ipeksi dokunu\u015f<\/strong><\/h2>\n<p>Evlat Edinme\u00a0<strong>su jeti\u0307 i\u0307le kesi\u0307m + nano parlatma<\/strong>\u00a0i\u015fleminde, kenar pah yar\u0131\u00e7ap\u0131 \u22640,1 mm'dir ve t\u0131bbi cihaz s\u0131n\u0131f\u0131 p\u00fcr\u00fczs\u00fcz standarda ula\u015f\u0131r.\u00a0<strong>TPU tampon \u015feritleri<\/strong>\u00a0kilit ba\u011flant\u0131 noktalar\u0131na yerle\u015ftirilir ve 10.000 kez a\u00e7\u0131l\u0131p kapat\u0131ld\u0131ktan sonra \u00e7apak olu\u015fmaz ve dokunu\u015f deri m\u00fccevher kutular\u0131n\u0131nkiyle kar\u015f\u0131la\u015ft\u0131r\u0131labilir.<\/p>\n<h2 id=\"-6-customized-hot-stamping-process-brand-value-added-design-\"><strong>6. \u00d6zelle\u015ftirilmi\u015f s\u0131cak damgalama i\u015flemi, marka katma de\u011ferli tasar\u0131m<\/strong><\/h2>\n<p>Ayr\u0131lm\u0131\u015f\u00a0<strong>UV konumland\u0131rma s\u0131cak damgalama alan\u0131<\/strong>\u00a022K alt\u0131n folyo \/ lazer g\u00fcm\u00fc\u015f folyo \u00f6zelle\u015ftirmesini destekler, renk fark\u0131 \u0394E\u22641.5 (Pantone standard\u0131). S\u0131cak damgalama katman\u0131\u00a0<strong>ikincil laminasyon ve k\u00fcrleme<\/strong>\u00a0ve a\u015f\u0131nma s\u00fcresi say\u0131s\u0131 5.000 kat\u0131 a\u015farak l\u00fcks mallar\u0131n dayan\u0131kl\u0131l\u0131k gereksinimlerini kar\u015f\u0131lar.<\/p>\n<h2 id=\"-7-morandi-pink-visual-system-elegant-empowerment-\"><strong>7. Pembe g\u00f6rsel sistem, zarif g\u00fc\u00e7lendirme<\/strong><\/h2>\n<p>Ana renk a\u015fa\u011f\u0131dakileri benimser\u00a0<strong>Pantone 13-2805 TPG (sis tozu grisi)<\/strong>\u00a0, a\u00a0<strong>d\u00fc\u015f\u00fck mavi \u0131\u015f\u0131k yans\u0131tma form\u00fcl\u00fc<\/strong>\u00a0Oftalmoloji Enstit\u00fcs\u00fc taraf\u0131ndan onaylanm\u0131\u015ft\u0131r ve 60 dakika boyunca s\u00fcrekli izleme sonras\u0131nda g\u00f6rsel yorgunluk endeksi 37% azalm\u0131\u015ft\u0131r.\u00a0<strong>Sedef kaplama<\/strong>\u00a03000K s\u0131cak \u0131\u015f\u0131k alt\u0131nda do\u011fal bir inci parlakl\u0131\u011f\u0131 sunan kutu y\u00fczeyine entegre edilmi\u015ftir ve m\u00fccevher kategorileriyle olan ili\u015fkiyi g\u00fc\u00e7lendirir.<\/p>\n<h2 id=\"-8-aviation-grade-ribbon-system-durable-and-value-added-\"><strong>8. Havac\u0131l\u0131k s\u0131n\u0131f\u0131 \u015ferit sistemi, dayan\u0131kl\u0131 ve katma de\u011ferli<\/strong><\/h2>\n<p>\u00c7ekme halkas\u0131 \u015funlar\u0131 kullan\u0131r\u00a0<strong>aramid elyaf + ipek kar\u0131\u015f\u0131m\u0131<\/strong>\u00a0200'den fazla \u015fiddetli a\u00e7ma ve kapamaya dayanabilen 220N (ASTM D5035 standard\u0131) kopma mukavemetine sahip \u015ferit. U\u00e7 a\u015fa\u011f\u0131dakilerle donat\u0131lm\u0131\u015ft\u0131r\u00a0<strong>titanyum ala\u015f\u0131ml\u0131 toka<\/strong>. 1.200 saatlik tuz p\u00fcsk\u00fcrtme testinden sonra paslanmayan ve grav\u00fcr \u00f6zelle\u015ftirme hizmetini destekleyen.<\/p>\n<h2 id=\"technical-certification-and-value-added-services\">Teknik belgelendirme ve katma de\u011ferli hizmetler<\/h2>\n<ul>\n<li><strong>\u00c7evre sertifikas\u0131<\/strong>: FSC orman sertifikas\u0131, REACH SVHC 205 testlerini ge\u00e7mi\u015ftir<\/li>\n<li><strong>\u00d6zelle\u015ftirme hizmeti<\/strong>: NFC \u00e7ip implantasyonunu, aroma mikrokaps\u00fcl\u00fcn\u00fc (g\u00fcl\/sedir kokusu) ve di\u011fer katma de\u011ferli mod\u00fclleri destekler<\/li>\n<li><strong>Lojistik garantisi<\/strong>: ISTA 3A nakliye testi standartlar\u0131n\u0131 kar\u015f\u0131lar ve global d\u00fc\u015f\u00fclebilir nakliye sigortas\u0131 sa\u011flar<\/li>\n<\/ul>\n<p>Hediye kutusu, i\u015flevsel esteti\u011fi m\u00fccevher d\u00fczeyinde i\u015f\u00e7ilik standartlar\u0131yla m\u00fckemmel bir \u015fekilde birle\u015ftirerek \u00fcst d\u00fczey g\u00fczellik ambalaj\u0131 paradigmas\u0131n\u0131 yeniden tan\u0131ml\u0131yor.<\/p>","protected":false},"excerpt":{"rendered":"<p>Kayarak a\u00e7\u0131lan tasar\u0131m ergonomiktir ve geleneksel kapakl\u0131 hediye kutusunun yer i\u015fgali sorununu ortadan kald\u0131rarak tek elle sorunsuz bir \u015fekilde kullan\u0131lmas\u0131na olanak tan\u0131r. Pencere tasar\u0131m\u0131, kullan\u0131c\u0131lar\u0131n kutuyu a\u00e7madan m\u00fccevherleri sezgisel olarak sergilemelerine olanak tan\u0131yarak g\u00fcven duygular\u0131n\u0131 art\u0131r\u0131r. Ku\u015fe ka\u011f\u0131tla desteklenen kutu g\u00f6vdesi g\u00fc\u00e7l\u00fc bas\u0131n\u00e7 direncine sahiptir ve ta\u015f\u0131ma ve istifleme s\u0131ras\u0131nda kolayca deforme olmaz.<\/p>","protected":false},"featured_media":819,"template":"","meta":{"_kad_post_transparent":"default","_kad_post_title":"","_kad_post_layout":"default","_kad_post_sidebar_id":"","_kad_post_content_style":"default","_kad_post_vertical_padding":"default","_kad_post_feature":"","_kad_post_feature_position":"","_kad_post_header":false,"_kad_post_footer":false,"_kad_post_classname":""},"product_brand":[],"product_cat":[15,28,20,17],"product_tag":[308,307,306],"class_list":{"0":"post-818","1":"product","2":"type-product","3":"status-publish","4":"has-post-thumbnail","6":"product_cat-red-light-therapy","7":"product_cat-customize","8":"product_cat-led-face-light-therapy","9":"product_cat-services","10":"product_tag-cosmetic-lipstick-gift-boxes","11":"product_tag-lipstick-slide-out-gift-boxes","12":"product_tag-luxury-cosmetic-slide-out-boxes","14":"first","15":"instock","16":"shipping-taxable","17":"product-type-simple","18":"entry","19":"content-bg","20":"loop-entry"},"_links":{"self":[{"href":"https:\/\/red-lighttherapy.com\/tr\/wp-json\/wp\/v2\/product\/818","targetHints":{"allow":["GET"]}}],"collection":[{"href":"https:\/\/red-lighttherapy.com\/tr\/wp-json\/wp\/v2\/product"}],"about":[{"href":"https:\/\/red-lighttherapy.com\/tr\/wp-json\/wp\/v2\/types\/product"}],"wp:featuredmedia":[{"embeddable":true,"href":"https:\/\/red-lighttherapy.com\/tr\/wp-json\/wp\/v2\/media\/819"}],"wp:attachment":[{"href":"https:\/\/red-lighttherapy.com\/tr\/wp-json\/wp\/v2\/media?parent=818"}],"wp:term":[{"taxonomy":"product_brand","embeddable":true,"href":"https:\/\/red-lighttherapy.com\/tr\/wp-json\/wp\/v2\/product_brand?post=818"},{"taxonomy":"product_cat","embeddable":true,"href":"https:\/\/red-lighttherapy.com\/tr\/wp-json\/wp\/v2\/product_cat?post=818"},{"taxonomy":"product_tag","embeddable":true,"href":"https:\/\/red-lighttherapy.com\/tr\/wp-json\/wp\/v2\/product_tag?post=818"}],"curies":[{"name":"wp","href":"https:\/\/api.w.org\/{rel}","templated":true}]}}