{"id":812,"date":"2025-04-15T02:51:47","date_gmt":"2025-04-15T02:51:47","guid":{"rendered":"https:\/\/red-lighttherapy.com\/?post_type=product&#038;p=812"},"modified":"2025-04-15T03:01:39","modified_gmt":"2025-04-15T03:01:39","slug":"bespoke-soft-touch-lamination-match-style-necklaces-box","status":"publish","type":"product","link":"https:\/\/red-lighttherapy.com\/tr\/bespoke-soft-touch-lamination-match-style-necklaces-box\/","title":{"rendered":"Ismarlama Yumu\u015fak Dokunu\u015flu Laminasyon Ma\u00e7 Stili Kolye Kutusu"},"content":{"rendered":"<h2 id=\"customized-soft-touch-coating-matching-style-necklace-box-product-description\">Ismarlama yumu\u015fak dokunu\u015flu kaplama e\u015fle\u015fen stil kolye kutusu \u00fcr\u00fcn a\u00e7\u0131klamas\u0131<\/h2>\n<h2 id=\"1-cuboid-drawer-structure-\">1. Ka\u011f\u0131t<strong> \u00e7ekmece kutusu yap\u0131s\u0131<\/strong><\/h2>\n<ul>\n<li>Hassas bir \u015fekilde hesaplanm\u0131\u015f dikd\u00f6rtgen kutu \u015feklini benimseyen i\u00e7 alan kullan\u0131m oran\u0131, kuyumcu tezgah\u0131 ekran\u0131 ve ev tuvalet masas\u0131 depolama sahneleri i\u00e7in uygun olan 30% ile art\u0131r\u0131lm\u0131\u015ft\u0131r. \u00c7ekmece tipi katmanl\u0131 tasar\u0131m, dolanmay\u0131 ve a\u015f\u0131nmay\u0131 \u00f6nlemek i\u00e7in kolye, y\u00fcz\u00fck, k\u00fcpe vb. gibi farkl\u0131 m\u00fccevherleri kategoriler halinde saklayabilir.<\/li>\n<li>Kutu g\u00f6vdesi\u00a0<strong>geometri\u0307k olarak opti\u0307mi\u0307ze edi\u0307lmi\u0307\u015f<\/strong>ve kenarlar 0,5 mm yuvarlat\u0131lm\u0131\u015f k\u00f6\u015felerle i\u015flenir, bu sadece \u00fc\u00e7 boyutlu hissi korumakla kalmaz, ayn\u0131 zamanda istifleme stabilitesini de art\u0131r\u0131r. Ta\u015f\u0131ma s\u0131ras\u0131nda 5 kat \u00fcst \u00fcste bindirilmi\u015f bas\u0131nca dayanabilir ve tam ba\u011flant\u0131 ta\u015f\u0131ma g\u00fcvenli\u011fi elde etmek i\u00e7in \u00e7arp\u0131\u015fma \u00f6nleyici tampon malzemelerle (EPE inci pamuk gibi) i\u015fbirli\u011fi yapar.<\/li>\n<\/ul>\n<h2 id=\"2-slide-rail-pull-out-one-hand-operation-\">2.\u00a0<strong>K\u0131zak ray\u0131 \u00e7ekip \u00e7\u0131karma tek elle kullan\u0131m<\/strong><\/h2>\n<ul>\n<li>\u0130le donat\u0131lm\u0131\u015ft\u0131r\u00a0<strong>sessiz s\u00f6n\u00fcmleme s\u00fcrg\u00fc ray\u0131<\/strong>A\u00e7\u0131lma ve kapanma direnci \u22641,5N'dir ve tek elle itilerek sorunsuz bir \u015fekilde a\u00e7\u0131labilir, bu da geleneksel flip-top i\u015fleminden 40% daha verimlidir. S\u00fcrg\u00fc ray\u0131 \u00f6m\u00fcr testi 100.000 kereden fazlad\u0131r ve y\u00fcksek frekansl\u0131 kullan\u0131m senaryolar\u0131 i\u00e7in uygundur.<\/li>\n<li>\u00c7ekmecenin \u00fczerinde bir\u00a0<strong>manyetik konumland\u0131rma sistemi<\/strong>\u00a0Titre\u015fim nedeniyle kazara kaymay\u0131 \u00f6nlemek i\u00e7in kapat\u0131ld\u0131\u011f\u0131nda otomatik olarak hizalan\u0131r.<\/li>\n<\/ul>\n<h2 id=\"-second-surface-technology-and-visual-presentation-\"><strong>3. Y\u00fczey teknolojisi ve g\u00f6rsel sunum<\/strong><\/h2>\n<ol>\n<li><strong>Yumu\u015fak dokunu\u015flu kaplama ve \u00fc\u00e7 boyutlu doku<\/strong><\/li>\n<li>Kutu g\u00f6vdesi \u015funlar\u0131 benimser\u00a0<strong>PU kaplama teknolojisi<\/strong>\u00a0ve y\u00fczey kadife kadar hassas bir his verir ve ayr\u0131ca \u00e7izilmez ve parmak izi b\u0131rakmaz \u00f6zelliklere sahiptir. arac\u0131l\u0131\u011f\u0131yla\u00a0<strong>3D kabartma teknolojisi<\/strong>\u00a0g\u00f6rsel katmanlamay\u0131 ve marka tan\u0131n\u0131rl\u0131\u011f\u0131n\u0131 art\u0131rmak i\u00e7in elmas\/timsah desenli \u00fc\u00e7 boyutlu bir doku olu\u015fturulmu\u015ftur.<\/li>\n<\/ol>\n<h2 id=\"4-dark-blue-main-color-and-hot-stamping-luxury-\">4.\u00a0<strong>Koyu mavi ana renk ve s\u0131cak damgalama l\u00fcks\u00fc<\/strong><\/h2>\n<ul>\n<li>Kutu g\u00f6vdesi esas olarak\u00a0<strong>Pantone 19-4052 klasik koyu mavi<\/strong>\u00a0g\u00fcven ve sonsuzlu\u011fu simgeleyen ve l\u00fcks mallar\u0131n g\u00f6rsel diliyle son derece uyumludur. \u0130le\u00a0<strong>k\u0131smi s\u0131cak damgalama teknolojisi<\/strong>\u00a024K alt\u0131n folyo ve lazer konumland\u0131rma teknolojisi kullan\u0131l\u0131r, metal parlakl\u0131\u011f\u0131 \u0394E\u22641.5'tir ve metin\/Logo kenar do\u011frulu\u011fu \u00b10.1 mm'ye ula\u015farak asil dokuyu vurgular.<\/li>\n<\/ul>\n<h2 id=\"5-eva-velvet-composite-inner-support-\">5.\u00a0<strong>EVA+kadife kompozit i\u00e7 destek<\/strong><\/h2>\n<ul>\n<li>\u0130\u00e7 astar a\u015fa\u011f\u0131daki \u00f6zelliklere sahiptir\u00a0<strong>y\u00fcksek yo\u011funluklu EVA s\u00fcnger<\/strong>\u00a0(sertlik 40\u00b15 Shore C) ve\u00a0<strong>600D kadife<\/strong>\u00a0Dokunuldu\u011funda yumu\u015fak olan ve g\u00fc\u00e7l\u00fc bas\u0131n\u00e7 direncine sahip kompozit yap\u0131, m\u00fccevheri darbelere kar\u015f\u0131 korur.<\/li>\n<li><strong>Mod\u00fcler kart yuvas\u0131 tasar\u0131m\u0131<\/strong>:<\/li>\n<li><strong>Kolye yuvas\u0131<\/strong>: U \u015feklindeki oluk derinli\u011fi 15mm, zincir uzunlu\u011fu 40-70cm olan kolyeler i\u00e7in uygundur;<\/li>\n<li><strong>Y\u00fcz\u00fck tutucu<\/strong>: Ayarlanabilir silikon halka sabitleme konumu, 4-20 halkalarla uyumludur;<\/li>\n<li><strong>Kulak tak\u0131 giri\u015fi<\/strong>: 2mm \u00e7ap\u0131nda pim deli\u011fi ve manyetik kulak t\u0131kac\u0131 saklama yuvas\u0131 kombinasyon tasar\u0131m\u0131.<\/li>\n<\/ul>\n<h2 id=\"6-highly-customized-solutions-\">6.\u00a0<strong>Son derece \u00f6zelle\u015ftirilmi\u015f \u00e7\u00f6z\u00fcmler<\/strong><\/h2>\n<ul>\n<li><strong>Boyut \u00f6zelle\u015ftirme<\/strong>: D\u00fc\u011f\u00fcn setleri, tek \u00fcr\u00fcnl\u00fc hediye kutular\u0131 ve di\u011fer senaryolar i\u00e7in uygun olan 5cm\u00d75cm'den 30cm\u00d730cm'ye kadar kutu boyutu ayar\u0131n\u0131 destekler;<\/li>\n<li><strong>Marka \u00f6\u011fesi entegrasyonu<\/strong>: RFID \u00e7ipleri yerle\u015ftirebilir, marka logolar\u0131n\u0131 lazerle kaz\u0131yabilir veya m\u00fc\u015fteri VI sistemleriyle birlikte kabartma desenlerini ve s\u0131cak damgalama konumlar\u0131n\u0131 ayarlayabilir;<\/li>\n<li><strong>Seri \u00fcretim ve paketleme<\/strong>: Minimum 500 adetlik sipari\u015fi destekler ve toz torbalar\u0131, hediye kutular\u0131 ve ta\u015f\u0131ma paletleri gibi entegre paketleme \u00e7\u00f6z\u00fcmleri sunar.<\/li>\n<\/ul>\n<h2 id=\"7-technical-parameters-and-environmental-standards-\">7.\u00a0<strong>Teknik parametreler ve \u00e7evre standartlar\u0131<\/strong><\/h2>\n<ul>\n<li><strong>Malzeme<\/strong>: G\u0131da s\u0131n\u0131f\u0131 ABS plastik alt tabaka + \u00e7evre dostu PU kaplama (REACH\/SVHC sertifikal\u0131);<\/li>\n<li><strong>S\u00fcre\u00e7 standartlar\u0131<\/strong>: ISO 9001 kalite y\u00f6netim sistemi, s\u0131cak damgalama do\u011frulu\u011fu hatas\u0131 \u22640.2mm;<\/li>\n<li><strong>Uygulanabilir senaryolar<\/strong>: M\u00fccevher markas\u0131 amiral gemisi ma\u011fazalar\u0131, \u00fcst d\u00fczey hediye \u00f6zelle\u015ftirme, m\u00fczayede evi m\u00fccevher ambalaj\u0131.<\/li>\n<\/ul>","protected":false},"excerpt":{"rendered":"<p>\u00dcst d\u00fczey m\u00fccevher markalar\u0131n\u0131n rafine, i\u015flevsel ve \u00f6zelle\u015ftirilmi\u015f ambalaj ihtiya\u00e7lar\u0131n\u0131 kar\u015f\u0131layan, hem pratik hem de sanatsal bir m\u00fccevher ka\u011f\u0131t \u00e7ekmecesi \u00e7\u00f6z\u00fcm\u00fc olu\u015fturun<\/p>","protected":false},"featured_media":813,"template":"","meta":{"_kad_post_transparent":"default","_kad_post_title":"","_kad_post_layout":"default","_kad_post_sidebar_id":"","_kad_post_content_style":"default","_kad_post_vertical_padding":"default","_kad_post_feature":"","_kad_post_feature_position":"","_kad_post_header":false,"_kad_post_footer":false,"_kad_post_classname":""},"product_brand":[],"product_cat":[15,20,17],"product_tag":[303,305,304],"class_list":{"0":"post-812","1":"product","2":"type-product","3":"status-publish","4":"has-post-thumbnail","6":"product_cat-red-light-therapy","7":"product_cat-led-face-light-therapy","8":"product_cat-services","9":"product_tag-bespoke-necklaces-box","10":"product_tag-match-style-necklaces-box","11":"product_tag-soft-touch-lamination-necklaces-box","13":"first","14":"instock","15":"shipping-taxable","16":"product-type-simple","17":"entry","18":"content-bg","19":"loop-entry"},"_links":{"self":[{"href":"https:\/\/red-lighttherapy.com\/tr\/wp-json\/wp\/v2\/product\/812","targetHints":{"allow":["GET"]}}],"collection":[{"href":"https:\/\/red-lighttherapy.com\/tr\/wp-json\/wp\/v2\/product"}],"about":[{"href":"https:\/\/red-lighttherapy.com\/tr\/wp-json\/wp\/v2\/types\/product"}],"wp:featuredmedia":[{"embeddable":true,"href":"https:\/\/red-lighttherapy.com\/tr\/wp-json\/wp\/v2\/media\/813"}],"wp:attachment":[{"href":"https:\/\/red-lighttherapy.com\/tr\/wp-json\/wp\/v2\/media?parent=812"}],"wp:term":[{"taxonomy":"product_brand","embeddable":true,"href":"https:\/\/red-lighttherapy.com\/tr\/wp-json\/wp\/v2\/product_brand?post=812"},{"taxonomy":"product_cat","embeddable":true,"href":"https:\/\/red-lighttherapy.com\/tr\/wp-json\/wp\/v2\/product_cat?post=812"},{"taxonomy":"product_tag","embeddable":true,"href":"https:\/\/red-lighttherapy.com\/tr\/wp-json\/wp\/v2\/product_tag?post=812"}],"curies":[{"name":"wp","href":"https:\/\/api.w.org\/{rel}","templated":true}]}}