{"id":806,"date":"2025-04-15T02:36:36","date_gmt":"2025-04-15T02:36:36","guid":{"rendered":"https:\/\/red-lighttherapy.com\/?post_type=product&#038;p=806"},"modified":"2025-04-15T02:51:40","modified_gmt":"2025-04-15T02:51:40","slug":"oem-odm-rigid-slide-drawer-style-jewelry-earring-gift-boxes","status":"publish","type":"product","link":"https:\/\/red-lighttherapy.com\/tr\/oem-odm-rigid-slide-drawer-style-jewelry-earring-gift-boxes\/","title":{"rendered":"OEM ODM Sert Slayt \u00c7ekmece Tarz\u0131 Tak\u0131 K\u00fcpe Hediye Kutular\u0131"},"content":{"rendered":"<h2><strong>OEM ODM Sert K\u0131zakl\u0131 \u00c7ekmece <\/strong><strong>Tak\u0131 K\u00fcpe Hediye Kutusu \u00dcr\u00fcn A\u00e7\u0131klamas\u0131<\/strong><\/h2>\n<h2 id=\"1-classic-box-type-and-slide-rail-nesting-design-\">1.\u00a0<strong>Klasik kutu tipi ve kayar rayl\u0131 i\u00e7 i\u00e7e ge\u00e7me tasar\u0131m\u0131<\/strong><\/h2>\n<ul>\n<li>Bu\u00a0<strong>alt ve alt kapakl\u0131 kutu tipi<\/strong>\u00a0benimsenmi\u015ftir ve kutu g\u00f6vdesi, m\u00fccevher \u00fcr\u00fcnlerinin \u00fcst d\u00fczey tonuna uyan basit ve sert \u00e7izgilere sahiptir. Kutu kapa\u011f\u0131 ve kutu g\u00f6vdesi i\u00e7 i\u00e7e ge\u00e7erek\u00a0<strong>hassas s\u00fcrg\u00fc ray sistemi<\/strong>ve sadece hafif bir \u00e7eki\u015fle a\u00e7\u0131l\u0131p kapan\u0131rken sorunsuzca kayabilir, yerden tasarruf sa\u011flar ve kutuyu a\u00e7arken rit\u00fcel hissi verir. Kayd\u0131rma ray\u0131 d\u00fc\u015fmeyi \u00f6nleyici toka tasar\u0131m\u0131na sahiptir ve 5000 \u00e7ekme testinden sonra gev\u015fememi\u015ftir.<\/li>\n<\/ul>\n<h2 id=\"2-scientific-partition-and-protective-inner-box-\">2.\u00a0<strong>Bilimsel b\u00f6lme ve koruyucu i\u00e7 kutu<\/strong><\/h2>\n<ul>\n<li>\u0130\u00e7 kutu a\u00e7\u0131k gri y\u00fcksek yo\u011funluklu EVA malzemeden yap\u0131lm\u0131\u015ft\u0131r. B\u00f6lme tasar\u0131m\u0131 \u015funlar\u0131 i\u00e7erir\u00a0<strong>k\u00fcpe sabitleme yuvalar\u0131, kolye asma \u00e7ubu\u011fu alan\u0131 ve bilezik d\u00fcz katman\u0131<\/strong>Bu da tak\u0131lar\u0131n s\u00fcrt\u00fcnmeden zarar g\u00f6rmesini etkili bir \u015fekilde \u00f6nler. \u0130\u00e7 astar y\u00fczeyi, hem tamponlama hem de anti-statik i\u015flevlere sahip olan ve g\u00fcm\u00fc\u015f tak\u0131lar ve de\u011ferli ta\u015flar gibi kolayca oksitlenen malzemeler i\u00e7in uygun olan 0,8 mm'lik bir flok tabakas\u0131 ile kaplanm\u0131\u015ft\u0131r.<\/li>\n<\/ul>\n<h2 id=\"3-material-and-surface-technology-\">3.\u00a0<strong>Malzeme ve y\u00fczey teknolojisi<\/strong><\/h2>\n<ul>\n<li>Kutu g\u00f6vdesi \u015funlardan yap\u0131lm\u0131\u015ft\u0131r\u00a0<strong>y\u00fcksek yo\u011funluklu ku\u015fe ka\u011f\u0131t<\/strong>Y\u00fcksek bas\u0131n\u00e7 dayan\u0131m\u0131 ve AB REACH ve RoHS g\u00fcvenlik sertifikas\u0131 ile. Y\u00fczey a\u015fa\u011f\u0131dakilerle kapl\u0131d\u0131r\u00a0<strong>nano a\u015f\u0131nmaya dayan\u0131kl\u0131 kaplama<\/strong>Kadife kadar hassas bir his veren, \u00e7izilmeye ve parmak izine kar\u015f\u0131 dayan\u0131kl\u0131, Pantone'un 95%'sinden daha fazla renk do\u011frulu\u011funa sahip.<\/li>\n<li>Opsiyonel\u00a0<strong>s\u0131cak bask\u0131\/kabartma\/lazer kaz\u0131ma<\/strong>\u00a0teknoloji: s\u0131cak damgalama 24K alt\u0131n folyo kullan\u0131r, kabartma derinli\u011fi 0,2 mm'dir ve lazer kaz\u0131ma hassasiyeti 0,015 mm'dir, marka logolar\u0131 ve desenleri gibi ki\u015fiselle\u015ftirilmi\u015f \u00f6zelle\u015ftirmeyi destekler.<\/li>\n<\/ul>\n<h2 id=\"4-ergonomics-and-aesthetic-design-\">4.\u00a0<strong>Ergonomi ve estetik tasar\u0131m<\/strong><\/h2>\n<ul>\n<li><strong>Kahverengi ve pembenin ana rengi, nude renklerin esteti\u011finden esinlenmi\u015ftir ve mat dokusu s\u0131cak ve l\u00fcks bir his verir. Kulpta ise\u00a0<\/strong>C-\u015fekilli yuvarlak boru tasar\u0131m\u0131**, \uff1e20cm geni\u015fli\u011finde, yeti\u015fkinlerin d\u00f6rt parmakla tutmas\u0131na uygun, e\u015fit kuvvet ve emek tasarrufu sa\u011flar ve a\u00e7ma ve kapama konforu 40% ile art\u0131r\u0131lm\u0131\u015ft\u0131r. K\u00f6\u015feler ISO 9001 kalite kontrol standartlar\u0131n\u0131 kar\u015f\u0131layan R i\u015flemli, yuvarlat\u0131lm\u0131\u015f ve \u00e7apaks\u0131zd\u0131r.<\/li>\n<\/ul>\n<h2 id=\"5-flexible-production-and-quality-control-process-\">5.\u00a0<strong>Esnek \u00fcretim ve kalite kontrol s\u00fcreci<\/strong><\/h2>\n<ul>\n<li>Destek\u00a0<strong>500 adet minimum sipari\u015f<\/strong>d\u00f6ng\u00fc 8-15 g\u00fcn (prova i\u00e7in 4-7 g\u00fcn dahil). \u00dcretim s\u00fcreci, a\u015fa\u011f\u0131daki \u00f6nemli noktalarla birlikte kal\u0131p damgalama, lazer kesim, CNC kal\u0131plama vb. gibi 20'den fazla i\u015flemi kapsar:<\/li>\n<li><strong>\u00dc\u00e7 manuel kalite denetimi<\/strong>: SGS hammadde denetimi, yar\u0131 mamul \u00fcr\u00fcn yap\u0131s\u0131 do\u011frulamas\u0131 ve bitmi\u015f \u00fcr\u00fcn y\u00fczey b\u00fct\u00fcnl\u00fc\u011f\u00fc denetimi;<\/li>\n<li><strong>A\u015f\u0131nmaya dayan\u0131kl\u0131 kaplama p\u00fcsk\u00fcrtme<\/strong>: Polimer kompozit kaplama, tuz p\u00fcsk\u00fcrtme testi &gt; 72 saat d\u00fc\u015fmeden;<\/li>\n<li><strong>Kenar ve k\u00f6\u015fe ince ta\u015flama<\/strong>: Projekt\u00f6r 3D alg\u0131lama yoluyla R a\u00e7\u0131s\u0131 hatas\u0131 \u2264 0,1 mm.<\/li>\n<\/ul>\n<h2 id=\"6-environmental-protection-and-compliance-\">6.\u00a0<strong>\u00c7evre koruma ve uyumluluk<\/strong><\/h2>\n<ul>\n<li>Malzeme FSC orman sertifikasyonundan ge\u00e7mi\u015ftir, laminasyon i\u015fleminde su bazl\u0131 yap\u0131\u015ft\u0131r\u0131c\u0131lar kullan\u0131lmaktad\u0131r ve VOC emisyonlar\u0131 AB limitinden 50% daha d\u00fc\u015f\u00fckt\u00fcr.<\/li>\n<\/ul>\n<h2 id=\"-application-scenarios-and-customized-services-\"><strong>Uygulama senaryolar\u0131 ve \u00f6zelle\u015ftirilmi\u015f hizmetler<\/strong><\/h2>\n<ul>\n<li><strong>Uygulanabilir senaryolar<\/strong>: \u00fcst d\u00fczey m\u00fccevher perakendecili\u011fi, marka hediyeleri, l\u00fcks ortak giri\u015fimler, d\u00fc\u011f\u00fcn \u00f6zelle\u015ftirme vb;<\/li>\n<li><strong>Katma de\u011ferli hizmetler<\/strong>oksidasyon \u00f6nleyici m\u00fch\u00fcrl\u00fc torbalar, sabit nemli g\u00fcvenli adaptasyon \u00e7\u00f6z\u00fcmleri ve AR etiketli lazer sahtecili\u011fe kar\u015f\u0131 koruma sa\u011flar;<\/li>\n<li><strong>Teslimat standartlar\u0131<\/strong>: her partiye k\u00fcresel lojistik DDP hizmetlerini destekleyen bir malzeme test raporu e\u015flik eder.<\/li>\n<\/ul>\n<h2 id=\"-technical-parameters-\"><strong>Teknik parametreler<\/strong><\/h2>\n<table>\n<thead>\n<tr>\n<th>Proje<\/th>\n<th>Parametreler<\/th>\n<\/tr>\n<\/thead>\n<tbody>\n<tr>\n<td>Malzeme<\/td>\n<td>450g ku\u015fe ka\u011f\u0131t + EVA astar<\/td>\n<\/tr>\n<tr>\n<td>Kutu boyutu<\/td>\n<td>240\u00d7160\u00d760mm<\/td>\n<\/tr>\n<tr>\n<td>Y\u00fck ta\u015f\u0131ma kapasitesi<\/td>\n<td>Statik 5kg\/dinamik 2kg<\/td>\n<\/tr>\n<tr>\n<td>Y\u00fczey sertli\u011fi<\/td>\n<td>3H kalem sertli\u011fi<\/td>\n<\/tr>\n<tr>\n<td>Minimum sipari\u015f miktar\u0131<\/td>\n<td>500 adet<\/td>\n<\/tr>\n<tr>\n<td>Teslimat d\u00f6ng\u00fcs\u00fc<\/td>\n<td>Normal modeller i\u00e7in 15 g\u00fcn<\/td>\n<\/tr>\n<\/tbody>\n<\/table>\n<p><strong>Sonu\u00e7<\/strong>\u00a0Bu \u00fcr\u00fcn \u015funlar\u0131 al\u0131r\u00a0<strong>\"g\u00f6rsel esteti\u0307k + fonksi\u0307yonel koruma\"<\/strong>\u00a0ve hassas teknoloji ve esnek \u00fcretim sistemi ile markalara ambalajdan kullan\u0131c\u0131 deneyimine kadar tam zincir bir \u00e7\u00f6z\u00fcm sunar. \u0130ster klasik s\u0131cak damgalama ister \u00f6zelle\u015ftirilmi\u015f kabartma olsun, marka de\u011ferini iletmek i\u00e7in sessiz bir ara\u00e7 haline gelebilir.<\/p>","protected":false},"excerpt":{"rendered":"<p>Bu ka\u011f\u0131t \u00e7ekmece tarz\u0131 m\u00fccevher k\u00fcpe hediye kutusu, \u00fcst d\u00fczey m\u00fccevher markalar\u0131 i\u00e7in \u00f6zel olarak tasarlanm\u0131\u015ft\u0131r. Klasik esteti\u011fi modern i\u015f\u00e7ilikle birle\u015ftirir. \u00dcst ve alt kapakl\u0131 kutu tipine dayanarak, d\u00fczg\u00fcn geometrik \u00e7izgiler ve hassas yap\u0131 sayesinde hem t\u00f6rensel hem de pratik bir depolama \u00e7\u00f6z\u00fcm\u00fc olu\u015fturur. \u00dcr\u00fcn, sekiz kalite kontrol s\u00fcrecinden ge\u00e7mi\u015f ve malzemelerden bitmi\u015f \u00fcr\u00fcnlere kadar tam ba\u011flant\u0131 kalite g\u00fcvencesi elde etmek i\u00e7in AB ambalaj g\u00fcvenlik standartlar\u0131yla birle\u015ftirilmi\u015ftir. M\u00fccevher, saat, l\u00fcks mallar vb. alanlardaki \u00f6zelle\u015ftirilmi\u015f ihtiya\u00e7lar i\u00e7in uygundur.<\/p>","protected":false},"featured_media":810,"template":"","meta":{"_kad_post_transparent":"default","_kad_post_title":"","_kad_post_layout":"default","_kad_post_sidebar_id":"","_kad_post_content_style":"default","_kad_post_vertical_padding":"default","_kad_post_feature":"","_kad_post_feature_position":"","_kad_post_header":false,"_kad_post_footer":false,"_kad_post_classname":""},"product_brand":[],"product_cat":[15,20,17],"product_tag":[301,300,302],"class_list":{"0":"post-806","1":"product","2":"type-product","3":"status-publish","4":"has-post-thumbnail","6":"product_cat-red-light-therapy","7":"product_cat-led-face-light-therapy","8":"product_cat-services","9":"product_tag-earring-drawer-style-boxes","10":"product_tag-jewelry-gift-boxes","11":"product_tag-oem-odm-rigid-boxes","13":"first","14":"instock","15":"shipping-taxable","16":"product-type-simple","17":"entry","18":"content-bg","19":"loop-entry"},"_links":{"self":[{"href":"https:\/\/red-lighttherapy.com\/tr\/wp-json\/wp\/v2\/product\/806","targetHints":{"allow":["GET"]}}],"collection":[{"href":"https:\/\/red-lighttherapy.com\/tr\/wp-json\/wp\/v2\/product"}],"about":[{"href":"https:\/\/red-lighttherapy.com\/tr\/wp-json\/wp\/v2\/types\/product"}],"wp:featuredmedia":[{"embeddable":true,"href":"https:\/\/red-lighttherapy.com\/tr\/wp-json\/wp\/v2\/media\/810"}],"wp:attachment":[{"href":"https:\/\/red-lighttherapy.com\/tr\/wp-json\/wp\/v2\/media?parent=806"}],"wp:term":[{"taxonomy":"product_brand","embeddable":true,"href":"https:\/\/red-lighttherapy.com\/tr\/wp-json\/wp\/v2\/product_brand?post=806"},{"taxonomy":"product_cat","embeddable":true,"href":"https:\/\/red-lighttherapy.com\/tr\/wp-json\/wp\/v2\/product_cat?post=806"},{"taxonomy":"product_tag","embeddable":true,"href":"https:\/\/red-lighttherapy.com\/tr\/wp-json\/wp\/v2\/product_tag?post=806"}],"curies":[{"name":"wp","href":"https:\/\/api.w.org\/{rel}","templated":true}]}}