{"id":795,"date":"2025-04-14T16:43:08","date_gmt":"2025-04-14T16:43:08","guid":{"rendered":"https:\/\/red-lighttherapy.com\/?post_type=product&#038;p=795"},"modified":"2025-04-15T02:12:49","modified_gmt":"2025-04-15T02:12:49","slug":"customized-child-resistant-rigid-paperboard-slider-box-supplier","status":"publish","type":"product","link":"https:\/\/red-lighttherapy.com\/tr\/customized-child-resistant-rigid-paperboard-slider-box-supplier\/","title":{"rendered":"\u00d6zelle\u015ftirilmi\u015f \u00c7ocuk Dayan\u0131kl\u0131 Sert Karton Kayd\u0131r\u0131c\u0131 Kutusu Tedarik\u00e7isi"},"content":{"rendered":"<h3 id=\"1-cannabis-e-cigarette-style-design-childproof-buckle-both-safe-and-fashionable-\">1.\u00a0<strong>Kenevir e-sigara tarz\u0131 tasar\u0131m \u00d7 \u00e7ocuk ge\u00e7irmez toka, hem g\u00fcvenli hem de \u015f\u0131k<\/strong><\/h3>\n<p>Kayar kutu, minimalist \u00e7izgileri ve teknolojik \u015fekli ile kenevir e-sigaralar\u0131n\u0131n (CBD e-sigaralar\u0131) klasik tasar\u0131m dilini benimser ve yaln\u0131zca \u00e7ocuklar\u0131n korunma ihtiya\u00e7lar\u0131n\u0131 kar\u015f\u0131lamakla kalmay\u0131p ayn\u0131 zamanda \u00fcst d\u00fczey ve avangart bir marka tonu da ta\u015f\u0131yan \u00e7ocuk emniyetli bir toka cihaz\u0131 ile donat\u0131lm\u0131\u015ft\u0131r. \u00c7ocuk korumal\u0131 toka tasar\u0131m\u0131 uluslararas\u0131 g\u00fcvenlik standartlar\u0131na (EN 71-3 gibi) uygundur. Fiziksel tokalar ve gizli kilit a\u00e7ma yap\u0131lar\u0131 sayesinde, g\u00f6r\u00fcn\u00fcm\u00fcn p\u00fcr\u00fczs\u00fczl\u00fc\u011f\u00fcn\u00fc korurken \u00e7ocuklar\u0131n yanl\u0131\u015fl\u0131kla dokunmas\u0131n\u0131 etkili bir \u015fekilde \u00f6nler. Genel renk \u015femas\u0131na beyaz ve orman ye\u015fili hakimdir, orijinal orman\u0131n taze atmosferini sim\u00fcle eder, do\u011fal ve sakin bir g\u00f6rsel deneyim sunar ve sa\u011fl\u0131kl\u0131 t\u00fcketim e\u011filimiyle uyumludur.<\/p>\n<h3 id=\"2-material-technology-350g-cardboard-1000g-cardboard-enhanced-pull-out-experience-\">2.\u00a0<strong>Malzeme teknolojisi: 350g karton \u00d7 1000g karton, geli\u015fmi\u015f \u00e7ekip \u00e7\u0131karma deneyimi<\/strong><\/h3>\n<p>D\u0131\u015f kutuda, hem a\u015f\u0131nmaya dayan\u0131kl\u0131 hem de hassas olan, y\u00fczeyinde mat bir film bulunan 350 g y\u00fcksek a\u011f\u0131rl\u0131kl\u0131 karton kullan\u0131l\u0131r; i\u00e7 kutuda, hassas kal\u0131p kesme teknolojisi ile sorunsuz bir \u015fekilde birle\u015ftirilen 1000 g kal\u0131nla\u015ft\u0131r\u0131lm\u0131\u015f karton kullan\u0131l\u0131r ve \u00e7ekme i\u015flemi s\u0131ras\u0131nda diren\u00e7 e\u015fittir. S\u00f6n\u00fcmleme tamponu tasar\u0131m\u0131yla, \"ba\u015flatmak i\u00e7in hafif itme, sarsmadan sabit durma\" gibi \u00fcst d\u00fczey bir kullan\u0131m deneyimi sunar. \u0130\u00e7 ve d\u0131\u015f malzemeler aras\u0131ndaki kontrast bir hiyerar\u015fi duygusu olu\u015fturur ve \u00fcr\u00fcn\u00fcn katma de\u011ferini art\u0131r\u0131r.<\/p>\n<h3 id=\"3-primitive-forest-theme-visual-design-3d-green-leaf-uv-technology-\">3.\u00a0<strong>\u0130lkel orman temal\u0131 g\u00f6rsel tasar\u0131m, 3D ye\u015fil yaprak UV teknolojisi<\/strong><\/h3>\n<p>Ye\u015fil yaprak unsurlar\u0131, yerel UV bask\u0131 teknolojisi sayesinde \u00fc\u00e7 boyutlu bir kabartma efekti sunmakta, \u0131\u015f\u0131k ve g\u00f6lge alt\u0131nda degrade bir parlakl\u0131k olu\u015fturarak ger\u00e7ek yapraklar\u0131n dokusunu ve dokunu\u015funu sim\u00fcle etmektedir. Hediye kutusunun kilit konumlar\u0131nda (kilit alan\u0131 ve marka logosu alan\u0131 gibi), desenin net ve a\u015f\u0131nmaya dayan\u0131kl\u0131 olmas\u0131n\u0131 sa\u011flamak i\u00e7in y\u00fcksek hassasiyetli kal\u0131p kesim ile birlikte alt\u0131n \/ g\u00fcm\u00fc\u015f s\u0131cak damgalama teknolojisi kullan\u0131l\u0131r. Marka logosu, do\u011fa ve teknolojinin b\u00fct\u00fcnle\u015fmesi imaj\u0131n\u0131 geli\u015ftirmek ve tan\u0131n\u0131rl\u0131\u011f\u0131 art\u0131rmak i\u00e7in yaprak damar tasar\u0131m\u0131na entegre edilmi\u015ftir.<\/p>\n<h3 id=\"4-flexible-mold-development-capabilities-quick-response-to-customization-needs-\">4.\u00a0<strong>Esnek kal\u0131p geli\u015ftirme yetenekleri, \u00f6zelle\u015ftirme ihtiya\u00e7lar\u0131na h\u0131zl\u0131 yan\u0131t<\/strong><\/h3>\n<p>Tedarik\u00e7i, 2D \u00e7izimlerden 3D modellemeye h\u0131zl\u0131 d\u00f6n\u00fc\u015f\u00fcm\u00fc destekleyen tam s\u00fcre\u00e7li bir kal\u0131p geli\u015ftirme sistemi ile donat\u0131lm\u0131\u015ft\u0131r ve minimum sipari\u015f miktar\u0131 500 par\u00e7a kadar d\u00fc\u015f\u00fck olan \u00f6zel \u015fekilli kal\u0131plar\u0131 (kavisli \u00e7ekme raylar\u0131, \u00e7ok katmanl\u0131 i\u00e7 i\u00e7e yap\u0131lar gibi) \u00f6zelle\u015ftirebilir. Mod\u00fcler tasar\u0131m sayesinde, hediye kutusu boyutu, kilit konumu ve bask\u0131 i\u00e7eri\u011fi esnek bir \u015fekilde ayarlanabilir ve teslimat d\u00f6ng\u00fcs\u00fc 12-15 g\u00fcne k\u0131salt\u0131larak e-sigara markalar\u0131n\u0131n ambalaj farkl\u0131la\u015ft\u0131rmas\u0131 i\u00e7in acil ihtiya\u00e7lar\u0131n\u0131 kar\u015f\u0131lar.<\/p>\n<h3 id=\"5-industry-technology-frontier-exploration-continuous-innovation-and-upgrading-\">5.\u00a0<strong>End\u00fcstri teknolojisinin s\u0131n\u0131rlar\u0131n\u0131n ara\u015ft\u0131r\u0131lmas\u0131, s\u00fcrekli yenilik ve iyile\u015ftirme<\/strong><\/h3>\n<p>Almanya'daki EVO NXT ve \u0130talya'daki InterTabac gibi uluslararas\u0131 e-sigara fuarlar\u0131na aktif olarak kat\u0131lmakta, British American Tobacco ve Philip Morris International gibi \u00f6nde gelen \u015firketlerle teknoloji k\u0131yaslamas\u0131 yapmakta ve yapay zeka renk e\u015fle\u015ftirme algoritmalar\u0131 ve bozunabilir biyo-bazl\u0131 kaplamalar gibi yenilik\u00e7i teknolojileri tan\u0131tmaktad\u0131r. 2024'te piyasaya s\u00fcr\u00fclen \"s\u0131f\u0131r solvent UV m\u00fcrekkep\" \u00e7\u00f6z\u00fcm\u00fc, AB REACH sertifikas\u0131n\u0131 ge\u00e7erek VOC emisyonlar\u0131n\u0131 90% azaltt\u0131 ve sekt\u00f6r\u00fcn ye\u015fil d\u00f6n\u00fc\u015f\u00fcm\u00fcn\u00fc destekledi.<\/p>\n<h3 id=\"6-full-link-environmentally-friendly-production-system-\">6.\u00a0<strong>Tam ba\u011flant\u0131l\u0131 \u00e7evre dostu \u00fcretim sistemi<\/strong><\/h3>\n<p>Fabrika, geleneksel solvent bazl\u0131 proseslerin yerine Almanya'dan ithal edilen su bazl\u0131 film kaplama ekipmanlar\u0131n\u0131 kullanarak zararl\u0131 u\u00e7ucular\u0131n 90%'sini azaltmaktad\u0131r; 95% su kayna\u011f\u0131n\u0131n yeniden kullan\u0131m\u0131n\u0131 sa\u011flamak i\u00e7in kapal\u0131 d\u00f6ng\u00fc at\u0131k su ar\u0131tma sistemi kurmaktad\u0131r. Ambalaj malzemelerinin 100%'sinde FSC sertifikal\u0131 ka\u011f\u0131t hamuru kullan\u0131lmakta ve ISO 14001 \u00e7evre y\u00f6netim sistemine uygun olan i\u00e7 kutuya 30% geri d\u00f6n\u00fc\u015ft\u00fcr\u00fclm\u00fc\u015f elyaf eklenmektedir. 2024'te karbon ayak izi sertifikas\u0131n\u0131 ge\u00e7mi\u015ftir ve kutu ba\u015f\u0131na karbon emisyonu sekt\u00f6r ortalamas\u0131ndan 40% daha d\u00fc\u015f\u00fckt\u00fcr.<\/p>\n<h3 id=\"7-compliance-and-sustainable-development-dual-drive-\">7.\u00a0<strong>Uyumluluk ve s\u00fcrd\u00fcr\u00fclebilir kalk\u0131nma ikili s\u00fcr\u00fc\u015f\u00fc<\/strong><\/h3>\n<p>\"Elektronik Sigara Y\u00f6netim \u00d6nlemleri\" ve AB TPD Direktifine s\u0131k\u0131 s\u0131k\u0131ya uyun ve t\u00fcm \u00fcr\u00fcnler EN 71-1 mekanik fiziksel g\u00fcvenlik testlerini ve ISO 9001 kalite sistem sertifikas\u0131n\u0131 ge\u00e7er.<\/p>","protected":false},"excerpt":{"rendered":"<p>End\u00fcstriyel tasar\u0131m esteti\u011fini, y\u00fcksek standartl\u0131 g\u00fcvenlik standartlar\u0131n\u0131 ve d\u00f6ng\u00fcsel ekonomi kavramlar\u0131n\u0131 entegre ederek, elektronik sigara markalar\u0131na, \u00f6zellikle \u00fcst u\u00e7ta konumland\u0131r\u0131lan ve ESG imaj\u0131na odaklanan CBD elektronik sigara \u015firketleri i\u00e7in hem pazarda rekabet\u00e7i hem de sosyal a\u00e7\u0131dan sorumlu \u00fcr\u00fcn \u00e7\u00f6z\u00fcmleri sunuyoruz.<\/p>","protected":false},"featured_media":800,"template":"","meta":{"_kad_post_transparent":"default","_kad_post_title":"","_kad_post_layout":"default","_kad_post_sidebar_id":"","_kad_post_content_style":"default","_kad_post_vertical_padding":"default","_kad_post_feature":"","_kad_post_feature_position":"","_kad_post_header":false,"_kad_post_footer":false,"_kad_post_classname":""},"product_brand":[],"product_cat":[15,20,40,17],"product_tag":[295,294,296],"class_list":{"0":"post-795","1":"product","2":"type-product","3":"status-publish","4":"has-post-thumbnail","6":"product_cat-red-light-therapy","7":"product_cat-led-face-light-therapy","8":"product_cat-red-light-therapy-panel","9":"product_cat-services","10":"product_tag-child-resistant-box","11":"product_tag-customized-paperboard-box","12":"product_tag-slider-box-supplier","14":"first","15":"instock","16":"shipping-taxable","17":"product-type-simple","18":"entry","19":"content-bg","20":"loop-entry"},"_links":{"self":[{"href":"https:\/\/red-lighttherapy.com\/tr\/wp-json\/wp\/v2\/product\/795","targetHints":{"allow":["GET"]}}],"collection":[{"href":"https:\/\/red-lighttherapy.com\/tr\/wp-json\/wp\/v2\/product"}],"about":[{"href":"https:\/\/red-lighttherapy.com\/tr\/wp-json\/wp\/v2\/types\/product"}],"wp:featuredmedia":[{"embeddable":true,"href":"https:\/\/red-lighttherapy.com\/tr\/wp-json\/wp\/v2\/media\/800"}],"wp:attachment":[{"href":"https:\/\/red-lighttherapy.com\/tr\/wp-json\/wp\/v2\/media?parent=795"}],"wp:term":[{"taxonomy":"product_brand","embeddable":true,"href":"https:\/\/red-lighttherapy.com\/tr\/wp-json\/wp\/v2\/product_brand?post=795"},{"taxonomy":"product_cat","embeddable":true,"href":"https:\/\/red-lighttherapy.com\/tr\/wp-json\/wp\/v2\/product_cat?post=795"},{"taxonomy":"product_tag","embeddable":true,"href":"https:\/\/red-lighttherapy.com\/tr\/wp-json\/wp\/v2\/product_tag?post=795"}],"curies":[{"name":"wp","href":"https:\/\/api.w.org\/{rel}","templated":true}]}}