{"id":788,"date":"2025-04-14T16:24:13","date_gmt":"2025-04-14T16:24:13","guid":{"rendered":"https:\/\/red-lighttherapy.com\/?post_type=product&#038;p=788"},"modified":"2025-04-15T02:13:05","modified_gmt":"2025-04-15T02:13:05","slug":"custom-child-resistant-boxes-drawer-rigid-box-manufacturer","status":"publish","type":"product","link":"https:\/\/red-lighttherapy.com\/tr\/custom-child-resistant-boxes-drawer-rigid-box-manufacturer\/","title":{"rendered":"\u00d6zel \u00c7ocuk Dayan\u0131kl\u0131 Kutular \u00c7ekmece Sert Kutu \u00dcreticisi"},"content":{"rendered":"<h3 id=\"1-selected-high-quality-coated-paper-printing-touch-film-enhances-texture-\">1.\u00a0<strong>Se\u00e7ilmi\u015f y\u00fcksek kaliteli ku\u015fe ka\u011f\u0131t bask\u0131, dokunmatik film dokuyu geli\u015ftirir<\/strong><\/h3>\n<p>\u00dcretici, hediye kutusu y\u00fczeyini hassas ve p\u00fcr\u00fczs\u00fcz, dokunuldu\u011funda yumu\u015fak ve \u00e7izilmeye kar\u015f\u0131 dayan\u0131kl\u0131 hale getirmek i\u00e7in dokunmatik film i\u015flemiyle birlikte temel malzeme olarak y\u00fcksek kaliteli ku\u015fe ka\u011f\u0131t kullan\u0131r. Ku\u015fe ka\u011f\u0131t, y\u00fcksek hassasiyetli desen sunumu elde etmek i\u00e7in ofset bask\u0131, UV bask\u0131 ve di\u011fer teknolojileri kullan\u0131rken, dokunmatik film g\u00f6rsel katman\u0131 geli\u015ftirerek hediye kutusuna \u00fcst d\u00fczey bir doku ve do\u011fal bir atmosfer kazand\u0131rabilir.<\/p>\n<h3 id=\"2-traditional-and-modern-elements-are-integrated-and-the-cultural-charm-is-unique-\">2.\u00a0<strong>Geleneksel ve modern unsurlar entegre edilmi\u015ftir ve k\u00fclt\u00fcrel cazibe benzersizdir<\/strong><\/h3>\n<p>Tasar\u0131m ekibi geleneksel desenleri (u\u011furlu bulutlar ve lotus gibi) modern geometrik \u00e7izgilerle birle\u015ftiriyor ve soyut sadele\u015ftirme yoluyla k\u00fclt\u00fcrel cazibeyi koruyor. Renklerde \u00c7in k\u0131rm\u0131z\u0131s\u0131, mavisi ve beyaz mavisi gibi geleneksel renkler kullan\u0131l\u0131yor ve klasik cazibe ile moday\u0131 birle\u015ftiren g\u00f6rsel bir ifade olu\u015fturmak i\u00e7in degrade ve kontrast renkler gibi pop\u00fcler trendler bir araya getiriliyor.<\/p>\n<h3 id=\"3-drawer-type-box-structure-both-protection-and-fun-\">3.\u00a0<strong>\u00c7ekmece tipi kutu yap\u0131s\u0131, hem koruma hem e\u011flence<\/strong><\/h3>\n<p>\u00c7ift katmanl\u0131 veya gizli \u00e7ekmece tasar\u0131m\u0131n\u0131 benimseyin, \u00e7ekmecenin i\u00e7 b\u00f6lmesi farkl\u0131 boyutlardaki hediyelere uyum sa\u011flayacak \u015fekilde \u00f6zelle\u015ftirilebilir ve kademeli a\u00e7ma ve kapama tasar\u0131m\u0131, \u00e7ekmece a\u00e7\u0131ld\u0131\u011f\u0131nda \u0131\u015f\u0131\u011f\u0131 veya desen kademeli g\u00f6r\u00fcn\u00fcm efektini tetiklemek gibi e\u011flenceyi art\u0131r\u0131r.<\/p>\n<h3 id=\"4-opening-and-closing-ritual-design-\">4.\u00a0<strong>A\u00e7\u0131l\u0131\u015f ve kapan\u0131\u015f rit\u00fcel tasar\u0131m\u0131<\/strong><\/h3>\n<p>Hafif ve yumu\u015fak a\u00e7\u0131l\u0131p kapanma sa\u011flamak i\u00e7in \u00e7ekmece ray\u0131n\u0131 ve s\u00f6n\u00fcmleme sistemini optimize edin. Baz\u0131 stiller, paket a\u00e7ma rit\u00fceli hissini artt\u0131rmak i\u00e7in a\u00e7\u0131ld\u0131\u011f\u0131nda bir \"t\u0131k\" sesi veya yava\u015flama efektinin e\u015flik etti\u011fi manyetik tokalar veya yayl\u0131 cihazlarla donat\u0131lm\u0131\u015ft\u0131r. Baz\u0131 \u00fcst d\u00fczey modeller, kutunun a\u00e7\u0131ld\u0131\u011f\u0131 anda marka logolar\u0131n\u0131 veya dinamik \u0131\u015f\u0131k ve g\u00f6lgeleri yans\u0131tmak i\u00e7in LED \u0131\u015f\u0131k \u015feritleriyle birle\u015ftirilebilir.<\/p>\n<h3 id=\"5-partial-uv-printing-strengthens-brand-logo-\">5.\u00a0<strong>K\u0131smi UV bask\u0131 marka logosunu g\u00fc\u00e7lendirir<\/strong><\/h3>\n<p>Y\u00fcksek parlakl\u0131kta \u00fc\u00e7 boyutlu kaplama yoluyla marka LOGO'sunu, maskotunu veya k\u00fclt\u00fcrel sembol\u00fcn\u00fc vurgulamak i\u00e7in kutu kapa\u011f\u0131 ve \u00e7ekmece kenar\u0131 gibi kilit konumlarda yerel UV teknolojisini kullan\u0131n. UV m\u00fcrekkep a\u015f\u0131nmaya ve \u00e7izilmeye kar\u015f\u0131 dayan\u0131kl\u0131 \u00f6zelliklere sahiptir, desenin uzun s\u00fcreli netli\u011fini sa\u011flarken g\u00f6rsel etkiyi art\u0131rmak i\u00e7in mat alt tabaka ile bir doku kontrast\u0131 olu\u015fturur.<\/p>\n<h3 id=\"6-industry-experience-and-quality-assurance-\">6.\u00a0<strong>Sekt\u00f6r deneyimi ve kalite g\u00fcvencesi<\/strong><\/h3>\n<p>\u00dcretici, 16 y\u0131ldan fazla ambalaj \u00f6zelle\u015ftirme deneyimine sahiptir, ISO 9001 kalite y\u00f6netim sistemi sertifikas\u0131n\u0131 ge\u00e7mi\u015ftir ve anne ve \u00e7ocuk bak\u0131m\u0131, g\u00fczellik ve elektronik buharla\u015ft\u0131r\u0131c\u0131lar gibi bir\u00e7ok alanda markalara hizmet vermi\u015ftir. \u00dcr\u00fcnlerin uluslararas\u0131 ihracat gereksinimlerini kar\u015f\u0131lamas\u0131n\u0131 sa\u011flamak i\u00e7in CE ve RoHS gibi g\u00fcvenlik standartlar\u0131na uymaktad\u0131r.<\/p>\n<h3 id=\"7-intelligent-production-and-after-sales-service-\">7.\u00a0<strong>Ak\u0131ll\u0131 \u00fcretim ve sat\u0131\u015f sonras\u0131 servis<\/strong><\/h3>\n<p>ERP ve MES sistemlerinin konu\u015fland\u0131r\u0131lmas\u0131, t\u00fcm sipari\u015f s\u00fcrecinin dijital y\u00f6netimini ger\u00e7ekle\u015ftirerek tasar\u0131m ve provadan seri \u00fcretime kadar olan d\u00f6ng\u00fcy\u00fc 30% ile k\u0131salt\u0131r. Ambalaj yap\u0131s\u0131 optimizasyon \u00f6nerileri, hasarl\u0131 de\u011fi\u015ftirme ve acil sipari\u015f h\u0131zland\u0131r\u0131lm\u0131\u015f i\u015fleme dahil olmak \u00fczere \u00f6zelle\u015ftirilmi\u015f sat\u0131\u015f sonras\u0131 hizmetler sa\u011flay\u0131n ve k\u00fcresel lojistik takibini destekleyin.<\/p>\n<p>&nbsp;<\/p>","protected":false},"excerpt":{"rendered":"<p>Markan\u0131n farkl\u0131la\u015ft\u0131r\u0131lm\u0131\u015f ambalaj ve kullan\u0131c\u0131 deneyimi y\u00fckseltme ihtiya\u00e7lar\u0131n\u0131 kar\u015f\u0131lamak i\u00e7in malzeme yenili\u011fi, k\u00fclt\u00fcrel g\u00fc\u00e7lendirme ve ak\u0131ll\u0131 \u00fcretim yoluyla i\u015flevsel, sanatsal ve g\u00fcvenli bir \u00e7ocuk koruma hediye kutusu yarat\u0131yoruz.<\/p>","protected":false},"featured_media":794,"template":"","meta":{"_kad_post_transparent":"default","_kad_post_title":"","_kad_post_layout":"default","_kad_post_sidebar_id":"","_kad_post_content_style":"default","_kad_post_vertical_padding":"default","_kad_post_feature":"","_kad_post_feature_position":"","_kad_post_header":false,"_kad_post_footer":false,"_kad_post_classname":""},"product_brand":[],"product_cat":[15,20,40,17],"product_tag":[292,291,293],"class_list":{"0":"post-788","1":"product","2":"type-product","3":"status-publish","4":"has-post-thumbnail","6":"product_cat-red-light-therapy","7":"product_cat-led-face-light-therapy","8":"product_cat-red-light-therapy-panel","9":"product_cat-services","10":"product_tag-child-resistant-boxes","11":"product_tag-custom-boxes","12":"product_tag-drawer-box-manufacturer","14":"first","15":"instock","16":"shipping-taxable","17":"product-type-simple","18":"entry","19":"content-bg","20":"loop-entry"},"_links":{"self":[{"href":"https:\/\/red-lighttherapy.com\/tr\/wp-json\/wp\/v2\/product\/788","targetHints":{"allow":["GET"]}}],"collection":[{"href":"https:\/\/red-lighttherapy.com\/tr\/wp-json\/wp\/v2\/product"}],"about":[{"href":"https:\/\/red-lighttherapy.com\/tr\/wp-json\/wp\/v2\/types\/product"}],"wp:featuredmedia":[{"embeddable":true,"href":"https:\/\/red-lighttherapy.com\/tr\/wp-json\/wp\/v2\/media\/794"}],"wp:attachment":[{"href":"https:\/\/red-lighttherapy.com\/tr\/wp-json\/wp\/v2\/media?parent=788"}],"wp:term":[{"taxonomy":"product_brand","embeddable":true,"href":"https:\/\/red-lighttherapy.com\/tr\/wp-json\/wp\/v2\/product_brand?post=788"},{"taxonomy":"product_cat","embeddable":true,"href":"https:\/\/red-lighttherapy.com\/tr\/wp-json\/wp\/v2\/product_cat?post=788"},{"taxonomy":"product_tag","embeddable":true,"href":"https:\/\/red-lighttherapy.com\/tr\/wp-json\/wp\/v2\/product_tag?post=788"}],"curies":[{"name":"wp","href":"https:\/\/api.w.org\/{rel}","templated":true}]}}