{"id":782,"date":"2025-04-14T13:27:51","date_gmt":"2025-04-14T13:27:51","guid":{"rendered":"https:\/\/red-lighttherapy.com\/?post_type=product&#038;p=782"},"modified":"2025-04-15T02:36:25","modified_gmt":"2025-04-15T02:36:25","slug":"leatherette-paper-jewelry-earrings-slider-rigid-box-dealer","status":"publish","type":"product","link":"https:\/\/red-lighttherapy.com\/tr\/leatherette-paper-jewelry-earrings-slider-rigid-box-dealer\/","title":{"rendered":"Deri Ka\u011f\u0131t Tak\u0131 K\u00fcpe S\u00fcrg\u00fc Sert Kutu Sat\u0131c\u0131s\u0131"},"content":{"rendered":"<h2 id=\"-artificial-leather-paper-jewelry-earrings-slide-cover-hard-box-high-end-customized-packaging-solutions-\"><strong>Suni deri ka\u011f\u0131t tak\u0131 k\u00fcpe slayt kapak sert kutu | \u00dcst d\u00fczey \u00f6zelle\u015ftirilmi\u015f ambalaj \u00e7\u00f6z\u00fcmleri<\/strong><\/h2>\n<h2 id=\"-1-seiko-drawer-style-box-design-zero-error-and-anti-slip-rail-\"><strong>1. Seiko ka\u011f\u0131t \u00e7ekmece kutusu tasar\u0131m\u0131, s\u0131f\u0131r hata ve kaymaz ray<\/strong><\/h2>\n<ul>\n<li>Hassas kal\u0131p teknolojisiyle \u00fcretilen ka\u011f\u0131t \u00e7ekmecesi a\u00e7ma ve kapama yap\u0131s\u0131, y\u00fcksek hassasiyetli ray sistemiyle birle\u015ferek sorunsuz bir itme-\u00e7ekme deneyimi sunar ve a\u00e7ma ve kapama s\u0131ras\u0131nda s\u0131k\u0131\u015fma olmamas\u0131n\u0131 ve s\u0131f\u0131r hata yap\u0131lmas\u0131n\u0131 sa\u011flar.<\/li>\n<li>Yerle\u015fik iz s\u0131n\u0131rlay\u0131c\u0131, kazara kaymay\u0131 veya a\u015f\u0131r\u0131 \u00e7ekmeyi etkili bir \u015fekilde \u00f6nleyerek ta\u015f\u0131ma veya sergileme s\u0131ras\u0131nda m\u00fccevherlerin mutlak g\u00fcvenli\u011fini sa\u011flar.<\/li>\n<\/ul>\n<h2 id=\"-2-humanized-corner-processing-safety-and-toughness-coexist-\"><strong>2. \u0130nsanc\u0131lla\u015ft\u0131r\u0131lm\u0131\u015f k\u00f6\u015fe i\u015fleme, g\u00fcvenlik ve tokluk bir arada<\/strong><\/h2>\n<ul>\n<li>Kutu g\u00f6vdesinin k\u00f6\u015feleri benimsenir\u00a0<strong>mikro ark pah k\u0131rma teknolojisi<\/strong>Bu da dik a\u00e7\u0131l\u0131 sert esteti\u011fi en \u00fcst d\u00fczeye \u00e7\u0131kar\u0131rken, keskin k\u00f6\u015felerin elleri kesme tehlikesini ortadan kald\u0131r\u0131r ve tutma konforunu art\u0131r\u0131r.<\/li>\n<li>T\u00fcm kutu g\u00f6vdesi, \u00fcst d\u00fczey doku ve pratik deneyim dikkate al\u0131narak hassas ve a\u015f\u0131nmaya ve lekeye dayan\u0131kl\u0131 mat suni deri ka\u011f\u0131t y\u00fczeyle kaplanm\u0131\u015ft\u0131r.<\/li>\n<\/ul>\n<h2 id=\"-3-environmentally-certified-special-paper-substrate-delivering-sustainable-value-\"><strong>3. S\u00fcrd\u00fcr\u00fclebilir de\u011fer sa\u011flayan, \u00e7evre sertifikal\u0131 \u00f6zel ka\u011f\u0131t substrat<\/strong><\/h2>\n<ul>\n<li>Ana malzeme \u015fudur\u00a0<strong>FSC sertifikal\u0131 \u00f6zel deri ka\u011f\u0131t<\/strong>hammaddeler s\u00fcrd\u00fcr\u00fclebilir \u015fekilde y\u00f6netilen ormanlardan gelir ve k\u00fcresel \u00e7evre standartlar\u0131n\u0131 kar\u015f\u0131lar.<\/li>\n<li>\u00c7evre dostu \u00fcretim s\u00fcre\u00e7leri sayesinde karbon emisyonlar\u0131 azalt\u0131larak markalar\u0131n ye\u015fil bir imaj olu\u015fturmas\u0131na yard\u0131mc\u0131 olunur ve Z ku\u015fa\u011f\u0131 ile y\u00fcksek gelirli bireylerin s\u00fcrd\u00fcr\u00fclebilir t\u00fcketim tercihleriyle do\u011fru bir \u015fekilde e\u015fle\u015fir.<\/li>\n<\/ul>\n<h2 id=\"-4-luxurious-hot-stamping-technology-visual-texture-upgraded-\"><strong>4. L\u00fcks s\u0131cak damgalama teknolojisi, y\u00fckseltilmi\u015f g\u00f6rsel doku<\/strong><\/h2>\n<ul>\n<li>Kutu y\u00fczeyi \u00f6zelle\u015ftirilebilir<strong>\u00a0s\u0131cak damgalama\/g\u00fcm\u00fc\u015f\/renkli alt\u0131n teknolojisi<\/strong>Marka logolar\u0131n\u0131n, desenlerin veya sanatsal metinlerin y\u00fcksek hassasiyetli sunumunu destekleyerek \u00fc\u00e7 boyutlu bir r\u00f6lyef etkisi yarat\u0131r.<\/li>\n<li>Mat ka\u011f\u0131t y\u00fczeyi metalik parlakl\u0131kla birle\u015ftirilerek g\u00fc\u00e7l\u00fc bir kontrast g\u00f6rsel hiyerar\u015fi olu\u015fturulur ve ambalaja \u00fcst d\u00fczey hediye \u00f6zellikleri ve marka tan\u0131n\u0131rl\u0131\u011f\u0131 kazand\u0131r\u0131l\u0131r.<\/li>\n<\/ul>\n<h2 id=\"-5-embedded-eva-anti-seismic-lining-all-round-protection-of-jewelry-\"><strong>5. G\u00f6m\u00fcl\u00fc EVA anti-sismik astar, m\u00fccevherlerin \u00e7ok y\u00f6nl\u00fc korunmas\u0131<\/strong><\/h2>\n<ul>\n<li>G\u00f6m\u00fcl\u00fc hassas kal\u0131planm\u0131\u015f\u00a0<strong>EVA entegre tampon astar<\/strong>\u00a0K\u00fcpe ve bilezik gibi \u00f6zel \u015fekilli tak\u0131lar\u0131n hatlar\u0131na uyum sa\u011flayarak ta\u015f\u0131ma s\u0131ras\u0131nda sars\u0131nt\u0131, s\u00fcrt\u00fcnme ve ekstr\u00fczyonu \u00f6nler.<\/li>\n<li>Astar kal\u0131nl\u0131\u011f\u0131 iste\u011fe ba\u011fl\u0131d\u0131r (2mm-5mm) ve birden fazla m\u00fccevher kombinasyonu kategorisinin depolama ihtiya\u00e7lar\u0131 i\u00e7in uygun olan b\u00f6l\u00fcmlere ayr\u0131lm\u0131\u015f ve katmanl\u0131 tasar\u0131m\u0131 destekler ve \u00fcr\u00fcnlerin m\u00fc\u015fterilere bozulmadan teslim edilmesini sa\u011flar.<\/li>\n<\/ul>\n<h2 id=\"-6-full-dimensional-customized-services-to-meet-brand-differentiation-needs-\"><strong>6. Marka farkl\u0131la\u015ft\u0131rma ihtiya\u00e7lar\u0131n\u0131 kar\u015f\u0131lamak i\u00e7in tam boyutlu \u00f6zelle\u015ftirilmi\u015f hizmetler<\/strong><\/h2>\n<ul>\n<li><strong>Esnek kutu tasar\u0131m\u0131<\/strong>: \u00c7ekmece tipi, \u00e7evirme tipi, manyetik emme tipi vb. gibi \u00e7oklu a\u00e7ma ve kapama y\u00f6ntemlerini destekler ve boyut \u00f6zelle\u015ftirilebilir (minimum 5cm\u00b3, maksimum 30cm\u00b3).<\/li>\n<li><strong>Ki\u015fiselle\u015ftirilmi\u015f el i\u015fi e\u015fle\u015ftirme<\/strong>: Kabartma, UV bask\u0131, serigrafi bask\u0131, lazer kaz\u0131ma gibi iste\u011fe ba\u011fl\u0131 y\u00fczey i\u015flemleri ve ayn\u0131 anda ka\u011f\u0131t bazl\u0131, metal, kuma\u015f ve di\u011fer malzeme kar\u0131\u015f\u0131m\u0131 ve e\u015fle\u015ftirme \u00e7\u00f6z\u00fcmleri sunar.<\/li>\n<li><strong>Markaya \u00f6zel bask\u0131<\/strong>: Kutu g\u00f6vdesinin d\u0131\u015f bask\u0131s\u0131ndan astar \u015ferit etiketine kadar, entegre bir marka imaj\u0131 olu\u015fturmak i\u00e7in marka VI unsurlar\u0131n\u0131n derinlemesine yerle\u015ftirilmesi s\u00fcre\u00e7 boyunca desteklenir.<\/li>\n<\/ul>\n<h2 id=\"-application-scenarios-and-customer-value-\"><strong>Uygulama senaryolar\u0131 ve m\u00fc\u015fteri de\u011feri<\/strong><\/h2>\n<p>\ud83d\udd38\u00a0<strong>M\u00fccevher markalar\u0131<\/strong>--\u00dcr\u00fcn katma de\u011ferini art\u0131r\u0131n ve \u00fcst d\u00fczey pazar konumland\u0131rmas\u0131n\u0131 g\u00fc\u00e7lendirin; \ud83d\udd38\u00a0<strong>Hediye \u00f6zelle\u015ftirme \u015firketleri<\/strong>-Farkl\u0131la\u015ft\u0131r\u0131lm\u0131\u015f paketleme yoluyla hediye veren m\u00fc\u015fterileri \u00e7ekmek ve m\u00fc\u015fteri birim fiyat\u0131n\u0131 art\u0131rmak; \ud83d\udd38\u00a0<strong>E-ticaret kanallar\u0131<\/strong>--Lojistik koruma performans\u0131n\u0131 optimize edin ve sat\u0131\u015f sonras\u0131 kay\u0131p oran\u0131n\u0131 azalt\u0131n; \ud83d\udd38\u00a0<strong>\u00c7evre dostu markalar<\/strong>--S\u00fcrd\u00fcr\u00fclebilir kavramlar\u0131 iletmek ve kullan\u0131c\u0131 tan\u0131n\u0131rl\u0131\u011f\u0131n\u0131 art\u0131rmak i\u00e7in FSC sertifikal\u0131 ambalajlar kullan\u0131n.<\/p>","protected":false},"excerpt":{"rendered":"<p>Bu deri ka\u011f\u0131t tak\u0131 slayt kapa\u011f\u0131 sert kutusu, k\u00fcpeler, bilezikler ve y\u00fcz\u00fckler gibi zarif m\u00fccevherler i\u00e7in \u00f6zel olarak tasarlanm\u0131\u015ft\u0131r. G\u00fcvenlik korumas\u0131, l\u00fcks estetik ve y\u00fcksek ki\u015fiselle\u015ftirmeyi bir araya getiren bir ambalaj \u00e7\u00f6z\u00fcm\u00fc olu\u015fturmak i\u00e7in i\u015f\u00e7ilik ve \u00e7evre koruma konseptlerini birle\u015ftirir. Marka perakendecili\u011fi, \u00fcst d\u00fczey hediyeler ve \u00f6zel \u00f6zelle\u015ftirme senaryolar\u0131 i\u00e7in uygundur ve m\u00fccevher \u00fcr\u00fcnlerinize i\u00e7ten d\u0131\u015fa kalite g\u00fcvencesi ve g\u00f6rsel gerilim sa\u011flar.<\/p>","protected":false},"featured_media":804,"template":"","meta":{"_kad_post_transparent":"default","_kad_post_title":"","_kad_post_layout":"default","_kad_post_sidebar_id":"","_kad_post_content_style":"default","_kad_post_vertical_padding":"default","_kad_post_feature":"","_kad_post_feature_position":"","_kad_post_header":false,"_kad_post_footer":false,"_kad_post_classname":""},"product_brand":[],"product_cat":[15,20,17],"product_tag":[298,299,297],"class_list":{"0":"post-782","1":"product","2":"type-product","3":"status-publish","4":"has-post-thumbnail","6":"product_cat-red-light-therapy","7":"product_cat-led-face-light-therapy","8":"product_cat-services","9":"product_tag-earrings-slider-rigid-box","10":"product_tag-jewelry-earrings-rigid-box-dealer","11":"product_tag-leatherette-paper-jewelry-box","13":"first","14":"instock","15":"shipping-taxable","16":"product-type-simple","17":"entry","18":"content-bg","19":"loop-entry"},"_links":{"self":[{"href":"https:\/\/red-lighttherapy.com\/tr\/wp-json\/wp\/v2\/product\/782","targetHints":{"allow":["GET"]}}],"collection":[{"href":"https:\/\/red-lighttherapy.com\/tr\/wp-json\/wp\/v2\/product"}],"about":[{"href":"https:\/\/red-lighttherapy.com\/tr\/wp-json\/wp\/v2\/types\/product"}],"wp:featuredmedia":[{"embeddable":true,"href":"https:\/\/red-lighttherapy.com\/tr\/wp-json\/wp\/v2\/media\/804"}],"wp:attachment":[{"href":"https:\/\/red-lighttherapy.com\/tr\/wp-json\/wp\/v2\/media?parent=782"}],"wp:term":[{"taxonomy":"product_brand","embeddable":true,"href":"https:\/\/red-lighttherapy.com\/tr\/wp-json\/wp\/v2\/product_brand?post=782"},{"taxonomy":"product_cat","embeddable":true,"href":"https:\/\/red-lighttherapy.com\/tr\/wp-json\/wp\/v2\/product_cat?post=782"},{"taxonomy":"product_tag","embeddable":true,"href":"https:\/\/red-lighttherapy.com\/tr\/wp-json\/wp\/v2\/product_tag?post=782"}],"curies":[{"name":"wp","href":"https:\/\/api.w.org\/{rel}","templated":true}]}}