{"id":776,"date":"2025-04-14T12:26:14","date_gmt":"2025-04-14T12:26:14","guid":{"rendered":"https:\/\/red-lighttherapy.com\/?post_type=product&#038;p=776"},"modified":"2025-04-14T12:50:33","modified_gmt":"2025-04-14T12:50:33","slug":"china-kraft-paper-folding-carton-for-lip-balm-gloss-eyeliner","status":"publish","type":"product","link":"https:\/\/red-lighttherapy.com\/tr\/china-kraft-paper-folding-carton-for-lip-balm-gloss-eyeliner\/","title":{"rendered":"\u00c7in Dudak Balsam\u0131 Parlak Eyeliner i\u00e7in Kraft Ka\u011f\u0131t Katlan\u0131r Karton"},"content":{"rendered":"<h2 id=\"-product-description-of-chinese-kraft-paper-folding-carton-\"><strong>Dudak Balsam\u0131 Parlak Eyeliner i\u00e7in \u00c7in Kraft Ka\u011f\u0131t Katlan\u0131r Karton \u00dcr\u00fcn A\u00e7\u0131klamas\u0131<\/strong><\/h2>\n<h2 id=\"-1-natural-materials-and-environmental-certification-\"><strong>1. Do\u011fal Malzemeler ve \u00c7evre Sertifikasyonu<\/strong><\/h2>\n<p>Bu \u00fcr\u00fcn do\u011fal zanaat hamurundan yap\u0131lm\u0131\u015ft\u0131r ve hammaddeler s\u00fcrekli orman kaynaklar\u0131ndan elde edilmektedir. \u00dcretim s\u00fcreci, hammaddeden bitmi\u015f \u00fcr\u00fcnlere kadar t\u00fcm serinin \u00e7evresel izlenebilirli\u011fini sa\u011flayan FSC Sertifikasyon Belgelendirme standartlar\u0131n\u0131 s\u0131k\u0131 bir \u015fekilde takip etmektedir. Ka\u011f\u0131t sert ve do\u011fal matt\u0131r, bu da sadece kraft ka\u011f\u0131d\u0131n orijinal dokusunu korumakla kalmaz, ayn\u0131 zamanda AB'nin ambalaj malzemelerinin geri d\u00f6n\u00fc\u015ft\u00fcr\u00fclebilirli\u011fi ve a\u011f\u0131r metal kal\u0131nt\u0131s\u0131 i\u00e7ermemesine ili\u015fkin gerekliliklerini de kar\u015f\u0131lar.<\/p>\n<h2 id=\"-2-hot-stamping-process-and-visual-presentation-\"><strong>2. S\u0131cak damgalama i\u015flemi ve g\u00f6rsel sunum<\/strong><\/h2>\n<p>Geli\u015ftirmek i\u00e7in\u00a0<strong>l\u00fcks ve marka taninirli\u011fi<\/strong>\u00a0kulland\u0131\u011f\u0131m\u0131z ambalaj\u0131n\u00a0<strong>\u00f6zel s\u0131cak damgalama i\u015flemi<\/strong>. Hassas metal folyo s\u0131cak presleme teknolojisi sayesinde, marka logosu, desen veya metin kutu y\u00fczeyinde sunulabilir ve \u00fcr\u00fcne y\u00fcksek kaliteli bir g\u00f6rsel etki kazand\u0131r\u0131r. S\u0131cak bask\u0131 k\u0131sm\u0131 a\u015f\u0131nmaya kar\u015f\u0131 son derece dayan\u0131kl\u0131d\u0131r ve kraft ka\u011f\u0131d\u0131n do\u011fal dokusu ile sade ve zarif bir kontrast etkisi olu\u015fturur.<\/p>\n<h2 id=\"-3-moisture-proof-performance-and-surface-treatment-\"><strong>3. Nem ge\u00e7irmezlik performans\u0131 ve y\u00fczey i\u015flemi<\/strong><\/h2>\n<p>Ambalaj kutusunun y\u00fczeyi\u00a0<strong>\u00e7evre dostu laminasyon teknolojisi<\/strong>\u00a0Nem giri\u015fini etkili bir \u015fekilde izole eden ve kutu g\u00f6vdesinin nemli bir ortamda (banyo, y\u00fcksek s\u0131cakl\u0131kta depolama gibi) d\u00fcz kalmas\u0131n\u0131 ve deforme olmamas\u0131n\u0131 sa\u011flayan \u015feffaf bir koruyucu tabaka olu\u015fturmak i\u00e7in. Laminasyon malzemesi g\u0131da s\u0131n\u0131f\u0131 g\u00fcvenlik standartlar\u0131n\u0131 kar\u015f\u0131lar, toksik de\u011fildir ve zarars\u0131zd\u0131r ve kutu y\u00fczeyinin \u00e7izilme direncini art\u0131r\u0131r.<\/p>\n<h2 id=\"-4-flexible-size-customization-service-\"><strong>4. Esnek boyut \u00f6zelle\u015ftirme hizmeti<\/strong><\/h2>\n<p>Biz destekliyoruz\u00a0<strong>tam boyutlu \u00f6zelle\u015fti\u0307rme<\/strong>ve ambalaj kutusunun i\u00e7 \u00e7ap\u0131n\u0131 ve y\u00fcksekli\u011fini m\u00fc\u015fteri taraf\u0131ndan sa\u011flanan ruj veya eyeliner \u00f6zelliklerine (\u00e7ap, uzunluk gibi) g\u00f6re ayarlayabilir. \u00d6rne\u011fin:<\/p>\n<ul>\n<li><strong>Ruj kutusu<\/strong>: Ortak boyut aral\u0131\u011f\u0131 15<em>15<\/em>80 mm ila 25<em>25<\/em>120 mm;<\/li>\n<li><strong>Eyeliner kutusu<\/strong>: \u0130nce \u00fcr\u00fcnler i\u00e7in uygundur, \u00f6nerilen beden 12<em>12<\/em>130 mm ila 18<em>18<\/em>150 mm.<\/li>\n<\/ul>\n<h2 id=\"-5-diversified-box-type-selection-\"><strong>5. \u00c7e\u015fitlendirilmi\u015f kutu tipi se\u00e7imi<\/strong><\/h2>\n<p>Temel katlan\u0131r kutuya ek olarak a\u015fa\u011f\u0131dakileri de sa\u011fl\u0131yoruz\u00a0<strong>\u00fcst d\u00fczey kutu tipi \u00e7\u00f6z\u00fcmler<\/strong>\u00a0Farkl\u0131 marka konumland\u0131rmalar\u0131n\u0131n ihtiya\u00e7lar\u0131n\u0131 kar\u015f\u0131lamak i\u00e7in:<\/p>\n<ul>\n<li><strong>Kapak ve Taban Kutusu<\/strong>: \u00dcst ve alt b\u00f6l\u00fcnm\u00fc\u015f tasar\u0131m, \u00fcst d\u00fczey hediye ambalajlar\u0131 i\u00e7in uygun, g\u00fc\u00e7l\u00fc bir a\u00e7\u0131l\u0131\u015f ve kapan\u0131\u015f t\u00f6reni hissine sahiptir;<\/li>\n<li><strong>\u00c7ekmece Kutusu<\/strong>: \u00c7ekmece tipi yap\u0131, \u00fcr\u00fcn\u00fc sabitlemek i\u00e7in hem pratik hem de ilgin\u00e7 olan yerle\u015fik bir kart yuvas\u0131na sahiptir;<\/li>\n<li><strong>Manyetik Kapakl\u0131 Kutu<\/strong>: Kutu kapa\u011f\u0131, s\u0131k perakende senaryolar\u0131 i\u00e7in uygun, s\u0131k\u0131ca kapanan ve a\u00e7\u0131l\u0131p kapanmas\u0131 kolay olan yerle\u015fik bir m\u0131knat\u0131sa sahiptir. Di\u011fer iste\u011fe ba\u011fl\u0131 kutu tipleri aras\u0131nda, ihtiyaca g\u00f6re \u00f6zel a\u00e7ma ve kapama yap\u0131lar\u0131n\u0131n tasar\u0131m\u0131n\u0131 destekleyen \u00e7ift ekli kutular, kitap \u015feklindeki kutular vb. bulunur.<\/li>\n<\/ul>\n<h2 id=\"-6-comprehensive-advantages-and-applicable-scenarios-\"><strong>6. Kapsaml\u0131 avantajlar ve uygulanabilir senaryolar<\/strong><\/h2>\n<ul>\n<li><strong>\u00c7evre koruma<\/strong>: 100% biyolojik olarak par\u00e7alanabilir malzemeler, s\u0131n\u0131r \u00f6tesi e-ticaret platformlar\u0131n\u0131n (Amazon ve AliExpress gibi) s\u00fcrd\u00fcr\u00fclebilir ambalajlama gereklilikleri do\u011frultusunda;<\/li>\n<li><strong>Marka g\u00fc\u00e7lendirme<\/strong>: Marka g\u00f6rsel b\u00fct\u00fcnl\u00fc\u011f\u00fcn\u00fc geli\u015ftirmek i\u00e7in LOGO bask\u0131s\u0131n\u0131, spot renk Pantone e\u015fle\u015fmesini ve yerel UV teknolojisini destekler;<\/li>\n<li><strong>Geni\u015f uygulama alan\u0131<\/strong>: Kozmetik tezgahlar\u0131, e-ticaret perakendecili\u011fi, tatil hediye kutular\u0131 ve s\u0131n\u0131rl\u0131 say\u0131da \u00fcr\u00fcn ambalaj\u0131 i\u00e7in uygundur.<\/li>\n<\/ul>","protected":false},"excerpt":{"rendered":"<p>Bu kraft ka\u011f\u0131t ruj ve eyeliner ambalaj kutusu, \u00fcr\u00fcn\u00fc neme dayan\u0131kl\u0131 hale getiren ve nemli bir ortamda deforme olmayacak bir y\u00fczey kaplama i\u015flemine sahiptir. S\u0131cak damgalama i\u015flemi ambalaja l\u00fcks ve y\u00fcksek kaliteli bir g\u00f6rsel sunum kazand\u0131r\u0131r.<\/p>","protected":false},"featured_media":780,"template":"","meta":{"_kad_post_transparent":"default","_kad_post_title":"","_kad_post_layout":"default","_kad_post_sidebar_id":"","_kad_post_content_style":"default","_kad_post_vertical_padding":"default","_kad_post_feature":"","_kad_post_feature_position":"","_kad_post_header":false,"_kad_post_footer":false,"_kad_post_classname":""},"product_brand":[],"product_cat":[15,28,24,17],"product_tag":[288,290,289],"class_list":{"0":"post-776","1":"product","2":"type-product","3":"status-publish","4":"has-post-thumbnail","6":"product_cat-red-light-therapy","7":"product_cat-customize","8":"product_cat-red-light-therapy-bed","9":"product_cat-services","10":"product_tag-cosmetic-packaging-solution","11":"product_tag-custom-lip-gloss-boxes","12":"product_tag-lip-gloss-boxes-bespoke","14":"first","15":"instock","16":"shipping-taxable","17":"product-type-simple","18":"entry","19":"content-bg","20":"loop-entry"},"_links":{"self":[{"href":"https:\/\/red-lighttherapy.com\/tr\/wp-json\/wp\/v2\/product\/776","targetHints":{"allow":["GET"]}}],"collection":[{"href":"https:\/\/red-lighttherapy.com\/tr\/wp-json\/wp\/v2\/product"}],"about":[{"href":"https:\/\/red-lighttherapy.com\/tr\/wp-json\/wp\/v2\/types\/product"}],"wp:featuredmedia":[{"embeddable":true,"href":"https:\/\/red-lighttherapy.com\/tr\/wp-json\/wp\/v2\/media\/780"}],"wp:attachment":[{"href":"https:\/\/red-lighttherapy.com\/tr\/wp-json\/wp\/v2\/media?parent=776"}],"wp:term":[{"taxonomy":"product_brand","embeddable":true,"href":"https:\/\/red-lighttherapy.com\/tr\/wp-json\/wp\/v2\/product_brand?post=776"},{"taxonomy":"product_cat","embeddable":true,"href":"https:\/\/red-lighttherapy.com\/tr\/wp-json\/wp\/v2\/product_cat?post=776"},{"taxonomy":"product_tag","embeddable":true,"href":"https:\/\/red-lighttherapy.com\/tr\/wp-json\/wp\/v2\/product_tag?post=776"}],"curies":[{"name":"wp","href":"https:\/\/api.w.org\/{rel}","templated":true}]}}