{"id":770,"date":"2025-04-14T11:10:04","date_gmt":"2025-04-14T11:10:04","guid":{"rendered":"https:\/\/red-lighttherapy.com\/?post_type=product&#038;p=770"},"modified":"2025-04-14T12:25:23","modified_gmt":"2025-04-14T12:25:23","slug":"vendor-folding-carton-for-bluetooth-earphone-electronics","status":"publish","type":"product","link":"https:\/\/red-lighttherapy.com\/tr\/vendor-folding-carton-for-bluetooth-earphone-electronics\/","title":{"rendered":"Bluetooth Kulakl\u0131k Elektroni\u011fi i\u00e7in Sat\u0131c\u0131 Katlan\u0131r Karton"},"content":{"rendered":"<h2 id=\"-1-double-card-box-design-imported-heidelberg-printing-process-\"><strong>1. \u00c7ift kartl\u0131 kutu tasar\u0131m\u0131 ve ithal Heidelberg bask\u0131 s\u00fcreci<\/strong><\/h2>\n<p>Yenilik\u00e7i \u00e7ift kartl\u0131 kutu yap\u0131s\u0131, desenin y\u00fcksek renk \u00fcretimi ile parlak ve canl\u0131 olmas\u0131n\u0131 sa\u011flamak i\u00e7in Alman ithal Heidelberg bask\u0131 makinesinin y\u00fcksek hassasiyetli bask\u0131 teknolojisi ile birle\u015ftirilmi\u015ftir. Heidelberg bask\u0131 makinesi, markan\u0131n ambalaj g\u00f6rsel efektlerine y\u00f6nelik kat\u0131 gereksinimlerini kar\u015f\u0131layabilen ve \u00fcr\u00fcn stilini ve tan\u0131n\u0131rl\u0131\u011f\u0131n\u0131 \u00f6nemli \u00f6l\u00e7\u00fcde art\u0131rabilen dijital kontrol\u00fc, net noktalar\u0131 ve hassas m\u00fcrekkep hacmiyle bilinir.<\/p>\n<h2 id=\"-2-window-film-display-function-\"><strong>2. Cam filmi g\u00f6r\u00fcnt\u00fcleme fonksiyonu<\/strong><\/h2>\n<p>Kutu g\u00f6vdesi bir pencere yap\u0131s\u0131yla tasarlanm\u0131\u015ft\u0131r ve kulakl\u0131k \u00fcr\u00fcn\u00fcn\u00fcn g\u00f6r\u00fcn\u00fcm\u00fcn\u00fc sezgisel olarak sergilemek ve t\u00fcketicinin ilk g\u00f6rsel \u00e7ekicili\u011fini art\u0131rmak i\u00e7in y\u00fcksek \u00e7\u00f6z\u00fcn\u00fcrl\u00fckl\u00fc \u015feffaf bir film (PVC veya PET malzeme gibi) eklenmi\u015ftir. Film, beyaz karton ile s\u0131k\u0131ca birle\u015ftirilmi\u015ftir ve hem \u00e7izilmeye kar\u015f\u0131 dayan\u0131kl\u0131l\u0131\u011fa hem de \u0131\u015f\u0131k ge\u00e7irgenli\u011fine sahiptir. Kullan\u0131c\u0131 deneyimini geli\u015ftirmek i\u00e7in e-ticaret ekran\u0131 ve \u00e7evrimd\u0131\u015f\u0131 perakende senaryolar\u0131 i\u00e7in uygundur.<\/p>\n<h2 id=\"-3-350g-white-cardboard-material-process-details-\"><strong>3. 350g beyaz karton malzeme ve proses detaylar\u0131<\/strong><\/h2>\n<p>Kutu g\u00f6vdesi, m\u00fckemmel sertli\u011fe ve g\u00fc\u00e7l\u00fc bas\u0131n\u00e7 direncine sahip olan ve i\u00e7 \u00fcr\u00fcnleri etkili bir \u015fekilde koruyan 350g y\u00fcksek a\u011f\u0131rl\u0131kl\u0131 beyaz kartondan yap\u0131lm\u0131\u015ft\u0131r. Beyaz kartonun y\u00fczeyi son derece p\u00fcr\u00fczs\u00fczd\u00fcr ve Heidelberg bask\u0131 makinesinin ofset bask\u0131 i\u015flemi ile birlikte hassas degrade renkler ve marka LOGO s\u0131cak damgalama \/ g\u00fcm\u00fc\u015f efektleri elde edebilir. Astar, hem koruma hem de alan kullan\u0131m\u0131n\u0131 dikkate alarak \u00f6zelle\u015ftirilmi\u015f bir katlama yap\u0131s\u0131na sahiptir.<\/p>\n<h2 id=\"-4-card-box-flat-design-cost-optimization-\"><strong>4. Karton kutu d\u00fcz tasar\u0131m ve maliyet optimizasyonu<\/strong><\/h2>\n<p>Karton kutu katlama tasar\u0131m\u0131 d\u00fcz sevkiyat\u0131 destekler ve nakliye hacmi s\u0131k\u0131\u015ft\u0131rma oran\u0131 70%'den fazlas\u0131na ula\u015farak lojistik maliyetlerini \u00f6nemli \u00f6l\u00e7\u00fcde azalt\u0131r. Entegre kal\u0131plama s\u00fcreci montaj s\u00fcrecini azalt\u0131r ve otomatik \u00fcretim hatt\u0131 (ofset bask\u0131, kal\u0131p kesme ve kutu yap\u0131\u015ft\u0131rma entegre ekipman\u0131 gibi) ile g\u00fcnl\u00fck \u00fcretim kapasitesi 10.000'den fazla par\u00e7aya ula\u015farak b\u00fcy\u00fck \u00f6l\u00e7ekli maliyet azalt\u0131m\u0131 ger\u00e7ekle\u015ftirebilir.<\/p>\n<h2 id=\"-5-supply-chain-and-quality-assurance-\"><strong>5. Tedarik zinciri ve kalite g\u00fcvencesi<\/strong><\/h2>\n<p>Kaynak fabrikalarda 16 y\u0131ll\u0131k deneyim ve olgun bir tedarik zinciri sistemi ile ka\u011f\u0131t tedarikinden bitmi\u015f \u00fcr\u00fcn paketlemesine kadar t\u00fcm s\u00fcre\u00e7 kontrol edilebilir. Fabrika ISO sertifikas\u0131n\u0131 ge\u00e7mi\u015ftir ve parti tutarl\u0131l\u0131\u011f\u0131n\u0131 sa\u011flamak i\u00e7in beyaz karton hammaddelerini (gri bazl\u0131 beyaz karton veya ithal odun hamuru ka\u011f\u0131d\u0131 gibi) ve bask\u0131 hatalar\u0131n\u0131 (\u00b1 0,01 mm) s\u0131k\u0131 bir \u015fekilde kontrol etmektedir. K\u00fc\u00e7\u00fck parti \u00f6zelle\u015ftirmeyi destekleyin ve m\u00fc\u015fteri ihtiya\u00e7lar\u0131na esnek bir \u015fekilde yan\u0131t verin.<\/p>\n<h2 id=\"-6-foreign-trade-services-and-one-stop-support-\"><strong>6. D\u0131\u015f ticaret hizmetleri ve tek durak deste\u011fi<\/strong><\/h2>\n<p>Profesyonel d\u0131\u015f ticaret ekibi, Avrupa, Amerika ve G\u00fcneydo\u011fu Asya gibi b\u00fcy\u00fck pazarlar\u0131 kapsayan \u00e7ok dilli hizmetler (\u0130ngilizce, \u0130spanyolca vb.) sunmaktad\u0131r. S\u0131n\u0131r \u00f6tesi ihracat niteliklerini ve platform uyumluluk sertifikas\u0131n\u0131 (Amazon ve eBay paketleme gereksinimleri gibi) destekler ve m\u00fc\u015fteri operasyon karma\u015f\u0131kl\u0131\u011f\u0131n\u0131 azaltmak i\u00e7in tasar\u0131m provas\u0131, g\u00fcmr\u00fck beyannamesi lojisti\u011fi ve sat\u0131\u015f sonras\u0131 tazminat gibi tam s\u00fcre\u00e7 hizmetleri sa\u011flar.<\/p>\n<h2><strong>7. Katma de\u011ferli hizmetler ve vaka referanslar\u0131<\/strong><\/h2>\n<ul>\n<li><strong>Tasar\u0131m deste\u011fi<\/strong>: Basit estetik \u00e7\u00f6z\u00fcmler (beyaz mat dokulu kutu, manyetik a\u00e7\u0131l\u0131p kapanan yap\u0131 gibi) veya teknolojik unsurlar (yar\u0131 \u015feffaf g\u00f6sterge \u0131\u015f\u0131klar\u0131 gibi) sa\u011flayabilir;<\/li>\n<li><strong>\u00c7evre koruma se\u00e7enekleri<\/strong>: AB \u00e7evre koruma standartlar\u0131na uygun FSC sertifikal\u0131 ka\u011f\u0131t ve su bazl\u0131 m\u00fcrekkep bask\u0131s\u0131 sa\u011flay\u0131n;<\/li>\n<li><strong>Depolama i\u015fbirli\u011fi<\/strong>: Y\u00f6netilen envanter ve VMI modunu destekleyerek teslimat d\u00f6ng\u00fcs\u00fcn\u00fc 7-10 g\u00fcne kadar k\u0131salt\u0131r.<\/li>\n<\/ul>","protected":false},"excerpt":{"rendered":"<p>Bu tasar\u0131m \u00e7ift ekli bir kart kutusudur. Kutunun tamam\u0131 sert ve iyi bask\u0131 etkisine sahip 350g beyaz karttan yap\u0131lm\u0131\u015ft\u0131r. Pencere ve film \u00fcr\u00fcn\u00fc daha iyi sergileyebilir.<\/p>","protected":false},"featured_media":771,"template":"","meta":{"_kad_post_transparent":"default","_kad_post_title":"","_kad_post_layout":"default","_kad_post_sidebar_id":"","_kad_post_content_style":"default","_kad_post_vertical_padding":"default","_kad_post_feature":"","_kad_post_feature_position":"","_kad_post_header":false,"_kad_post_footer":false,"_kad_post_classname":""},"product_brand":[],"product_cat":[15,24,17],"product_tag":[285,286,287],"class_list":{"0":"post-770","1":"product","2":"type-product","3":"status-publish","4":"has-post-thumbnail","6":"product_cat-red-light-therapy","7":"product_cat-red-light-therapy-bed","8":"product_cat-services","9":"product_tag-folding-carton-for-bluetooth","10":"product_tag-folding-carton-for-earphone","11":"product_tag-vendor-folding-carton","13":"first","14":"instock","15":"shipping-taxable","16":"product-type-simple","17":"entry","18":"content-bg","19":"loop-entry"},"_links":{"self":[{"href":"https:\/\/red-lighttherapy.com\/tr\/wp-json\/wp\/v2\/product\/770","targetHints":{"allow":["GET"]}}],"collection":[{"href":"https:\/\/red-lighttherapy.com\/tr\/wp-json\/wp\/v2\/product"}],"about":[{"href":"https:\/\/red-lighttherapy.com\/tr\/wp-json\/wp\/v2\/types\/product"}],"wp:featuredmedia":[{"embeddable":true,"href":"https:\/\/red-lighttherapy.com\/tr\/wp-json\/wp\/v2\/media\/771"}],"wp:attachment":[{"href":"https:\/\/red-lighttherapy.com\/tr\/wp-json\/wp\/v2\/media?parent=770"}],"wp:term":[{"taxonomy":"product_brand","embeddable":true,"href":"https:\/\/red-lighttherapy.com\/tr\/wp-json\/wp\/v2\/product_brand?post=770"},{"taxonomy":"product_cat","embeddable":true,"href":"https:\/\/red-lighttherapy.com\/tr\/wp-json\/wp\/v2\/product_cat?post=770"},{"taxonomy":"product_tag","embeddable":true,"href":"https:\/\/red-lighttherapy.com\/tr\/wp-json\/wp\/v2\/product_tag?post=770"}],"curies":[{"name":"wp","href":"https:\/\/api.w.org\/{rel}","templated":true}]}}