{"id":761,"date":"2025-04-14T09:46:32","date_gmt":"2025-04-14T09:46:32","guid":{"rendered":"https:\/\/red-lighttherapy.com\/?post_type=product&#038;p=761"},"modified":"2025-04-14T12:26:03","modified_gmt":"2025-04-14T12:26:03","slug":"china-custom-printing-folding-cartons-for-candle-products","status":"publish","type":"product","link":"https:\/\/red-lighttherapy.com\/tr\/china-custom-printing-folding-cartons-for-candle-products\/","title":{"rendered":"\u00c7in Mum \u00dcr\u00fcnleri i\u00e7in \u00d6zel Bask\u0131 Katlan\u0131r Kartonlar"},"content":{"rendered":"<h2 id=\"-1-materials-and-technology-environmentally-friendly-white-cardboard-creates-lightweight-and-high-stiffness-packaging-\"><strong>1. Malzemeler ve teknoloji: \u00c7evre dostu beyaz karton, hafif ve y\u00fcksek sertlikte ambalajlar olu\u015fturur<\/strong><\/h2>\n<ol>\n<li><strong>\u00c7ekirdek malzeme<\/strong>: Hem hafif hem de y\u00fcksek sertlikte olan bakire odun hamuru beyaz karton (normal a\u011f\u0131rl\u0131k 250g-400g) benimser. Beyaz kartonun y\u00fczeyi p\u00fcr\u00fczs\u00fcz ve hassast\u0131r, ofset bask\u0131, UV bask\u0131, s\u0131cak damgalama, kabartma ve di\u011fer i\u015flemler i\u00e7in uygundur, y\u00fcksek renk doygunlu\u011fu ve desenin g\u00fc\u00e7l\u00fc yap\u0131\u015fmas\u0131n\u0131 sa\u011flar.<\/li>\n<li><strong>Kal\u0131nl\u0131k y\u00fckseltme \u00e7\u00f6z\u00fcm\u00fc<\/strong>: Daha kal\u0131n bir dokunu\u015f gerekiyorsa, birden fazla karton katman\u0131n\u0131 istiflemek i\u00e7in \"montaj i\u015flemi\" kullan\u0131l\u0131r, bu sadece \u00e7evre dostu ve geri d\u00f6n\u00fc\u015ft\u00fcr\u00fclebilir \u00f6zellikleri korumakla kalmaz, ayn\u0131 zamanda kutunun \u00fc\u00e7 boyutlu hissini ve bas\u0131n\u00e7 direncini de art\u0131r\u0131r.<\/li>\n<li><strong>\u00c7evre sertifikas\u0131<\/strong>: Fabrika, uluslararas\u0131 ISEGA g\u0131da s\u0131n\u0131f\u0131 g\u00fcvenlik sertifikas\u0131na ve yerel \u00e7evre koruma niteliklerine sahiptir. Malzeme floresan parlat\u0131c\u0131 i\u00e7ermez ve AB REACH standard\u0131na uygundur. G\u0131da, anne ve \u00e7ocuk bak\u0131m\u0131 ve hediyeler gibi \u00e7ok say\u0131da end\u00fcstrinin \u00e7evre koruma ihtiya\u00e7lar\u0131n\u0131 kar\u015f\u0131layabilir.<\/li>\n<\/ol>\n<h2 id=\"-ii-design-aesthetics-warm-color-vision-and-humanized-structure-\"><strong>2. Tasar\u0131m esteti\u011fi: s\u0131cak renk g\u00f6r\u00fc\u015f\u00fc ve insanc\u0131lla\u015ft\u0131r\u0131lm\u0131\u015f yap\u0131<\/strong><\/h2>\n<ol>\n<li><strong>Renk stratejisi<\/strong>: S\u0131cak renkler (turuncu-k\u0131rm\u0131z\u0131, kehribar alt\u0131n ve yumu\u015fak pembe gibi) ana ton olarak kullan\u0131lm\u0131\u015f, g\u00f6rsel katman\u0131 geli\u015ftirmek ve s\u0131cak ve romantik bir marka atmosferi iletmek i\u00e7in yerel UV vernik ve sedefli s\u0131cak damgalama teknolojisi ile birle\u015ftirilmi\u015ftir.<\/li>\n<li><strong>Kutu tipi yenilik<\/strong>: Yatay ve dikey iki y\u00f6nl\u00fc a\u00e7ma ve kapama tasar\u0131m\u0131n\u0131 destekler, geleneksel kutu a\u00e7ma y\u00f6n\u00fc k\u0131s\u0131tlamalar\u0131n\u0131 k\u0131rarak t\u00fcketicilerin mum \u00fcr\u00fcnlerini birden fazla a\u00e7\u0131dan sergilemesini ve kolayca kullanmas\u0131n\u0131 kolayla\u015ft\u0131r\u0131r. \u00d6rne\u011fin, \u00e7ekmece tarz\u0131 kayar yap\u0131 veya \u00fcst ve alt kapakl\u0131 kutu tipi, farkl\u0131 mum boyutlar\u0131na esnek bir \u015fekilde uyum sa\u011flayabilir.<\/li>\n<li><strong>\u0130\u00e7 astar korumas\u0131<\/strong>: Kutu, nakliye titre\u015fimini \u00f6nlemek i\u00e7in mum kavanozunu do\u011fru bir \u015fekilde sabitleyen kal\u0131p kesim ka\u011f\u0131t kart astar\u0131 ile donat\u0131lm\u0131\u015ft\u0131r; astar, i\u015flevsellik ve marka ileti\u015fim de\u011ferini birle\u015ftiren marka LOGO veya koku a\u00e7\u0131klamas\u0131 ile bas\u0131labilir.<\/li>\n<\/ol>\n<h2 id=\"-iii-production-guarantee-high-end-equipment-and-craftsmanship-\"><strong>3. \u00dcretim garantisi: \u00fcst d\u00fczey ekipman ve i\u015f\u00e7ilik<\/strong><\/h2>\n<ol>\n<li><strong>Bask\u0131 do\u011frulu\u011fu<\/strong>: Alman Heidelberg Speedmaster alt\u0131 renkli UV yaz\u0131c\u0131y\u0131 ve Japon Mitsubishi d\u00f6rt renkli yaz\u0131c\u0131y\u0131 benimseyin, Pantone spot renk e\u015fle\u015ftirmesini destekleyin, renk sapma oran\u0131 1%'den azd\u0131r, marka logosu ve deseninin y\u00fcksek restorasyonunu sa\u011flar.<\/li>\n<li><strong>S\u00fcre\u00e7 ayr\u0131nt\u0131lar\u0131<\/strong>: K\u0131demli bask\u0131 ustalar\u0131, laminasyon (hafif film \/ mat film), kabartma, s\u0131cak damgalama \/ g\u00fcm\u00fc\u015f ve di\u011fer son i\u015flemler yoluyla t\u00fcm s\u00fcreci denetler, ambalaja dokunsal doku ve g\u00f6rsel l\u00fcks kazand\u0131r\u0131r.<\/li>\n<li><strong>\u00d6zelle\u015ftirme esnekli\u011fi<\/strong>: Boyut, silindirik, kare ve \u00f6zel \u015fekilli mum kaplar\u0131yla uyumlu tam parametre \u00f6zelle\u015ftirmesini destekler (uzunluk \u00d7 geni\u015flik \u00d7 y\u00fckseklik s\u0131n\u0131rs\u0131zd\u0131r); minimum sipari\u015f miktar\u0131 1.000 adettir ve \u00e7izimlerle veya orijinal tasar\u0131mla i\u015flemeyi destekler.<\/li>\n<\/ol>\n<h2 id=\"-iv-application-scenarios-and-cases-\"><strong>4. Uygulama senaryolar\u0131 ve vakalar<\/strong><\/h2>\n<ul>\n<li><strong>\u00dcst d\u00fczey hediye pazar\u0131<\/strong>: D\u00fc\u011f\u00fcn ve tatil hediye kutular\u0131 i\u00e7in uygundur, kurdeleler, PET \u015feffaf pencereler ve kutu a\u00e7ma t\u00f6reni hissini artt\u0131rmak i\u00e7in di\u011fer unsurlar.<\/li>\n<li><strong>Perakende te\u015fhir avantajlar\u0131<\/strong>: Pencere te\u015fhir kutusu tasar\u0131m\u0131 (mat filmli pencere kaplamas\u0131 gibi) mumlar\u0131n do\u011fal malzemesini ve dekoratif detaylar\u0131n\u0131 do\u011frudan sunarak \u00e7evrimd\u0131\u015f\u0131 t\u00fcketicileri durmaya \u00e7ekebilir.<\/li>\n<li><strong>E-ticaret dostu<\/strong>: Oluklu ka\u011f\u0131t posta sipari\u015f kutular\u0131n\u0131n entegre tasar\u0131m\u0131, hem nakliye korumas\u0131n\u0131 hem de ambalaj a\u00e7ma deneyimini dikkate alarak ikincil ambalaj at\u0131klar\u0131n\u0131 azalt\u0131r.<\/li>\n<\/ul>","protected":false},"excerpt":{"rendered":"<p>Bu karton kutu, hafif ve sertli\u011fi y\u00fcksek olan beyaz karton sto\u011fu ile tasarlanm\u0131\u015ft\u0131r. \u00c7e\u015fitli bask\u0131 y\u00f6ntemleri i\u00e7in uygundur. S\u0131cak renk tasar\u0131m\u0131, duyular\u0131 daha s\u0131cak ve marka tonuyla daha uyumlu hale getirir. Dikkat \u00e7ekicidir.<\/p>","protected":false},"featured_media":766,"template":"","meta":{"_kad_post_transparent":"default","_kad_post_title":"","_kad_post_layout":"default","_kad_post_sidebar_id":"","_kad_post_content_style":"default","_kad_post_vertical_padding":"default","_kad_post_feature":"","_kad_post_feature_position":"","_kad_post_header":false,"_kad_post_footer":false,"_kad_post_classname":""},"product_brand":[],"product_cat":[15,24,17],"product_tag":[284,282,283],"class_list":{"0":"post-761","1":"product","2":"type-product","3":"status-publish","4":"has-post-thumbnail","6":"product_cat-red-light-therapy","7":"product_cat-red-light-therapy-bed","8":"product_cat-services","9":"product_tag-china-candle-products-packaging","10":"product_tag-custom-candle-folding-cartons","11":"product_tag-folding-cartons-for-candle","13":"first","14":"instock","15":"shipping-taxable","16":"product-type-simple","17":"entry","18":"content-bg","19":"loop-entry"},"_links":{"self":[{"href":"https:\/\/red-lighttherapy.com\/tr\/wp-json\/wp\/v2\/product\/761","targetHints":{"allow":["GET"]}}],"collection":[{"href":"https:\/\/red-lighttherapy.com\/tr\/wp-json\/wp\/v2\/product"}],"about":[{"href":"https:\/\/red-lighttherapy.com\/tr\/wp-json\/wp\/v2\/types\/product"}],"wp:featuredmedia":[{"embeddable":true,"href":"https:\/\/red-lighttherapy.com\/tr\/wp-json\/wp\/v2\/media\/766"}],"wp:attachment":[{"href":"https:\/\/red-lighttherapy.com\/tr\/wp-json\/wp\/v2\/media?parent=761"}],"wp:term":[{"taxonomy":"product_brand","embeddable":true,"href":"https:\/\/red-lighttherapy.com\/tr\/wp-json\/wp\/v2\/product_brand?post=761"},{"taxonomy":"product_cat","embeddable":true,"href":"https:\/\/red-lighttherapy.com\/tr\/wp-json\/wp\/v2\/product_cat?post=761"},{"taxonomy":"product_tag","embeddable":true,"href":"https:\/\/red-lighttherapy.com\/tr\/wp-json\/wp\/v2\/product_tag?post=761"}],"curies":[{"name":"wp","href":"https:\/\/api.w.org\/{rel}","templated":true}]}}