{"id":750,"date":"2025-04-14T09:34:38","date_gmt":"2025-04-14T09:34:38","guid":{"rendered":"https:\/\/red-lighttherapy.com\/?post_type=product&#038;p=750"},"modified":"2025-04-14T09:46:20","modified_gmt":"2025-04-14T09:46:20","slug":"custom-recycled-kraft-paper-candle-cardboard-boxes-wholesale","status":"publish","type":"product","link":"https:\/\/red-lighttherapy.com\/tr\/custom-recycled-kraft-paper-candle-cardboard-boxes-wholesale\/","title":{"rendered":"\u00d6zel Geri D\u00f6n\u00fc\u015f\u00fcml\u00fc Kraft Ka\u011f\u0131t Mum Karton Kutular\u0131 Toptan Sat\u0131\u015f"},"content":{"rendered":"<h2 id=\"customized-recycled-kraft-paper-candle-packaging-box-products\">\u00d6zelle\u015ftirilmi\u015f geri d\u00f6n\u00fc\u015ft\u00fcr\u00fclm\u00fc\u015f kraft ka\u011f\u0131t mum ambalaj kutusu \u00fcr\u00fcnleri<\/h2>\n<h2 id=\"-1-full-link-eco-friendly-material-degradable-recycled-kraft-paper-card-box-\"><strong>1. Tam ba\u011flant\u0131 \u00e7evre dostu malzeme: par\u00e7alanabilir geri d\u00f6n\u00fc\u015ft\u00fcr\u00fclm\u00fc\u015f kraft ka\u011f\u0131t kart kutusu<\/strong><\/h2>\n<p>Kullanma\u00a0<strong>FSC sertifikal\u0131 geri d\u00f6n\u00fc\u015ft\u00fcr\u00fclm\u00fc\u015f kraft ka\u011f\u0131t<\/strong>\u00a0temel malzeme olarak, hammaddeler s\u00fcrd\u00fcr\u00fclebilir \u015fekilde y\u00f6netilen orman kaynaklar\u0131ndan gelir ve ka\u011f\u0131t a\u011f\u0131rl\u0131\u011f\u0131 aral\u0131\u011f\u0131 250-450g'd\u0131r ve hem mukavemet hem de \u00e7evre koruma \u00f6zellikleri dikkate al\u0131narak \u00f6zelle\u015ftirilebilir.\u00a0<strong>Su bazl\u0131 \u00e7evre dostu m\u00fcrekkep bask\u0131s\u0131<\/strong>\u00a0AB REACH y\u00f6netmelikleri ve ABD FDA standartlar\u0131na uygun olarak a\u011f\u0131r metal kal\u0131nt\u0131s\u0131 i\u00e7ermeyen \u00fcretim s\u00fcrecinde kullan\u0131l\u0131r. \u00dcr\u00fcn, at\u0131k suda tamamen bozunabilir.\u00a0<strong>6-12 ay<\/strong>\u00a090%'den fazla geri d\u00f6n\u00fc\u015f\u00fcm oran\u0131yla do\u011fal ortamda, d\u00f6ng\u00fcsel ekonominin gerekliliklerini kar\u015f\u0131lar.<\/p>\n<h2 id=\"-2-innovative-window-design-balancing-the-sense-of-ritual-and-trust-\"><strong>2. Yenilik\u00e7i pencere tasar\u0131m\u0131: rit\u00fcel ve g\u00fcven duygusunu dengelemek<\/strong><\/h2>\n<ul>\n<li><strong>G\u00f6rsel pencere<\/strong>: \u00d6zel \u015fekilli bir pencere (yuvarlak\/petal \u015fekli iste\u011fe ba\u011fl\u0131) olu\u015fturmak i\u00e7in lazer oyma teknolojisi kullan\u0131larak\u00a0<strong>par\u00e7alanabilir PE \u015feffaf film<\/strong>Sadece kutuyu a\u00e7man\u0131n s\u00fcrpriz deneyimini korumakla kalmaz, ayn\u0131 zamanda t\u00fcketicilerin mum dokusunu ve balmumu g\u00f6vde b\u00fct\u00fcnl\u00fc\u011f\u00fcn\u00fc do\u011frudan g\u00f6zlemlemelerine olanak tan\u0131r.<\/li>\n<\/ul>\n<h2 id=\"-3-natural-aesthetics-presentation-petal-color-jump-process-\"><strong>3. Do\u011fal estetik sunum: petal renk atlama i\u015flemi<\/strong><\/h2>\n<ul>\n<li><strong>Y\u00fczey i\u015fleme<\/strong>: \u0130\u00e7inden\u00a0<strong>UV yerel camlama + s\u0131cak damgalama i\u015flemi<\/strong>,\u00a0<strong>Morandi renkli ta\u00e7 yapra\u011f\u0131 deseni<\/strong>\u00a0bitkilerin do\u011fal dokusunu sim\u00fcle etmek i\u00e7in kraft ka\u011f\u0131d\u0131n do\u011fal renk taban\u0131 \u00fczerine bindirilmi\u015ftir. Renk atlama alan\u0131 soya fasulyesi m\u00fcrekkebi ile serigrafi ile bas\u0131lm\u0131\u015ft\u0131r ve renk fark\u0131 de\u011feri \u0394E\u22641.5'tir, bu da g\u00f6rsel yorgunlu\u011fu \u00f6nlerken do\u011fal g\u00f6r\u00fcnt\u00fcy\u00fc g\u00fc\u00e7lendirir.<\/li>\n<li><strong>Dokunsal y\u00fckseltme<\/strong>: Petal alan\u0131 \u015funlar\u0131 ekler\u00a0<strong>mikro kabartma i\u015flemi<\/strong>ve dokunu\u015f, ambalaj\u0131n duyusal deneyim de\u011ferini art\u0131rmak i\u00e7in ger\u00e7ek yapraklar\u0131n dokusunu taklit eder.<\/li>\n<\/ul>\n<h2 id=\"-4-functional-extension-design-empty-box-transformation-guide-\"><strong>4. Fonksiyonel geni\u015fletme tasar\u0131m\u0131: Bo\u015f kutu d\u00f6n\u00fc\u015f\u00fcm k\u0131lavuzu<\/strong><\/h2>\n<p>Sa\u011flamak\u00a0<strong>DIY d\u00f6n\u00fc\u015f\u00fcm talimatlar\u0131<\/strong>\u00a0t\u00fcketicilere bo\u015f kutular\u0131 d\u00f6n\u00fc\u015ft\u00fcrmeleri i\u00e7in rehberlik etmek:<\/p>\n<ul>\n<li><strong>Saklama kutusu<\/strong>: Kutu, tak\u0131 ve k\u0131rtasiye gibi k\u00fc\u00e7\u00fck e\u015fyalar\u0131n saklanmas\u0131 i\u00e7in uygun, \u00e7\u0131kar\u0131labilir bir b\u00f6lme (malzeme kutu g\u00f6vdesi ile ayn\u0131d\u0131r) ile \u00f6nceden kurulmu\u015ftur;<\/li>\n<li><strong>Dikim kab\u0131<\/strong>: Kutunun alt k\u0131sm\u0131 bir drenaj deli\u011fi kal\u0131p kesim hatt\u0131 ile \u00f6nceden ayarlanm\u0131\u015f ve ambalaja ikinci bir hayat vermek i\u00e7in bir tohum k\u00f6r kutusu ile e\u015fle\u015ftirilmi\u015ftir. D\u00f6n\u00fc\u015f\u00fcm plan\u0131, markan\u0131n sosyal medyadaki interaktif platformuyla ba\u011flant\u0131l\u0131d\u0131r.\u00a0<strong>QR kodu<\/strong>\u00a0Kullan\u0131c\u0131 kat\u0131l\u0131m\u0131n\u0131 art\u0131rmak i\u00e7in.<\/li>\n<\/ul>\n<h2 id=\"-5-compliance-label-system-meet-the-requirements-of-the-european-and-american-markets-\"><strong>5. Uyumluluk etiket sistemi: Avrupa ve Amerika pazarlar\u0131n\u0131n gereksinimlerini kar\u015f\u0131lar<\/strong><\/h2>\n<ul>\n<li><strong>Bilgi etiketi<\/strong>: Kutu g\u00f6vde bask\u0131s\u0131 \u015funlar\u0131 i\u00e7erir\u00a0<strong>CE i\u015fareti, geri d\u00f6n\u00fc\u015f\u00fcm i\u015fareti (\u267b), FSC sertifikasyon simgesi<\/strong>ve i\u00e7erik listesi (balmumu baz\u0131, koku, yanma s\u00fcresi vb. dahil);<\/li>\n<li><strong>El yap\u0131m\u0131 \u00f6zel nitelikler<\/strong>:\u00a0<strong>Boya m\u00fch\u00fcr parti kodlamas\u0131<\/strong>\u00a0+ zanaatkar imzal\u0131 s\u0131cak damgalama, her \u00fcr\u00fcn el yap\u0131m\u0131 s\u0131cakl\u0131k hissini artt\u0131rmak i\u00e7in ba\u011f\u0131ms\u0131z bir numara (HN-XXXXX-CR gibi) ile i\u015faretlenmi\u015ftir;<\/li>\n<li><strong>\u00c7ok dilli talimatlar<\/strong>: G\u00fcvenlik uyar\u0131lar\u0131 ve kullan\u0131m talimatlar\u0131, AB \"Ambalaj ve Ambalaj At\u0131klar\u0131 Direktifi\" ve ABD CPSC gerekliliklerine uygun olarak \u0130ngilizce\/\u0130spanyolca\/Frans\u0131zca olarak i\u015faretlenmi\u015ftir.<\/li>\n<\/ul>\n<h2 id=\"-6-efficient-production-and-cost-advantages-\"><strong>6. Verimli \u00fcretim ve maliyet avantajlar\u0131<\/strong><\/h2>\n<ul>\n<li><strong>Kutu tasar\u0131m\u0131<\/strong>: Evlat Edinme\u00a0<strong>tek par\u00e7a kart kutusu yap\u0131s\u0131<\/strong>Kal\u0131p kesme plakas\u0131, g\u00fcnl\u00fck 5 milyon adet \u00fcretim kapasitesine sahip y\u00fcksek h\u0131zl\u0131 otomatik klas\u00f6r yap\u0131\u015ft\u0131r\u0131c\u0131 i\u00e7in uygundur ve minimum 500 adet sipari\u015f miktar\u0131 \u00fcretilebilir;<\/li>\n<li><strong>Birim fiyat avantaj\u0131<\/strong>: B\u00fcy\u00fck hacimli sipari\u015flerin (1 milyon par\u00e7adan fazla) birim fiyat\u0131 \u015fu kadar d\u00fc\u015f\u00fck olabilir\u00a0<strong>US$0.1\/adet<\/strong>\u00a0(350g kraft ka\u011f\u0131t standart kutuya dayal\u0131), LOGO s\u0131cak damgalama, pencere a\u00e7ma ve di\u011fer \u00f6zelle\u015ftirilmi\u015f ihtiya\u00e7lar\u0131 ek \u00fccret \u00f6demeden destekler;<\/li>\n<li><strong>Lojistik optimizasyonu<\/strong>: Kutu g\u00f6vdesinin katlanmam\u0131\u015f durumdaki kal\u0131nl\u0131\u011f\u0131 \u22643 mm'dir, bu da geleneksel ambalaja k\u0131yasla 60% depolama alan\u0131 tasarrufu sa\u011flar ve s\u0131n\u0131r \u00f6tesi e-ticaret k\u00fc\u00e7\u00fck paket do\u011frudan teslimat i\u00e7in uygundur.<\/li>\n<\/ul>","protected":false},"excerpt":{"rendered":"<p>Karton kutu, geri d\u00f6n\u00fc\u015f\u00fcm\u00fc kolay ve tam anlam\u0131yla \u00e7evre dostu olan par\u00e7alanabilir kraft ka\u011f\u0131ttan yap\u0131lm\u0131\u015ft\u0131r. Pencere tasar\u0131m\u0131, t\u00fcketicinin \"g\u00f6rsel g\u00fcven\" sorununu \u00e7\u00f6zerken kutuyu a\u00e7arken s\u00fcrpriz duygusunu da koruyor.<\/p>","protected":false},"featured_media":757,"template":"","meta":{"_kad_post_transparent":"default","_kad_post_title":"","_kad_post_layout":"default","_kad_post_sidebar_id":"","_kad_post_content_style":"default","_kad_post_vertical_padding":"default","_kad_post_feature":"","_kad_post_feature_position":"","_kad_post_header":false,"_kad_post_footer":false,"_kad_post_classname":""},"product_brand":[],"product_cat":[15,24,17],"product_tag":[280,279,281],"class_list":{"0":"post-750","1":"product","2":"type-product","3":"status-publish","4":"has-post-thumbnail","6":"product_cat-red-light-therapy","7":"product_cat-red-light-therapy-bed","8":"product_cat-services","9":"product_tag-candle-cardboard-boxes","10":"product_tag-custom-candle-boxes-wholesale","11":"product_tag-custom-candle-cardboard-boxes","13":"first","14":"instock","15":"shipping-taxable","16":"product-type-simple","17":"entry","18":"content-bg","19":"loop-entry"},"_links":{"self":[{"href":"https:\/\/red-lighttherapy.com\/tr\/wp-json\/wp\/v2\/product\/750","targetHints":{"allow":["GET"]}}],"collection":[{"href":"https:\/\/red-lighttherapy.com\/tr\/wp-json\/wp\/v2\/product"}],"about":[{"href":"https:\/\/red-lighttherapy.com\/tr\/wp-json\/wp\/v2\/types\/product"}],"wp:featuredmedia":[{"embeddable":true,"href":"https:\/\/red-lighttherapy.com\/tr\/wp-json\/wp\/v2\/media\/757"}],"wp:attachment":[{"href":"https:\/\/red-lighttherapy.com\/tr\/wp-json\/wp\/v2\/media?parent=750"}],"wp:term":[{"taxonomy":"product_brand","embeddable":true,"href":"https:\/\/red-lighttherapy.com\/tr\/wp-json\/wp\/v2\/product_brand?post=750"},{"taxonomy":"product_cat","embeddable":true,"href":"https:\/\/red-lighttherapy.com\/tr\/wp-json\/wp\/v2\/product_cat?post=750"},{"taxonomy":"product_tag","embeddable":true,"href":"https:\/\/red-lighttherapy.com\/tr\/wp-json\/wp\/v2\/product_tag?post=750"}],"curies":[{"name":"wp","href":"https:\/\/api.w.org\/{rel}","templated":true}]}}