{"id":744,"date":"2025-04-14T09:22:01","date_gmt":"2025-04-14T09:22:01","guid":{"rendered":"https:\/\/red-lighttherapy.com\/?post_type=product&#038;p=744"},"modified":"2025-04-14T09:34:22","modified_gmt":"2025-04-14T09:34:22","slug":"wholesale-custom-packaging-box-for-cuticle-oil-pen-lip-gloss","status":"publish","type":"product","link":"https:\/\/red-lighttherapy.com\/tr\/wholesale-custom-packaging-box-for-cuticle-oil-pen-lip-gloss\/","title":{"rendered":"K\u00fctik\u00fcl Ya\u011f\u0131 Kalem Dudak Parlat\u0131c\u0131s\u0131 i\u00e7in Toptan \u00d6zel Ambalaj Kutusu"},"content":{"rendered":"<h2 id=\"-wholesale-custom-packaging-box-products-for-nail-polish-pens-and-lip-gloss-\"><strong>Oje kalemleri ve dudak parlat\u0131c\u0131s\u0131 i\u00e7in toptan \u00f6zel ambalaj kutusu \u00fcr\u00fcnleri<\/strong><\/h2>\n<h2 id=\"-1-innovative-folding-card-box-design-to-optimize-storage-and-logistics-efficiency-\"><strong>1. Depolama ve lojistik verimlili\u011fini optimize etmek i\u00e7in yenilik\u00e7i katlan\u0131r kart kutusu tasar\u0131m\u0131<\/strong><\/h2>\n<p>Katlan\u0131r kart kutusu tasar\u0131m\u0131, 50%'den fazla s\u0131k\u0131\u015ft\u0131rma oran\u0131yla bo\u015fken tamamen d\u00fczle\u015ftirilebilir ve bu da kaplanan depolama alan\u0131n\u0131 b\u00fcy\u00fck \u00f6l\u00e7\u00fcde azalt\u0131r. Sevkiyat s\u0131ras\u0131nda d\u00fcz bir \u015fekilde ta\u015f\u0131n\u0131r ve tek lojistik ta\u015f\u0131ma kapasitesi 30% art\u0131r\u0131larak navlun maliyetlerinden etkin bir \u015fekilde tasarruf edilir. Kutu g\u00f6vdesi, yap\u0131n\u0131n kal\u0131plamadan sonra stabil olmas\u0131n\u0131 sa\u011flamak ve otomatik \u00fcretim hatt\u0131n\u0131n y\u00fcksek h\u0131zl\u0131 paketleme gereksinimlerine uyum sa\u011flamak i\u00e7in \"iz hatt\u0131 + b\u0131\u00e7ak hatt\u0131\" kombinasyon i\u015flemi arac\u0131l\u0131\u011f\u0131yla katlama do\u011frulu\u011funu optimize eder.<\/p>\n<h2 id=\"-2-pink-main-color-and-cherry-elements-convey-the-concept-of-sweet-care-\"><strong>2. Pembe ana renk ve kiraz \u00f6\u011feleri tatl\u0131 bak\u0131m kavram\u0131n\u0131 aktar\u0131r<\/strong><\/h2>\n<p>Kutu g\u00f6vdesi a\u011f\u0131rl\u0131kl\u0131 olarak pembe degrade, elle boyanm\u0131\u015f kiraz desenli olup, meyvenin dolgunlu\u011fu ve tatl\u0131l\u0131\u011f\u0131 suluboya lekeleme teknikleri ile sunulmaktad\u0131r. G\u00f6rsel merkez alan, kiraz desenli bir\u00a0<strong>y\u00fcksek kontrastl\u0131 tasar\u0131m<\/strong>Kiraz k\u0131rm\u0131z\u0131s\u0131 ve mat pudra temel renginin \u00e7arp\u0131\u015fmas\u0131 \"tatl\u0131 bak\u0131m\" ile duygusal bir ili\u015fki kurar ve marka haf\u0131za noktas\u0131n\u0131 g\u00fc\u00e7lendirir. Yan taraf, \u00fcst d\u00fczey dokuyu geli\u015ftirmek i\u00e7in yald\u0131zl\u0131 marka LOGO s\u0131cak damgalama ile desteklenmi\u015ftir.<\/p>\n<h2 id=\"-third-layered-information-layout-to-enhance-brand-recognition-\"><strong>3. Marka tan\u0131n\u0131rl\u0131\u011f\u0131n\u0131 art\u0131rmak i\u00e7in katmanl\u0131 bilgi d\u00fczeni<\/strong><\/h2>\n<ul>\n<li><strong>G\u00f6rsel odak katman\u0131<\/strong>: En \u00fcstteki 20% alan\u0131, hem dokunmay\u0131 hem de g\u00f6rmeyi cezbeden \u00fc\u00e7 boyutlu kabartma bask\u0131 teknolojisini kullanarak marka ad\u0131n\u0131 ve temel \u00fcr\u00fcn etkinli\u011fini (\"24 saat renk tutma\" ve \"bitki \u00f6z\u00fc\" gibi) sergilemeye odaklan\u0131r;<\/li>\n<li><strong>\u0130\u015flev a\u00e7\u0131klama katman\u0131<\/strong>: Orta k\u0131s\u0131mda, bile\u015fenlerin g\u00fcvenlik ve su ge\u00e7irmezlik \u00f6zelliklerini sunmak i\u00e7in basit simgeler + k\u0131sa metin kullan\u0131l\u0131yor ve yaz\u0131 tipi okunabilirli\u011fi art\u0131rmak i\u00e7in yuvarlak bir sans serif yaz\u0131 tipi kullan\u0131yor;<\/li>\n<li><strong>D\u00fczenleyici bilgi katman\u0131<\/strong>: \u00dcretim tarihi, lisans numaras\u0131 vb. alt k\u0131s\u0131mda k\u00fc\u00e7\u00fck karakterler halinde d\u00fczenlenmi\u015ftir, bu da end\u00fcstri standartlar\u0131na uygundur ve ana g\u00f6r\u00fc\u015f\u00fc engellemez.<\/li>\n<\/ul>\n<h2 id=\"-fourth-matte-film-surface-treatment-taking-into-account-both-texture-and-practicality-\"><strong>4. Hem doku hem de pratiklik dikkate al\u0131narak mat film y\u00fczey i\u015flemi<\/strong><\/h2>\n<p>Kutu y\u00fczeyi a\u015fa\u011f\u0131dakilerle kapl\u0131d\u0131r\u00a0<strong>BOPP mat film<\/strong>ipek kadar narin bir his verir ve a\u015fa\u011f\u0131daki i\u015flevlere sahiptir:<\/p>\n<ul>\n<li><strong>Su ge\u00e7irmez ve ya\u011f ge\u00e7irmez<\/strong>: Kozmetik s\u0131v\u0131lar\u0131n s\u0131\u00e7ramas\u0131na kar\u015f\u0131 etkili bir \u015fekilde diren\u00e7 g\u00f6sterir ve silinerek temizlenebilir;<\/li>\n<li><strong>\u00c7izilmeye ve a\u015f\u0131nmaya dayan\u0131kl\u0131<\/strong>: UV kaplama teknolojisi nakliye s\u00fcrt\u00fcnme kayb\u0131n\u0131 azalt\u0131r ve desenin kal\u0131c\u0131 ve parlak olmas\u0131n\u0131 sa\u011flar;<\/li>\n<li><strong>\u00c7evre sertifikas\u0131<\/strong>: REACH standart testinden ge\u00e7mi\u015ftir, toksik de\u011fildir ve zarars\u0131zd\u0131r ve do\u011frudan macunla temas edebilir.<\/li>\n<\/ul>\n<h2 id=\"-v-portable-structure-suitable-for-multiple-categories-of-cosmetics-\"><strong>5. Birden fazla kozmetik kategorisi i\u00e7in uygun ta\u015f\u0131nabilir yap\u0131<\/strong><\/h2>\n<p>Kutu, \u00e7\u0131kar\u0131labilir bir kutu ile tasarlanm\u0131\u015ft\u0131r.\u00a0<strong>EPE inci pamuk astar<\/strong>Oje kalemlerini, dudak s\u0131rlar\u0131n\u0131, k\u00fctik\u00fcl bak\u0131m ya\u011f\u0131n\u0131 ve farkl\u0131 \u00f6zelliklere sahip di\u011fer \u00fcr\u00fcnleri (5-15 cm y\u00fcksekli\u011finde \u00f6zelle\u015ftirmeyi destekleyen) do\u011fru bir \u015fekilde konumland\u0131rabilir. \u00dcst k\u0131s\u0131m, tek elle a\u00e7\u0131l\u0131p kapanabilen, makyaj malzemesi ta\u015f\u0131maya uygun manyetik ge\u00e7meli yap\u0131 i\u00e7in ayr\u0131lm\u0131\u015ft\u0131r.\u00a0<strong>K\u00fc\u00e7\u00fck porsiyon ambalaj versiyonu<\/strong>\u00a0(4'l\u00fc mini hediye kutusu gibi) s\u00fcpermarket deneme paketlerinin ihtiya\u00e7lar\u0131n\u0131 kar\u015f\u0131lamak i\u00e7in de sa\u011flanmaktad\u0131r.<\/p>\n<h2 id=\"-vi-highly-customized-service-empowering-brand-differentiation-\"><strong>6. Marka farkl\u0131la\u015fmas\u0131n\u0131 g\u00fc\u00e7lendiren, son derece \u00f6zelle\u015ftirilmi\u015f hizmet<\/strong><\/h2>\n<p>16 y\u0131ll\u0131k ambalaj \u00fcretim deneyimimize dayanarak, \u00e7ok y\u00f6nl\u00fc \u00f6zelle\u015ftirme deste\u011fi sa\u011fl\u0131yoruz:<\/p>\n<ul>\n<li><strong>Malzeme se\u00e7imi<\/strong>: bambu, beyaz karton, \u015feker kam\u0131\u015f\u0131 ka\u011f\u0131d\u0131 ve di\u011fer \u00e7evre dostu alt tabakalar iste\u011fe ba\u011fl\u0131d\u0131r ve sertli\u011fi 300G'den fazlad\u0131r;<\/li>\n<li><strong>S\u00fcre\u00e7 y\u00fckseltme<\/strong>: S\u0131cak damgalama, serigrafi bask\u0131, lazer kabartma vb. gibi 20'den fazla y\u00fczey i\u015fleme teknolojisini destekler;<\/li>\n<li><strong>\u0130\u015flev geni\u015fletme<\/strong>: Sahtecili\u011fe kar\u015f\u0131 izlenebilirlik sa\u011flamak i\u00e7in RFID \u00e7ipleri yerle\u015ftirilebilir veya so\u011fuk zincir ta\u015f\u0131mac\u0131l\u0131\u011f\u0131na uyum sa\u011flamak i\u00e7in s\u0131cakl\u0131\u011fa duyarl\u0131 kaplamalar eklenebilir.<\/li>\n<\/ul>\n<h2 id=\"-seven-mature-supply-chain-guarantee-one-stop-delivery-without-worries-\"><strong>7. Olgun tedarik zinciri garantisi, endi\u015fesiz tek elden teslimat<\/strong><\/h2>\n<p>Sekt\u00f6rde 16 y\u0131ll\u0131k deneyime sahip profesyonel bir \u00fcretici olarak, 500.000'den fazla g\u00fczellik markas\u0131na hizmet verdik ve ana \u00fcr\u00fcnlerimiz \u015funlar\u0131 i\u00e7erir:<\/p>\n<ul>\n<li><strong>Klasik kutu tipi<\/strong>: \u00fcst ve alt kapakl\u0131 hediye kutusu, silindirik kutu, \u00e7ekmece tipi kart kutusu, \u00f6zel \u015fekilli ka\u011f\u0131t torba;<\/li>\n<li><strong>\u00dcretkenlik avantaj\u0131<\/strong>: Prova s\u00fcrecini 72 saat i\u00e7inde tamamlay\u0131n ve 15 g\u00fcn i\u00e7inde 10.000 sipari\u015flik seri \u00fcretim ger\u00e7ekle\u015ftirin;<\/li>\n<li><strong>Sat\u0131\u015f sonras\u0131 destek<\/strong>: Renk y\u00f6netimi rehberli\u011fi ve depolama nem ge\u00e7irmez \u00e7\u00f6z\u00fcmler gibi tam d\u00f6ng\u00fc hizmetleri sa\u011flay\u0131n.<\/li>\n<\/ul>","protected":false},"excerpt":{"rendered":"<p>Katlan\u0131r karton kutu tipi, d\u00fcz nakliye, depolama alan\u0131ndan ve nakliye maliyetlerinden tasarruf sa\u011flar. Kutu g\u00f6vdesi ana renk olarak pembedir, kiraz desenlidir, \"tatl\u0131 bak\u0131m\" duygusal \u00e7a\u011fr\u0131\u015f\u0131m\u0131 yarat\u0131r ve keskin bir g\u00f6rsel kontrast olu\u015fturur. Ta\u015f\u0131nabilir tasar\u0131m kozmetik, ruj, k\u00fctik\u00fcl ya\u011f\u0131 vb. ta\u015f\u0131mak i\u00e7in uygundur.<\/p>","protected":false},"featured_media":747,"template":"","meta":{"_kad_post_transparent":"default","_kad_post_title":"","_kad_post_layout":"default","_kad_post_sidebar_id":"","_kad_post_content_style":"default","_kad_post_vertical_padding":"default","_kad_post_feature":"","_kad_post_feature_position":"","_kad_post_header":false,"_kad_post_footer":false,"_kad_post_classname":""},"product_brand":[],"product_cat":[15,28,24,17],"product_tag":[278,276,277],"class_list":{"0":"post-744","1":"product","2":"type-product","3":"status-publish","4":"has-post-thumbnail","6":"product_cat-red-light-therapy","7":"product_cat-customize","8":"product_cat-red-light-therapy-bed","9":"product_cat-services","10":"product_tag-custom-cosmetic-packaging-wholesale","11":"product_tag-custom-cuticle-oil-pen-packaging-box","12":"product_tag-lip-gloss-packaging-box","14":"first","15":"instock","16":"shipping-taxable","17":"product-type-simple","18":"entry","19":"content-bg","20":"loop-entry"},"_links":{"self":[{"href":"https:\/\/red-lighttherapy.com\/tr\/wp-json\/wp\/v2\/product\/744","targetHints":{"allow":["GET"]}}],"collection":[{"href":"https:\/\/red-lighttherapy.com\/tr\/wp-json\/wp\/v2\/product"}],"about":[{"href":"https:\/\/red-lighttherapy.com\/tr\/wp-json\/wp\/v2\/types\/product"}],"wp:featuredmedia":[{"embeddable":true,"href":"https:\/\/red-lighttherapy.com\/tr\/wp-json\/wp\/v2\/media\/747"}],"wp:attachment":[{"href":"https:\/\/red-lighttherapy.com\/tr\/wp-json\/wp\/v2\/media?parent=744"}],"wp:term":[{"taxonomy":"product_brand","embeddable":true,"href":"https:\/\/red-lighttherapy.com\/tr\/wp-json\/wp\/v2\/product_brand?post=744"},{"taxonomy":"product_cat","embeddable":true,"href":"https:\/\/red-lighttherapy.com\/tr\/wp-json\/wp\/v2\/product_cat?post=744"},{"taxonomy":"product_tag","embeddable":true,"href":"https:\/\/red-lighttherapy.com\/tr\/wp-json\/wp\/v2\/product_tag?post=744"}],"curies":[{"name":"wp","href":"https:\/\/api.w.org\/{rel}","templated":true}]}}