{"id":738,"date":"2025-04-14T07:36:58","date_gmt":"2025-04-14T07:36:58","guid":{"rendered":"https:\/\/red-lighttherapy.com\/?post_type=product&#038;p=738"},"modified":"2025-04-14T08:09:56","modified_gmt":"2025-04-14T08:09:56","slug":"custom-hair-growth-essential-oil-cardboard-box-suppliers","status":"publish","type":"product","link":"https:\/\/red-lighttherapy.com\/tr\/custom-hair-growth-essential-oil-cardboard-box-suppliers\/","title":{"rendered":"\u00d6zel Sa\u00e7 B\u00fcy\u00fcme Esansiyel Ya\u011f\u0131 Karton Kutu Tedarik\u00e7iler"},"content":{"rendered":"<h2 id=\"-customized-hair-growth-essential-oil-double-insert-card-box-a-perfect-fusion-of-environmental-aesthetics-and-practical-value-\"><strong>\u00d6zelle\u015ftirilmi\u015f sa\u00e7 b\u00fcy\u00fcme u\u00e7ucu ya\u011f karton kutu<\/strong><\/h2>\n<h2 id=\"-1-multifunctional-adaptation-interpreting-the-infinite-possibilities-of-packaging-\"><strong>1. \u00c7ok i\u015flevli adaptasyon, ambalaj\u0131n sonsuz olanaklar\u0131n\u0131 yorumlama<\/strong><\/h2>\n<p>\u00c7ift ekli kart kutusu tasar\u0131m\u0131m\u0131z esneklik ve uyumlulu\u011fa dayanmaktad\u0131r ve sa\u00e7 uzatma esansiyel ya\u011flar\u0131, parf\u00fcmler, kozmetikler ve di\u011fer y\u00fcksek de\u011ferli g\u00fczellik \u00fcr\u00fcnleri gibi \u00e7e\u015fitli \u00fcr\u00fcn t\u00fcrlerine uyarlanabilir. Kart kutusunun i\u00e7 yap\u0131s\u0131 bilimsel olarak optimize edilmi\u015ftir ve ayarlanabilir kart yuvas\u0131 tasar\u0131m\u0131, farkl\u0131 \u00f6zelliklere sahip \u015fi\u015feleri veya boru \u015feklindeki \u00fcr\u00fcnleri kolayca sabitleyebilir ve son kullan\u0131c\u0131lara rahat bir a\u00e7ma ve kapama deneyimi sunarken nakliye g\u00fcvenli\u011fini sa\u011flar. \u0130ster tek bir \u00fcr\u00fcn te\u015fhiri ister bir kombinasyon seti olsun, bu ambalaj markalar\u0131n \u00e7e\u015fitlendirilmi\u015f \u00fcr\u00fcn serilerini geni\u015fletmelerine yard\u0131mc\u0131 olmak i\u00e7in do\u011fru bir \u015fekilde e\u015fle\u015ftirilebilir.<\/p>\n<h2 id=\"-2-card-box-design-a-low-cost-and-high-efficiency-innovative-solution-\"><strong>2. Kart kutusu tasar\u0131m\u0131: d\u00fc\u015f\u00fck maliyetli ve y\u00fcksek verimli yenilik\u00e7i bir \u00e7\u00f6z\u00fcm<\/strong><\/h2>\n<p>D\u00fcz kart kutu yap\u0131s\u0131, geleneksel ambalajlaman\u0131n karma\u015f\u0131k s\u00fcrecini y\u0131kmak i\u00e7in kullan\u0131l\u0131r. Kutu g\u00f6vdesi nakliye s\u0131ras\u0131nda tamamen d\u00fcz bir forma d\u00f6n\u00fc\u015ft\u00fcr\u00fclebilir, depolama ve lojistik alan\u0131n\u0131n doluluk oran\u0131n\u0131 b\u00fcy\u00fck \u00f6l\u00e7\u00fcde azaltabilir ve nakliye maliyetleri 40% oran\u0131nda azalt\u0131labilir. Montaj s\u00fcreci basit ve verimlidir ve kullan\u0131c\u0131lar bitmi\u015f \u00fcr\u00fcn paketlemesini yaln\u0131zca birka\u00e7 a\u015famada tamamlayabilir ve tedarik zincirinin verimlili\u011fini \u00f6nemli \u00f6l\u00e7\u00fcde art\u0131rabilir. Buna ek olarak, kart kutusu malzemesi \u00e7evre dostu hafif ka\u011f\u0131ttan se\u00e7ilmi\u015ftir, bu da y\u00fck ta\u015f\u0131ma ve dayan\u0131kl\u0131l\u0131k sa\u011flarken malzeme israf\u0131n\u0131 azalt\u0131r ve \"tasar\u0131m yoluyla maliyetleri d\u00fc\u015f\u00fcrmeyi ve yenilik yoluyla verimlili\u011fi art\u0131rmay\u0131\" ger\u00e7ekten ger\u00e7ekle\u015ftirir.<\/p>\n<h2 id=\"-three-minimalist-aesthetic-design-conveying-brand-style-with-visual-rhythm-\"><strong>3. Minimalist estetik tasar\u0131m: marka stilini g\u00f6rsel ritimle aktarmak<\/strong><\/h2>\n<p>Minimalist \"az \u00e7oktur\" konseptini takip eden kutu tasar\u0131m\u0131nda yumu\u015fak pembe temel renk ve zarif bir g\u00f6rsel ritim olu\u015fturan narin beyaz dikey doku kullan\u0131lm\u0131\u015ft\u0131r. Dikey \u015ferit unsuru, do\u011fal olarak uzayan sa\u00e7 \u015feklinden esinlenerek, sa\u00e7 uzatma esansiyel ya\u011f\u0131n\u0131n \"sa\u011fl\u0131kl\u0131 sa\u00e7 bak\u0131m\u0131\" temel \u00e7ekicili\u011fini yans\u0131t\u0131rken, hafif ve saf marka tonunu aktar\u0131yor. Mat dokulu y\u00fczey i\u015fleme s\u00fcreci ambalaja sade ve l\u00fcks bir hava katarak \u00fcr\u00fcn\u00fcn rafta \u00f6ne \u00e7\u0131kmas\u0131n\u0131 ve rafine bir ya\u015fam pe\u015finde ko\u015fan orta ve \u00fcst d\u00fczey t\u00fcketici gruplar\u0131na do\u011fru bir \u015fekilde ula\u015fmas\u0131n\u0131 sa\u011fl\u0131yor.<\/p>\n<h2 id=\"-four-deep-brand-customization-full-chain-empowerment-from-packaging-to-value-\"><strong>4. Derin marka \u00f6zelle\u015ftirmesi: ambalajdan de\u011fere kadar tam zincir g\u00fc\u00e7lendirme<\/strong><\/h2>\n<p>Biz sadece bir tedarik\u00e7i de\u011fil, ayn\u0131 zamanda marka imaj\u0131n\u0131n ortak kurucusuyuz. Esnek \u00fcretim hatlar\u0131 ve dijital tasar\u0131m sistemlerine dayanarak, size kart kutular\u0131ndan, hediye kutular\u0131ndan tam \u00fcr\u00fcn ambalaj\u0131na kadar tek elden \u00f6zelle\u015ftirme hizmetleri sa\u011flayabiliriz:<\/p>\n<ul>\n<li><strong>\u00d6zel g\u00f6rsel semboller<\/strong>: Farkl\u0131la\u015ft\u0131r\u0131lm\u0131\u015f bir sa\u011fl\u0131k ve g\u00fczellik sembol sistemi olu\u015fturmak i\u00e7in marka LOGO'sunu, rengini ve do\u011fal unsurlar\u0131 (bitki totemleri ve m\u00fcrekkep dokular\u0131 gibi) kutu tasar\u0131m\u0131na entegre edin;<\/li>\n<li><strong>Esnek s\u00fcre\u00e7 y\u00fckseltme<\/strong>: S\u0131n\u0131rl\u0131 s\u00fcr\u00fcmlerin, tatil hediye kutular\u0131n\u0131n vb. sahneye dayal\u0131 ihtiya\u00e7lar\u0131n\u0131 kar\u015f\u0131lamak i\u00e7in s\u0131cak damgalama, kabartma ve i\u00e7i bo\u015f pencereler gibi 20'den fazla i\u015flem kombinasyonunu destekleyin;<\/li>\n<li><strong>S\u00fcrd\u00fcr\u00fclebilir malzeme se\u00e7imi<\/strong>: Markan\u0131n ye\u015fil imaj\u0131n\u0131 g\u00fc\u00e7lendirmek i\u00e7in FSC sertifikal\u0131 ka\u011f\u0131t ve bozunabilir m\u00fcrekkep gibi \u00e7evre dostu se\u00e7enekler sunun.<\/li>\n<\/ul>\n<h2 id=\"-v-natural-inspiration-and-environmental-protection-concept-let-packaging-become-the-narrator-of-brand-stories-\"><strong>5. Do\u011fal ilham ve \u00e7evre koruma konsepti: Ambalaj\u0131n marka hikayelerinin anlat\u0131c\u0131s\u0131 olmas\u0131na izin verin<\/strong><\/h2>\n<p>Tasar\u0131m felsefesi olarak \"do\u011fal simbiyoz\" ile kutu g\u00f6vdesi dokusu ve rengi, bitki b\u00fcy\u00fcme damarlar\u0131 ve sabah \u00e7iy parlakl\u0131\u011f\u0131 gibi do\u011fal g\u00f6r\u00fcnt\u00fclerden \u00e7\u0131kar\u0131lm\u0131\u015f ve soyut tasar\u0131m dili arac\u0131l\u0131\u011f\u0131yla eksiksiz bir sa\u011fl\u0131k ve g\u00fczellik bili\u015fsel sembol\u00fc olu\u015fturulmu\u015ftur. Malzemeler a\u00e7\u0131s\u0131ndan, ambalaj\u0131n \u00fcretimden bertarafa kadar d\u00fc\u015f\u00fck karbonlu geri d\u00f6n\u00fc\u015f\u00fcm standartlar\u0131n\u0131 kar\u015f\u0131lamas\u0131n\u0131 sa\u011flamak i\u00e7in yenilenebilir kaynaklar kullanmakta \u0131srar ediyoruz, bu da \"do\u011fal i\u00e7erikler\" ve sa\u00e7 uzatan u\u00e7ucu ya\u011flar\u0131n \"s\u0131f\u0131r y\u00fck sa\u00e7 bak\u0131m\u0131\" \u00e7evre koruma konseptiyle uyumludur ve markalar\u0131n sosyal sorumluluk de\u011ferlerini aktarmas\u0131na yard\u0131mc\u0131 olur.<\/p>\n<h2 id=\"-why-choose-us-\"><strong>Neden bizi se\u00e7melisiniz?<\/strong><\/h2>\n<ul>\n<li><strong>Zengin sekt\u00f6r deneyimi<\/strong>: 10 y\u0131ld\u0131r g\u00fczellik ve ki\u015fisel bak\u0131m ambalajlar\u0131 alan\u0131nda derinlemesine uygulama yaparak d\u00fcnya \u00e7ap\u0131nda 50.000'den fazla markaya hizmet vermektedir;<\/li>\n<li><strong>Tam ba\u011flant\u0131 hizmeti<\/strong>: Talep analizinden, yap\u0131sal tasar\u0131ma, seri \u00fcretim ve teslimata kadar s\u00fcre\u00e7 boyunca birebir profesyonel takip;<\/li>\n<li><strong>S\u0131k\u0131 kalite kontrol<\/strong>: Her kutunun \u00fcst d\u00fczey kalite standartlar\u0131n\u0131 kar\u015f\u0131lad\u0131\u011f\u0131ndan emin olmak i\u00e7in ISO 9001 kalite sistem sertifikas\u0131n\u0131 ge\u00e7mi\u015ftir.<\/li>\n<\/ul>","protected":false},"excerpt":{"rendered":"<p>T\u00fcketimin artt\u0131\u011f\u0131 ve \u00e7evre bilincinin geli\u015fti\u011fi bir \u00e7a\u011fda, estetik de\u011feri, pratik i\u015flevleri ve s\u00fcrd\u00fcr\u00fclebilir konseptleri bir araya getiren bir ambalaj, markalar\u0131n kullan\u0131c\u0131lar\u0131n zihniyle ba\u011flant\u0131 kurmas\u0131 i\u00e7in \u00f6nemli bir temas noktas\u0131 haline gelecektir. Daha d\u00fc\u015f\u00fck maliyetle daha y\u00fcksek primler elde etmek ve her \u00fcr\u00fcn\u00fc marka s\u0131cakl\u0131\u011f\u0131n\u0131 ta\u015f\u0131yan bir ta\u015f\u0131y\u0131c\u0131 haline getirmek i\u00e7in \u00e7ift i\u00e7li karton kutu \u00e7\u00f6z\u00fcm\u00fcm\u00fcz\u00fc se\u00e7in.<\/p>","protected":false},"featured_media":739,"template":"","meta":{"_kad_post_transparent":"default","_kad_post_title":"","_kad_post_layout":"default","_kad_post_sidebar_id":"","_kad_post_content_style":"default","_kad_post_vertical_padding":"default","_kad_post_feature":"","_kad_post_feature_position":"","_kad_post_header":false,"_kad_post_footer":false,"_kad_post_classname":""},"product_brand":[],"product_cat":[15,28,24,17],"product_tag":[275,273,274],"class_list":{"0":"post-738","1":"product","2":"type-product","3":"status-publish","4":"has-post-thumbnail","6":"product_cat-red-light-therapy","7":"product_cat-customize","8":"product_cat-red-light-therapy-bed","9":"product_cat-services","10":"product_tag-custom-cosmetic-paper-boxes","11":"product_tag-custom-hair-oil-cardboard-box","12":"product_tag-growth-essential-oil-box-suppliers","14":"first","15":"instock","16":"shipping-taxable","17":"product-type-simple","18":"entry","19":"content-bg","20":"loop-entry"},"_links":{"self":[{"href":"https:\/\/red-lighttherapy.com\/tr\/wp-json\/wp\/v2\/product\/738","targetHints":{"allow":["GET"]}}],"collection":[{"href":"https:\/\/red-lighttherapy.com\/tr\/wp-json\/wp\/v2\/product"}],"about":[{"href":"https:\/\/red-lighttherapy.com\/tr\/wp-json\/wp\/v2\/types\/product"}],"wp:featuredmedia":[{"embeddable":true,"href":"https:\/\/red-lighttherapy.com\/tr\/wp-json\/wp\/v2\/media\/739"}],"wp:attachment":[{"href":"https:\/\/red-lighttherapy.com\/tr\/wp-json\/wp\/v2\/media?parent=738"}],"wp:term":[{"taxonomy":"product_brand","embeddable":true,"href":"https:\/\/red-lighttherapy.com\/tr\/wp-json\/wp\/v2\/product_brand?post=738"},{"taxonomy":"product_cat","embeddable":true,"href":"https:\/\/red-lighttherapy.com\/tr\/wp-json\/wp\/v2\/product_cat?post=738"},{"taxonomy":"product_tag","embeddable":true,"href":"https:\/\/red-lighttherapy.com\/tr\/wp-json\/wp\/v2\/product_tag?post=738"}],"curies":[{"name":"wp","href":"https:\/\/api.w.org\/{rel}","templated":true}]}}