{"id":732,"date":"2025-04-14T07:23:02","date_gmt":"2025-04-14T07:23:02","guid":{"rendered":"https:\/\/red-lighttherapy.com\/?post_type=product&#038;p=732"},"modified":"2025-04-14T07:35:30","modified_gmt":"2025-04-14T07:35:30","slug":"custom-makeup-beauty-blender-sponge-packaging-boxes-factory","status":"publish","type":"product","link":"https:\/\/red-lighttherapy.com\/tr\/custom-makeup-beauty-blender-sponge-packaging-boxes-factory\/","title":{"rendered":"\u00d6zel Makyaj G\u00fczellik Blender S\u00fcnger Ambalaj Kutular\u0131 Fabrikas\u0131"},"content":{"rendered":"<h2 id=\"customized-makeup-egg-sponge-packaging-box\">\u00d6zelle\u015ftirilmi\u015f makyaj yumurtas\u0131 s\u00fcnger ambalaj kutusu<\/h2>\n<h2 id=\"1-high-quality-materials-and-transparent-display-design-\">1.\u00a0<strong>Y\u00fcksek kaliteli malzemeler ve \u015feffaf ekran tasar\u0131m\u0131<\/strong><\/h2>\n<p>Bu \u00fcr\u00fcn 350g y\u00fcksek a\u011f\u0131rl\u0131kl\u0131 beyaz kartondan yap\u0131lm\u0131\u015ft\u0131r. Ka\u011f\u0131t kal\u0131n ve nettir, hem bas\u0131nca dayan\u0131kl\u0131d\u0131r hem de estetiktir. Kutunun \u00f6n k\u0131sm\u0131 yenilik\u00e7i bir \u015fekilde \u015fu \u015fekilde tasarlanm\u0131\u015ft\u0131r\u00a0<strong>pencere a\u00e7ici fi\u0307lm teknoloji\u0307si\u0307<\/strong>ve y\u00fcksek \u015feffafl\u0131kta PVC veya PET film kullan\u0131l\u0131r; bu film yaln\u0131zca i\u00e7 makyaj yumurtas\u0131n\u0131n \u015feklini ve rengini net bir \u015fekilde g\u00f6stermekle kalmaz, ayn\u0131 zamanda toz ve nemin \u00f6nlenmesinde de rol oynar. Pencere alan\u0131n\u0131n kenar\u0131, \u00e7apaks\u0131z s\u0131k\u0131 bir uyum sa\u011flamak, \u00fcr\u00fcn te\u015fhirinin \u00e7ekicili\u011fini art\u0131rmak ve m\u00fc\u015fterilerin sezgisel olarak se\u00e7im yapmas\u0131n\u0131 kolayla\u015ft\u0131rmak i\u00e7in hassas bir kesme i\u015flemi uygular.<\/p>\n<h2 id=\"2-high-end-printing-technology-empowers-brand-image-\">2.\u00a0<strong>\u00dcst d\u00fczey bask\u0131 teknolojisi marka imaj\u0131n\u0131 g\u00fc\u00e7lendiriyor<\/strong><\/h2>\n<p>Kutu y\u00fczey bask\u0131s\u0131\u00a0<strong>\u0130thal Heidelberg bask\u0131 makinesi<\/strong>D\u00f6rt renkli tam otomatik renk y\u00f6netim sistemi ile donat\u0131lm\u0131\u015f, marka LOGO, desen ve gradyan rengini do\u011fru bir \u015fekilde geri y\u00fckler. Bask\u0131 m\u00fcrekkebi, zengin renk ve tahri\u015f edici koku olmadan SGS \u00e7evre koruma sertifikas\u0131n\u0131 ge\u00e7mi\u015ftir. UV yerel camlama i\u015flemi ile ayna parlakl\u0131\u011f\u0131 ve mat doku kombinasyonunu ger\u00e7ekle\u015ftirerek ambalaj kutusuna \u00fcst d\u00fczey bir g\u00f6rsel katmanlama sa\u011flar. Renk fark\u0131 kontrol do\u011frulu\u011fu \u0394E\u22641.5'e ula\u015farak seri \u00fcretimin tutarl\u0131l\u0131\u011f\u0131n\u0131 sa\u011flar ve markan\u0131n \u00fcst d\u00fczey konumland\u0131rmas\u0131na yard\u0131mc\u0131 olur.<\/p>\n<h2 id=\"3-environmentally-friendly-lining-and-efficient-structural-design-\">3.\u00a0<strong>\u00c7evre dostu astar ve verimli yap\u0131sal tasar\u0131m<\/strong><\/h2>\n<p>Astar \u015funlar\u0131 benimser\u00a0<strong>\u00e7evre dostu ka\u011f\u0131t kart kal\u0131p kesim teknolojisi<\/strong>ve ta\u015f\u0131ma s\u0131ras\u0131nda sallanmay\u0131 \u00f6nlemek i\u00e7in g\u00fczellik yumurtas\u0131n\u0131 s\u0131k\u0131ca sabitleyen hassas katlama yoluyla bir bal pete\u011fi destek yap\u0131s\u0131 olu\u015fturur. Ka\u011f\u0131t kartonu, geleneksel k\u00f6p\u00fck astar\u0131n yerine tamamen geri d\u00f6n\u00fc\u015ft\u00fcr\u00fclebilen ve bozunabilen FSC sertifikal\u0131 ham ka\u011f\u0131t hamuru kartonu kullan\u0131r ve AB REACH \u00e7evre koruma standartlar\u0131na uygundur. Genel olarak\u00a0<strong>kart kutusu d\u00fcz tasar\u0131m<\/strong>\u00a0monte edilmedi\u011finde tek par\u00e7al\u0131 bir katlama formu olan, depolama ve nakliye alan\u0131 i\u015fgalini b\u00fcy\u00fck \u00f6l\u00e7\u00fcde azaltan ve lojistik maliyetlerini 30%'den daha fazla azaltan benimsenmi\u015ftir. Mallar\u0131 ald\u0131ktan sonra, m\u00fc\u015fteriler bunlar\u0131 tutkal yard\u0131m\u0131 olmadan elle h\u0131zl\u0131 bir \u015fekilde monte edebilir, bu da kullan\u0131m\u0131 kolayd\u0131r.<\/p>\n<h2 id=\"4-source-factory-guarantee-and-full-link-service-\">4.\u00a0<strong>Kaynak fabrika garantisi ve tam ba\u011flant\u0131 hizmeti<\/strong><\/h2>\n<p>G\u00fcvenmek\u00a0<strong>16 y\u0131ll\u0131k ambalaj \u00fcretim deneyimi<\/strong>Fabrika, tam otomatik kal\u0131p kesme makineleri, kutu yap\u0131\u015ft\u0131rma makineleri ve kalite kontrol hatlar\u0131 ile donat\u0131lm\u0131\u015f olup, g\u00fcnl\u00fck 100.000'den fazla standart kutu \u00fcretim kapasitesine ula\u015fmaktad\u0131r ve teslimat d\u00f6ng\u00fcs\u00fc 7-10 i\u015f g\u00fcn\u00fcne s\u0131k\u0131\u015ft\u0131r\u0131lm\u0131\u015ft\u0131r. Tedarik zinciri, pazar ortalamas\u0131ndan 15%-20% daha d\u00fc\u015f\u00fck maliyetlerle ka\u011f\u0131t, film ve m\u00fcrekkep gibi yukar\u0131 ak\u0131\u015f kaynaklar\u0131n\u0131 entegre eder ve minimum 1.000 adet sipari\u015fle esnek \u00fcretimi destekler. ISO9001 kalite y\u00f6netim sistemi sertifikasyonunu ge\u00e7en t\u00fcm kalite denetimi, hammaddelerin giri\u015finden bitmi\u015f \u00fcr\u00fcnlerin sevkiyat\u0131na kadar olan s\u00fcreci kapsar ve kusur oran\u0131 0,3% dahilinde kontrol edilir.<\/p>\n<h2 id=\"5-integrated-foreign-trade-service-solution-\">5.\u00a0<strong>Entegre d\u0131\u015f ticaret hizmet \u00e7\u00f6z\u00fcm\u00fc<\/strong><\/h2>\n<p>Profesyonel d\u0131\u015f ticaret ekibi \u015funlar\u0131 sa\u011flar\u00a0<strong>tek noktadan s\u0131n\u0131r \u00f6tesi hizmetler<\/strong>tasar\u0131m provas\u0131, ihracat g\u00fcmr\u00fck beyannamesi, uluslararas\u0131 lojistik ve sat\u0131\u015f sonras\u0131 deste\u011fi kapsar. \u0130ngilizce, \u0130spanyolca, Arap\u00e7a vb. dillerde \u00e7ok dilli i\u015f yerle\u015ftirmeyi destekler ve Avrupa, Amerika Birle\u015fik Devletleri, Orta Do\u011fu ve G\u00fcneydo\u011fu Asya'daki (FDA, CE sertifikas\u0131 gibi) pazara eri\u015fim standartlar\u0131na a\u015finad\u0131r. M\u00fc\u015fterilere marka VI implantasyonunu, \u00f6zelle\u015ftirilmi\u015f sahtecili\u011fe kar\u015f\u0131 etiketleri ve s\u0131n\u0131r \u00f6tesi e-ticaret platformu uyumlulu\u011fu ambalaj optimizasyonunu tamamlamada yard\u0131mc\u0131 olarak markan\u0131n k\u00fcresel d\u00fczenine yard\u0131mc\u0131 olabilir.<\/p>\n<h2 id=\"-summary-of-core-advantages-\"><strong>Temel avantajlar\u0131n \u00f6zeti<\/strong><\/h2>\n<ul>\n<li><strong>Maliyet optimizasyonu<\/strong>: D\u00fcz yap\u0131 + kaynaktan do\u011frudan tedarik, toplam maliyetleri 25% azalt\u0131r<\/li>\n<li><strong>\u00c7evresel uyumluluk<\/strong>: T\u00fcm s\u00fcre\u00e7 boyunca biyolojik olarak par\u00e7alanabilir malzemeler, BSCI ve Sedex sosyal sorumluluk denetimlerinden ge\u00e7mi\u015ftir<\/li>\n<li><strong>Kalite g\u00fcvencesi<\/strong>: Heidelberg bask\u0131 + otomatik \u00fcretim hatt\u0131, renk do\u011frulu\u011fu Pantone 99% e\u015fle\u015fmesine ula\u015f\u0131r<\/li>\n<li><strong>\u00c7evik hizmet<\/strong>: 3D tasar\u0131m taslaklar\u0131 48 saat i\u00e7inde sa\u011flan\u0131r ve prova 72 saat i\u00e7inde tamamlan\u0131r<\/li>\n<\/ul>","protected":false},"excerpt":{"rendered":"<p>Karton kutu tasar\u0131m\u0131, t\u00fcm kutu olarak 350g beyaz kart kullan\u0131r, bu da maliyetleri d\u00fc\u015f\u00fcr\u00fcrken ayn\u0131 zamanda d\u00fcz sevkiyatlara olanak tan\u0131yarak nakliye maliyetlerini b\u00fcy\u00fck \u00f6l\u00e7\u00fcde azalt\u0131r. Filmli pencere \u00fcr\u00fcn\u00fc daha iyi sergileyebilir ve i\u00e7 astar, \u00fcr\u00fcn\u00fc sabitlemek i\u00e7in uygun ve daha \u00e7evre dostu olan ka\u011f\u0131t kartlarla tasarlanm\u0131\u015ft\u0131r.<\/p>","protected":false},"featured_media":733,"template":"","meta":{"_kad_post_transparent":"default","_kad_post_title":"","_kad_post_layout":"default","_kad_post_sidebar_id":"","_kad_post_content_style":"default","_kad_post_vertical_padding":"default","_kad_post_feature":"","_kad_post_feature_position":"","_kad_post_header":false,"_kad_post_footer":false,"_kad_post_classname":""},"product_brand":[],"product_cat":[15,28,24,17],"product_tag":[272,271,270],"class_list":{"0":"post-732","1":"product","2":"type-product","3":"status-publish","4":"has-post-thumbnail","6":"product_cat-red-light-therapy","7":"product_cat-customize","8":"product_cat-red-light-therapy-bed","9":"product_cat-services","10":"product_tag-custom-beauty-sponge-packaging-factory","11":"product_tag-custom-blender-packaging","12":"product_tag-makeup-beauty-packaging-boxes","14":"first","15":"instock","16":"shipping-taxable","17":"product-type-simple","18":"entry","19":"content-bg","20":"loop-entry"},"_links":{"self":[{"href":"https:\/\/red-lighttherapy.com\/tr\/wp-json\/wp\/v2\/product\/732","targetHints":{"allow":["GET"]}}],"collection":[{"href":"https:\/\/red-lighttherapy.com\/tr\/wp-json\/wp\/v2\/product"}],"about":[{"href":"https:\/\/red-lighttherapy.com\/tr\/wp-json\/wp\/v2\/types\/product"}],"wp:featuredmedia":[{"embeddable":true,"href":"https:\/\/red-lighttherapy.com\/tr\/wp-json\/wp\/v2\/media\/733"}],"wp:attachment":[{"href":"https:\/\/red-lighttherapy.com\/tr\/wp-json\/wp\/v2\/media?parent=732"}],"wp:term":[{"taxonomy":"product_brand","embeddable":true,"href":"https:\/\/red-lighttherapy.com\/tr\/wp-json\/wp\/v2\/product_brand?post=732"},{"taxonomy":"product_cat","embeddable":true,"href":"https:\/\/red-lighttherapy.com\/tr\/wp-json\/wp\/v2\/product_cat?post=732"},{"taxonomy":"product_tag","embeddable":true,"href":"https:\/\/red-lighttherapy.com\/tr\/wp-json\/wp\/v2\/product_tag?post=732"}],"curies":[{"name":"wp","href":"https:\/\/api.w.org\/{rel}","templated":true}]}}