{"id":725,"date":"2025-04-14T07:08:40","date_gmt":"2025-04-14T07:08:40","guid":{"rendered":"https:\/\/red-lighttherapy.com\/?post_type=product&#038;p=725"},"modified":"2025-04-14T07:22:23","modified_gmt":"2025-04-14T07:22:23","slug":"custom-skin-care-beauty-oil-folding-cartons-box-wholesale","status":"publish","type":"product","link":"https:\/\/red-lighttherapy.com\/tr\/custom-skin-care-beauty-oil-folding-cartons-box-wholesale\/","title":{"rendered":"\u00d6zel Cilt Bak\u0131m\u0131 G\u00fczellik Ya\u011f\u0131 Katlan\u0131r Karton Kutu Toptan Sat\u0131\u015f"},"content":{"rendered":"<h2 id=\"customized-skin-care-beauty-oil-folding-carton-wholesale-product-description\">\u00d6zelle\u015ftirilmi\u015f Cilt Bak\u0131m\u0131 G\u00fczellik Ya\u011f\u0131 Katlan\u0131r Karton Toptan Sat\u0131\u015f<\/h2>\n<h2 id=\"1-visual-aesthetics-platinum-minimalist-color-matching-strengthening-brand-tone-\">1.\u00a0<strong>G\u00f6rsel Estetik: Platin Minimalist Renk E\u015fle\u015ftirme, Marka Tonunu G\u00fc\u00e7lendirme<\/strong><\/h2>\n<ul>\n<li><strong>Ana Renk Tasar\u0131m\u0131<\/strong>: Kutu g\u00f6vdesi, metalik parlakl\u0131k ve mat doku kontrast\u0131 sayesinde k\u0131smi s\u0131cak damgalama teknolojisi ile saf beyaz \u00f6zel ka\u011f\u0131t alt tabakay\u0131 benimser, \u00fcst d\u00fczey ve saf bir marka imaj\u0131 ta\u015f\u0131r. S\u0131cak damgalama unsurlar\u0131, g\u00f6rsel hiyerar\u015fiyi ve dokunsal haf\u0131za noktalar\u0131n\u0131 geli\u015ftirmek i\u00e7in marka LOGO'suna, geometrik \u00e7izgilere veya soyut desenlere uygulanabilir.<\/li>\n<li><strong>Pencere G\u00f6rselle\u015ftirme<\/strong>: Kutu g\u00f6vdesinin \u00fcst veya yan taraf\u0131, \u00e7evre dostu \u015feffaf bir filmle kapl\u0131 i\u00e7i bo\u015f bir pencere ile tasarlanm\u0131\u015ft\u0131r. Kullan\u0131c\u0131lar kutuyu a\u00e7madan i\u00e7 u\u00e7ucu ya\u011f \u015fi\u015fesini veya damlal\u0131k tasar\u0131m\u0131n\u0131 do\u011frudan g\u00f6rebilir, bu da raf te\u015fhirinin \u00e7ekicili\u011fini art\u0131r\u0131r ve t\u00fcketicilerin \u00fcr\u00fcn \u015feffafl\u0131\u011f\u0131 talebini kar\u015f\u0131lar.<\/li>\n<\/ul>\n<h2 id=\"2-environmental-certification-fsc-sustainable-paper-practice-green-concept-\">2.\u00a0<strong>\u00c7evresel Sertifikasyon: FSC S\u00fcrd\u00fcr\u00fclebilir Ka\u011f\u0131t, Ye\u015fil Konsept Uygulamas\u0131<\/strong><\/h2>\n<ul>\n<li>Kutu g\u00f6vdesi, hammaddelerin s\u00fcrd\u00fcr\u00fclebilir \u015fekilde y\u00f6netilen ormanlardan geldi\u011finden emin olmak i\u00e7in FSC sertifikal\u0131 ka\u011f\u0131t kullanmaktad\u0131r; bu da AB \u00e7evre standartlar\u0131n\u0131 ve s\u0131n\u0131r \u00f6tesi e-ticaret platformlar\u0131n\u0131n ye\u015fil ambalaj gereksinimlerini kar\u015f\u0131lamaktad\u0131r.<\/li>\n<li>Markan\u0131n ESG stratejik hedeflerine uygun olarak VOC emisyonlar\u0131n\u0131 azaltmak i\u00e7in \u00e7evre dostu m\u00fcrekkep bask\u0131s\u0131 ve UV vernik teknolojisini desteklemek.<\/li>\n<\/ul>\n<h2 id=\"3-technology-innovation-self-locking-folding-structure-efficient-cost-reduction-\">3.\u00a0<strong>Teknoloji yenili\u011fi: kendinden kilitlemeli katlama yap\u0131s\u0131, verimli maliyet azaltma<\/strong><\/h2>\n<ul>\n<li><strong>Hassas kal\u0131p kesim teknolojisi<\/strong>: Y\u00fcksek hassasiyetli kal\u0131p kesim k\u0131rma hatt\u0131 tasar\u0131m\u0131 (hata \u22641mm) sayesinde, kutu g\u00f6vdesi katlama kendinden kilitleme i\u015flevi ger\u00e7ekle\u015ftirilir. Alt kapak ve \u00fcst kapak, tutkal yap\u0131\u015ft\u0131rma olmadan s\u0131k\u0131ca olu\u015fturulabilen, manuel montaj maliyetlerini ve yap\u0131\u015fkan kirlili\u011fini azaltan bir ge\u00e7meli kilit kancas\u0131 yap\u0131s\u0131na sahiptir.<\/li>\n<li><strong>H\u0131zl\u0131 prototipleme uyarlanabilirli\u011fi<\/strong>: G\u00fcnl\u00fck 50.000.000 par\u00e7aya kadar \u00e7\u0131kt\u0131 ile otomatik \u00fcretim hatlar\u0131n\u0131n toplu katlanmas\u0131n\u0131 destekler ve b\u00fcy\u00fck miktarlarda mal\u0131n h\u0131zl\u0131 teslimat ihtiya\u00e7lar\u0131n\u0131 kar\u015f\u0131lar.<\/li>\n<\/ul>\n<h2 id=\"4-tactile-upgrade-combination-of-hot-stamping-technology-and-special-paper-\">4.\u00a0<strong>Dokunsal y\u00fckseltme: S\u0131cak damgalama teknolojisi ve \u00f6zel ka\u011f\u0131t kombinasyonu<\/strong><\/h2>\n<ul>\n<li>Y\u00fczey s\u0131cak damgalama i\u015flemi elektrokimyasal al\u00fcminyum folyo malzeme kullan\u0131r ve ambalaj\u0131n dokunsal katman\u0131n\u0131 geli\u015ftirmek i\u00e7in y\u00fcksek s\u0131cakl\u0131kta kabartma yoluyla bir ayna metal parlakl\u0131k efekti olu\u015fturur. Yerel UV kabartma veya kabartma i\u015flemi, s\u0131cak damgalama alan\u0131yla mat ve parlak bir y\u00fczey kontrast\u0131 olu\u015fturacak \u015fekilde \u00f6zelle\u015ftirilebilir ve kutuyu a\u00e7arken t\u00f6ren hissini art\u0131r\u0131r.<\/li>\n<\/ul>\n<h2 id=\"-production-and-customization-services-\"><strong>5. \u00dcretim ve \u00f6zelle\u015ftirme hizmetleri<\/strong><\/h2>\n<ul>\n<li><strong>Kaynak fabrika avantajlar\u0131<\/strong>: 16 y\u0131ll\u0131k profesyonel ambalaj \u00fcretim deneyimi, ofset bask\u0131, s\u0131cak damgalama, UV bask\u0131 vb. gibi tam zincir \u00fcretim hatlar\u0131 ile donat\u0131lm\u0131\u015f, tasar\u0131mdan kutulamaya kadar tek elden hizmetleri destekler. \u00dcr\u00fcn\u00fcn VI markas\u0131yla son derece tutarl\u0131 olmas\u0131n\u0131 sa\u011flamak i\u00e7in \u00fccretsiz prova (geleneksel 3 g\u00fcnl\u00fck teslimat) ve tasar\u0131m optimizasyonu \u00f6nerileri sa\u011flay\u0131n.<\/li>\n<li><strong>Maliyet avantaj\u0131<\/strong>: FSC sertifikal\u0131 ka\u011f\u0131d\u0131n b\u00fcy\u00fck \u00f6l\u00e7ekli tedariki ve otomatik \u00fcretim s\u00fcre\u00e7leri, 500 adet gibi d\u00fc\u015f\u00fck bir minimum sipari\u015f miktar\u0131 ve US$0.10.10\/adet gibi d\u00fc\u015f\u00fck bir birim fiyat ile k\u00fc\u00e7\u00fck ve orta \u00f6l\u00e7ekli markalar i\u00e7in uygun maliyetli bir se\u00e7enek sunar.<\/li>\n<li><strong>Katma de\u011ferli hizmetler<\/strong>: S\u0131n\u0131r \u00f6tesi ihracata \u00f6zel tedarik, nem ge\u00e7irmez ve darbeye dayan\u0131kl\u0131 i\u00e7 tepsi \u00f6zelle\u015ftirme (ka\u011f\u0131t tepsisi veya EVA astar gibi) ve \u00e7ok dilli manuel bask\u0131 deste\u011fi.<\/li>\n<\/ul>\n<h2 id=\"-technical-parameters-\"><strong>6. Teknik parametreler<\/strong><\/h2>\n<table>\n<thead>\n<tr>\n<th>Proje<\/th>\n<th>Teknik \u00d6zellikler<\/th>\n<\/tr>\n<\/thead>\n<tbody>\n<tr>\n<td>Malzeme<\/td>\n<td>FSC sertifikal\u0131 beyaz karton\/\u00e7ift bak\u0131r ka\u011f\u0131t gri karton<\/td>\n<\/tr>\n<tr>\n<td>S\u00fcre\u00e7<\/td>\n<td>S\u0131cak damgalama + UV bask\u0131 + kendinden kilitlemeli kal\u0131p kesim<\/td>\n<\/tr>\n<tr>\n<td>\u0130\u00e7 \u00e7ap<\/td>\n<td>\u00d6zelle\u015ftirilebilir<\/td>\n<\/tr>\n<tr>\n<td>\u00dcretim d\u00f6ng\u00fcs\u00fc<\/td>\n<td>Prova i\u00e7in 3 g\u00fcn, d\u00f6kme i\u00e7in 7-14 g\u00fcn<\/td>\n<\/tr>\n<tr>\n<td>Minimum sipari\u015f miktar\u0131<\/td>\n<td>500 adet (k\u00fc\u00e7\u00fck parti deneme sipari\u015flerini destekleyin)<\/td>\n<\/tr>\n<tr>\n<td>\u00c7evre sertifikas\u0131<\/td>\n<td>FSC-COC\/PEFC ikili sertifikasyonu<\/td>\n<\/tr>\n<\/tbody>\n<\/table>\n<h2 id=\"-application-scenarios-\"><strong>Uygulama senaryolar\u0131<\/strong><\/h2>\n<p>E-ticaret do\u011frudan teslimat\u0131nda, \u00e7evrimd\u0131\u015f\u0131 tezgah te\u015fhirinde ve hediye seti kombinasyonunda yayg\u0131n olarak kullan\u0131lan \u00fcst d\u00fczey cilt bak\u0131m\u0131 u\u00e7ucu ya\u011flar\u0131, parf\u00fcmler, esanslar ve di\u011fer kategorilere uygulanabilir, markalar\u0131n hafif bir l\u00fcks imaj\u0131 olu\u015fturmas\u0131na ve \u00e7evre koruma de\u011fer \u00f6nerilerini iletmesine yard\u0131mc\u0131 olur.<\/p>","protected":false},"excerpt":{"rendered":"<p>Bu cilt bak\u0131m ya\u011f\u0131 katlan\u0131r kartonlar\u0131, \u00fcst d\u00fczey cilt bak\u0131m markalar\u0131 i\u00e7in tasarlanm\u0131\u015ft\u0131r. Minimalist alt\u0131n varak renk \u015femas\u0131na sahip beyaz bir taban kullan\u0131r ve l\u00fcks doku ile pratikli\u011fi birle\u015ftiren bir ambalaj \u00e7\u00f6z\u00fcm\u00fc olu\u015fturmak i\u00e7in \u00e7evre koruma konseptlerini ve yenilik\u00e7i teknolojiyi entegre eder. Olgun teknolojiye ve b\u00fcy\u00fck \u00f6l\u00e7ekli \u00fcretim avantajlar\u0131na dayanan 16 y\u0131ll\u0131k bir fabrika taraf\u0131ndan \u00fcretilen bu \u00fcr\u00fcn, markalar\u0131n pazar rekabet g\u00fc\u00e7lerini art\u0131rmalar\u0131na yard\u0131mc\u0131 olmak i\u00e7in uygun maliyetli \u00f6zelle\u015ftirilmi\u015f hizmetler sunmaktad\u0131r.<\/p>","protected":false},"featured_media":727,"template":"","meta":{"_kad_post_transparent":"default","_kad_post_title":"","_kad_post_layout":"default","_kad_post_sidebar_id":"","_kad_post_content_style":"default","_kad_post_vertical_padding":"default","_kad_post_feature":"","_kad_post_feature_position":"","_kad_post_header":false,"_kad_post_footer":false,"_kad_post_classname":""},"product_brand":[],"product_cat":[15,28,24,17],"product_tag":[269,267,268],"class_list":{"0":"post-725","1":"product","2":"type-product","3":"status-publish","4":"has-post-thumbnail","6":"product_cat-red-light-therapy","7":"product_cat-customize","8":"product_cat-red-light-therapy-bed","9":"product_cat-services","10":"product_tag-custom-face-oil-boxes","11":"product_tag-custom-skin-care-cartons-box","12":"product_tag-custom-skincare-oil-boxes-wholesale","14":"first","15":"instock","16":"shipping-taxable","17":"product-type-simple","18":"entry","19":"content-bg","20":"loop-entry"},"_links":{"self":[{"href":"https:\/\/red-lighttherapy.com\/tr\/wp-json\/wp\/v2\/product\/725","targetHints":{"allow":["GET"]}}],"collection":[{"href":"https:\/\/red-lighttherapy.com\/tr\/wp-json\/wp\/v2\/product"}],"about":[{"href":"https:\/\/red-lighttherapy.com\/tr\/wp-json\/wp\/v2\/types\/product"}],"wp:featuredmedia":[{"embeddable":true,"href":"https:\/\/red-lighttherapy.com\/tr\/wp-json\/wp\/v2\/media\/727"}],"wp:attachment":[{"href":"https:\/\/red-lighttherapy.com\/tr\/wp-json\/wp\/v2\/media?parent=725"}],"wp:term":[{"taxonomy":"product_brand","embeddable":true,"href":"https:\/\/red-lighttherapy.com\/tr\/wp-json\/wp\/v2\/product_brand?post=725"},{"taxonomy":"product_cat","embeddable":true,"href":"https:\/\/red-lighttherapy.com\/tr\/wp-json\/wp\/v2\/product_cat?post=725"},{"taxonomy":"product_tag","embeddable":true,"href":"https:\/\/red-lighttherapy.com\/tr\/wp-json\/wp\/v2\/product_tag?post=725"}],"curies":[{"name":"wp","href":"https:\/\/api.w.org\/{rel}","templated":true}]}}