{"id":719,"date":"2025-04-14T06:56:26","date_gmt":"2025-04-14T06:56:26","guid":{"rendered":"https:\/\/red-lighttherapy.com\/?post_type=product&#038;p=719"},"modified":"2025-04-14T07:08:31","modified_gmt":"2025-04-14T07:08:31","slug":"luxury-custom-cosmetic-face-serum-cream-folding-mailer-box","status":"publish","type":"product","link":"https:\/\/red-lighttherapy.com\/tr\/luxury-custom-cosmetic-face-serum-cream-folding-mailer-box\/","title":{"rendered":"L\u00fcks \u00d6zel Kozmetik Y\u00fcz Serumu Kremi Katlan\u0131r Posta Kutusu"},"content":{"rendered":"<h2 id=\"product-description-of-luxury-customized-cosmetics-facial-essence-cream-folding-mailing-box\">\u00dcr\u00fcn A\u00e7\u0131klamas\u0131 L\u00fcks \u00d6zelle\u015ftirilmi\u015f Kozmetik Y\u00fcz \u00d6z\u00fc Kremi Katlan\u0131r Posta Kutusu<\/h2>\n<h2 id=\"-1-folding-airplane-box-structure-efficient-and-convenient-innovation-\"><strong>1. Katlan\u0131r posta kutusu yap\u0131s\u0131: verimli ve kullan\u0131\u015fl\u0131 yenilik<\/strong><\/h2>\n<ol>\n<li><strong>Hassas k\u0131r\u0131\u015ft\u0131rma i\u015flemi, h\u0131zl\u0131 montaj<\/strong> Ambalaj kutusu, tutkal veya alet yard\u0131m\u0131 olmadan kenar\u0131na \u00f6nceden bast\u0131r\u0131lm\u0131\u015f net k\u0131r\u0131\u015f\u0131kl\u0131klar ile klasik katlan\u0131r posta kutusu tasar\u0131m\u0131n\u0131 benimser ve 30 saniye i\u00e7inde \u00fc\u00e7 boyutlu kal\u0131plamay\u0131 tamamlayabilir. Benzersiz kilit tipi yap\u0131, kutu g\u00f6vdesinin dengesini sa\u011flar, nakliye s\u0131ras\u0131nda kazara da\u011f\u0131lmay\u0131 \u00f6nler ve hem \u00e7evre korumas\u0131n\u0131 hem de verimlili\u011fi dikkate al\u0131r.<\/li>\n<li><strong>Bilimsel depo b\u00f6l\u00fcm\u00fc, esnek adaptasyon<\/strong>\u00a0\u0130\u00e7 alan, \u00fcr\u00fcnler aras\u0131ndaki \u00e7arp\u0131\u015fmalar\u0131 \u00f6nlemek i\u00e7in m\u00fc\u015fteri ihtiya\u00e7lar\u0131na g\u00f6re katmanl\u0131 b\u00f6lmelerle (esans kremi \u015fi\u015feleri, kirpik kutular\u0131 veya makyaj f\u0131r\u00e7alar\u0131 i\u00e7in ba\u011f\u0131ms\u0131z yuvalar gibi) \u00f6zelle\u015ftirilebilir. Boyut ki\u015fiselle\u015ftirilmi\u015f ayarlamay\u0131 destekler, minimum 10cm \u00d7 5cm (ta\u015f\u0131nabilir kirpik seti) olarak \u00f6zelle\u015ftirilebilir ve maksimum 30cm \u00d7 20cm'ye (\u00e7ok par\u00e7al\u0131 hediye kutusu kombinasyonu) geni\u015fletilerek farkl\u0131 sahne ihtiya\u00e7lar\u0131na uyarlanabilir.<\/li>\n<\/ol>\n<h2 id=\"-second-luxurious-appearance-matte-black-and-gold-aesthetics-\"><strong>2. L\u00fcks g\u00f6r\u00fcn\u00fcm: mat siyah ve alt\u0131n esteti\u011fi<\/strong><\/h2>\n<ol>\n<li><strong>Doku y\u00fczey i\u015flemi<\/strong>\u00a0Kutu g\u00f6vdesi, kadife kadar hassas bir his veren 320g y\u00fcksek a\u011f\u0131rl\u0131kl\u0131 siyah mat karton tabana sahiptir ve su ge\u00e7irmez, kirlenme \u00f6nleyici ve a\u015f\u0131nmaya dayan\u0131kl\u0131 UV laminasyon teknolojisi ile donat\u0131lm\u0131\u015ft\u0131r. Y\u00fczey, s\u0131cak damgalama teknolojisi ile marka LOGOSU veya \u00f6zelle\u015ftirilmi\u015f desen ile \u00f6zetlenmi\u015ftir ve alt\u0131n \u00e7izgiler mat arka plan \u00fczerinde belirmekte, sade ve l\u00fcks bir g\u00f6rsel etki yaratmaktad\u0131r.<\/li>\n<li><strong>Marka logosu geli\u015ftirme<\/strong>\u00a0Kabartma teknolojisi eklenebilir (cilt dokusunu sim\u00fcle etmek i\u00e7in i\u00e7b\u00fckey ve d\u0131\u015fb\u00fckey desenler gibi) veya \u00fcst d\u00fczey kullan\u0131c\u0131lar taraf\u0131ndan \"s\u00fcr\u00fckleyici deneyim\" aray\u0131\u015f\u0131na uygun olarak etkile\u015fim duygusunu ve teknolojik \u00f6zellikleri geli\u015ftirmek i\u00e7in AR teknolojisi ile birlikte g\u00f6r\u00fcnmez QR kodlar\u0131 yerle\u015ftirilebilir.<\/li>\n<\/ol>\n<h2 id=\"-three-double-protection-double-protection-of-materials-and-structure-\"><strong>3. \u00c7ift koruma: malzeme ve yap\u0131 i\u00e7in \u00e7ift koruma<\/strong><\/h2>\n<ol>\n<li><strong>Do\u011fal oluklu ka\u011f\u0131t tampon katman\u0131<\/strong>\u00a0Kutu g\u00f6vdesi AB tipi \u00e7ift katmanl\u0131 oluklu mukavvay\u0131 (kal\u0131nl\u0131k 3 mm) benimser ve petek yap\u0131s\u0131 d\u0131\u015f darbe kuvvetinin 80%'den fazlas\u0131n\u0131 emebilir. \u015eiddetli nakliye ile kar\u015f\u0131la\u015fsa bile, i\u00e7 \u00fcr\u00fcn hala sa\u011flam olabilir. Malzeme FSC sertifikal\u0131d\u0131r ve 100% par\u00e7alanabilir, bu da s\u00fcrd\u00fcr\u00fclebilir l\u00fcks kavram\u0131na uygundur.<\/li>\n<li><strong>K\u00f6\u015fe g\u00fc\u00e7lendirme teknolojisi<\/strong>\u00a0K\u00f6\u015feler, takviye i\u00e7in g\u00f6m\u00fcl\u00fc s\u0131k\u0131\u015ft\u0131rma \u00f6nleyici \u015feritlerle \u00e7ift katmanl\u0131 ka\u011f\u0131t laminasyon teknolojisinden yap\u0131lm\u0131\u015ft\u0131r ve y\u00fck ta\u015f\u0131ma kapasitesi, istifleme deformasyonuna etkili bir \u015fekilde direnen 5 kg'a ula\u015f\u0131r. Titre\u015fimi ve nemi daha fazla izole etmek i\u00e7in kutu kapa\u011f\u0131 ile kutu g\u00f6vdesi aras\u0131ndaki ba\u011flant\u0131 noktalar\u0131na titre\u015fim \u00f6nleyici s\u00fcnger \u015feritler eklenmi\u015ftir ve s\u0131n\u0131r \u00f6tesi uzun mesafeli nakliye i\u00e7in uygundur.<\/li>\n<\/ol>\n<h2 id=\"-technical-parameters-\"><strong>Teknik parametreler<\/strong><\/h2>\n<table>\n<thead>\n<tr>\n<th>Proje<\/th>\n<th>Teknik \u00d6zellikler<\/th>\n<\/tr>\n<\/thead>\n<tbody>\n<tr>\n<td>Malzeme<\/td>\n<td>AB \u00e7ift katmanl\u0131 oluklu ka\u011f\u0131t (FSC sertifikal\u0131)<\/td>\n<\/tr>\n<tr>\n<td>Y\u00fczey teknolojisi<\/td>\n<td>Mat UV kaplama + s\u0131cak damgalama \/ k\u0131smi kabartma<\/td>\n<\/tr>\n<tr>\n<td>Y\u00fck ta\u015f\u0131ma kapasitesi<\/td>\n<td>\u22645kg<\/td>\n<\/tr>\n<tr>\n<td>\u00c7evre sertifikas\u0131<\/td>\n<td>SGS, REACH, RoHS<\/td>\n<\/tr>\n<tr>\n<td>Minimum sipari\u015f miktar\u0131<\/td>\n<td>500 adet (kar\u0131\u015f\u0131k boyutlar mevcuttur)<\/td>\n<\/tr>\n<\/tbody>\n<\/table>\n<h2 id=\"-applicable-scenarios-\"><strong>Uygulanabilir senaryolar<\/strong><\/h2>\n<ul>\n<li><strong>L\u00fcks cilt bak\u0131m \u00fcr\u00fcnlerinin \u00f6zel teslimat\u0131<\/strong>: esans kremi, ampul ve di\u011fer y\u00fcksek fiyatl\u0131 \u00fcr\u00fcnler gibi;<\/li>\n<li><strong>S\u0131n\u0131rl\u0131 hediye kutusu seti<\/strong>: \u00e7apraz kategori kombinasyonu (esans + g\u00f6z kremi + \u00f6zelle\u015ftirilmi\u015f ara\u00e7lar);<\/li>\n<li><strong>G\u00fczellik abonelik hizmeti<\/strong>: ayl\u0131k olarak teslim edilen ki\u015fiselle\u015ftirilmi\u015f cilt bak\u0131m \u00e7\u00f6z\u00fcmleri.<\/li>\n<\/ul>","protected":false},"excerpt":{"rendered":"<p>Bu katlan\u0131r posta kutusu, \u00fcst d\u00fczey \u00f6zelle\u015ftirilmi\u015f kozmetikler i\u00e7in \u00f6zel olarak tasarlanm\u0131\u015ft\u0131r. \"Minimalist esteti\u011fi\" ve \"bilimsel korumay\u0131\" temel al\u0131r ve sanatsal duyguyu i\u015flevsellikle m\u00fckemmel bir \u015fekilde birle\u015ftirir. Tasar\u0131m ilham\u0131, l\u00fcks cilt bak\u0131m \u00fcr\u00fcnleri, y\u00fcz \u00f6z\u00fc kremleri, kirpikler vb. gibi zarif g\u00fczellik \u00fcr\u00fcnleri i\u00e7in \u00e7ok y\u00f6nl\u00fc koruma sa\u011flarken, kutu a\u00e7ma t\u00f6reni ve markaya \u00f6zel bir deneyim hissi vermek i\u00e7in havac\u0131l\u0131k s\u0131n\u0131f\u0131 koruma konseptiyle birle\u015ftirilen k\u00fcresel \u00f6zelle\u015ftirilmi\u015f ambalaj trendinden gelmektedir.<\/p>","protected":false},"featured_media":720,"template":"","meta":{"_kad_post_transparent":"default","_kad_post_title":"","_kad_post_layout":"default","_kad_post_sidebar_id":"","_kad_post_content_style":"default","_kad_post_vertical_padding":"default","_kad_post_feature":"","_kad_post_feature_position":"","_kad_post_header":false,"_kad_post_footer":false,"_kad_post_classname":""},"product_brand":[],"product_cat":[15,28,17],"product_tag":[186,265,266],"class_list":{"0":"post-719","1":"product","2":"type-product","3":"status-publish","4":"has-post-thumbnail","6":"product_cat-red-light-therapy","7":"product_cat-customize","8":"product_cat-services","9":"product_tag-cosmetic-boxes-supplies","10":"product_tag-custom-face-serum-folding-mailer-box","11":"product_tag-face-cream-mailer-boxes","13":"first","14":"instock","15":"shipping-taxable","16":"product-type-simple","17":"entry","18":"content-bg","19":"loop-entry"},"_links":{"self":[{"href":"https:\/\/red-lighttherapy.com\/tr\/wp-json\/wp\/v2\/product\/719","targetHints":{"allow":["GET"]}}],"collection":[{"href":"https:\/\/red-lighttherapy.com\/tr\/wp-json\/wp\/v2\/product"}],"about":[{"href":"https:\/\/red-lighttherapy.com\/tr\/wp-json\/wp\/v2\/types\/product"}],"wp:featuredmedia":[{"embeddable":true,"href":"https:\/\/red-lighttherapy.com\/tr\/wp-json\/wp\/v2\/media\/720"}],"wp:attachment":[{"href":"https:\/\/red-lighttherapy.com\/tr\/wp-json\/wp\/v2\/media?parent=719"}],"wp:term":[{"taxonomy":"product_brand","embeddable":true,"href":"https:\/\/red-lighttherapy.com\/tr\/wp-json\/wp\/v2\/product_brand?post=719"},{"taxonomy":"product_cat","embeddable":true,"href":"https:\/\/red-lighttherapy.com\/tr\/wp-json\/wp\/v2\/product_cat?post=719"},{"taxonomy":"product_tag","embeddable":true,"href":"https:\/\/red-lighttherapy.com\/tr\/wp-json\/wp\/v2\/product_tag?post=719"}],"curies":[{"name":"wp","href":"https:\/\/api.w.org\/{rel}","templated":true}]}}