{"id":709,"date":"2025-04-14T06:16:33","date_gmt":"2025-04-14T06:16:33","guid":{"rendered":"https:\/\/red-lighttherapy.com\/?post_type=product&#038;p=709"},"modified":"2025-04-14T06:39:50","modified_gmt":"2025-04-14T06:39:50","slug":"factory-custom-apparel-shoe-sweater-bra-clothes-mailer-box","status":"publish","type":"product","link":"https:\/\/red-lighttherapy.com\/tr\/factory-custom-apparel-shoe-sweater-bra-clothes-mailer-box\/","title":{"rendered":"Fabrika \u00d6zel Konfeksiyon Ayakkab\u0131 Kazak S\u00fctyen Giysi Posta Kutusu"},"content":{"rendered":"<h2 id=\"-rainbow-gradient-series-clothing-transport-box-products-\">Fabrika \u00d6zel Konfeksiyon Ayakkab\u0131 Kazak S\u00fctyen Giysi Posta Kutusu<\/h2>\n<h2 id=\"-i-appearance-design-fusion-of-rainbow-gradient-aesthetics-and-brand-imprint-\"><strong>1. G\u00f6r\u00fcn\u00fcm tasar\u0131m\u0131: g\u00f6kku\u015fa\u011f\u0131 gradyan esteti\u011fi ve marka bask\u0131s\u0131n\u0131n birle\u015fimi<\/strong><\/h2>\n<ol>\n<li><strong>G\u00f6kku\u015fa\u011f\u0131 gradyan kutu tasar\u0131m\u0131<\/strong>\u00a0Kutu g\u00f6vdesi, g\u00f6ky\u00fcz\u00fcn\u00fc boyayan sabah \u0131\u015f\u0131lt\u0131s\u0131 gibi s\u0131cak renklerden so\u011fuk renklere do\u011fal olarak ba\u011flanan bir degrade renk ge\u00e7i\u015fi olu\u015fturmak i\u00e7in y\u00fcksek hassasiyetli bask\u0131 teknolojisi kullan\u0131r. Degrade renk sistemi gen\u00e7 t\u00fcketici gruplar\u0131n\u0131n estetik tercihlerine uymakta, canl\u0131l\u0131k, yarat\u0131c\u0131l\u0131k ve moda tutumunu yans\u0131tmakta ve \u00e7e\u015fitli giyim, ayakkab\u0131 ve di\u011fer \u00fcr\u00fcn stilleriyle g\u00f6rsel bir yank\u0131 olu\u015fturmaktad\u0131r.<\/li>\n<li><strong>Marka LOGOSU dinamik f\u00fczyon tasar\u0131m\u0131<\/strong>\u00a0Marka logosu \"optik renk de\u011fi\u015ftiren m\u00fcrekkep\" i\u015flemini kullanmaktad\u0131r. LOGO rengi \u0131\u015f\u0131k a\u00e7\u0131s\u0131na g\u00f6re de\u011fi\u015fir ve sabah \u0131\u015f\u0131\u011f\u0131nda belirip kaybolan \u0131\u015f\u0131k gibi arka plan gradyan katman\u0131yla do\u011fal bir \u015fekilde kar\u0131\u015f\u0131r. Bu tasar\u0131m, geleneksel tek renkli logolar\u0131n s\u0131n\u0131rlamalar\u0131n\u0131 a\u015f\u0131yor, g\u00f6rsel katmanlar\u0131 ve haf\u0131za noktalar\u0131n\u0131 geli\u015ftiriyor ve marka sembolleri ile ambalaj esteti\u011finin derin ba\u011f\u0131n\u0131 ger\u00e7ekle\u015ftiriyor.<\/li>\n<\/ol>\n<h2 id=\"-second-structural-optimization-efficient-assembly-and-durable-protection-\"><strong>2. Yap\u0131sal optimizasyon: verimli montaj ve dayan\u0131kl\u0131 koruma<\/strong><\/h2>\n<ol>\n<li><strong>U\u00e7ak kutusu \u015feklinde h\u0131zl\u0131 katlan\u0131r yap\u0131<\/strong>\u00a0Patentli k\u0131r\u0131\u015f\u0131k tasar\u0131m\u0131na dayanan kutu g\u00f6vdesi, yap\u0131\u015ft\u0131r\u0131c\u0131 veya alet kullanmadan \u00f6nceden preslenmi\u015f i\u015faret boyunca katlanarak monte edilebilir. \u00d6l\u00e7\u00fclen tek kutu montaj s\u00fcresi \u226415 saniyedir, bu da geleneksel paketlemeye g\u00f6re 60% daha verimlidir, i\u015f\u00e7ilik ve depolama maliyetlerini b\u00fcy\u00fck \u00f6l\u00e7\u00fcde azalt\u0131r.<\/li>\n<li><strong>\u00c7ift katmanl\u0131 kutu koruma sistemi<\/strong><\/li>\n<li><strong>D\u0131\u015f kutu<\/strong>: Y\u00fczey, 0,2 mm kal\u0131nl\u0131\u011f\u0131nda su bazl\u0131 poli\u00fcretan a\u015f\u0131nmaya dayan\u0131kl\u0131 film (\u00e7evre dostu i\u015flem) ile kaplanm\u0131\u015ft\u0131r, 5H sertlikte \u00e7izilme direnci ve IPX4 su ge\u00e7irmezlik derecesi ile lojistik ve ta\u015f\u0131mac\u0131l\u0131kta s\u00fcrt\u00fcnme ve nemli ortamlara dayanabilir.<\/li>\n<li><strong>\u0130\u00e7 kutu<\/strong>: Saf beyaz g\u0131da s\u0131n\u0131f\u0131 sert karton astar, kirlilik ve renk fark\u0131 paraziti yok, ambalajdan \u00e7\u0131karma an\u0131nda \u00fcr\u00fcn g\u00f6vdesine odaklan\u0131n. \u0130\u00e7 duvara, kazak ve ayakkab\u0131 gibi farkl\u0131 kategorilerin bas\u0131n\u00e7 direnci gereksinimlerine uygun 8 kg y\u00fck ta\u015f\u0131ma kapasitesine sahip bir petek tampon yap\u0131s\u0131 eklenmi\u015ftir.<\/li>\n<\/ol>\n<h2 id=\"-iii-environmental-qualification-and-production-guarantee-\"><strong>3. \u00c7evresel yeterlilik ve \u00fcretim garantisi<\/strong><\/h2>\n<ol>\n<li><strong>FSC orman sertifikas\u0131 ve ISO kalite y\u00f6netimi<\/strong>\u00a0Kutu g\u00f6vdesinin hammaddelerinin 100%'si FSC-COC \u00fcretim ve sat\u0131\u015f denetim zinciri sertifikasyonunu ge\u00e7mi\u015ftir ve bask\u0131 m\u00fcrekkebi AB REACH \u00e7evre koruma standartlar\u0131na uygundur. Fabrika ISO 9001 kalite y\u00f6netim sistemi ve ISO 14001 \u00e7evre y\u00f6netim sistemi sertifikas\u0131na sahiptir. 16 y\u0131ll\u0131k \u00fcretim deneyimi, her bir ambalaj partisinin renk fark\u0131 tolerans\u0131n\u0131n \u22645% ve zaman\u0131nda teslimat oran\u0131n\u0131n \u226598% olmas\u0131n\u0131 sa\u011flar.<\/li>\n<li><strong>\u00d6zelle\u015ftirilmi\u015f hizmet uzant\u0131s\u0131<\/strong>\u00a0Ki\u015fiselle\u015ftirilmi\u015f y\u00fckseltme se\u00e7eneklerini destekleyin:<\/li>\n<li><strong>\u0130\u015flev geni\u015fletme<\/strong>: dahili b\u00f6lme panosu, toz torbas\u0131 kancas\u0131;<\/li>\n<li><strong>S\u00fcre\u00e7 y\u00fckseltme<\/strong>: s\u0131cak damgalama \/ kabartmal\u0131 doku, manyetik a\u00e7ma ve kapama yap\u0131s\u0131;<\/li>\n<li><strong>Boyut adaptasyonu<\/strong>: 20'den fazla standart boyut kitapl\u0131\u011f\u0131 sa\u011flay\u0131n, standart d\u0131\u015f\u0131 \u00f6zelle\u015ftirmeyi destekleyin (hata \u00b1 1 mm).<\/li>\n<\/ol>\n<h2 id=\"-fourth-application-scenarios-and-value-empowerment-\"><strong>4. Uygulama Senaryolar\u0131 ve De\u011fer G\u00fc\u00e7lendirme<\/strong><\/h2>\n<p>Bu ambalaj serisi, \u00f6zellikle a\u015fa\u011f\u0131daki senaryolar i\u00e7in uygun olan giyim, i\u00e7 \u00e7ama\u015f\u0131r\u0131, ayakkab\u0131, kazak vb. gibi hafif l\u00fcks ve h\u0131zl\u0131 moda markalar\u0131 i\u00e7in uygundur:<\/p>\n<ul>\n<li><strong>E-ticaret do\u011frudan postas\u0131<\/strong>: G\u00f6kku\u015fa\u011f\u0131 gradyan g\u00f6r\u00fcn\u00fcm\u00fc sosyal medyada kutudan \u00e7\u0131karma oran\u0131n\u0131 art\u0131r\u0131r;<\/li>\n<li><strong>Ma\u011faza te\u015fhiri<\/strong>: Birle\u015ftirilmi\u015f marka g\u00f6rsel sistemi terminal imaj\u0131n\u0131 g\u00fc\u00e7lendirir;<\/li>\n<li><strong>S\u0131n\u0131rl\u0131 ortak markala\u015fma<\/strong>: Dinamik LOGO tasar\u0131m\u0131 s\u0131n\u0131r \u00f6tesi IP i\u015fbirli\u011fi ihtiya\u00e7lar\u0131na uyum sa\u011flar.<\/li>\n<\/ul>","protected":false},"excerpt":{"rendered":"<p>Posta kutusu tipi, sadece k\u0131r\u0131\u015f\u0131k tasar\u0131m\u0131n\u0131 takip ederek h\u0131zl\u0131 bir \u015fekilde katlanabilir ve monte edilebilir, b\u00f6ylece nakliye ve depolama maliyetlerinden tasarruf edilir. Kutu g\u00f6vdesi, yarat\u0131c\u0131 konumland\u0131rmaya uygun olarak modaya uygun ve canl\u0131 bir g\u00f6rsel efekt sunmak i\u00e7in g\u00f6kku\u015fa\u011f\u0131 gradyan renk tasar\u0131m\u0131n\u0131 benimser. Y\u00fczey kaplamas\u0131, giyim \u00fcr\u00fcnlerinin ta\u015f\u0131nmas\u0131 ve korunmas\u0131 i\u00e7in uygun olan a\u015f\u0131nmaya dayan\u0131kl\u0131 ve nem ge\u00e7irmez \u00f6zelliklere sahiptir.<\/p>","protected":false},"featured_media":710,"template":"","meta":{"_kad_post_transparent":"default","_kad_post_title":"","_kad_post_layout":"default","_kad_post_sidebar_id":"","_kad_post_content_style":"default","_kad_post_vertical_padding":"default","_kad_post_feature":"","_kad_post_feature_position":"","_kad_post_header":false,"_kad_post_footer":false,"_kad_post_classname":""},"product_brand":[],"product_cat":[15,30,17],"product_tag":[259,260,261],"class_list":{"0":"post-709","1":"product","2":"type-product","3":"status-publish","4":"has-post-thumbnail","6":"product_cat-red-light-therapy","7":"product_cat-dropshipping","8":"product_cat-services","9":"product_tag-custom-apparel-clothes-mailer-box","10":"product_tag-mailer-box-for-shoe","11":"product_tag-sweater-bra-packaging-boxes","13":"first","14":"instock","15":"shipping-taxable","16":"product-type-simple","17":"entry","18":"content-bg","19":"loop-entry"},"_links":{"self":[{"href":"https:\/\/red-lighttherapy.com\/tr\/wp-json\/wp\/v2\/product\/709","targetHints":{"allow":["GET"]}}],"collection":[{"href":"https:\/\/red-lighttherapy.com\/tr\/wp-json\/wp\/v2\/product"}],"about":[{"href":"https:\/\/red-lighttherapy.com\/tr\/wp-json\/wp\/v2\/types\/product"}],"wp:featuredmedia":[{"embeddable":true,"href":"https:\/\/red-lighttherapy.com\/tr\/wp-json\/wp\/v2\/media\/710"}],"wp:attachment":[{"href":"https:\/\/red-lighttherapy.com\/tr\/wp-json\/wp\/v2\/media?parent=709"}],"wp:term":[{"taxonomy":"product_brand","embeddable":true,"href":"https:\/\/red-lighttherapy.com\/tr\/wp-json\/wp\/v2\/product_brand?post=709"},{"taxonomy":"product_cat","embeddable":true,"href":"https:\/\/red-lighttherapy.com\/tr\/wp-json\/wp\/v2\/product_cat?post=709"},{"taxonomy":"product_tag","embeddable":true,"href":"https:\/\/red-lighttherapy.com\/tr\/wp-json\/wp\/v2\/product_tag?post=709"}],"curies":[{"name":"wp","href":"https:\/\/api.w.org\/{rel}","templated":true}]}}