{"id":704,"date":"2025-04-14T06:06:17","date_gmt":"2025-04-14T06:06:17","guid":{"rendered":"https:\/\/red-lighttherapy.com\/?post_type=product&#038;p=704"},"modified":"2025-04-14T06:16:05","modified_gmt":"2025-04-14T06:16:05","slug":"supplier-custom-luxury-mailer-packaging-for-champagne-wine","status":"publish","type":"product","link":"https:\/\/red-lighttherapy.com\/tr\/supplier-custom-luxury-mailer-packaging-for-champagne-wine\/","title":{"rendered":"Tedarik\u00e7i \u015eampanya \u015earab\u0131 i\u00e7in \u00d6zel L\u00fcks Posta Ambalaj\u0131"},"content":{"rendered":"<h2 id=\"-customized-luxury-mailing-packaging-solution-for-champagne-\"><strong>\u015eampanya i\u00e7in \u00f6zelle\u015ftirilmi\u015f l\u00fcks posta ambalaj\u0131 \u00e7\u00f6z\u00fcm\u00fc<\/strong><\/h2>\n<h2 id=\"-1-structured-padding-system-the-perfect-balance-of-precise-protection-and-surprise-when-unboxing-\"><strong>1. Yap\u0131land\u0131r\u0131lm\u0131\u015f dolgu sistemi: kutudan \u00e7\u0131kar\u0131rken hassas koruma ve s\u00fcrprizin m\u00fckemmel dengesi<\/strong><\/h2>\n<p>Patentli katlan\u0131r oluklu astar yap\u0131s\u0131, \u015fi\u015feyi \u00e7ok boyutlu mekanik destekle hassas bir \u015fekilde sabitlemek i\u00e7in kullan\u0131l\u0131r:<\/p>\n<ul>\n<li><strong>\u00dc\u00e7 boyutlu kilitleme tasar\u0131m\u0131<\/strong>: Petek yuvas\u0131, \u015fi\u015fenin dikey stabilitesini sa\u011flamak i\u00e7in \u00fcst ark destek cihaz\u0131 ile birlikte \u015fampanya \u015fi\u015fesinin e\u011frili\u011fine g\u00f6re \u00f6zelle\u015ftirilmi\u015ftir ve ters \u00e7evrilse veya \u015fiddetli bir \u015fekilde sars\u0131lsa bile yer de\u011fi\u015ftirme riski yoktur.<\/li>\n<li><strong>\u00c7ift tampon katman\u0131<\/strong>: Astar, E oluk + B oluk kompozit kartonu (kal\u0131nl\u0131k 1,5-2,5 mm ayarlanabilir) benimser ve petek ara katman\u0131 arac\u0131l\u0131\u011f\u0131yla darbe enerjisini emer. Laboratuvar testleri, 1,2 metrelik d\u00fc\u015fme etkisine dayanabilece\u011fini g\u00f6stermektedir (ISTA 3A standartlar\u0131na uygun olarak).<\/li>\n<li><strong>Kutudan \u00e7\u0131karma rit\u00fceli<\/strong>: Minimalist katlan\u0131r a\u00e7ma tasar\u0131m\u0131, kullan\u0131c\u0131lar\u0131n yan \u015feridi hafif\u00e7e \u00e7ekerek astar\u0131 a\u00e7mas\u0131na olanak tan\u0131r. \u015ei\u015fe yer\u00e7ekimiyle do\u011fal olarak y\u00fckselir ve g\u00f6rsel bir \"y\u00fczen ekran\" s\u00fcrprizi yaratmak i\u00e7in yar\u0131 saydam s\u00fclf\u00fcrik asit ka\u011f\u0131d\u0131 ile kaplan\u0131r.<\/li>\n<\/ul>\n<h2 id=\"-second-smart-airplane-box-structure-3-second-molding-efficiency-revolution-\"><strong>2. Ak\u0131ll\u0131 u\u00e7ak kutusu yap\u0131s\u0131: 3 saniyede kal\u0131plama, verimlilik devrimi<\/strong><\/h2>\n<p>D\u00f6rt \u00e7ubuklu ba\u011flant\u0131 mekanizmas\u0131 prensibine dayanan tutkals\u0131z katlama sistemi, geleneksel paketleme s\u00fcrecini alt\u00fcst etmektedir:<\/p>\n<ul>\n<li><strong>Aletsiz montaj<\/strong>: \u00d6nceden girintili oluklu mukavva, alt kilide bas\u0131larak otomatik olarak olu\u015fturulabilir ve tek bir kutunun montaj s\u00fcresi \u22645 saniyedir, bu da verimlili\u011fi 300% art\u0131r\u0131r.<\/li>\n<li><strong>Mod\u00fcler uyumluluk<\/strong>: Tek \u015fi\u015feden 6 \u015fi\u015feye kadar \u00f6zellikleri destekler (uyarlanabilir y\u00fckseklik 20-50cm) ve kutu g\u00f6vdesinin yan kanatlar\u0131, g\u00fc\u00e7lendirilmi\u015f ve yeniden inceleme i\u00e7in a\u00e7\u0131l\u0131p kapanmas\u0131 kolay yerle\u015fik manyetik tokalara sahiptir.<\/li>\n<li><strong>K\u00fcresel lojistik dostu<\/strong>: Katland\u0131ktan sonraki kal\u0131nl\u0131k sadece 3 cm'dir, bu da kaplanan depolama ve nakliye alan\u0131n\u0131 azalt\u0131r ve birim konteyner y\u00fckleme kapasitesi 40% artar.<\/li>\n<\/ul>\n<h2 id=\"-third-environmental-protection-performance-and-artistic-details-a-comprehensive-upgrade-from-function-to-aesthetics-\"><strong>3. \u00c7evre koruma performans\u0131 ve sanatsal detaylar: i\u015flevden esteti\u011fe kapsaml\u0131 bir y\u00fckseltme<\/strong><\/h2>\n<ol>\n<li><strong>\u00c7evre dostu malzemeler<\/strong>:<\/li>\n<li>100% geri d\u00f6n\u00fc\u015ft\u00fcr\u00fclebilir FSC sertifikal\u0131 oluklu ka\u011f\u0131t, y\u00fczey su bazl\u0131 kaplama neme ve bas\u0131nca dayan\u0131kl\u0131d\u0131r.<\/li>\n<li>Karbon ayak izi, AB EPR y\u00f6netmeliklerinin gerekliliklerini kar\u015f\u0131layan geleneksel k\u00f6p\u00fck ambalajdan 62% daha d\u00fc\u015f\u00fckt\u00fcr.<\/li>\n<li><strong>Sanatsal tasar\u0131m<\/strong>:<\/li>\n<li><strong>Alttaki yumurta<\/strong>: Soyut siyah kedi siluetinin lazerle i\u015flenmesi, anlat\u0131sal bir ba\u011flant\u0131 olu\u015fturur ve marka haf\u0131zas\u0131n\u0131 g\u00fc\u00e7lendirir.<\/li>\n<li><strong>Minimalist g\u00f6rsel dil<\/strong>: K\u0131smi s\u0131cak damgalama i\u015flemi ile mat siyah ve alt\u0131n ana renk, d\u0131\u015f kutu sadece marka LOGO'sunu ve \u015faraphane izlenebilirli\u011fi QR kodunu korur, d\u00fc\u015f\u00fck anahtar l\u00fcks\u00fcn\u00fc yorumlar.<\/li>\n<\/ol>\n<h2 id=\"-fourth-full-link-customization-service-a-one-stop-solution-from-design-to-delivery-\"><strong>4. Tam ba\u011flant\u0131 \u00f6zelle\u015ftirme hizmeti: tasar\u0131mdan teslimata kadar tek elden \u00e7\u00f6z\u00fcm<\/strong><\/h2>\n<ol>\n<li><strong>Derin \u00f6zelle\u015ftirme se\u00e7enekleri<\/strong>:<\/li>\n<li><strong>\u015ei\u015fe tipi adaptasyonu<\/strong>: Standart \u015fampanya \u015fi\u015feleri, roze dar a\u011f\u0131zl\u0131 \u015fi\u015feler, Magnum b\u00fcy\u00fck \u015fi\u015feler gibi 20'den fazla \u00f6zel \u015fi\u015fe t\u00fcr\u00fcn\u00fcn veritaban\u0131 e\u015fle\u015ftirmesini destekler.<\/li>\n<li><strong>Marka implantasyonu<\/strong>: S\u0131cak damgalama, serigrafi bask\u0131, kabartma ve di\u011fer \u00e7ok i\u015flemli LOGO \u00f6zelle\u015ftirmesi sa\u011flar ve Pantone spot renk e\u015fle\u015ftirmesini destekler.<\/li>\n<li><strong>\u0130\u015flev geni\u015fletme<\/strong>: S\u0131cakl\u0131k alg\u0131lama etiketleri ve NFC sahtecili\u011fi \u00f6nleme \u00e7ipleri gibi iste\u011fe ba\u011fl\u0131 ak\u0131ll\u0131 mod\u00fcller, \u00fcst d\u00fczey m\u00fc\u015fterilerin ihtiya\u00e7lar\u0131n\u0131 kar\u015f\u0131layabilir.<\/li>\n<li><strong>D\u0131\u015f ticaret profesyonel deste\u011fi<\/strong>:<\/li>\n<li><strong>K\u00fcresel uyumluluk sertifikas\u0131<\/strong>: REACH ve FDA g\u0131da ile temas eden malzeme testlerini ge\u00e7mi\u015ftir ve DDP\/DAP gibi ticari terimleri destekler.<\/li>\n<li><strong>\u00c7evik tedarik zinciri<\/strong>: \u00c7in Guangdong \u00fcretim \u00fcss\u00fc, 48 saatlik prova yan\u0131t\u0131, minimum sipari\u015f miktar\u0131 500 adet, s\u0131n\u0131r \u00f6tesi e-ticaret drop shipping deste\u011fi.<\/li>\n<\/ol>","protected":false},"excerpt":{"rendered":"<p>Posta kutusu tipi yap\u0131\u015ft\u0131r\u0131c\u0131 gerektirmez ve birka\u00e7 saniye i\u00e7inde olu\u015fturulabilir, bu da paketleme verimlili\u011fini b\u00fcy\u00fck \u00f6l\u00e7\u00fcde art\u0131r\u0131r. Kutunun i\u00e7indeki yap\u0131land\u0131r\u0131lm\u0131\u015f dolgu, nakliye g\u00fcvenli\u011fini sa\u011flamak i\u00e7in \u015farap \u015fi\u015fesini do\u011fru bir \u015fekilde sabitler. Basit tasar\u0131m, a\u00e7\u0131ld\u0131\u011f\u0131nda \u015farap \u015fi\u015fesi ambalaj\u0131n\u0131za bir s\u00fcrpriz duygusu katabilir. Kutunun alt k\u0131sm\u0131, \u00fcr\u00fcn ad\u0131yla ilgin\u00e7 bir yank\u0131 olu\u015fturan soyut bir siyah kedi silueti deseniyle ak\u0131ll\u0131ca dekore edilmi\u015ftir.<\/p>","protected":false},"featured_media":705,"template":"","meta":{"_kad_post_transparent":"default","_kad_post_title":"","_kad_post_layout":"default","_kad_post_sidebar_id":"","_kad_post_content_style":"default","_kad_post_vertical_padding":"default","_kad_post_feature":"","_kad_post_feature_position":"","_kad_post_header":false,"_kad_post_footer":false,"_kad_post_classname":""},"product_brand":[],"product_cat":[15,17],"product_tag":[256,257,258],"class_list":{"0":"post-704","1":"product","2":"type-product","3":"status-publish","4":"has-post-thumbnail","6":"product_cat-red-light-therapy","7":"product_cat-services","8":"product_tag-custom-champagne-packaging","9":"product_tag-luxury-wine-mailer-packaging","10":"product_tag-supplier-custom-champagne-wine-packaging","12":"first","13":"instock","14":"shipping-taxable","15":"product-type-simple","16":"entry","17":"content-bg","18":"loop-entry"},"_links":{"self":[{"href":"https:\/\/red-lighttherapy.com\/tr\/wp-json\/wp\/v2\/product\/704","targetHints":{"allow":["GET"]}}],"collection":[{"href":"https:\/\/red-lighttherapy.com\/tr\/wp-json\/wp\/v2\/product"}],"about":[{"href":"https:\/\/red-lighttherapy.com\/tr\/wp-json\/wp\/v2\/types\/product"}],"wp:featuredmedia":[{"embeddable":true,"href":"https:\/\/red-lighttherapy.com\/tr\/wp-json\/wp\/v2\/media\/705"}],"wp:attachment":[{"href":"https:\/\/red-lighttherapy.com\/tr\/wp-json\/wp\/v2\/media?parent=704"}],"wp:term":[{"taxonomy":"product_brand","embeddable":true,"href":"https:\/\/red-lighttherapy.com\/tr\/wp-json\/wp\/v2\/product_brand?post=704"},{"taxonomy":"product_cat","embeddable":true,"href":"https:\/\/red-lighttherapy.com\/tr\/wp-json\/wp\/v2\/product_cat?post=704"},{"taxonomy":"product_tag","embeddable":true,"href":"https:\/\/red-lighttherapy.com\/tr\/wp-json\/wp\/v2\/product_tag?post=704"}],"curies":[{"name":"wp","href":"https:\/\/api.w.org\/{rel}","templated":true}]}}