{"id":698,"date":"2025-04-14T05:57:18","date_gmt":"2025-04-14T05:57:18","guid":{"rendered":"https:\/\/red-lighttherapy.com\/?post_type=product&#038;p=698"},"modified":"2025-04-14T06:06:07","modified_gmt":"2025-04-14T06:06:07","slug":"hot-selling-mailer-baseball-hat-shipping-boxes-suppliers","status":"publish","type":"product","link":"https:\/\/red-lighttherapy.com\/tr\/hot-selling-mailer-baseball-hat-shipping-boxes-suppliers\/","title":{"rendered":"S\u0131cak Sat\u0131\u015f Mailer Beyzbol \u015eapkas\u0131 Nakliye Kutular\u0131 Tedarik\u00e7iler"},"content":{"rendered":"<h2 id=\"-macaron-color-baseball-cap-transport-box-product-description-\"><strong>Macaron Renk S\u0131cak Sat\u0131\u015f Mailer Beyzbol \u015eapkas\u0131 Nakliye Kutusu \u00dcr\u00fcn A\u00e7\u0131klamas\u0131<\/strong><\/h2>\n<h2 id=\"-1-macaron-color-visual-aesthetics-\"><strong>1. Macaron Renk G\u00f6rsel Esteti\u011fi<\/strong><\/h2>\n<p>Kutu g\u00f6vdesinde yumu\u015fak\u00a0<strong>a\u00e7\u0131k ye\u015fil (nane ye\u015fili)<\/strong>\u00a0ve\u00a0<strong>a\u00e7\u0131k mavi (soda mavisi)<\/strong>\u00a0ana renkler olarak, canland\u0131r\u0131c\u0131 ve zarif bir g\u00f6rsel deneyim sunmak i\u00e7in do\u011fadan ve okyanustan esinlenmi\u015ftir. Renk e\u015fle\u015fmesi uluslararas\u0131 trendlere at\u0131fta bulunur ve d\u00fc\u015f\u00fck doygunluklu tasar\u0131m, spor, e\u011flence, kad\u0131n t\u00fcketimi ve di\u011fer markalar i\u00e7in uygun olan g\u00f6rsel yorgunlu\u011fu \u00f6nler.<\/p>\n<h2 id=\"-2-single-material-environmentally-friendly-structure-\"><strong>2. Tek malzemeli \u00e7evre dostu yap\u0131<\/strong><\/h2>\n<p>Kullanma\u00a0<strong>100% geri d\u00f6n\u00fc\u015ft\u00fcr\u00fclebilir oluklu mukavva<\/strong>\u00a0(A\/B\/E fl\u00fct modeli),\u00a0<strong>t\u00fcm poliolefin kompozit s\u00fcreci<\/strong>\u00a0Geleneksel kompozit malzemelerin (al\u00fcminyum folyo, PET gibi) neden oldu\u011fu geri d\u00f6n\u00fc\u015f\u00fcm ve ay\u0131rma sorunlar\u0131ndan ka\u00e7\u0131narak tek malzeme yap\u0131s\u0131na ula\u015f\u0131r. Bu tasar\u0131m AB ambalaj d\u00f6ng\u00fcsel ekonomi standartlar\u0131n\u0131 kar\u015f\u0131lar ve do\u011frudan ka\u011f\u0131t geri d\u00f6n\u00fc\u015f\u00fcm ak\u0131\u015f\u0131na sokularak karbon emisyonlar\u0131 ve kaynak israf\u0131 azalt\u0131labilir.<\/p>\n<h2 id=\"-3-interesting-lining-and-minimalist-appearance-\"><strong>3. \u0130lgin\u00e7 astar ve minimalist g\u00f6r\u00fcn\u00fcm<\/strong><\/h2>\n<ul>\n<li><strong>D\u0131\u015f kutu<\/strong>: Minimalist mat y\u00fczey, \u00e7ift tarafl\u0131 bask\u0131l\u0131 marka logosu, gereksiz dekorasyon yok, \u00e7evre koruma kavram\u0131n\u0131 vurguluyor.<\/li>\n<li><strong>\u0130\u00e7 astar<\/strong>: \u00d6zelle\u015ftirilmi\u015f\u00a0<strong>renkli noktalar\/geometrik desenler<\/strong>\u00a0(iste\u011fe ba\u011fl\u0131 turuncu, pembe, sar\u0131 kontrast renkler), \u00e7evre dostu su bazl\u0131 m\u00fcrekkeple bas\u0131lm\u0131\u015ft\u0131r, kutudan \u00e7\u0131kar\u0131ld\u0131\u011f\u0131 anda g\u00f6rsel bir kontrast s\u00fcrprizi yaratarak t\u00fcketicinin interaktif deneyimini geli\u015ftirir.<\/li>\n<\/ul>\n<h2 id=\"-4-double-sided-printing-and-efficient-use-of-paper-\"><strong>4. \u00c7ift tarafl\u0131 bask\u0131 ve verimli ka\u011f\u0131t kullan\u0131m\u0131<\/strong><\/h2>\n<p>\u00c7ift tarafl\u0131 bask\u0131 \u015fu yollarla elde edilir\u00a0<strong>CMYK ofset bask\u0131 + fleksografik bask\u0131 teknolojisi<\/strong>i\u00e7 katman deseni ve d\u0131\u015f katman marka bilgileri ayn\u0131 anda sunulur ve ka\u011f\u0131t kullan\u0131m oran\u0131 30% art\u0131r\u0131l\u0131r. Bask\u0131 s\u00fcreci FSC orman sertifikasyon standartlar\u0131na uygundur ve m\u00fcrekkep, g\u00fcvenlik ve \u00e7evre korumas\u0131n\u0131 sa\u011flamak i\u00e7in RoHS a\u011f\u0131r metal i\u00e7ermeme testini ge\u00e7mi\u015ftir.<\/p>\n<h2 id=\"-5-foldable-reusable-opening-and-closing-structure-\"><strong>5. Katlanabilir yeniden kullan\u0131labilir a\u00e7ma ve kapama yap\u0131s\u0131<\/strong><\/h2>\n<ul>\n<li><strong>A\u00e7\u0131l\u0131r ve kapan\u0131r tasar\u0131m<\/strong>: Kutu kapa\u011f\u0131 a\u015fa\u011f\u0131daki \u00f6zelliklere sahiptir\u00a0<strong>g\u00f6m\u00fcl\u00fc toka + manyetik \u015ferit<\/strong>Bantla sabitlenmesi gerekmeyen ve 10 defadan fazla tekrar tekrar s\u00f6k\u00fcl\u00fcp tak\u0131labilen bu \u00fcr\u00fcn, t\u00fcketicilerin depolama, hediye verme ve di\u011fer \u00e7ok sahneli yeniden kullan\u0131m ihtiya\u00e7lar\u0131 i\u00e7in uygundur.<\/li>\n<li><strong>S\u0131k\u0131\u015ft\u0131rma direnci<\/strong>: Kutu g\u00f6vdesi 15 kg'a kadar y\u00fck ta\u015f\u0131yabilir ve k\u00f6\u015feler, uluslararas\u0131 ekspres teslimat standartlar\u0131na uygun olan nakliye ekstr\u00fczyonunu ve deformasyonu \u00f6nlemek i\u00e7in g\u00fc\u00e7lendirilmi\u015ftir.<\/li>\n<\/ul>\n<h2 id=\"-6-waterproof-material-and-multi-functional-adaptation-\"><strong>6. Su ge\u00e7irmez malzeme ve \u00e7ok fonksiyonlu adaptasyon<\/strong><\/h2>\n<ul>\n<li><strong>Su ge\u00e7irmez i\u015flem<\/strong>: Kartonun y\u00fczeyi a\u015fa\u011f\u0131dakilerle kaplanm\u0131\u015ft\u0131r\u00a0<strong>parlak film\/mat vernik<\/strong>IPX4 s\u0131\u00e7ramaya dayan\u0131kl\u0131 etki sa\u011flayan, k\u0131sa s\u00fcreli ya\u011fmur veya nemli ortama dayanabilen ve mayo, spor ayakkab\u0131 ve di\u011fer kategoriler i\u00e7in m\u00fckemmel \u015fekilde uygundur.<\/li>\n<li><strong>Esnek boyut<\/strong>: \u00d6zelle\u015ftirme deste\u011fi (referans standart boyut 38.9 \u00d7 27.8 \u00d7 10.2cm), EVA ara katman\u0131 veya PVC pencere, birden fazla kategorinin karma ta\u015f\u0131ma ihtiya\u00e7lar\u0131n\u0131 kar\u015f\u0131lamak i\u00e7in i\u00e7ine monte edilebilir.<\/li>\n<\/ul>\n<h2 id=\"-technical-parameters-and-certification-\"><strong>Teknik parametreler ve sertifikasyon<\/strong><\/h2>\n<table>\n<thead>\n<tr>\n<th>Nitelikler<\/th>\n<th>Parametre ayr\u0131nt\u0131lar\u0131<\/th>\n<\/tr>\n<\/thead>\n<tbody>\n<tr>\n<td><strong>Malzeme<\/strong><\/td>\n<td>Y\u00fcksek mukavemetli oluklu ka\u011f\u0131t (C-tipi oluk, kantitatif 300g\/\u33a1)<\/td>\n<\/tr>\n<tr>\n<td><strong>Bask\u0131 s\u00fcreci<\/strong><\/td>\n<td>\u00c7ift tarafl\u0131 ofset bask\u0131 + Pantone spot renk, iste\u011fe ba\u011fl\u0131 kabartma\/UV yerel efekt<\/td>\n<\/tr>\n<tr>\n<td><strong>\u00c7evre sertifikas\u0131<\/strong><\/td>\n<td>FSC, ISO14021, RoHS, REACH<\/td>\n<\/tr>\n<tr>\n<td><strong>Minimum sipari\u015f miktar\u0131<\/strong><\/td>\n<td>500 adet (\u00f6rnek \u00f6zelle\u015ftirmeyi destekleyin, 7 i\u015f g\u00fcn\u00fc teslimat)<\/td>\n<\/tr>\n<\/tbody>\n<\/table>","protected":false},"excerpt":{"rendered":"<p>Bu beyzbol \u015fapkas\u0131 ta\u015f\u0131ma kutusu spor giyim, mayo, ayakkab\u0131 ve \u015fapka gibi hafif l\u00fcks \u00fcr\u00fcnler i\u00e7in tasarlanm\u0131\u015ft\u0131r. Temel sat\u0131\u015f noktalar\u0131 olarak taze makaron renkleri, geri d\u00f6n\u00fc\u015ft\u00fcr\u00fclebilir malzemeler ve insanc\u0131lla\u015ft\u0131r\u0131lm\u0131\u015f yap\u0131s\u0131yla \u00e7evre koruma konseptlerini ve estetik yarat\u0131c\u0131l\u0131\u011f\u0131 b\u00fct\u00fcnle\u015ftirerek, pratiklik ve s\u00fcrd\u00fcr\u00fclebilirli\u011fi g\u00f6z \u00f6n\u00fcnde bulundurarak markan\u0131n ye\u015fil ve modaya uygun bir tutum sergilemesine yard\u0131mc\u0131 oluyor.<\/p>","protected":false},"featured_media":699,"template":"","meta":{"_kad_post_transparent":"default","_kad_post_title":"","_kad_post_layout":"default","_kad_post_sidebar_id":"","_kad_post_content_style":"default","_kad_post_vertical_padding":"default","_kad_post_feature":"","_kad_post_feature_position":"","_kad_post_header":false,"_kad_post_footer":false,"_kad_post_classname":""},"product_brand":[],"product_cat":[15,30,17],"product_tag":[255,253,254],"class_list":{"0":"post-698","1":"product","2":"type-product","3":"status-publish","4":"has-post-thumbnail","6":"product_cat-red-light-therapy","7":"product_cat-dropshipping","8":"product_cat-services","9":"product_tag-baseball-hat-boxes-suppliers","10":"product_tag-baseball-hat-shipping-boxes","11":"product_tag-hot-selling-hat-shipping-boxes","13":"first","14":"instock","15":"shipping-taxable","16":"product-type-simple","17":"entry","18":"content-bg","19":"loop-entry"},"_links":{"self":[{"href":"https:\/\/red-lighttherapy.com\/tr\/wp-json\/wp\/v2\/product\/698","targetHints":{"allow":["GET"]}}],"collection":[{"href":"https:\/\/red-lighttherapy.com\/tr\/wp-json\/wp\/v2\/product"}],"about":[{"href":"https:\/\/red-lighttherapy.com\/tr\/wp-json\/wp\/v2\/types\/product"}],"wp:featuredmedia":[{"embeddable":true,"href":"https:\/\/red-lighttherapy.com\/tr\/wp-json\/wp\/v2\/media\/699"}],"wp:attachment":[{"href":"https:\/\/red-lighttherapy.com\/tr\/wp-json\/wp\/v2\/media?parent=698"}],"wp:term":[{"taxonomy":"product_brand","embeddable":true,"href":"https:\/\/red-lighttherapy.com\/tr\/wp-json\/wp\/v2\/product_brand?post=698"},{"taxonomy":"product_cat","embeddable":true,"href":"https:\/\/red-lighttherapy.com\/tr\/wp-json\/wp\/v2\/product_cat?post=698"},{"taxonomy":"product_tag","embeddable":true,"href":"https:\/\/red-lighttherapy.com\/tr\/wp-json\/wp\/v2\/product_tag?post=698"}],"curies":[{"name":"wp","href":"https:\/\/api.w.org\/{rel}","templated":true}]}}