{"id":693,"date":"2025-04-14T05:47:06","date_gmt":"2025-04-14T05:47:06","guid":{"rendered":"https:\/\/red-lighttherapy.com\/?post_type=product&#038;p=693"},"modified":"2025-04-14T05:56:47","modified_gmt":"2025-04-14T05:56:47","slug":"order-custom-cosmetic-skin-care-box-beauty-packaging-factory","status":"publish","type":"product","link":"https:\/\/red-lighttherapy.com\/tr\/order-custom-cosmetic-skin-care-box-beauty-packaging-factory\/","title":{"rendered":"\u00d6zel Kozmetik Cilt Bak\u0131m Kutusu G\u00fczellik Ambalaj Fabrikas\u0131 Sipari\u015f Edin"},"content":{"rendered":"<h2 id=\"-product-description-of-customized-skin-care-gift-box-series-\"><strong>\u00dcr\u00fcn A\u00e7\u0131klamas\u0131 Sipari\u015f \u00d6zel Kozmetik Cilt Bak\u0131m Kutusu G\u00fczellik Ambalaj Fabrikas\u0131<\/strong><\/h2>\n<h2 id=\"-i-environmental-protection-and-quality-are-equally-important-defining-a-new-standard-of-luxury-\"><strong>1. \u00c7evre koruma ve kalite e\u015fit derecede \u00f6nemlidir ve yeni bir l\u00fcks standard\u0131 tan\u0131mlar<\/strong><\/h2>\n<p>Bu hediye kutusu FSC sertifikal\u0131 \u00e7evre dostu sert ka\u011f\u0131t kullan\u0131r ve hammaddeler hem ekolojik sorumluluk hem de m\u00fckemmel performans dikkate al\u0131narak s\u00fcrd\u00fcr\u00fclebilir \u015fekilde y\u00f6netilen ormanlardan elde edilir. Karton, \u00e7ok katmanl\u0131 bir kompozit i\u015flemle g\u00fc\u00e7lendirilmi\u015f ve bas\u0131n\u00e7 dayan\u0131m\u0131 40% ile art\u0131r\u0131lm\u0131\u015ft\u0131r. Ta\u015f\u0131ma s\u0131ras\u0131nda 5 kg'dan fazla d\u0131\u015f kuvvete dayanabilir ve i\u00e7eri\u011fin s\u0131f\u0131r hasar g\u00f6rmesini sa\u011flar. Kutu yap\u0131s\u0131 bal pete\u011fi ka\u011f\u0131t \u00e7ekirdek teknolojisine sahiptir ve yast\u0131klama alt\u0131gen \u00fc\u00e7 boyutlu destek ile geli\u015ftirilmi\u015ftir. Y\u00fcksek yo\u011funluklu orta yo\u011funluklu sunta \u00e7er\u00e7evesi ile \"hafiflik\" ve \"sa\u011flaml\u0131k\" aras\u0131nda m\u00fckemmel bir denge kurarak cilt bak\u0131m \u00fcr\u00fcnleri i\u00e7in kale d\u00fczeyinde koruma sa\u011flar.<\/p>\n<h2 id=\"-ii-the-integration-of-color-aesthetics-and-minimalist-design-\"><strong>2. Renk esteti\u011fi ve minimalist tasar\u0131m\u0131n entegrasyonu<\/strong><\/h2>\n<p>Hediye kutusunun g\u00f6r\u00fcn\u00fcm\u00fc, Pantone'nin y\u0131ll\u0131k pop\u00fcler rengine dayanan makaron degrade pembe ve turuncu tonlar\u0131n\u0131 benimser ve dijital degrade bask\u0131 teknolojisi ile \u015fafaktan alacakaranl\u0131\u011fa do\u011fal bir ge\u00e7i\u015f sunar. Y\u00fczey, kadife kadar hassas bir his veren, \u00e7izilmelere kar\u015f\u0131 etkili bir \u015fekilde diren\u00e7 g\u00f6steren ve parmak izi kal\u0131nt\u0131lar\u0131n\u0131 ortadan kald\u0131ran ve g\u00f6rsel safl\u0131\u011f\u0131 uzun s\u00fcre koruyan g\u0131da s\u0131n\u0131f\u0131 mat bir film tabakas\u0131yla kaplanm\u0131\u015ft\u0131r. Kapak, manyetik toka ve yava\u015f a\u00e7\u0131lan mente\u015fe kombinasyonu ile a\u00e7\u0131l\u0131r ve kapan\u0131r. A\u00e7\u0131lma a\u00e7\u0131s\u0131 110\u00b0'ye ula\u015ft\u0131\u011f\u0131nda otomatik olarak havada as\u0131l\u0131 kal\u0131r. Yerle\u015fik ayna ve \u00fcr\u00fcn, rit\u00fcel ve rahatl\u0131\u011f\u0131 birle\u015ftiren tek elle sabit bir \u015fekilde g\u00f6r\u00fcnt\u00fclenebilir.<\/p>\n<h2 id=\"-three-modular-lining-system-unlocking-multiple-scenarios-\"><strong>3. Mod\u00fcler kaplama sistemi, birden fazla senaryonun kilidini a\u00e7ar<\/strong><\/h2>\n<p>Temel malzemesi EVA flok s\u00fcnger olan yenilik\u00e7i \u00e7ift katmanl\u0131 de\u011fi\u015ftirilebilir astar tasar\u0131m\u0131, \u00fc\u00e7 adaptasyon \u015femas\u0131n\u0131 destekler:<\/p>\n<ol>\n<li><strong>\u00c7oklu \u015fi\u015fe kombinasyon alan\u0131<\/strong>: \u00f6zelle\u015ftirilmi\u015f petek b\u00f6lme, 30-100ml spesifikasyonlu \u015fi\u015felerin ve teneke kutular\u0131n hassas sabitlenmesi, \u00e7arp\u0131\u015fma \u00f6nleyici yer de\u011fi\u015ftirme;<\/li>\n<li><strong>Tek \u00fcr\u00fcn sergileme alan\u0131<\/strong>: \u00e7\u0131kar\u0131labilir b\u00f6lmeler alan\u0131 serbest\u00e7e ayarlayabilir, y\u00fcz maskeleri ve esanslar gibi \u00f6zel \u015fekilli ambalajlara uyum sa\u011flayabilir;<\/li>\n<li><strong>Alet depolama katman\u0131<\/strong>Metal g\u00fczellik aletlerini veya cam damlal\u0131klar\u0131 sabit bir \u015fekilde saklamak i\u00e7in silikon kart yuvalar\u0131 ekleyin. Astar, bir yuva arac\u0131l\u0131\u011f\u0131yla kutu g\u00f6vdesine ba\u011flan\u0131r ve 3 saniye i\u00e7inde de\u011fi\u015ftirilebilir, tatil hediyeleri, seyahat setleri ve yeni \u00fcr\u00fcn denemeleri gibi birden fazla senaryonun ihtiya\u00e7lar\u0131n\u0131 kar\u015f\u0131lar.<\/li>\n<\/ol>\n<h2 id=\"-fourth-details-empower-the-experience-craftsmanship-runs-through-the-whole-process-\"><strong>4. Detaylar deneyimi g\u00fc\u00e7lendirir, i\u015f\u00e7ilik t\u00fcm s\u00fcre\u00e7 boyunca devam eder<\/strong><\/h2>\n<ul>\n<li><strong>\u00c7evre dostu s\u00fcre\u00e7 zinciri<\/strong>: Su bazl\u0131 m\u00fcrekkep bask\u0131s\u0131ndan tutkals\u0131z s\u0131cak pres kal\u0131plamaya kadar, s\u00fcre\u00e7 boyunca 0 plastik kullan\u0131l\u0131r ve SGS biyolojik olarak par\u00e7alanabilir sertifikas\u0131 al\u0131n\u0131r;<\/li>\n<li><strong>\u0130nsanc\u0131lla\u015ft\u0131r\u0131lm\u0131\u015f etkile\u015fim<\/strong>: Kutu kapa\u011f\u0131, geleneksel yayl\u0131 kutular\u0131n ani hissini \u00f6nleyerek sessizce ve e\u015fit kuvvetle a\u00e7\u0131l\u0131p kapanan yerle\u015fik bir s\u00f6n\u00fcmleme miline sahiptir;<\/li>\n<li><strong>Marka de\u011feri geni\u015fletme<\/strong>: Marka tan\u0131n\u0131rl\u0131\u011f\u0131n\u0131 art\u0131rmak i\u00e7in lazerle LOGO \u00f6zelle\u015ftirme, iste\u011fe ba\u011fl\u0131 s\u0131cak damgalama, kabartma veya UV kabartma teknolojisini destekler.<\/li>\n<\/ul>\n<h2 id=\"-technical-parameters-\"><strong>Teknik Parametreler<\/strong><\/h2>\n<table>\n<thead>\n<tr>\n<th>Proje<\/th>\n<th>Teknik \u00d6zellikler<\/th>\n<\/tr>\n<\/thead>\n<tbody>\n<tr>\n<td>Malzeme<\/td>\n<td>FSC karma sertifikal\u0131 karton (kal\u0131nl\u0131k 2,5 mm)<\/td>\n<\/tr>\n<tr>\n<td>Y\u00fczey teknolojisi<\/td>\n<td>G\u0131da s\u0131n\u0131f\u0131 mat laminasyon (s\u0131cakl\u0131k direnci -20 \u2103 ~ 80 \u2103)<\/td>\n<\/tr>\n<tr>\n<td>Y\u00fck ta\u015f\u0131ma kapasitesi<\/td>\n<td>Statik 5kg\/dinamik ta\u015f\u0131ma s\u0131k\u0131\u015ft\u0131rma direnci 8G<\/td>\n<\/tr>\n<tr>\n<td>Astar uyumlulu\u011fu<\/td>\n<td>12 par\u00e7aya kadar 3 tip mod\u00fcl\/tek kutu y\u00fck\u00fcn\u00fc destekler<\/td>\n<\/tr>\n<tr>\n<td>Minimum sipari\u015f miktar\u0131<\/td>\n<td>500 set (k\u00fc\u00e7\u00fck parti provalar\u0131n\u0131 destekler)<\/td>\n<\/tr>\n<\/tbody>\n<\/table>","protected":false},"excerpt":{"rendered":"<p>Bu, \u00fcst d\u00fczey cilt bak\u0131m \u00fcr\u00fcnleri i\u00e7in tasarlanm\u0131\u015f bir posta kutusudur. Sert \u00e7evre dostu ka\u011f\u0131ttan yap\u0131lm\u0131\u015ft\u0131r. Kutu g\u00f6vdesi, modern modan\u0131n estetik trendine uyan makaron gradyan pembe ve turuncu renktedir. G\u00fc\u00e7l\u00fc bir s\u0131k\u0131\u015ft\u0131rma yap\u0131s\u0131na sahip FSC sertifikal\u0131 \u00e7evre dostu ka\u011f\u0131t kullan\u0131r.<\/p>","protected":false},"featured_media":694,"template":"","meta":{"_kad_post_transparent":"default","_kad_post_title":"","_kad_post_layout":"default","_kad_post_sidebar_id":"","_kad_post_content_style":"default","_kad_post_vertical_padding":"default","_kad_post_feature":"","_kad_post_feature_position":"","_kad_post_header":false,"_kad_post_footer":false,"_kad_post_classname":""},"product_brand":[],"product_cat":[15,28,17],"product_tag":[252,250,251],"class_list":{"0":"post-693","1":"product","2":"type-product","3":"status-publish","4":"has-post-thumbnail","6":"product_cat-red-light-therapy","7":"product_cat-customize","8":"product_cat-services","9":"product_tag-beauty-packaging-factory","10":"product_tag-cosmetic-packaging-factory","11":"product_tag-custom-skin-care-box","13":"first","14":"instock","15":"shipping-taxable","16":"product-type-simple","17":"entry","18":"content-bg","19":"loop-entry"},"_links":{"self":[{"href":"https:\/\/red-lighttherapy.com\/tr\/wp-json\/wp\/v2\/product\/693","targetHints":{"allow":["GET"]}}],"collection":[{"href":"https:\/\/red-lighttherapy.com\/tr\/wp-json\/wp\/v2\/product"}],"about":[{"href":"https:\/\/red-lighttherapy.com\/tr\/wp-json\/wp\/v2\/types\/product"}],"wp:featuredmedia":[{"embeddable":true,"href":"https:\/\/red-lighttherapy.com\/tr\/wp-json\/wp\/v2\/media\/694"}],"wp:attachment":[{"href":"https:\/\/red-lighttherapy.com\/tr\/wp-json\/wp\/v2\/media?parent=693"}],"wp:term":[{"taxonomy":"product_brand","embeddable":true,"href":"https:\/\/red-lighttherapy.com\/tr\/wp-json\/wp\/v2\/product_brand?post=693"},{"taxonomy":"product_cat","embeddable":true,"href":"https:\/\/red-lighttherapy.com\/tr\/wp-json\/wp\/v2\/product_cat?post=693"},{"taxonomy":"product_tag","embeddable":true,"href":"https:\/\/red-lighttherapy.com\/tr\/wp-json\/wp\/v2\/product_tag?post=693"}],"curies":[{"name":"wp","href":"https:\/\/api.w.org\/{rel}","templated":true}]}}