{"id":688,"date":"2025-04-14T05:37:12","date_gmt":"2025-04-14T05:37:12","guid":{"rendered":"https:\/\/red-lighttherapy.com\/?post_type=product&#038;p=688"},"modified":"2025-04-20T06:02:45","modified_gmt":"2025-04-20T06:02:45","slug":"custom-chocolate-cookie-candy-mailer-box-manufacturer","status":"publish","type":"product","link":"https:\/\/red-lighttherapy.com\/tr\/custom-chocolate-cookie-candy-mailer-box-manufacturer\/","title":{"rendered":"\u00d6zel \u00c7ikolatal\u0131 Kurabiye \u015eeker Posta Kutusu \u00dcreticisi"},"content":{"rendered":"<h2 id=\"-1-visual-impact-design-the-vibrant-collision-of-red-white-and-blue-with-the-lollipop-pattern-\"><strong>1. G\u00f6rsel etki tasar\u0131m\u0131: k\u0131rm\u0131z\u0131, beyaz ve mavinin lolipop deseniyle canl\u0131 \u00e7arp\u0131\u015fmas\u0131<\/strong><\/h2>\n<ul>\n<li><strong>Renk dili<\/strong>: K\u0131rm\u0131z\u0131, beyaz ve mavi ana renklerdir. K\u0131rm\u0131z\u0131 tutku ve tatl\u0131l\u0131\u011f\u0131 simgeler, beyaz safl\u0131k ve \u00fcst d\u00fczey hissi verir ve mavi modern bir canl\u0131l\u0131k katar. \u00dc\u00e7 renk kombinasyonu g\u00fc\u00e7l\u00fc bir g\u00f6rsel kontrast olu\u015fturarak t\u00fcketicilerin dikkatini ilk bak\u0131\u015fta \u00e7eker.<\/li>\n<li><strong>Desen yarat\u0131c\u0131l\u0131\u011f\u0131<\/strong>: Kutu y\u00fczeyi \u00fc\u00e7 boyutlu bir lolipop desen tasar\u0131m\u0131na sahiptir ve \u015fekerin kristal dokusu, \u00fcr\u00fcn\u00fcn \"lezzetli \u00e7a\u011fr\u0131\u015f\u0131m\u0131n\u0131\" g\u00fc\u00e7lendiren ve t\u00fcketicilerin i\u015ftah\u0131n\u0131 ve sat\u0131n alma arzusunu harekete ge\u00e7iren gradyan parlakl\u0131k efektiyle y\u00fcksek hassasiyetli d\u00f6rt renkli bask\u0131 teknolojisi ile sunulmaktad\u0131r.<\/li>\n<\/ul>\n<h2 id=\"-2-convenient-and-practical-airplane-box-structure-fast-packaging-and-display-integration-\"><strong>2. Kullan\u0131\u015fl\u0131 ve pratik u\u00e7ak kutusu yap\u0131s\u0131: h\u0131zl\u0131 paketleme ve te\u015fhir entegrasyonu<\/strong><\/h2>\n<ul>\n<li><strong>A\u00e7\u0131l\u0131r ve kapan\u0131r tasar\u0131m<\/strong>: Patentli u\u00e7ak kutusu yap\u0131s\u0131, ambalaj\u0131 tamamlamak i\u00e7in yaln\u0131zca \u00f6nceden ayarlanm\u0131\u015f k\u0131vr\u0131m boyunca katlanmal\u0131d\u0131r. Yap\u0131\u015ft\u0131r\u0131c\u0131 veya alet gerekmez. Montaj 10 saniye i\u00e7inde tamamlanabilir, bu da paketleme verimlili\u011fini b\u00fcy\u00fck \u00f6l\u00e7\u00fcde art\u0131r\u0131r.<\/li>\n<li><strong>Ekran dostu<\/strong>: Kutu kapa\u011f\u0131, yerle\u015fik \u015feffaf bir pencere veya tamamen a\u00e7\u0131k bir kapak tasar\u0131m\u0131 ile 180 \u00b0 d\u00fcz a\u00e7\u0131labilir; bu, mallar\u0131 sergilerken i\u00e7eri\u011fin sezgisel olarak g\u00f6r\u00fcnt\u00fclenmesi i\u00e7in uygundur. S\u00fcpermarket raflar\u0131, e-ticaret canl\u0131 yay\u0131nlar\u0131 ve di\u011fer sahneler i\u00e7in uygundur.<\/li>\n<\/ul>\n<h2 id=\"-3-high-end-materials-and-craftsmanship-white-cardboard-enhances-product-premium-perception-\"><strong>3. \u00dcst d\u00fczey malzeme ve i\u015f\u00e7ilik: Beyaz karton, \u00fcr\u00fcn\u00fcn premium alg\u0131s\u0131n\u0131 art\u0131r\u0131r<\/strong><\/h2>\n<ul>\n<li><strong>Malzeme avantajlar\u0131<\/strong>: P\u00fcr\u00fczs\u00fcz ve hassas bir y\u00fczeye, g\u00fc\u00e7l\u00fc bas\u0131n\u00e7 direncine sahip se\u00e7ilmi\u015f g\u0131da s\u0131n\u0131f\u0131 beyaz karton (350 g'\u0131n \u00fczerinde a\u011f\u0131rl\u0131k) ve g\u0131da ile do\u011frudan temasta g\u00fcvenli\u011fi sa\u011flamak i\u00e7in SGS test ve sertifikasyonundan ge\u00e7mi\u015ftir.<\/li>\n<li><strong>Bask\u0131 s\u00fcreci<\/strong>: \u00c7evre dostu su bazl\u0131 m\u00fcrekkep + yerel UV i\u015flemi, desen renk dolu ve a\u015f\u0131nmaya dayan\u0131kl\u0131d\u0131r ve marka kimli\u011fini ve dokusunu geli\u015ftirmek i\u00e7in s\u0131cak damgalama ve kabartma gibi \u00f6zelle\u015ftirilmi\u015f i\u015flemleri destekler.<\/li>\n<\/ul>\n<h2 id=\"-4-minimalist-inner-box-design-make-the-product-the-focus-\"><strong>4. Minimalist i\u00e7 kutu tasar\u0131m\u0131: \u00dcr\u00fcn\u00fc odak noktas\u0131 haline getirin<\/strong><\/h2>\n<ul>\n<li><strong>Bask\u0131s\u0131z astar<\/strong>: Kutu, g\u00f6rsel m\u00fcdahaleyi \u00f6nlemek i\u00e7in saf beyaz bask\u0131s\u0131z bir tasar\u0131m benimseyerek \u00e7ikolata ve kurabiye gibi \u00fcr\u00fcnlerin rengini ve \u015feklini \u00f6ne \u00e7\u0131kar\u0131r; bu da \u00fcst d\u00fczey hediyeler i\u00e7in \"az \u00e7oktur\" estetik konseptiyle uyumludur.<\/li>\n<li><strong>Tampon yap\u0131s\u0131<\/strong>: EVA veya oluklu i\u00e7 tepsiler, nakliye s\u0131ras\u0131nda sallanmay\u0131 ve hasar\u0131 \u00f6nlemek i\u00e7in \u00fcr\u00fcnleri do\u011fru bir \u015fekilde konumland\u0131rmak ve sabitlemek i\u00e7in \u00f6zelle\u015ftirilebilirken, ambalajdan \u00e7\u0131karma t\u00f6reni hissini de korur.<\/li>\n<\/ul>\n<h2 id=\"-5-all-round-customization-service-flexible-adaptation-to-diverse-needs-\"><strong>5. \u00c7ok y\u00f6nl\u00fc \u00f6zelle\u015ftirme hizmeti: farkl\u0131 ihtiya\u00e7lara esnek adaptasyon<\/strong><\/h2>\n<ul>\n<li><strong>Kutu tipi \u00f6zelle\u015ftirme<\/strong>: u\u00e7ak kutular\u0131, \u00e7ekmece kutular\u0131, kitap \u015feklindeki kutular gibi 20'den fazla kutu t\u00fcr\u00fcn\u00fc destekler, 5 cm\u00b3 ila 50 cm\u00b3 boyut aral\u0131\u011f\u0131nda, mini \u015fekerlemelerden \u00e7ok katmanl\u0131 keklere kadar paketleme ihtiya\u00e7lar\u0131n\u0131 kar\u015f\u0131lar.<\/li>\n<li><strong>Derinlemesine i\u015fbirli\u011fi modeli<\/strong>\u00dccretsiz tasar\u0131m prova hizmeti, bire bir \u00f6zel m\u00fc\u015fteri hizmetleri 48 saat i\u00e7inde yan\u0131t verir, LOGO implantasyonundan, grafik d\u00fczeninden malzeme y\u00fckseltmesine kadar, ambalaj\u0131n marka tonuyla son derece tutarl\u0131 olmas\u0131n\u0131 sa\u011flamak i\u00e7in t\u00fcm ayarlamalar talep \u00fczerine yap\u0131l\u0131r.<\/li>\n<\/ul>\n<h2 id=\"-6-source-factory-advantage-dual-guarantee-of-quality-and-cost-\"><strong>6. Kaynak fabrika avantaj\u0131: kalite ve maliyette ikili garanti<\/strong><\/h2>\n<ul>\n<li><strong>16 y\u0131ll\u0131k deneyim<\/strong>Olgun tedarik zincirine ve otomatik \u00fcretim hatt\u0131na g\u00fcvenerek, g\u00fcnl\u00fck ortalama 1 milyon adet \u00fcretim kapasitesi ile 72 saatlik ultra h\u0131zl\u0131 sevkiyat ger\u00e7ekle\u015ftirebilir, k\u00fc\u00e7\u00fck parti deneme sipari\u015flerini ve b\u00fcy\u00fck parti istikrarl\u0131 tedariki destekler.<\/li>\n<li><strong>Fiyat avantaj\u0131<\/strong>Arac\u0131lar olmadan fabrika do\u011frudan tedariki, benzer kalitede fiyat, minimum 500 adet sipari\u015f ve b\u00fcy\u00fck miktarlar i\u00e7in kademeli bir indirim ile piyasadan 30% daha d\u00fc\u015f\u00fckt\u00fcr.<\/li>\n<li><strong>Kalite Denetim Taahh\u00fcd\u00fc<\/strong>: ISO9001 kalite y\u00f6netim sistemi sertifikas\u0131n\u0131 ge\u00e7ti, her \u00fcr\u00fcn grubu 100% nitelikli teslimat\u0131 sa\u011flamak i\u00e7in s\u0131k\u0131\u015ft\u0131rma direnci, nem direnci, renk fark\u0131 vb. gibi 12 teste tabi tutulur.<\/li>\n<\/ul>","protected":false},"excerpt":{"rendered":"<p>G\u0131da ambalaj\u0131 alan\u0131nda 16 y\u0131ll\u0131k deneyime sahip \u00c7in men\u015feli bir fabrika olarak, \u00e7ikolata, kurabiye, \u015fekerleme, kek ve di\u011fer tatl\u0131lar i\u00e7in estetik ve i\u015flevselli\u011fi bir araya getiren \u00f6zelle\u015ftirilmi\u015f ambalaj \u00e7\u00f6z\u00fcmleri sunmaya odaklan\u0131yoruz.<\/p>","protected":false},"featured_media":692,"template":"","meta":{"_kad_post_transparent":"default","_kad_post_title":"","_kad_post_layout":"default","_kad_post_sidebar_id":"","_kad_post_content_style":"default","_kad_post_vertical_padding":"default","_kad_post_feature":"","_kad_post_feature_position":"","_kad_post_header":false,"_kad_post_footer":false,"_kad_post_classname":""},"product_brand":[],"product_cat":[15,17],"product_tag":[248,249,247],"class_list":{"0":"post-688","1":"product","2":"type-product","3":"status-publish","4":"has-post-thumbnail","6":"product_cat-red-light-therapy","7":"product_cat-services","8":"product_tag-cookie-box-manufacturer","9":"product_tag-custom-candy-mailer-box","10":"product_tag-custom-chocolate-mailer-box","12":"first","13":"instock","14":"shipping-taxable","15":"product-type-simple","16":"entry","17":"content-bg","18":"loop-entry"},"_links":{"self":[{"href":"https:\/\/red-lighttherapy.com\/tr\/wp-json\/wp\/v2\/product\/688","targetHints":{"allow":["GET"]}}],"collection":[{"href":"https:\/\/red-lighttherapy.com\/tr\/wp-json\/wp\/v2\/product"}],"about":[{"href":"https:\/\/red-lighttherapy.com\/tr\/wp-json\/wp\/v2\/types\/product"}],"wp:featuredmedia":[{"embeddable":true,"href":"https:\/\/red-lighttherapy.com\/tr\/wp-json\/wp\/v2\/media\/692"}],"wp:attachment":[{"href":"https:\/\/red-lighttherapy.com\/tr\/wp-json\/wp\/v2\/media?parent=688"}],"wp:term":[{"taxonomy":"product_brand","embeddable":true,"href":"https:\/\/red-lighttherapy.com\/tr\/wp-json\/wp\/v2\/product_brand?post=688"},{"taxonomy":"product_cat","embeddable":true,"href":"https:\/\/red-lighttherapy.com\/tr\/wp-json\/wp\/v2\/product_cat?post=688"},{"taxonomy":"product_tag","embeddable":true,"href":"https:\/\/red-lighttherapy.com\/tr\/wp-json\/wp\/v2\/product_tag?post=688"}],"curies":[{"name":"wp","href":"https:\/\/api.w.org\/{rel}","templated":true}]}}