{"id":678,"date":"2025-04-14T05:02:19","date_gmt":"2025-04-14T05:02:19","guid":{"rendered":"https:\/\/red-lighttherapy.com\/?post_type=product&#038;p=678"},"modified":"2025-04-14T05:19:39","modified_gmt":"2025-04-14T05:19:39","slug":"custom-tuck-top-holographic-paper-mailing-boxes-for-wigs","status":"publish","type":"product","link":"https:\/\/red-lighttherapy.com\/tr\/custom-tuck-top-holographic-paper-mailing-boxes-for-wigs\/","title":{"rendered":"Peruklar i\u00e7in \u00d6zel Tuck Top Holografik Ka\u011f\u0131t Posta Kutular\u0131"},"content":{"rendered":"<h2 id=\"1-multifunctional-integrated-mailer-box-structural-design-mailer-box-structural-optimization-\">1. \u00c7ok i\u015flevli entegre posta kutusu yap\u0131sal tasar\u0131m\u0131<\/h2>\n<p>Paketin ana g\u00f6vdesi posta kutusunun yenilik\u00e7i yap\u0131s\u0131n\u0131 benimser ve peru\u011fun rit\u00fcel duygusu ve ta\u015f\u0131man\u0131n pratikli\u011fi g\u00f6z \u00f6n\u00fcnde bulundurularak a\u00e7ma ve kapama kapa\u011f\u0131 hassas k\u0131r\u0131\u015f\u0131kl\u0131klar yoluyla 180\u00b0 a\u00e7\u0131labilir. Kutu g\u00f6vdesi mekanik hesaplamayla tasarlanm\u0131\u015ft\u0131r ve metal kenar elemanlar\u0131 k\u00f6\u015felere entegre edilmi\u015ftir, bu da sadece bas\u0131n\u00e7 dayan\u0131m\u0131n\u0131 art\u0131rmakla kalmaz, ayn\u0131 zamanda hafif l\u00fcks detaylar da ekler. A\u00e7\u0131ld\u0131ktan sonra, kapa\u011f\u0131n i\u00e7 k\u0131sm\u0131 marka i\u00e7in g\u00f6rsel bir geni\u015fletme alan\u0131 olarak kullan\u0131labilir. Katland\u0131ktan sonra kal\u0131nl\u0131k, e-ticaret lojistik sahnesine m\u00fckemmel bir \u015fekilde uyarlanan 60% ile azalt\u0131l\u0131r.<\/p>\n<h2 id=\"2-the-visual-impact-of-the-holographic-paper-material-holographic-paper-material-innovation-\">2. Holografik ka\u011f\u0131t malzemenin g\u00f6rsel etkisi<\/h2>\n<p>Kapa\u011f\u0131n i\u00e7 astar\u0131nda \u00e7\u0131\u011f\u0131r a\u00e7an tam geni\u015flikte holografik ka\u011f\u0131t (Holografik ka\u011f\u0131t) kullan\u0131lm\u0131\u015f ve dinamik g\u00f6kku\u015fa\u011f\u0131 \u0131\u015f\u0131k efekti nano d\u00fczeyde \u0131zgara laminasyon teknolojisi ile elde edilmi\u015ftir. T\u00fcketiciler kapa\u011f\u0131 a\u00e7t\u0131\u011f\u0131nda malzeme, peru\u011fun moda \u00f6zellikleriyle son derece uyumlu olan auroran\u0131n ak\u0131\u015f etkisini sim\u00fcle ederek a\u00e7\u0131 de\u011fi\u015fimiyle birlikte mavi\/mor\/pembe degrade bir \u0131\u015f\u0131k noktas\u0131 sunar. Malzeme, nakliye s\u0131ras\u0131nda renkli etkinin bozulmamas\u0131n\u0131 sa\u011flamak i\u00e7in \u00f6zel olarak \u00e7izilmez kaplama ile eklenmi\u015ftir ve ambalaj\u0131n a\u00e7\u0131ld\u0131\u011f\u0131 andaki d\u00f6n\u00fc\u015f\u00fcm oran\u0131 end\u00fcstri kriterinin 2,3 kat\u0131d\u0131r.<\/p>\n<h2 id=\"3-deep-black-visual-identity-system\">3. Koyu siyah g\u00f6rsel kimlik sistemi<\/h2>\n<p>Kutu g\u00f6vdesi standart siyah rengi benimser ve nihai siyah, hedef peruk m\u00fc\u015fterilerinin estetik tercihleriyle derinden rezonansa giren \u00fcst bask\u0131 i\u015flemiyle elde edilir.<\/p>\n<h2 id=\"4-silver-hot-stamping-foil-technology\">4. G\u00fcm\u00fc\u015f s\u0131cak damgalama folyo teknolojisi<\/h2>\n<p>Marka logosu, hassas bir \u015fekilde tutturulmu\u015f Alman Kurz g\u00fcm\u00fc\u015f s\u0131cak damgalama filmini kullan\u0131r. Yaz\u0131 kenar\u0131n\u0131n keskinli\u011fi y\u00fcksektir ve siyah arka plan \u00fczerinde bir ay \u0131\u015f\u0131\u011f\u0131 dald\u0131rma etkisi olu\u015fturur.<\/p>\n<h3 id=\"5-smart-folding-engineering\">5. Ak\u0131ll\u0131 katlama m\u00fchendisli\u011fi<\/h3>\n<p>Birden \u00e7ok kez katlanabilir ve \"bir saniyede \u015fekillendirme\" operasyon deneyimi, katlama \u00f6mr\u00fcn\u00fcn farkl\u0131 \u00fcr\u00fcn kombinasyon ihtiya\u00e7lar\u0131 i\u00e7in uygun olan 50 d\u00f6ng\u00fc testini a\u015fmas\u0131n\u0131 sa\u011flar. Katlamadan sonra, hacim orijinal halinin 22%'sine s\u0131k\u0131\u015ft\u0131r\u0131l\u0131r ve otomatik paketleme hatt\u0131 ile dakikada 60 kutu y\u00fcksek h\u0131zl\u0131 paketleme elde edebilir.<\/p>","protected":false},"excerpt":{"rendered":"<p>Bu posta kutusu, nakliye s\u0131ras\u0131nda darbeyi etkili bir \u015fekilde tamponlayabilen ve peruk ambalaj\u0131n\u0131z\u0131 koruyabilen oluklu ka\u011f\u0131ttan yap\u0131lm\u0131\u015ft\u0131r. Holografik ka\u011f\u0131t son derece g\u00f6rsel \u00e7ekicili\u011fe sahiptir ve marka haf\u0131zas\u0131n\u0131 g\u00fc\u00e7lendirir.<\/p>","protected":false},"featured_media":679,"template":"","meta":{"_kad_post_transparent":"default","_kad_post_title":"","_kad_post_layout":"default","_kad_post_sidebar_id":"","_kad_post_content_style":"default","_kad_post_vertical_padding":"default","_kad_post_feature":"","_kad_post_feature_position":"","_kad_post_header":false,"_kad_post_footer":false,"_kad_post_classname":""},"product_brand":[],"product_cat":[15,17],"product_tag":[242,243,241],"class_list":{"0":"post-678","1":"product","2":"type-product","3":"status-publish","4":"has-post-thumbnail","6":"product_cat-red-light-therapy","7":"product_cat-services","8":"product_tag-custom-holographic-boxes","9":"product_tag-holographic-box-packaging","10":"product_tag-mailing-boxes-for-wigs","12":"first","13":"instock","14":"shipping-taxable","15":"product-type-simple","16":"entry","17":"content-bg","18":"loop-entry"},"_links":{"self":[{"href":"https:\/\/red-lighttherapy.com\/tr\/wp-json\/wp\/v2\/product\/678","targetHints":{"allow":["GET"]}}],"collection":[{"href":"https:\/\/red-lighttherapy.com\/tr\/wp-json\/wp\/v2\/product"}],"about":[{"href":"https:\/\/red-lighttherapy.com\/tr\/wp-json\/wp\/v2\/types\/product"}],"wp:featuredmedia":[{"embeddable":true,"href":"https:\/\/red-lighttherapy.com\/tr\/wp-json\/wp\/v2\/media\/679"}],"wp:attachment":[{"href":"https:\/\/red-lighttherapy.com\/tr\/wp-json\/wp\/v2\/media?parent=678"}],"wp:term":[{"taxonomy":"product_brand","embeddable":true,"href":"https:\/\/red-lighttherapy.com\/tr\/wp-json\/wp\/v2\/product_brand?post=678"},{"taxonomy":"product_cat","embeddable":true,"href":"https:\/\/red-lighttherapy.com\/tr\/wp-json\/wp\/v2\/product_cat?post=678"},{"taxonomy":"product_tag","embeddable":true,"href":"https:\/\/red-lighttherapy.com\/tr\/wp-json\/wp\/v2\/product_tag?post=678"}],"curies":[{"name":"wp","href":"https:\/\/api.w.org\/{rel}","templated":true}]}}