{"id":673,"date":"2025-04-14T04:06:29","date_gmt":"2025-04-14T04:06:29","guid":{"rendered":"https:\/\/red-lighttherapy.com\/?post_type=product&#038;p=673"},"modified":"2025-04-14T05:02:07","modified_gmt":"2025-04-14T05:02:07","slug":"eco-friendly-cosmetic-perfume-shipping-packaging-suppliers","status":"publish","type":"product","link":"https:\/\/red-lighttherapy.com\/tr\/eco-friendly-cosmetic-perfume-shipping-packaging-suppliers\/","title":{"rendered":"\u00c7evre Dostu Kozmetik Parf\u00fcm Nakliye Ambalaj\u0131 Tedarik\u00e7iler"},"content":{"rendered":"<h2 id=\"environmentally-friendly-cosmetics-and-perfume-transportation-packaging-solutions\">\u00c7evre Dostu Kozmetik Parf\u00fcm Nakliye Ambalaj\u0131 Tedarik\u00e7iler<\/h2>\n<h2 id=\"-1-glue-free-packaging-technology-ultra-fast-packaging-experience-\"><strong>1. Tutkals\u0131z paketleme teknolojisi, ultra h\u0131zl\u0131 paketleme deneyimi<\/strong><\/h2>\n<p>Patentli ge\u00e7meli u\u00e7ak kutusu yap\u0131s\u0131 benimsenmi\u015ftir ve hassas k\u0131r\u0131\u015f\u0131k tasar\u0131m\u0131 ve kendinden kilitlemeli ge\u00e7meli cihaz \"tutkal gerektirmez, tek kat ve kapat\" elde etmek i\u00e7in kullan\u0131l\u0131r ve paketleme sadece 30 saniyede tamamlanabilir, bu da geleneksel bant paketlemeden 60%'den daha verimlidir. Bu teknoloji sadece bant kirlili\u011fini ortadan kald\u0131rmakla kalmaz, ayn\u0131 zamanda e-ticaretin y\u00fcksek frekansl\u0131 teslimat senaryolar\u0131na m\u00fckemmel bir \u015fekilde uyarlanan h\u0131rs\u0131zl\u0131k \u00f6nleyici y\u0131rtma \u00e7izgisi tasar\u0131m\u0131 sayesinde \"tek \u00e7ek ve a\u00e7\" \u015feklindeki rahat ambalaj a\u00e7ma deneyimini de ger\u00e7ekle\u015ftirir.<\/p>\n<h2 id=\"-2-high-strength-corrugated-paper-materials-triple-protection-system-\"><strong>2. Y\u00fcksek mukavemetli oluklu ka\u011f\u0131t malzemeler, \u00fc\u00e7l\u00fc koruma sistemi<\/strong><\/h2>\n<p>Se\u00e7ilen A\/B\/C kompozit oluklu mukavva (miktar 280-360 g\/m\u00b2) ve darbe kuvveti UV oluklu yap\u0131 boyunca da\u011f\u0131t\u0131l\u0131r. Laboratuvar verileri, be\u015f katmanl\u0131 oluklu yap\u0131n\u0131n 5000N\/m\u00b2'lik dikey bas\u0131n\u00e7 dayan\u0131m\u0131na dayanabilece\u011fini g\u00f6stermektedir; bu da 1 metrekarelik bir alanda yar\u0131m tonluk bir a\u011f\u0131rl\u0131k bas\u0131nc\u0131n\u0131 ta\u015f\u0131maya e\u015fde\u011ferdir. Y\u00fczey kaplama i\u015flemi nem direncini art\u0131r\u0131r (nem tolerans\u0131 \u2265 85%RH) ve i\u00e7 petek tampon katman\u0131 nakliye titre\u015fimini etkili bir \u015fekilde emerek parf\u00fcm cam \u015fi\u015fesinin 1,2 metrelik d\u00fc\u015fme testinde s\u0131f\u0131r hasar g\u00f6rmesini sa\u011flar.<\/p>\n<h2 id=\"-3-flat-folding-storage-space-utilization-increased-by-70-\"><strong>3. D\u00fcz katlan\u0131r depolama, alan kullan\u0131m\u0131 70% ile art\u0131r\u0131ld\u0131<\/strong><\/h2>\n<p>A\u00e7\u0131lm\u0131\u015f boyut 1200\u00d7800 mm'dir ve katland\u0131ktan sonraki kal\u0131nl\u0131k sadece 3,2 cm'dir, bu da 200 par\u00e7a\/metrek\u00fcp depolama yo\u011funlu\u011fu ile istiflenebilir. Benzersiz \"Z-\u015fekilli\" katlama hatt\u0131 tasar\u0131m\u0131 ters katlamay\u0131 destekler ve geri d\u00f6n\u00fc\u015f\u00fcm s\u0131ras\u0131nda s\u00f6k\u00fclmeden d\u00fcz bir duruma geri getirilebilir, bu da toplam depolama ve lojistik maliyetini azalt\u0131r. Geleneksel ambalajlarla kar\u015f\u0131la\u015ft\u0131r\u0131ld\u0131\u011f\u0131nda, ayn\u0131 miktarda \u00fcr\u00fcn i\u00e7in gereken depolama kapasitesi 45% ile azalt\u0131l\u0131r, bu da \u00f6zellikle mevsimlik s\u0131cak \u00fcr\u00fcnlerin veya s\u0131n\u0131rl\u0131 s\u00fcreli promosyonlar\u0131n esnek stoklama ihtiya\u00e7lar\u0131 i\u00e7in uygundur.<\/p>\n<h2 id=\"-4-full-chain-environmental-certification-controllable-degradation-cycle-\"><strong>4. Tam zincir \u00e7evre sertifikasyonu, kontrol edilebilir bozulma d\u00f6ng\u00fcs\u00fc<\/strong><\/h2>\n<p>Malzeme FSC orman sertifikasyonundan ge\u00e7mi\u015ftir ve 180 g\u00fcn i\u00e7inde 95%'den fazla do\u011fal bozunma oran\u0131 sa\u011flamak i\u00e7in su bazl\u0131 m\u00fcrekkep bask\u0131s\u0131 ve m\u0131s\u0131r ni\u015fastas\u0131 yap\u0131\u015ft\u0131r\u0131c\u0131s\u0131 kullanmaktad\u0131r. Ambalaj ya\u015fam d\u00f6ng\u00fcs\u00fc de\u011ferlendirmesi (LCA), hammadde toplamadan at\u0131k i\u015flemeye kadar t\u00fcm s\u00fcrecin karbon ayak izinin PE plastik ambalajdan 82% daha az oldu\u011funu g\u00f6stermektedir. ON&amp;DO markas\u0131 ile ayn\u0131 tutkals\u0131z ambalaj teknolojisi ile \u00fcretimden geri d\u00f6n\u00fc\u015f\u00fcme kadar s\u0131f\u0131r tutkal kirlili\u011fi kapal\u0131 d\u00f6ng\u00fcs\u00fc elde edilmi\u015ftir.<\/p>\n<h2 id=\"-5-soft-pink-visual-system-awakening-emotional-resonance-\"><strong>5. Yumu\u015fak pembe g\u00f6rsel sistem, uyand\u0131r\u0131c\u0131 duygusal rezonans<\/strong><\/h2>\n<p>Pantone 13-2807TCX \"\u0130lk A\u015fk Pembesi \"nden 14-1312TCX \"G\u00fcl Kuvars Pembesi \"ne kadar 12 \u00f6zelle\u015ftirilmi\u015f renk seviyesi sa\u011flar ve sayfa 4'te a\u00e7\u0131kland\u0131\u011f\u0131 gibi \"s\u0131cak ten dokunu\u015fu\" sunmak i\u00e7in mat laminasyon teknolojisini kullan\u0131r. Kutu \u00fczerine \u00e7i\u00e7ek dokular\u0131 veya marka LOGOSU basmak i\u00e7in kabartmal\u0131 s\u0131cak damgalama, k\u0131smi UV ve di\u011fer i\u015flemlerle e\u015fle\u015ftirilebilir. Ampirik ara\u015ft\u0131rmalar, pembe ambalajl\u0131 parf\u00fcmlerin ambalaj a\u00e7ma d\u00f6n\u00fc\u015f\u00fcm oran\u0131n\u0131n n\u00f6tr renklere g\u00f6re 23% daha y\u00fcksek oldu\u011funu ve bunun \u00f6zellikle Sevgililer G\u00fcn\u00fc ve Anneler G\u00fcn\u00fc gibi duygusal pazarlama d\u00fc\u011f\u00fcmleri i\u00e7in uygun oldu\u011funu g\u00f6stermektedir.<\/p>\n<h2 id=\"-6-flexible-customization-service-empowering-brand-differentiation-\"><strong>6. Marka farkl\u0131la\u015fmas\u0131n\u0131 g\u00fc\u00e7lendiren esnek \u00f6zelle\u015ftirme hizmeti<\/strong><\/h2>\n<p>Konseptten uygulamaya kadar tam s\u00fcre\u00e7 \u00f6zelle\u015ftirmeyi destekler:<\/p>\n<ul>\n<li><strong>Kutu tipi yenilik<\/strong>Alt\u0131gen prizmalar ve kalp \u015fekilleri gibi \u00f6zel \u015fekilli yap\u0131lar geli\u015ftirebilir<\/li>\n<li><strong>\u0130\u015flev geni\u015fletme<\/strong>: dahili manyetik kapak, \u00e7\u0131kar\u0131labilir yeniden doldurma kart\u0131 yuvas\u0131<\/li>\n<li><strong>Ak\u0131ll\u0131 entegrasyon<\/strong>: sahtecili\u011fe kar\u015f\u0131 izlenebilirlik sa\u011flamak i\u00e7in NFC \u00e7ipi ile donat\u0131lm\u0131\u015f veya dinamik koku hikayeleri sunmak i\u00e7in AR teknolojisi ile birle\u015ftirilmi\u015ftir<\/li>\n<li><strong>Sahne uyarlamas\u0131<\/strong>: 5ml deneme paketinden 1000ml i\u015f hediye kutusuna kadar tam boyutlu kapsama alan\u0131 sa\u011flayarak e-ticaret do\u011frudan postas\u0131, saya\u00e7 ekran\u0131, s\u0131n\u0131r \u00f6tesi nakliye vb. gibi birden fazla senaryonun ihtiya\u00e7lar\u0131n\u0131 kar\u015f\u0131lar.<\/li>\n<\/ul>\n<h2 id=\"-technical-parameters-\"><strong>Teknik parametreler<\/strong><\/h2>\n<table>\n<thead>\n<tr>\n<th>\u00d6\u011fe<\/th>\n<th>Standart de\u011fer<\/th>\n<th>Test temeli<\/th>\n<\/tr>\n<\/thead>\n<tbody>\n<tr>\n<td>Bas\u0131n\u00e7 Dayan\u0131m\u0131<\/td>\n<td>\u2265485kgf (tam y\u00fck)<\/td>\n<td>GB\/T 6546-2021<\/td>\n<\/tr>\n<tr>\n<td>Nem i\u00e7eri\u011fi<\/td>\n<td>8,5\u00b11,2%<\/td>\n<td>ISO 287:2017<\/td>\n<\/tr>\n<tr>\n<td>Bozunma d\u00f6ng\u00fcs\u00fc<\/td>\n<td>Toprakta \u2264180 g\u00fcn<\/td>\n<td>ASTM D6400<\/td>\n<\/tr>\n<tr>\n<td>Bask\u0131 do\u011frulu\u011fu<\/td>\n<td>175 sat\u0131r y\u00fcksek \u00e7\u00f6z\u00fcn\u00fcrl\u00fckl\u00fc nokta<\/td>\n<td>G7 renk sertifikas\u0131<\/td>\n<\/tr>\n<\/tbody>\n<\/table>\n<h2 id=\"-cooperation-process-\"><strong>\u0130\u015fbirli\u011fi s\u00fcreci<\/strong><\/h2>\n<ol>\n<li><strong>Talep te\u015fhisi<\/strong>: Paketleme stratejisi raporunu 48 saat i\u00e7inde sa\u011flay\u0131n (rekabet\u00e7i \u00fcr\u00fcn analizi ve maliyet optimizasyonu \u00f6nerileri dahil)<\/li>\n<li><strong>Do\u011frulama provas\u0131<\/strong>: 3D yap\u0131 \u00e7izimlerini ve fiziksel numune kutular\u0131n\u0131 5 i\u015f g\u00fcn\u00fc i\u00e7inde teslim edin<\/li>\n<li><strong>Seri \u00fcretim garantisi<\/strong>: Heidelberg 7 renkli bask\u0131 makinesi ile donat\u0131lm\u0131\u015f, 500.000-500.000 esnek sipari\u015fi destekleyen kendi fabrikas\u0131<\/li>\n<li><strong>Sat\u0131\u015f sonras\u0131 takip<\/strong>: 12 ayl\u0131k kalite sigortas\u0131 ve hasar oran\u0131 tazminat plan\u0131 sa\u011flay\u0131n<\/li>\n<\/ol>","protected":false},"excerpt":{"rendered":"<p>Bu posta kutusu, ta\u015f\u0131ma s\u0131ras\u0131nda darbeyi etkili bir \u015fekilde tamponlayabilen ve parf\u00fcm ve g\u00fczellik \u00fcr\u00fcnlerinizi koruyabilen oluklu ka\u011f\u0131ttan yap\u0131lm\u0131\u015ft\u0131r. Katland\u0131\u011f\u0131nda, az yer kaplayan ve depolama maliyetlerini azaltan d\u00fcz bir plaka haline gelir.<\/p>","protected":false},"featured_media":674,"template":"","meta":{"_kad_post_transparent":"default","_kad_post_title":"","_kad_post_layout":"default","_kad_post_sidebar_id":"","_kad_post_content_style":"default","_kad_post_vertical_padding":"default","_kad_post_feature":"","_kad_post_feature_position":"","_kad_post_header":false,"_kad_post_footer":false,"_kad_post_classname":""},"product_brand":[],"product_cat":[15,28,17],"product_tag":[240,238,239],"class_list":{"0":"post-673","1":"product","2":"type-product","3":"status-publish","4":"has-post-thumbnail","6":"product_cat-red-light-therapy","7":"product_cat-customize","8":"product_cat-services","9":"product_tag-cosmetic-perfume-shipping-boxes","10":"product_tag-eco-friendly-cosmetic-packaging","11":"product_tag-perfume-packaging-suppliers","13":"first","14":"instock","15":"shipping-taxable","16":"product-type-simple","17":"entry","18":"content-bg","19":"loop-entry"},"_links":{"self":[{"href":"https:\/\/red-lighttherapy.com\/tr\/wp-json\/wp\/v2\/product\/673","targetHints":{"allow":["GET"]}}],"collection":[{"href":"https:\/\/red-lighttherapy.com\/tr\/wp-json\/wp\/v2\/product"}],"about":[{"href":"https:\/\/red-lighttherapy.com\/tr\/wp-json\/wp\/v2\/types\/product"}],"wp:featuredmedia":[{"embeddable":true,"href":"https:\/\/red-lighttherapy.com\/tr\/wp-json\/wp\/v2\/media\/674"}],"wp:attachment":[{"href":"https:\/\/red-lighttherapy.com\/tr\/wp-json\/wp\/v2\/media?parent=673"}],"wp:term":[{"taxonomy":"product_brand","embeddable":true,"href":"https:\/\/red-lighttherapy.com\/tr\/wp-json\/wp\/v2\/product_brand?post=673"},{"taxonomy":"product_cat","embeddable":true,"href":"https:\/\/red-lighttherapy.com\/tr\/wp-json\/wp\/v2\/product_cat?post=673"},{"taxonomy":"product_tag","embeddable":true,"href":"https:\/\/red-lighttherapy.com\/tr\/wp-json\/wp\/v2\/product_tag?post=673"}],"curies":[{"name":"wp","href":"https:\/\/api.w.org\/{rel}","templated":true}]}}