{"id":668,"date":"2025-04-14T03:52:12","date_gmt":"2025-04-14T03:52:12","guid":{"rendered":"https:\/\/red-lighttherapy.com\/?post_type=product&#038;p=668"},"modified":"2025-04-14T04:06:16","modified_gmt":"2025-04-14T04:06:16","slug":"custom-cosmetics-lip-gloss-mailer-packaging-boxes-wholesale","status":"publish","type":"product","link":"https:\/\/red-lighttherapy.com\/tr\/custom-cosmetics-lip-gloss-mailer-packaging-boxes-wholesale\/","title":{"rendered":"\u00d6zel Kozmetik Dudak Parlat\u0131c\u0131s\u0131 Mailer Ambalaj Kutular\u0131 Toptan Sat\u0131\u015f"},"content":{"rendered":"<h2 id=\"customized-cosmetic-lip-gloss-mailing-box-mailer-box-product-description\">\u00d6zelle\u015ftirilmi\u015f Kozmetik Dudak Parlat\u0131c\u0131s\u0131 Posta Kutusu \u00dcr\u00fcn A\u00e7\u0131klamas\u0131<\/h2>\n<h2 id=\"-1-integrated-folding-design-environmentally-friendly-and-efficient-\"><strong>1. Entegre katlan\u0131r tasar\u0131m, \u00e7evre dostu ve verimli<\/strong><\/h2>\n<p>Yenilik\u00e7i u\u00e7ak kutusu yap\u0131s\u0131 benimsenmi\u015ftir,\u00a0<strong>entegre katlan\u0131r kal\u0131plama<\/strong>\u00a0hassas kal\u0131p kesim i\u015flemi ile elde edilir ve yard\u0131mc\u0131 montaj i\u00e7in yap\u0131\u015ft\u0131r\u0131c\u0131 veya \u00e7ivi gerekmez ve montaj 3 saniye i\u00e7inde tamamlanabilir. Kutu g\u00f6vdesi tasar\u0131m\u0131 hem yap\u0131sal stabiliteyi hem de rahat ve montaj\u0131 dikkate al\u0131r, paketleme verimlili\u011fini art\u0131r\u0131r ve i\u015f\u00e7ilik maliyetlerini azalt\u0131r. Malzeme, k\u00fcresel \u00e7evre koruma trendlerine uyan ve Orta Do\u011fu'da ye\u015fil ambalaj i\u00e7in yasal gereklilikleri kar\u015f\u0131layan 100% geri d\u00f6n\u00fc\u015ft\u00fcr\u00fclm\u00fc\u015f oluklu mukavvad\u0131r.<\/p>\n<h2 id=\"-2-high-strength-pressure-resistant-material-all-round-protection-\"><strong>2. Y\u00fcksek mukavemetli bas\u0131nca dayan\u0131kl\u0131 malzeme, \u00e7ok y\u00f6nl\u00fc koruma<\/strong><\/h2>\n<p>Kutu g\u00f6vdesi \u015funlardan yap\u0131lm\u0131\u015ft\u0131r <strong>oluklu mukavva<\/strong>A\/B\/C oluklu kompozit yap\u0131 tasar\u0131m\u0131 (A oluk g\u00fc\u00e7l\u00fc darbe direncine, B oluk m\u00fckemmel d\u00fcz bas\u0131n\u00e7 dayan\u0131m\u0131na sahiptir) ile bas\u0131n\u00e7 dayan\u0131m\u0131 sekt\u00f6r lideri seviyeye ula\u015f\u0131r. Arac\u0131l\u0131\u011f\u0131yla\u00a0<strong>kaburga g\u00f6mme teknolojisi<\/strong>\u00a0(bambu lifi veya metal nerv\u00fcrler gibi) ve \u0131zgara \u015feklindeki fiber katman takviyesi, nakliye s\u0131ras\u0131nda istifleme bas\u0131nc\u0131na ve \u00e7arp\u0131\u015fma etkisine dayanabilir ve dudak parlat\u0131c\u0131s\u0131 \u015fi\u015feleri ve f\u0131r\u00e7a ba\u015fl\u0131klar\u0131 gibi hassas par\u00e7alar\u0131 etkili bir \u015fekilde koruyabilir.<\/p>\n<h2 id=\"-3-middle-eastern-style-geometric-pattern-design-to-enhance-brand-recognition-\"><strong>3. Marka tan\u0131n\u0131rl\u0131\u011f\u0131n\u0131 art\u0131rmak i\u00e7in Orta Do\u011fu tarz\u0131 geometrik desen tasar\u0131m\u0131<\/strong><\/h2>\n<p>Y\u00fczey bask\u0131s\u0131 \u015funlar\u0131 i\u00e7erir\u00a0<strong>\u0130slami geometrik estetik unsurlar<\/strong>Sekizgen y\u0131ld\u0131zlar, alt\u0131gen simetrik desenler ve Arap kaligrafi \u00e7izgileri gibi geleneksel mozaik karo esintileriyle birle\u015ferek hem k\u00fclt\u00fcrel derinli\u011fe hem de modernli\u011fe sahip bir tasar\u0131m ortaya \u00e7\u0131karm\u0131\u015ft\u0131r. Renk \u015femas\u0131, Orta Do\u011fu pazar\u0131n\u0131n tercihlerine at\u0131fta bulunarak\u00a0<strong>s\u0131cak alt\u0131n, koyu kahverengi, bordo<\/strong>\u00a0ve di\u011fer l\u00fcks tonlarda, \u00fcr\u00fcn\u00fcn \u00fcst d\u00fczey konumunu vurgulamak i\u00e7in k\u0131smi mat UV kaplamal\u0131.<\/p>\n<h2 id=\"-4-double-sided-printing-technology-environmental-protection-and-functionality-\"><strong>4. \u00c7ift tarafl\u0131 bask\u0131 teknolojisi, \u00e7evre koruma ve i\u015flevsellik<\/strong><\/h2>\n<p>Destek\u00a0<strong>\u00e7ift tarafl\u0131 tam renkli bask\u0131<\/strong>\u0130\u00e7 katman marka hikayeleri, kullan\u0131m talimatlar\u0131 veya \u00e7ok dilli etiketlerle bas\u0131labilir ve d\u0131\u015f katman ambalaj alan\u0131n\u0131n kullan\u0131m\u0131n\u0131 en \u00fcst d\u00fczeye \u00e7\u0131karmak i\u00e7in \u00fcr\u00fcn\u00fcn temel bilgilerini ve g\u00f6rsel desenlerini g\u00f6sterir.\u00a0<strong>Su bazl\u0131 m\u00fcrekkep<\/strong>\u00a0ve\u00a0<strong>soya bazl\u0131 \u00e7evre dostu kaplama<\/strong>\u00a0AB REACH \u00e7evre standartlar\u0131na uyum sa\u011flamak i\u00e7in kullan\u0131l\u0131r. Ayn\u0131 zamanda,\u00a0<strong>di\u0307ji\u0307tal baski teknoloji\u0307si\u0307<\/strong>\u00a0desenin renk fark\u0131 olmamas\u0131n\u0131, kenarlar\u0131n\u0131n net olmas\u0131n\u0131 ve renk doygunlu\u011funun 30% ile art\u0131r\u0131lmas\u0131n\u0131 sa\u011flamak i\u00e7in kullan\u0131l\u0131r.<\/p>\n<h2 id=\"-5-high-definition-printing-technology-to-enhance-visual-communication-\"><strong>5. G\u00f6rsel ileti\u015fimi geli\u015ftirmek i\u00e7in y\u00fcksek \u00e7\u00f6z\u00fcn\u00fcrl\u00fckl\u00fc bask\u0131 teknolojisi<\/strong><\/h2>\n<p>Kullan\u0131m\u00a0<strong>ofset bask\u0131 + so\u011fuk damgalama teknolojisi<\/strong>\u00a0metal doku logosu, degrade dudak parlat\u0131c\u0131s\u0131 efekti vb. gibi 0,1 mm hassas desen ayr\u0131nt\u0131lar\u0131 elde etmek i\u00e7in. arac\u0131l\u0131\u011f\u0131yla\u00a0<strong>Pantone renk kart\u0131 kalibrasyonu<\/strong>\u00a0ve d\u00f6rt renkli \u00fcst bask\u0131 teknolojisi, renk fark\u0131 sorunlar\u0131n\u0131 \u00f6nlemek i\u00e7in marka renk numaras\u0131n\u0131n (g\u00fcl k\u0131rm\u0131z\u0131s\u0131, mercan turuncusu gibi) farkl\u0131 partilerde tutarl\u0131 kalmas\u0131n\u0131 sa\u011flar. Y\u00fczey a\u015fa\u011f\u0131dakilerle i\u015flenebilir\u00a0<strong>kabartma, yerel UV, buzlanma<\/strong>vb. dokunsal deneyimi ve raf \u00e7ekicili\u011fini art\u0131rmak i\u00e7in.<\/p>\n<h2 id=\"-6-in-depth-customized-service-flexible-adaptation-needs-\"><strong>6. Derinlemesine \u00f6zelle\u015ftirilmi\u015f hizmet, esnek adaptasyon ihtiya\u00e7lar\u0131<\/strong><\/h2>\n<ul>\n<li><strong>Kutu tipi \u00f6zelle\u015ftirme<\/strong>: Standart u\u00e7ak kutusu, \u00e7ekmece tipi, \u00fcst ve alt kapak ve di\u011fer yap\u0131lar\u0131 sa\u011flay\u0131n, dudak rengi numaras\u0131n\u0131 g\u00f6r\u00fcnt\u00fclemek i\u00e7in \u00f6zel \u015fekilli pencere tasar\u0131m\u0131n\u0131 destekleyin.<\/li>\n<li><strong>Boyut adaptasyonu<\/strong>: Ta\u015f\u0131ma alan\u0131 kullan\u0131m\u0131n\u0131 optimize etmek i\u00e7in dudak parlat\u0131c\u0131s\u0131 \u00f6zelliklerine g\u00f6re (10ml ince t\u00fcp veya 30ml ya\u011fl\u0131 \u015fi\u015fe gibi) 105-200mm y\u00fckseklik aral\u0131\u011f\u0131 \u00f6zelle\u015ftirmesi sa\u011flay\u0131n.<\/li>\n<li><strong>Malzeme y\u00fckseltme<\/strong>: Orta Do\u011fu'daki y\u00fcksek s\u0131cakl\u0131k ve nem iklimine uyum sa\u011flamak i\u00e7in iste\u011fe ba\u011fl\u0131 al\u00fcminyum film neme dayan\u0131kl\u0131 karton veya \u015feker kam\u0131\u015f\u0131 lifi \u00e7evre dostu malzeme.<\/li>\n<li><strong>Zanaat kombinasyonu<\/strong>: S\u0131n\u0131rl\u0131 say\u0131da veya tatil hediye kutular\u0131n\u0131n \u00f6zel ihtiya\u00e7lar\u0131n\u0131 kar\u015f\u0131lamak i\u00e7in s\u0131cak damgalama, serigrafi bask\u0131, kabartma ve di\u011fer \u00e7oklu zanaat s\u00fcperpozisyonunu destekleyin.<\/li>\n<\/ul>\n<h2 id=\"-7-cooperation-process-\"><strong>7. \u0130\u015fbirli\u011fi s\u00fcreci<\/strong>:<\/h2>\n<ol>\n<li><strong>Talep onay\u0131<\/strong>: \u00dcr\u00fcn boyutu, tasar\u0131m tasla\u011f\u0131 ve miktar\u0131 sa\u011flay\u0131n, 3D yap\u0131 \u015femas\u0131 ve malzeme numunesi al\u0131n.<\/li>\n<li><strong>Prova testi<\/strong>: D\u00fc\u015fme testi ve s\u0131k\u0131\u015ft\u0131rma direnci raporu dahil olmak \u00fczere 7 i\u015f g\u00fcn\u00fc i\u00e7inde fiziksel numune kutusu teslim edin.<\/li>\n<li><strong>Seri \u00fcretim<\/strong>: Minimum 1.000 adet sipari\u015f, FSC sertifikal\u0131 ka\u011f\u0131t deste\u011fi ve karbon ayak izi izlenebilirlik hizmeti.<\/li>\n<\/ol>\n<h2 id=\"-8-core-advantages-\"><strong>8. Temel avantajlar<\/strong>:<\/h2>\n<ul>\n<li><strong>Maliyet optimizasyonu<\/strong>: Entegre yap\u0131 20% sarf malzemelerini azalt\u0131r ve yap\u0131\u015ft\u0131r\u0131c\u0131 i\u00e7ermeyen tasar\u0131m depolama kirlili\u011fi riskini azalt\u0131r.<\/li>\n<li><strong>K\u00fclt\u00fcrel adaptasyon<\/strong>: Desen ve renklerin dini ve estetik tabulara uygun olmas\u0131n\u0131 sa\u011flamak i\u00e7in Orta Do\u011fu'da yerelle\u015ftirilmi\u015f tasar\u0131m ekibi.<\/li>\n<li><strong>Tedarik zinciri garantisi<\/strong>: Kendi fabrikas\u0131 ISO 9001 \/ BSCI sertifikas\u0131n\u0131 ge\u00e7ti.<\/li>\n<\/ul>","protected":false},"excerpt":{"rendered":"<p>Bu posta kutusu, entegre bir katlama tasar\u0131m\u0131na sahiptir, yap\u0131\u015ft\u0131r\u0131c\u0131 gerektirmez, olu\u015fturulmas\u0131 3 saniye s\u00fcrer ve y\u00fcksek mukavemetli oluklu mukavva malzeme, \u00fcr\u00fcnlerinizi hasardan korumak i\u00e7in iyi bir bas\u0131n\u00e7 dayan\u0131m\u0131na sahiptir. U\u00e7ucu ya\u011flar\u0131n\u0131z, y\u00fcz maskeleriniz, dudak parlat\u0131c\u0131n\u0131z ve di\u011fer kozmetik ambalajlar\u0131n\u0131z i\u00e7in \u00e7ok uygundur.<\/p>","protected":false},"featured_media":669,"template":"","meta":{"_kad_post_transparent":"default","_kad_post_title":"","_kad_post_layout":"default","_kad_post_sidebar_id":"","_kad_post_content_style":"default","_kad_post_vertical_padding":"default","_kad_post_feature":"","_kad_post_feature_position":"","_kad_post_header":false,"_kad_post_footer":false,"_kad_post_classname":""},"product_brand":[],"product_cat":[15,28,17],"product_tag":[89,237,236],"class_list":{"0":"post-668","1":"product","2":"type-product","3":"status-publish","4":"has-post-thumbnail","6":"product_cat-red-light-therapy","7":"product_cat-customize","8":"product_cat-services","9":"product_tag-custom-cosmetics-packaging","10":"product_tag-custom-lip-gloss-boxes-wholesale","11":"product_tag-lip-gloss-mailer-boxes","13":"first","14":"instock","15":"shipping-taxable","16":"product-type-simple","17":"entry","18":"content-bg","19":"loop-entry"},"_links":{"self":[{"href":"https:\/\/red-lighttherapy.com\/tr\/wp-json\/wp\/v2\/product\/668","targetHints":{"allow":["GET"]}}],"collection":[{"href":"https:\/\/red-lighttherapy.com\/tr\/wp-json\/wp\/v2\/product"}],"about":[{"href":"https:\/\/red-lighttherapy.com\/tr\/wp-json\/wp\/v2\/types\/product"}],"wp:featuredmedia":[{"embeddable":true,"href":"https:\/\/red-lighttherapy.com\/tr\/wp-json\/wp\/v2\/media\/669"}],"wp:attachment":[{"href":"https:\/\/red-lighttherapy.com\/tr\/wp-json\/wp\/v2\/media?parent=668"}],"wp:term":[{"taxonomy":"product_brand","embeddable":true,"href":"https:\/\/red-lighttherapy.com\/tr\/wp-json\/wp\/v2\/product_brand?post=668"},{"taxonomy":"product_cat","embeddable":true,"href":"https:\/\/red-lighttherapy.com\/tr\/wp-json\/wp\/v2\/product_cat?post=668"},{"taxonomy":"product_tag","embeddable":true,"href":"https:\/\/red-lighttherapy.com\/tr\/wp-json\/wp\/v2\/product_tag?post=668"}],"curies":[{"name":"wp","href":"https:\/\/api.w.org\/{rel}","templated":true}]}}