{"id":663,"date":"2025-04-14T03:37:04","date_gmt":"2025-04-14T03:37:04","guid":{"rendered":"https:\/\/red-lighttherapy.com\/?post_type=product&#038;p=663"},"modified":"2025-04-14T03:51:59","modified_gmt":"2025-04-14T03:51:59","slug":"supplies-premium-quality-mailer-boxes-for-underwear-t-shirt","status":"publish","type":"product","link":"https:\/\/red-lighttherapy.com\/tr\/supplies-premium-quality-mailer-boxes-for-underwear-t-shirt\/","title":{"rendered":"\u0130\u00e7 Giyim T-Shirt i\u00e7in \u00dcst\u00fcn Kaliteli Posta Kutular\u0131 Malzemeleri"},"content":{"rendered":"<h2 id=\"-foldable-double-sided-hot-stamping-custom-airplane-box-\"><strong>Katlanabilir Malzemeler \u0130\u00e7 Giyim T-Shirt i\u00e7in \u00dcst\u00fcn Kaliteli Posta Kutular\u0131<\/strong><\/h2>\n<h2 id=\"-1-sustainable-folding-design-new-experience-of-recycling-\"><strong>1. S\u00fcrd\u00fcr\u00fclebilir katlan\u0131r tasar\u0131m Yeni geri d\u00f6n\u00fc\u015f\u00fcm deneyimi<\/strong><\/h2>\n<p>Bu u\u00e7ak kutusu, hassas toka ve mod\u00fcler k\u0131r\u0131\u015f\u0131k tasar\u0131m\u0131 sayesinde patentli bir katlanabilir yap\u0131ya sahiptir, katlanabilir ve hasar g\u00f6rmeden 10 defadan fazla tekrar kullan\u0131labilir. A\u00e7\u0131ld\u0131ktan sonra, \u00fc\u00e7 boyutlu bir kutudur (standart 32 in\u00e7 boyutunu destekler).<em>25<\/em>10cm) ve katland\u0131ktan sonra hacim orijinal boyutun 1\/4'\u00fcne d\u00fc\u015fer, bu da depolama alan\u0131ndan b\u00fcy\u00fck \u00f6l\u00e7\u00fcde tasarruf sa\u011flar (geleneksel ambalaja k\u0131yasla depolama maliyetlerini 60% azalt\u0131r). AA s\u0131n\u0131f\u0131 be\u015f katmanl\u0131 ihracat karton malzemesi ile bas\u0131n\u00e7 dayan\u0131m\u0131 2000 Newton'a ula\u015f\u0131r ve deniz ve hava ta\u015f\u0131mac\u0131l\u0131\u011f\u0131 gibi \u00e7e\u015fitli nakliye senaryolar\u0131 i\u00e7in uygun olan -40 \u2103 ila 80 \u2103 aras\u0131ndaki a\u015f\u0131r\u0131 ortam testlerinden sonra deformasyona u\u011framaz.<\/p>\n<h2 id=\"-2-low-cost-and-efficient-production-intelligent-supply-chain-optimization-\"><strong>2. D\u00fc\u015f\u00fck maliyetli ve verimli \u00fcretim Ak\u0131ll\u0131 tedarik zinciri optimizasyonu<\/strong><\/h2>\n<ul>\n<li><strong>Otomatik \u00fcretim hatt\u0131 adaptasyonu<\/strong>: Tam otomatik kal\u0131p kesme + katlama entegre ekipman\u0131n\u0131 benimseyen g\u00fcnl\u00fck \u00fcretim kapasitesi 200.000 par\u00e7aya ula\u015f\u0131r ve i\u015f\u00e7ilik maliyeti 45% azal\u0131r;<\/li>\n<li><strong>S\u0131f\u0131r envanter modu<\/strong>: Talep \u00fczerine \u00f6zelle\u015ftirilmi\u015f \u00fcretim d\u00f6ng\u00fcs\u00fc 3-7 g\u00fcnd\u00fcr ve minimum 500 adetlik sipari\u015f miktar\u0131n\u0131 destekleyerek finansal bask\u0131y\u0131 hafifletir.<\/li>\n<\/ul>\n<h2 id=\"-three-double-sided-printing-hot-stamping-technology-brand-visual-upgrade-\"><strong>3. \u00c7ift tarafl\u0131 bask\u0131 + s\u0131cak damgalama teknolojisi marka g\u00f6rsel y\u00fckseltme<\/strong><\/h2>\n<ul>\n<li><strong>Y\u00fcksek \u00e7\u00f6z\u00fcn\u00fcrl\u00fckl\u00fc \u00e7ift tarafl\u0131 bask\u0131<\/strong>: UV laminasyon teknolojisi ile CMYK \/ Pantone renk sistemini kullanarak, \u00e7\u00f6z\u00fcn\u00fcrl\u00fck 300dpi'ye ula\u015f\u0131r ve LOGO, \u00fcr\u00fcn parametreleri, sanat ill\u00fcstrasyonlar\u0131 ve di\u011fer \u00e7ok elemanl\u0131 kombinasyon tasar\u0131m\u0131n\u0131 destekler;<\/li>\n<li><strong>\u00dc\u00e7 boyutlu s\u0131cak damgalama teknolojisi<\/strong>: Alman Kurz \u00e7evre dostu elektrokimyasal al\u00fcminyum folyo kullan\u0131larak, yerel s\u0131cak damgalama metninin \/ deseninin a\u015f\u0131nma direnci 3 kat artar, \u0131\u015f\u0131k yans\u0131t\u0131c\u0131l\u0131\u011f\u0131 90%'ye ula\u015f\u0131r ve g\u00f6rsel etki l\u00fcks mal ambalajlar\u0131yla kar\u015f\u0131la\u015ft\u0131r\u0131labilir;<\/li>\n<li><strong>Ak\u0131ll\u0131 sahtecili\u011fe kar\u015f\u0131 koruma fonksiyonu<\/strong>: \u0130ste\u011fe ba\u011fl\u0131 s\u0131cakl\u0131\u011fa duyarl\u0131 renk de\u011fi\u015ftiren s\u0131cak damgalama etiketleri veya NFC \u00e7ip yerle\u015ftirme, t\u00fcketicinin etkile\u015fimli deneyimini art\u0131rabilir.<\/li>\n<\/ul>\n<h2 id=\"-fourth-macaron-aesthetics-humanized-details-\"><strong>4. Macaron esteti\u011fi + insanla\u015ft\u0131r\u0131lm\u0131\u015f detaylar<\/strong><\/h2>\n<ul>\n<li><strong>Ana renk tasar\u0131m\u0131<\/strong>D\u00fc\u015f\u00fck doygunluklu lavanta sisi ana renktir ve 5% gri tonlama puslu bir doku olu\u015fturmak i\u00e7in entegre edilmi\u015ftir. \u00d6l\u00e7\u00fclen g\u00f6rsel \u00e7ekicilik 37% ile art\u0131r\u0131lm\u0131\u015ft\u0131r;<\/li>\n<li><strong>Emniyetli yuvarlat\u0131lm\u0131\u015f k\u00f6\u015feler<\/strong>: Kenarlar yuvarlat\u0131lm\u0131\u015f + mat laminasyon i\u015flemi ve \u00e7izilme direnci, AB \u00e7ocuk g\u00fcvenli\u011fi standartlar\u0131n\u0131 kar\u015f\u0131layan 50% ile art\u0131r\u0131lm\u0131\u015ft\u0131r;<\/li>\n<li><strong>Kullan\u0131\u015fl\u0131 a\u00e7ma ve kapama yap\u0131s\u0131<\/strong>: manyetik kapak + kaymaz sap tasar\u0131m\u0131, tek elle a\u00e7ma ve kapama sadece 0,5 saniye s\u00fcrer ve kullan\u0131c\u0131 anketi memnuniyeti 92%'ye ula\u015ft\u0131.<\/li>\n<\/ul>\n<h2 id=\"-v-customized-services-for-the-entire-industry-flexible-adaptation-scenarios-\"><strong>5. T\u00fcm sekt\u00f6r i\u00e7in \u00f6zelle\u015ftirilmi\u015f hizmetler - Esnek adaptasyon senaryolar\u0131<\/strong><\/h2>\n<table>\n<thead>\n<tr>\n<th><strong>Sekt\u00f6r adaptasyonu<\/strong><\/th>\n<th><strong>\u00d6zel boyutlar<\/strong><\/th>\n<th><strong>Kasa te\u015fhiri<\/strong><\/th>\n<\/tr>\n<\/thead>\n<tbody>\n<tr>\n<td>\u0130\u00e7 giyim markas\u0131<\/td>\n<td>Dahili nem ge\u00e7irmez bariyer + nefes alabilen delikler<\/td>\n<td>Dantel sabit pozisyon + antibakteriyel astar<\/td>\n<\/tr>\n<tr>\n<td>Spor Giyim<\/td>\n<td>G\u00fc\u00e7lendirilmi\u015f bas\u0131nca dayan\u0131kl\u0131 yap\u0131<\/td>\n<td>Yoga k\u0131yafetleri i\u00e7in katlan\u0131r saklama b\u00f6lmesi<\/td>\n<\/tr>\n<tr>\n<td>G\u00fczellik ve ki\u015fisel bak\u0131m<\/td>\n<td>Mini boy + aynal\u0131 i\u00e7 kutu<\/td>\n<td>Ruj i\u00e7in darbeye dayan\u0131kl\u0131 inci pamuk yuva<\/td>\n<\/tr>\n<tr>\n<td>Hediye \u00f6zelle\u015ftirme<\/td>\n<td>\u00d6zel \u015fekilli pencere + \u015ferit deli\u011fi<\/td>\n<td>Tatil s\u0131n\u0131rl\u0131 s\u0131cak damgalama kabartmal\u0131 desen<\/td>\n<\/tr>\n<\/tbody>\n<\/table>\n<p><strong>\u00c7evresel taahh\u00fct<\/strong>: FSC sertifikal\u0131 ka\u011f\u0131t ve su bazl\u0131 m\u00fcrekkep teknolojisi sayesinde karbon ayak izi geleneksel ambalajlara k\u0131yasla 42% azalt\u0131l\u0131r ve 100% biyolojik olarak par\u00e7alanabilir geri d\u00f6n\u00fc\u015f\u00fcm\u00fc destekler.<\/p>\n<p><strong>\u015eimdi \u00f6zelle\u015ftirin<\/strong>: \u00dccretsiz tasar\u0131m tasla\u011f\u0131 de\u011fi\u015fikli\u011fi, 48 saatlik prova ve k\u00fcresel DDP lojistik hizmetleri sunarak marka ambalaj\u0131n\u0131z\u0131 sessiz bir sat\u0131\u015f el\u00e7isi haline getirin!<\/p>","protected":false},"excerpt":{"rendered":"<p>Ana rengi makaron lavanta sisi olan bu posta kutusu, katlan\u0131p birden \u00e7ok kez yeniden kullan\u0131labilir ve tek kullan\u0131ml\u0131k ambalaj t\u00fcketimini azalt\u0131r. Seri \u00fcretim s\u0131ras\u0131nda d\u00fc\u015f\u00fck bir birim fiyata sahiptir, depolama alan\u0131 ve nakliye maliyetlerinden tasarruf sa\u011flar. Katlama i\u015flemi basittir ve i\u015f\u00e7ilikten tasarruf sa\u011flar.<\/p>","protected":false},"featured_media":664,"template":"","meta":{"_kad_post_transparent":"default","_kad_post_title":"","_kad_post_layout":"default","_kad_post_sidebar_id":"","_kad_post_content_style":"default","_kad_post_vertical_padding":"default","_kad_post_feature":"","_kad_post_feature_position":"","_kad_post_header":false,"_kad_post_footer":false,"_kad_post_classname":""},"product_brand":[],"product_cat":[15,30,17],"product_tag":[233,235,234],"class_list":{"0":"post-663","1":"product","2":"type-product","3":"status-publish","4":"has-post-thumbnail","6":"product_cat-red-light-therapy","7":"product_cat-dropshipping","8":"product_cat-services","9":"product_tag-premium-quality-mailer-boxes","10":"product_tag-supplies-shipping-t-shirt","11":"product_tag-underwear-mailer-boxes","13":"first","14":"instock","15":"shipping-taxable","16":"product-type-simple","17":"entry","18":"content-bg","19":"loop-entry"},"_links":{"self":[{"href":"https:\/\/red-lighttherapy.com\/tr\/wp-json\/wp\/v2\/product\/663","targetHints":{"allow":["GET"]}}],"collection":[{"href":"https:\/\/red-lighttherapy.com\/tr\/wp-json\/wp\/v2\/product"}],"about":[{"href":"https:\/\/red-lighttherapy.com\/tr\/wp-json\/wp\/v2\/types\/product"}],"wp:featuredmedia":[{"embeddable":true,"href":"https:\/\/red-lighttherapy.com\/tr\/wp-json\/wp\/v2\/media\/664"}],"wp:attachment":[{"href":"https:\/\/red-lighttherapy.com\/tr\/wp-json\/wp\/v2\/media?parent=663"}],"wp:term":[{"taxonomy":"product_brand","embeddable":true,"href":"https:\/\/red-lighttherapy.com\/tr\/wp-json\/wp\/v2\/product_brand?post=663"},{"taxonomy":"product_cat","embeddable":true,"href":"https:\/\/red-lighttherapy.com\/tr\/wp-json\/wp\/v2\/product_cat?post=663"},{"taxonomy":"product_tag","embeddable":true,"href":"https:\/\/red-lighttherapy.com\/tr\/wp-json\/wp\/v2\/product_tag?post=663"}],"curies":[{"name":"wp","href":"https:\/\/api.w.org\/{rel}","templated":true}]}}