{"id":658,"date":"2025-04-14T03:25:35","date_gmt":"2025-04-14T03:25:35","guid":{"rendered":"https:\/\/red-lighttherapy.com\/?post_type=product&#038;p=658"},"modified":"2025-04-14T03:36:55","modified_gmt":"2025-04-14T03:36:55","slug":"custom-mailer-boxes-for-shirt-dress-underwear-shirt-package","status":"publish","type":"product","link":"https:\/\/red-lighttherapy.com\/tr\/custom-mailer-boxes-for-shirt-dress-underwear-shirt-package\/","title":{"rendered":"G\u00f6mlek Elbise \u0130\u00e7 Giyim G\u00f6mlek Paketi \u0130\u00e7in \u00d6zel Posta Kutular\u0131"},"content":{"rendered":"<h2 id=\"summer-holiday-series-customized-packaging-box-product-description\">G\u00f6mlek Elbise \u0130\u00e7 Giyim G\u00f6mlek Paketi \u0130\u00e7in Yaz Tatili \u00d6zel Posta Kutular\u0131<\/h2>\n<h2 id=\"1-innovative-structure-and-convenient-design\">1. Yenilik\u00e7i Yap\u0131 ve Kullan\u0131\u015fl\u0131 Tasar\u0131m<\/h2>\n<ol>\n<li><strong>Entegre Katlama \u015eekillendirme<\/strong>\u00a0Bu u\u00e7ak kutusu, tutkal veya \u00e7ivi gerektirmeyen ve \u00f6nceden preslenmi\u015f k\u0131r\u0131\u015f\u0131kl\u0131klar ve toka yap\u0131lar\u0131 arac\u0131l\u0131\u011f\u0131yla h\u0131zl\u0131 bir \u015fekilde monte edilebilen patentli bir entegre katlama tasar\u0131m\u0131na sahiptir. Kullan\u0131c\u0131lar \u00fc\u00e7 boyutlu kal\u0131plamay\u0131 sadece 10 saniyede tamamlayabilir, bu da \u00f6zellikle e-ticaret ve giyim markalar\u0131n\u0131n verimli tasnif ve paketleme ihtiya\u00e7lar\u0131 i\u00e7in uygundur. Kutu a\u00e7\u0131ld\u0131ktan sonra, alt\u0131 tarafl\u0131 sabit bir yap\u0131 olu\u015fturur ve i\u00e7 alan bilimsel olarak b\u00f6l\u00fcnm\u00fc\u015ft\u00fcr, bu da g\u00f6mlek ve elbise gibi farkl\u0131 boyutlardaki mallara m\u00fckemmel \u015fekilde uyabilir.<\/li>\n<li><strong>Hafif Depolama ve Verimli Ta\u015f\u0131ma<\/strong>\u00a0Kal\u0131nl\u0131k d\u00fcz durumda sadece 5 mm'dir ve hacim s\u0131k\u0131\u015ft\u0131rma oran\u0131 80%'dir, bu da depolama ve lojistik maliyetlerini \u00f6nemli \u00f6l\u00e7\u00fcde azalt\u0131r. Katlama ve istifleme ta\u015f\u0131mac\u0131l\u0131\u011f\u0131ndan sonra 50%'den fazla yerden tasarruf edilebilir, bu da \u00f6zellikle s\u0131n\u0131r \u00f6tesi e-ticaretin ve mevsimsel s\u0131cak sat\u0131\u015f \u00fcr\u00fcnlerinin esnek stoklama ihtiya\u00e7lar\u0131 i\u00e7in uygundur.<\/li>\n<\/ol>\n<h2 id=\"2-visual-aesthetics-and-brand-impression\">2. G\u00f6rsel estetik ve marka izlenimi<\/h2>\n<ol>\n<li><strong>Yaz temal\u0131 g\u00f6rsel tasar\u0131m<\/strong>\u00a0Kutu g\u00f6vdesinin ana rengi, Akdeniz tatil tarz\u0131ndan esinlenen parlak sar\u0131 limon k\u00fcmeleri, koyu ye\u015fil degrade dallar ve yapraklar ve beyaz \u00e7i\u00e7ek desenleri ile yumu\u015fak sis a\u00e7\u0131k pembedir. D\u0131\u015f taraf \u00e7ift tarafl\u0131 bask\u0131 teknolojisini benimser ve yapraklar degrade koyu ye\u015fil ile \u0131\u015f\u0131k ve g\u00f6lge etkisini sim\u00fcle ederek ambalaja dinamik bir \u00fc\u00e7 boyut hissi verir; limon k\u00fcmesi g\u00fcne\u015f alt\u0131nda \u015feffaf bir doku sunmak i\u00e7in y\u00fcksek hassasiyetli nokta bask\u0131s\u0131n\u0131 benimser.<\/li>\n<li><strong>\u0130\u00e7 katman bilgisi ve ill\u00fcstrasyon f\u00fczyonu<\/strong>\u00a0Kutunun i\u00e7 taraf\u0131, marka k\u00fclt\u00fcr\u00fcn\u00fc ak\u0131ll\u0131ca aktaran marka LOGOSU, y\u0131kama talimatlar\u0131 ve \u00e7evre koruma sloganlar\u0131 ile birlikte minimalist \u00e7izgi tarz\u0131 bir i\u00e7ecek ill\u00fcstrasyonu ile bas\u0131lm\u0131\u015ft\u0131r. \u0130ll\u00fcstrasyon, d\u0131\u015f taraftaki y\u00fcksek kontrastl\u0131 desenle g\u00f6rsel bir denge olu\u015fturmak i\u00e7in d\u00fc\u015f\u00fck doygunluklu tonlar kullan\u0131yor ve kullan\u0131c\u0131lara ambalaj\u0131 a\u00e7arken \u00e7ifte s\u00fcrpriz deneyimi ya\u015fat\u0131yor.<\/li>\n<\/ol>\n<h2 id=\"3-protection-performance-and-environmentally-friendly-materials\">3. Koruma performans\u0131 ve \u00e7evre dostu malzemeler<\/h2>\n<ol>\n<li><strong>Y\u00fcksek mukavemetli tampon yap\u0131s\u0131<\/strong>\u00a0Ta\u015f\u0131ma s\u0131ras\u0131nda s\u0131k\u0131\u015fma ve d\u00fc\u015fme etkisine kar\u015f\u0131 koyabilen 8000N\/m\u00b2 bas\u0131n\u00e7 dayan\u0131m\u0131na sahip kompozit oluklu mukavva kullan\u0131lm\u0131\u015ft\u0131r. Petek takviye nerv\u00fcr tasar\u0131m\u0131, bas\u0131nc\u0131 daha da da\u011f\u0131tmak ve \u00fcr\u00fcn k\u0131r\u0131\u015f\u0131kl\u0131\u011f\u0131 veya hasar\u0131 riskini azaltmak i\u00e7in kenar ark sarma i\u015flemiyle birlikte kutunun i\u00e7ine eklenmi\u015ftir.<\/li>\n<li><strong>\u00c7evre dostu ve geri d\u00f6n\u00fc\u015ft\u00fcr\u00fclebilir malzemeler<\/strong>\u00a0Karton FSC sertifikal\u0131d\u0131r ve g\u0131da s\u0131n\u0131f\u0131 g\u00fcvenlik standartlar\u0131n\u0131 kar\u015f\u0131layan su bazl\u0131 m\u00fcrekkeple bas\u0131lm\u0131\u015ft\u0131r. Bo\u015f kutu 100% geri d\u00f6n\u00fc\u015ft\u00fcr\u00fclebilir ve bozunabilir ve ayn\u0131 zamanda ye\u015fil ambalaj trendine uygun olarak bir saklama kutusu olarak yeniden kullan\u0131labilir.<\/li>\n<\/ol>\n<h2 id=\"iv-personalized-customization-service\">4. Ki\u015fiselle\u015ftirilmi\u015f \u00f6zelle\u015ftirme hizmeti<\/h2>\n<ol>\n<li><strong>Tam boyutlu esnek \u00f6zelle\u015ftirme<\/strong>\u00a0Boyut, kutu tipi ve desenin derinlemesine \u00f6zelle\u015ftirilmesini destekler:<\/li>\n<li><strong>Boyut e\u015fle\u015ftirme<\/strong>: \u00dcr\u00fcn sallanmas\u0131n\u0131 \u00f6nlemek i\u00e7in g\u00f6mlek yaka \u00e7evresi ve elbise boyu gibi parametrelere g\u00f6re \u00f6zel astar tasarlay\u0131n;<\/li>\n<li><strong>\u0130\u015flev geni\u015fletme<\/strong>: \u015eeffaf pencereler (PET malzeme), \u015ferit tutamaklar veya manyetik kapaklar, ambalaj a\u00e7ma t\u00f6reni hissini artt\u0131rmak i\u00e7in eklenebilir;<\/li>\n<li><strong>Marka \u00f6\u011fesi implantasyonu<\/strong>: Marka tan\u0131n\u0131rl\u0131\u011f\u0131n\u0131 art\u0131rmak i\u00e7in s\u0131cak damgalama, UV kabartma, lazerle oyma ve di\u011fer i\u015flemleri destekleyin.<\/li>\n<\/ol>\n<h2 id=\"v-applicable-scenarios-and-user-value\">5. Uygulanabilir senaryolar ve kullan\u0131c\u0131 de\u011feri<\/h2>\n<ul>\n<li><strong>E-ticaret lojisti\u011fi<\/strong>: Hafif tasar\u0131m sayesinde tek par\u00e7a y\u00fck\u00fc azalt\u0131r ve y\u00fcksek mukavemetli yap\u0131 s\u0131n\u0131r \u00f6tesi uzun mesafeli ta\u015f\u0131mac\u0131l\u0131\u011fa uyum sa\u011flar;<\/li>\n<li><strong>Ma\u011faza te\u015fhiri<\/strong>: Hem i\u00e7 hem de d\u0131\u015f tasar\u0131m\u0131 do\u011frudan bir hediye kutusu olarak sergilenebilir ve ikincil ambalaj at\u0131klar\u0131n\u0131 azalt\u0131r;<\/li>\n<li><strong>Kullan\u0131c\u0131 deneyimi<\/strong>: Kutu a\u00e7\u0131ld\u0131\u011f\u0131nda, limon deseni ve i\u00e7ecek ill\u00fcstrasyonu bir \"tatil i\u00e7ece\u011fi\" \u00e7a\u011fr\u0131\u015f\u0131m\u0131 olu\u015fturarak marka haf\u0131za noktas\u0131n\u0131 g\u00fc\u00e7lendirir.<\/li>\n<\/ul>","protected":false},"excerpt":{"rendered":"<p>Bu posta kutusu entegre katlan\u0131r bir tasar\u0131ma sahiptir ve yap\u0131\u015ft\u0131r\u0131c\u0131 veya \u00e7ivi olmadan saniyeler i\u00e7inde monte edilebilir. D\u00fcz olarak yerle\u015ftirildi\u011finde boyutu k\u00fc\u00e7\u00fckt\u00fcr, bu da depolamay\u0131 ve ta\u015f\u0131may\u0131 kolayla\u015ft\u0131r\u0131r. A\u00e7\u0131ld\u0131\u011f\u0131nda sabit \u00fc\u00e7 boyutlu bir yap\u0131 olu\u015fturur. G\u00f6mlek, elbise, i\u00e7 \u00e7ama\u015f\u0131r\u0131 ve g\u00f6mlek ambalajlar\u0131 i\u00e7in \u00e7ok uygundur.<\/p>","protected":false},"featured_media":659,"template":"","meta":{"_kad_post_transparent":"default","_kad_post_title":"","_kad_post_layout":"default","_kad_post_sidebar_id":"","_kad_post_content_style":"default","_kad_post_vertical_padding":"default","_kad_post_feature":"","_kad_post_feature_position":"","_kad_post_header":false,"_kad_post_footer":false,"_kad_post_classname":""},"product_brand":[],"product_cat":[15,30,17],"product_tag":[231,230,232],"class_list":{"0":"post-658","1":"product","2":"type-product","3":"status-publish","4":"has-post-thumbnail","6":"product_cat-red-light-therapy","7":"product_cat-dropshipping","8":"product_cat-services","9":"product_tag-custom-shipping-dress-boxes","10":"product_tag-mailer-boxes-for-shirt","11":"product_tag-underwear-shirt-packaging-boxes","13":"first","14":"instock","15":"shipping-taxable","16":"product-type-simple","17":"entry","18":"content-bg","19":"loop-entry"},"_links":{"self":[{"href":"https:\/\/red-lighttherapy.com\/tr\/wp-json\/wp\/v2\/product\/658","targetHints":{"allow":["GET"]}}],"collection":[{"href":"https:\/\/red-lighttherapy.com\/tr\/wp-json\/wp\/v2\/product"}],"about":[{"href":"https:\/\/red-lighttherapy.com\/tr\/wp-json\/wp\/v2\/types\/product"}],"wp:featuredmedia":[{"embeddable":true,"href":"https:\/\/red-lighttherapy.com\/tr\/wp-json\/wp\/v2\/media\/659"}],"wp:attachment":[{"href":"https:\/\/red-lighttherapy.com\/tr\/wp-json\/wp\/v2\/media?parent=658"}],"wp:term":[{"taxonomy":"product_brand","embeddable":true,"href":"https:\/\/red-lighttherapy.com\/tr\/wp-json\/wp\/v2\/product_brand?post=658"},{"taxonomy":"product_cat","embeddable":true,"href":"https:\/\/red-lighttherapy.com\/tr\/wp-json\/wp\/v2\/product_cat?post=658"},{"taxonomy":"product_tag","embeddable":true,"href":"https:\/\/red-lighttherapy.com\/tr\/wp-json\/wp\/v2\/product_tag?post=658"}],"curies":[{"name":"wp","href":"https:\/\/api.w.org\/{rel}","templated":true}]}}