{"id":652,"date":"2025-04-14T03:15:00","date_gmt":"2025-04-14T03:15:00","guid":{"rendered":"https:\/\/red-lighttherapy.com\/?post_type=product&#038;p=652"},"modified":"2025-04-14T03:25:26","modified_gmt":"2025-04-14T03:25:26","slug":"elegant-custom-bracelets-necklace-packaging-boxes-wholesale","status":"publish","type":"product","link":"https:\/\/red-lighttherapy.com\/tr\/elegant-custom-bracelets-necklace-packaging-boxes-wholesale\/","title":{"rendered":"Zarif \u00d6zel Bilezikler Kolye Ambalaj Kutular\u0131 Toptan Sat\u0131\u015f"},"content":{"rendered":"<h2><strong>\u00dcr\u00fcn A\u00e7\u0131klamas\u0131 Zarif \u00d6zelle\u015ftirilmi\u015f Tak\u0131 Bilezikler Kolye Kutusu Ambalaj Kutular\u0131 Toptan Sat\u0131\u015f<\/strong><\/h2>\n<p>Kuyumculuk sekt\u00f6r\u00fcnde ambalaj sadece m\u00fccevherler i\u00e7in bir kap de\u011fil, ayn\u0131 zamanda marka stilinin ve kullan\u0131c\u0131 deneyiminin bir uzant\u0131s\u0131d\u0131r. Bu nedenle <strong>minimalist kapak ve taban m\u00fccevher kutusu<\/strong>\u00a0B\u00fcy\u00fck bir \u00f6zenle yaratt\u0131\u011f\u0131m\u0131z i\u015f\u00e7ilik ve estetik tasar\u0131m, bilezik, kolye ve k\u00fcpe gibi birden fazla m\u00fccevher kategorisine m\u00fckemmel bir \u015fekilde uyarlanarak \u00fcr\u00fcnlerinize daha y\u00fcksek katma de\u011fer sa\u011flar.<\/p>\n<h2 id=\"-1-minimalist-shape-universal-adaptation-\"><strong>1. Minimalist \u015fekil, evrensel adaptasyon<\/strong><\/h2>\n<p>Kapakl\u0131 ve \u00fcst k\u0131sm\u0131 klasik kutu, sade ve d\u00fczg\u00fcn hatlara sahip, gereksiz s\u00fcslemeler i\u00e7ermeyen ve farkl\u0131 boyut ve \u015fekillerdeki m\u00fccevher \u00fcr\u00fcnleri i\u00e7in uygun olarak tasarlanm\u0131\u015ft\u0131r. \u00dcst ve alt kapaklar tam olarak oturur ve a\u00e7ma ve kapama alan\u0131 bir rit\u00fcel duygusu g\u00f6sterir. E\u011fik kapak tasar\u0131m\u0131, ister tezgahta ister \u00e7evrimi\u00e7i \u00e7ekim olsun, sergileme i\u00e7in uygundur ve m\u00fccevherlerin g\u00f6z kama\u015ft\u0131r\u0131c\u0131 ayr\u0131nt\u0131lar\u0131n\u0131 sezgisel olarak sunabilir.<\/p>\n<h2 id=\"-2-color-aesthetics-classic-eye-catching-\"><strong>2. Renk esteti\u011fi, klasik g\u00f6z al\u0131c\u0131<\/strong><\/h2>\n<p>Kutu g\u00f6vdesi a\u011f\u0131rl\u0131kl\u0131 olarak bej ve a\u00e7\u0131k alt\u0131n renginde olup, m\u00fccevherlerin metalik parlakl\u0131\u011f\u0131n\u0131 tamamlayan yumu\u015fak ve zarif, sade bir l\u00fckse sahiptir. Son dokunu\u015f olarak kullan\u0131lan k\u0131rm\u0131z\u0131 kurdele, geleneksel hediye kutusunun rit\u00fcel hissini devam ettirmekle kalmay\u0131p ayn\u0131 zamanda kontrast renklerle g\u00f6rsel etkiyi de artt\u0131rmaktad\u0131r. Kurdele, marka logosunu basmak i\u00e7in \u00f6zelle\u015ftirilebilir, bu da marka haf\u0131za noktas\u0131n\u0131 ayr\u0131nt\u0131lardan g\u00fc\u00e7lendirebilir ve pozlamay\u0131 art\u0131rabilir.<\/p>\n<h2 id=\"-three-lining-technology-double-protection-\"><strong>3. Astar teknolojisi, \u00e7ift koruma<\/strong><\/h2>\n<p>Kutu, hassas ve yumu\u015fak, etkili bir \u015fekilde kaymayan ve darbeye dayan\u0131kl\u0131 olan siyah kadife ile kaplanm\u0131\u015ft\u0131r ve m\u00fccevherlerin nakliye veya sergileme s\u0131ras\u0131nda s\u00fcrt\u00fcnme ve sars\u0131nt\u0131dan zarar g\u00f6rmesini \u00f6nler. Koyu siyah arka plan m\u00fccevherlerin parlakl\u0131\u011f\u0131n\u0131 ortaya \u00e7\u0131kar\u0131r ve g\u00f6rsel seviye nettir, \u00fcr\u00fcn\u00fcn \u00fcst d\u00fczey dokusunu daha da vurgular.<\/p>\n<h2 id=\"-fourth-light-and-environmentally-friendly-practical-and-convenient-\"><strong>4. Hafif ve \u00e7evre dostu, pratik ve kullan\u0131\u015fl\u0131<\/strong><\/h2>\n<p>Kutu g\u00f6vdesi, sa\u011flaml\u0131k ve ta\u015f\u0131nabilirli\u011fi bir araya getiren, m\u00fckemmel bas\u0131n\u00e7 direncine sahip, yeniden kullan\u0131labilen ve s\u00fcrd\u00fcr\u00fclebilirlik kavram\u0131na uyan hafif \u00e7evre dostu kartondan yap\u0131lm\u0131\u015ft\u0131r. M\u00fckemmel boyut tasar\u0131m\u0131, uzun s\u00fcre saklama kutusu olarak ta\u015f\u0131may\u0131 veya saklamay\u0131 kolayla\u015ft\u0131rarak ambalaj ya\u015fam d\u00f6ng\u00fcs\u00fcn\u00fc uzat\u0131r ve kaynak israf\u0131n\u0131 azalt\u0131r.<\/p>\n<h2 id=\"-five-brand-empowerment-value-upgrade-\"><strong>5. Marka g\u00fc\u00e7lendirme, de\u011fer y\u00fckseltme<\/strong><\/h2>\n<p>Ambalaj kutusunun kendisi, m\u00fc\u015fterinin kutudan \u00e7\u0131karma deneyimini ve marka tercih edilebilirli\u011fini art\u0131rmak i\u00e7in ba\u011f\u0131ms\u0131z bir hediye olarak verilebilir. \u015eerit logosundan kutu s\u0131cak damgalama i\u015flemine kadar her ayr\u0131nt\u0131, farkl\u0131la\u015ft\u0131r\u0131lm\u0131\u015f g\u00f6rsel semboller olu\u015fturmak ve marka imaj\u0131n\u0131n yerle\u015fmesine yard\u0131mc\u0131 olmak i\u00e7in markaya \u00f6zg\u00fc unsurlarla (LOGO s\u0131cak damgalama \/ s\u0131cak g\u00fcm\u00fc\u015f, serigrafi vb.) entegre edilebilir.<\/p>\n<h2 id=\"-six-customized-service-flexible-and-efficient-\"><strong>6. \u00d6zelle\u015ftirilmi\u015f hizmet, esnek ve verimli<\/strong><\/h2>\n<p>K\u00fc\u00e7\u00fck parti sipari\u015flerini destekleyin (tek bir model i\u00e7in 500 par\u00e7a) ve \u00e7e\u015fitlendirilmi\u015f s\u00fcre\u00e7 se\u00e7enekleri sa\u011flay\u0131n:<\/p>\n<ul>\n<li><strong>LOGO \u00f6zelle\u015ftirme<\/strong>: markan\u0131n ki\u015fiselle\u015ftirilmi\u015f ihtiya\u00e7lar\u0131n\u0131 kar\u015f\u0131lamak i\u00e7in \u015ferit bask\u0131, kutu s\u0131cak damgalama, lazer grav\u00fcr ve di\u011fer i\u015flemler;<\/li>\n<li><strong>H\u0131zl\u0131 prova<\/strong>: Numune \u00fcretimini tamamlamak i\u00e7in 2-3 g\u00fcn, toplu \u00fcretim d\u00f6ng\u00fcs\u00fc 7-14 g\u00fcn, esnek e\u015fle\u015fen sat\u0131\u015f ritmi;<\/li>\n<li><strong>K\u00fcresel adaptasyon<\/strong>: Avrupa ve Amerika \u00e7evre koruma standartlar\u0131n\u0131 (a\u011f\u0131r metal kaplama olmamas\u0131, geri d\u00f6n\u00fc\u015ft\u00fcr\u00fclebilir malzemeler gibi) kar\u015f\u0131lar, s\u0131n\u0131r \u00f6tesi ihracat i\u00e7in uygundur.<\/li>\n<\/ul>\n<h2 id=\"-conclusion-\"><strong>Sonu\u00e7<\/strong><\/h2>\n<p>Bu \u00fcst ve alt kapakl\u0131 m\u00fccevher ambalaj kutusu, minimalist esteti\u011fi ve pratik i\u015flevleri ile m\u00fccevher \u00fcr\u00fcnlerinin pazar rekabet g\u00fcc\u00fcn\u00fc vizyondan, dokunu\u015ftan marka de\u011ferine kadar kapsaml\u0131 bir \u015fekilde geli\u015ftirir. \u0130ster markaya \u00f6zg\u00fc bir ambalaj ister ba\u011f\u0131ms\u0131z bir hediye olsun, t\u00fcketicilerin kalbinde \"zariflik ve kalite\" ile e\u015fanlaml\u0131 hale gelebilir. Sizi i\u00e7tenlikle i\u015fbirli\u011fi yapmaya ve ayr\u0131nt\u0131larla marka y\u00fcksekli\u011fine ula\u015fmaya davet ediyoruz!<\/p>","protected":false},"excerpt":{"rendered":"<p>Kutu g\u00f6vdesi klasik, zarif ve g\u00f6z al\u0131c\u0131 k\u0131rm\u0131z\u0131 kurdeleli bej ve a\u00e7\u0131k alt\u0131n rengindedir. Minimalist \u015fekli kolye, bilezik ve k\u00fcpe gibi \u00e7e\u015fitli tak\u0131 kategorileri i\u00e7in uygundur.<\/p>","protected":false},"featured_media":653,"template":"","meta":{"_kad_post_transparent":"default","_kad_post_title":"","_kad_post_layout":"default","_kad_post_sidebar_id":"","_kad_post_content_style":"default","_kad_post_vertical_padding":"default","_kad_post_feature":"","_kad_post_feature_position":"","_kad_post_header":false,"_kad_post_footer":false,"_kad_post_classname":""},"product_brand":[],"product_cat":[15,19,17],"product_tag":[227,228,229],"class_list":{"0":"post-652","1":"product","2":"type-product","3":"status-publish","4":"has-post-thumbnail","6":"product_cat-red-light-therapy","7":"product_cat-red-light-therapy-stand","8":"product_cat-services","9":"product_tag-custom-bracelets-packaging-boxes","10":"product_tag-necklace-packaging-boxes-wholesale","11":"product_tag-ribbon-jewelry-boxes","13":"first","14":"instock","15":"shipping-taxable","16":"product-type-simple","17":"entry","18":"content-bg","19":"loop-entry"},"_links":{"self":[{"href":"https:\/\/red-lighttherapy.com\/tr\/wp-json\/wp\/v2\/product\/652","targetHints":{"allow":["GET"]}}],"collection":[{"href":"https:\/\/red-lighttherapy.com\/tr\/wp-json\/wp\/v2\/product"}],"about":[{"href":"https:\/\/red-lighttherapy.com\/tr\/wp-json\/wp\/v2\/types\/product"}],"wp:featuredmedia":[{"embeddable":true,"href":"https:\/\/red-lighttherapy.com\/tr\/wp-json\/wp\/v2\/media\/653"}],"wp:attachment":[{"href":"https:\/\/red-lighttherapy.com\/tr\/wp-json\/wp\/v2\/media?parent=652"}],"wp:term":[{"taxonomy":"product_brand","embeddable":true,"href":"https:\/\/red-lighttherapy.com\/tr\/wp-json\/wp\/v2\/product_brand?post=652"},{"taxonomy":"product_cat","embeddable":true,"href":"https:\/\/red-lighttherapy.com\/tr\/wp-json\/wp\/v2\/product_cat?post=652"},{"taxonomy":"product_tag","embeddable":true,"href":"https:\/\/red-lighttherapy.com\/tr\/wp-json\/wp\/v2\/product_tag?post=652"}],"curies":[{"name":"wp","href":"https:\/\/api.w.org\/{rel}","templated":true}]}}