{"id":646,"date":"2025-04-14T03:00:46","date_gmt":"2025-04-14T03:00:46","guid":{"rendered":"https:\/\/red-lighttherapy.com\/?post_type=product&#038;p=646"},"modified":"2025-04-14T03:14:46","modified_gmt":"2025-04-14T03:14:46","slug":"wholesale-custom-luxury-round-shaped-perfume-with-insert","status":"publish","type":"product","link":"https:\/\/red-lighttherapy.com\/tr\/wholesale-custom-luxury-round-shaped-perfume-with-insert\/","title":{"rendered":"Toptan \u00d6zel l\u00fcks Yuvarlak \u015eekilli U\u00e7lu Parf\u00fcm"},"content":{"rendered":"<h2 id=\"-product-description-of-customized-luxury-round-perfume-box-\"><strong>\u00d6zelle\u015ftirilmi\u015f l\u00fcks yuvarlak parf\u00fcm kutusunun \u00fcr\u00fcn a\u00e7\u0131klamas\u0131<\/strong><\/h2>\n<p>\u00dcst d\u00fczey parf\u00fcm ambalaj\u0131n\u0131n estetik trendini ve pratik ihtiya\u00e7lar\u0131n\u0131 bir araya getiren, markan\u0131n farkl\u0131la\u015ft\u0131r\u0131lm\u0131\u015f konumland\u0131rmas\u0131n\u0131 kar\u015f\u0131lamak i\u00e7in sanat ve i\u015flevselli\u011fi birle\u015ftiren \u00f6zelle\u015ftirilmi\u015f yuvarlak parf\u00fcm kutusunun ayr\u0131nt\u0131l\u0131 bir tasar\u0131m a\u00e7\u0131klamas\u0131 a\u015fa\u011f\u0131da yer almaktad\u0131r:<\/p>\n<h2 id=\"1-ingenious-structural-design-combination-of-geometric-aesthetics-and-ergonomics-\">1.\u00a0<strong>Dahiyane yap\u0131sal tasar\u0131m: Geometrik estetik ve ergonominin birle\u015fimi<\/strong><\/h2>\n<ul>\n<li><strong>Simetrik silindirik \u015fekil<\/strong>: Silindir g\u00f6vde ve yuvarlak kapak alt\u0131n oran y\u00fckseklik fark\u0131n\u0131 benimser (silindir y\u00fcksekli\u011fi 12 cm \/ kapak y\u00fcksekli\u011fi 3 cm gibi), g\u00f6rsel bir denge duygusu olu\u015fturur, \u00fcst hafif d\u0131\u015fb\u00fckey yay y\u00fczeyi ve alt i\u00e7e do\u011fru \u00e7izgi yank\u0131s\u0131, minimalist esteti\u011fi yans\u0131t\u0131r.<\/li>\n<li><strong>Optimize edilmi\u015f kavrama konforu<\/strong>: Silindirik silindir g\u00f6vde, Asyal\u0131 kad\u0131nlar\u0131n avu\u00e7lar\u0131n\u0131n k\u0131vr\u0131m\u0131na uyan 5,5 cm \u00e7ap\u0131nda bir yay kullan\u0131r. Tek elle tutmak i\u00e7in sabittir ve a\u00e7ma ve kapama p\u00fcr\u00fczs\u00fcz ve diren\u00e7sizdir, bu da kullan\u0131c\u0131 deneyimini geli\u015ftirir.<\/li>\n<\/ul>\n<h2 id=\"2-inner-lining-material-and-protective-function-technology-empowers-quality-assurance-\">2.\u00a0<strong>\u0130\u00e7 astar malzemesi ve koruyucu i\u015flev: Teknoloji kalite g\u00fcvencesini g\u00fc\u00e7lendirir<\/strong><\/h2>\n<ul>\n<li><strong>Anti-penetrasyon i\u00e7 katman<\/strong>: F\u0131\u00e7\u0131n\u0131n i\u00e7i, p\u00fcr\u00fczs\u00fcz ve diki\u015fsiz olan, s\u0131v\u0131 penetrasyonunu etkili bir \u015fekilde izole eden ve parf\u00fcm\u00fcn u\u00e7mas\u0131n\u0131 veya s\u0131zmas\u0131n\u0131 \u00f6nleyen a\u00e7\u0131k gri g\u0131da s\u0131n\u0131f\u0131 PE kaplama (kal\u0131nl\u0131k 0.8mm) kullan\u0131r. Ayn\u0131 zamanda, anti-ultraviyole tasar\u0131m parf\u00fcm\u00fcn raf \u00f6mr\u00fcn\u00fc uzat\u0131r.<\/li>\n<li><strong>\u00c7evre dostu kaplamal\u0131 ka\u011f\u0131t d\u0131\u015f duvar<\/strong>: D\u0131\u015f katmanda, hassas bir dokunu\u015fa sahip ve \u00e7izilmeye kar\u015f\u0131 dayan\u0131kl\u0131, y\u00fczeyinde mat bir film bulunan 450g\/m\u00b2 y\u00fcksek yo\u011funluklu ku\u015fe ka\u011f\u0131t kullan\u0131l\u0131r. FSC \u00e7evre sertifikas\u0131na uygundur ve deformasyon olmadan 500'den fazla kez tekrarlanan a\u00e7ma ve kapamay\u0131 destekler.<\/li>\n<\/ul>\n<h2 id=\"3-artistic-design-language-floral-elements-interpret-the-brand-story-\">3.\u00a0<strong>Sanatsal tasar\u0131m dili: Floral \u00f6\u011feler marka hikayesini yorumluyor<\/strong><\/h2>\n<ul>\n<li><strong>\u00dc\u00e7 boyutlu kabartma i\u015f\u00e7ili\u011fi<\/strong>: Kutu g\u00f6vdesi renk sistemine dayan\u0131r ve \u00e7i\u00e7ek dallar\u0131 ve meyve desenlerini (vadi zamba\u011f\u0131, g\u00fcl vb.) sunmak i\u00e7in s\u0131cak damgalama + UV kabartma teknolojisini kullan\u0131r. Dallar\u0131n ve yapraklar\u0131n damarlar\u0131n\u0131n do\u011frulu\u011fu 0,1 mm'ye ula\u015f\u0131r ve taze ve edebi bir atmosfer yaratmak i\u00e7in mat bir doku arka plan\u0131yla e\u015fle\u015ftirilir.<\/li>\n<li><strong>\u00c7oklu versiyon tema tasar\u0131m\u0131<\/strong>: \"D\u00f6rt Mevsim \u00c7i\u00e7ek Dili\" ve \"Gizli Bah\u00e7e\" gibi seriler sunar. \u0130lkbahar versiyonu esas olarak d\u00fc\u015fen kiraz \u00e7i\u00e7eklerinin dinamik \u00e7izgilerine dayan\u0131r ve k\u0131\u015f versiyonu, koleksiyon de\u011ferini ve sahne uyarlanabilirli\u011fini art\u0131rmak i\u00e7in kar tanesi kristal oyma teknolojisini i\u00e7erir.<\/li>\n<\/ul>\n<h2 id=\"iv-brand-logo-system-strengthen-visual-unity-\">4. <strong>Marka logo sistemi: G\u00f6rsel b\u00fct\u00fcnl\u00fc\u011f\u00fc g\u00fc\u00e7lendirin<\/strong><\/h2>\n<ul>\n<li><strong>Entegre marka logosu<\/strong>: Marka LOGOSU, kapa\u011f\u0131n \u00fcst k\u0131sm\u0131n\u0131n ortas\u0131na lazerle kaz\u0131nabilir (metal folyo s\u0131cak damgalama veya 3D kabartma bask\u0131y\u0131 destekler) ve namlunun yan taraf\u0131nda 10 cm \u00d7 3 cm'lik bir logo alan\u0131 ayr\u0131lm\u0131\u015ft\u0131r ve marka imaj\u0131n\u0131 ili\u015fkilendirmek i\u00e7in QR kodu \/ marka slogan\u0131 \u00f6zelle\u015ftirmesini destekler.<\/li>\n<li><strong>G\u00f6rsel geni\u015fletmenin desteklenmesi<\/strong>: Ayn\u0131 seri hediye \u00e7antalar\u0131, kurdeleler ve tebrik kartlar\u0131 sa\u011flay\u0131n, desen \u00f6\u011feleri ana kutu ile tutarl\u0131d\u0131r ve eksiksiz bir marka g\u00f6rsel sistemi olu\u015fturur.<\/li>\n<\/ul>\n<h2 id=\"v-customized-production-service-advantages-of-china-s-source-factory-\">5. <strong>\u00d6zelle\u015ftirilmi\u015f \u00fcretim hizmeti: \u00c7in'in kaynak fabrikas\u0131n\u0131n avantajlar\u0131<\/strong><\/h2>\n<ul>\n<li><strong>Esnek \u00f6zelle\u015ftirme plan\u0131<\/strong>: 500 adetten sipari\u015f deste\u011fi, boyut (\u00e7ap 5-15cm), renk (Pantone renk kart\u0131 do\u011fru e\u015fle\u015ftirme), astar b\u00f6lme (\u00e7ok \u015fi\u015feli b\u00f6lme katman\u0131) vb. gibi ki\u015fiselle\u015ftirilmi\u015f ayarlamalar ve 15 g\u00fcn i\u00e7inde h\u0131zl\u0131 prova ve teslimat sa\u011flar.<\/li>\n<li><strong>Kalite Kontrol Sistemi<\/strong>: Kutu g\u00f6vdesi hatas\u0131n\u0131n \u22640,2 mm ve k\u0131r\u0131lma oran\u0131n\u0131n 0,5%'den az olmas\u0131n\u0131 sa\u011flamak i\u00e7in tam otomatik kal\u0131p kesme makineleri ve kalite kontrol hatlar\u0131 kullanarak ISO 9001 sertifikas\u0131n\u0131 ge\u00e7ti.<\/li>\n<\/ul>\n<h2 id=\"vi-application-scenarios-and-added-value-\">6. <strong>Uygulama senaryolar\u0131 ve katma de\u011fer<\/strong><\/h2>\n<ul>\n<li><strong>\u00c7ok senaryolu uyarlama<\/strong>: Klasik versiyon tezgah \u00fcst\u00fc te\u015fhir i\u00e7in uygundur, tatil s\u0131n\u0131rl\u0131 s\u00fcr\u00fcm\u00fc bir hediye kutusu setiyle e\u015fle\u015ftirilebilir (g\u00fcl alt\u0131n s\u0131cak damgalama versiyonu gibi) ve kurumsal \u00f6zelle\u015ftirilmi\u015f versiyon, i\u015f hediyesi pazar\u0131n\u0131 geni\u015fletmek i\u00e7in ortak markal\u0131 IP \u00f6\u011felerini i\u00e7erebilir.<\/li>\n<li><strong>S\u00fcrd\u00fcr\u00fclebilir kullan\u0131m<\/strong>: Bo\u015f kutu m\u00fccevher saklama veya ev dekorasyonu olarak kullan\u0131labilir ve astar, \u00fcr\u00fcn ya\u015fam d\u00f6ng\u00fcs\u00fcn\u00fc uzatmak ve \u00e7evre dostu t\u00fcketim e\u011filimini kar\u015f\u0131lamak i\u00e7in bir flanel katmanla de\u011fi\u015ftirilebilir.<\/li>\n<\/ul>\n<p><strong>\u00d6zet<\/strong>: Bu yuvarlak parf\u00fcm kutusu \"sanat + i\u015flev\" \u00e7ift \u00e7ekirde\u011fi taraf\u0131ndan y\u00f6nlendirilir. Hassas yap\u0131s\u0131, \u00e7evre dostu malzemeleri, \u00f6zelle\u015ftirilmi\u015f tasar\u0131m\u0131 ve \u00c7in'in \u00fcretim avantajlar\u0131 sayesinde \u00fcst d\u00fczey parf\u00fcm markalar\u0131n\u0131n ambalaj esteti\u011fi, kalitesi ve marka de\u011feri ihtiya\u00e7lar\u0131n\u0131 kar\u015f\u0131lamaktad\u0131r. Fabrika do\u011frudan tedarik modeli maliyetleri daha da d\u00fc\u015f\u00fcr\u00fcr ve m\u00fc\u015fterilerin l\u00fcks pazar pay\u0131n\u0131 ele ge\u00e7irmesine yard\u0131mc\u0131 olur.<\/p>","protected":false},"excerpt":{"rendered":"<p>Bu silindirik ambalaj kutusunun silindir g\u00f6vdesi ve yuvarlak kapa\u011f\u0131n\u0131n kombinasyonu basit ve simetriktir ve y\u00fckseklik fark\u0131 g\u00f6rsel bir denge yarat\u0131r. Silindir g\u00f6vdenin i\u00e7 k\u0131sm\u0131, s\u0131v\u0131 parf\u00fcm\u00fc n\u00fcfuz etmekten korumak i\u00e7in a\u00e7\u0131k gri p\u00fcr\u00fczs\u00fcz malzemeden yap\u0131lm\u0131\u015ft\u0131r. Kutu tasar\u0131m\u0131, \u00fcst d\u00fczey parf\u00fcm\u00fcn konumland\u0131r\u0131lmas\u0131na uygun olarak taze ve edebi bir his yarat\u0131r.<\/p>","protected":false},"featured_media":647,"template":"","meta":{"_kad_post_transparent":"default","_kad_post_title":"","_kad_post_layout":"default","_kad_post_sidebar_id":"","_kad_post_content_style":"default","_kad_post_vertical_padding":"default","_kad_post_feature":"","_kad_post_feature_position":"","_kad_post_header":false,"_kad_post_footer":false,"_kad_post_classname":""},"product_brand":[],"product_cat":[15,17],"product_tag":[224,225,226],"class_list":{"0":"post-646","1":"product","2":"type-product","3":"status-publish","4":"has-post-thumbnail","6":"product_cat-red-light-therapy","7":"product_cat-services","8":"product_tag-custom-perfume-box","9":"product_tag-elegant-perfume-packaging-boxes","10":"product_tag-perfume-packaging-round-box","12":"first","13":"instock","14":"shipping-taxable","15":"product-type-simple","16":"entry","17":"content-bg","18":"loop-entry"},"_links":{"self":[{"href":"https:\/\/red-lighttherapy.com\/tr\/wp-json\/wp\/v2\/product\/646","targetHints":{"allow":["GET"]}}],"collection":[{"href":"https:\/\/red-lighttherapy.com\/tr\/wp-json\/wp\/v2\/product"}],"about":[{"href":"https:\/\/red-lighttherapy.com\/tr\/wp-json\/wp\/v2\/types\/product"}],"wp:featuredmedia":[{"embeddable":true,"href":"https:\/\/red-lighttherapy.com\/tr\/wp-json\/wp\/v2\/media\/647"}],"wp:attachment":[{"href":"https:\/\/red-lighttherapy.com\/tr\/wp-json\/wp\/v2\/media?parent=646"}],"wp:term":[{"taxonomy":"product_brand","embeddable":true,"href":"https:\/\/red-lighttherapy.com\/tr\/wp-json\/wp\/v2\/product_brand?post=646"},{"taxonomy":"product_cat","embeddable":true,"href":"https:\/\/red-lighttherapy.com\/tr\/wp-json\/wp\/v2\/product_cat?post=646"},{"taxonomy":"product_tag","embeddable":true,"href":"https:\/\/red-lighttherapy.com\/tr\/wp-json\/wp\/v2\/product_tag?post=646"}],"curies":[{"name":"wp","href":"https:\/\/api.w.org\/{rel}","templated":true}]}}