{"id":640,"date":"2025-04-13T08:49:20","date_gmt":"2025-04-13T08:49:20","guid":{"rendered":"https:\/\/red-lighttherapy.com\/?post_type=product&#038;p=640"},"modified":"2025-04-20T06:02:06","modified_gmt":"2025-04-20T06:02:06","slug":"custom-bath-soap-sleeve-slide-drawer-boxes-wholesale","status":"publish","type":"product","link":"https:\/\/red-lighttherapy.com\/tr\/custom-bath-soap-sleeve-slide-drawer-boxes-wholesale\/","title":{"rendered":"\u00d6zel Banyo Sabunu K\u0131l\u0131f\u0131 ve S\u00fcrg\u00fcl\u00fc \u00c7ekmece Kutular\u0131 Toptan Sat\u0131\u015f"},"content":{"rendered":"<h2 id=\"customized-bath-soap-box-and-sliding-drawer-box-wholesale-product-description\">\u00d6zelle\u015ftirilmi\u015f Banyo Sabunu Kutusu ve S\u00fcrg\u00fcl\u00fc \u00c7ekmece Kutusu Toptan Sat\u0131\u015f \u00dcr\u00fcn A\u00e7\u0131klamas\u0131<\/h2>\n<h2 id=\"1-convenient-pull-out-opening-and-closing-\">1.\u00a0<strong>Kullan\u0131\u015fl\u0131 \u00c7ekmeceli Ka\u011f\u0131t Kutular\u0131 A\u00e7ma ve Kapama<\/strong><\/h2>\n<p>Tek elle \u00e7al\u0131\u015ft\u0131rma tasar\u0131m\u0131, \u00e7ekmece ka\u011f\u0131t kutular\u0131 kay\u0131\u015f\u0131, banyo ve mutfak gibi nemli ortamlarda kullan\u0131ma uygun, s\u0131k\u0131\u015fma olmadan sorunsuz bir \u015fekilde kayan koyu mavi a\u015f\u0131nmaya dayan\u0131kl\u0131 silikon malzemeye g\u00f6m\u00fcl\u00fcd\u00fcr. \u00c7ekmece ray\u0131, sorunsuz ve dayan\u0131kl\u0131 \u00e7ekme ve \u00e7ekme i\u015flemi sa\u011flamak i\u00e7in sessiz kayd\u0131rma teknolojisini benimser.<\/p>\n<h2 id=\"2-internal-partition-and-buffer-protection-\">2.\u00a0<strong>Dahili b\u00f6lme ve tampon korumas\u0131<\/strong><\/h2>\n<ul>\n<li><strong>\u00c7arp\u0131\u015fma \u00f6nleyici b\u00f6lme tasar\u0131m\u0131<\/strong>: Ayarlanabilir b\u00f6lmeler, e\u015fyalar\u0131n \u00e7arp\u0131\u015fmas\u0131n\u0131 ve a\u015f\u0131nmas\u0131n\u0131 \u00f6nlemek i\u00e7in farkl\u0131 boyutlardaki sabunlara veya tuvalet malzemelerine uyum sa\u011flamak \u00fczere i\u00e7eriye yerle\u015ftirilmi\u015ftir.<\/li>\n<li><strong>Rendelenmi\u015f ka\u011f\u0131t + rafya \u00e7ift tampon<\/strong>: Taban, yumu\u015fak ve elastik olan ve ta\u015f\u0131ma veya hareket s\u0131ras\u0131nda titre\u015fimleri etkili bir \u015fekilde emen do\u011fal rafya astar ile d\u00f6\u015fenmi\u015ftir; korumay\u0131 daha da g\u00fc\u00e7lendirmek i\u00e7in par\u00e7alanm\u0131\u015f ka\u011f\u0131t bo\u015fluklar\u0131 doldurur.<\/li>\n<\/ul>\n<h2 id=\"3-environmentally-friendly-materials-and-durability-\">3.\u00a0<strong>\u00c7evre dostu malzemeler ve dayan\u0131kl\u0131l\u0131k<\/strong><\/h2>\n<ul>\n<li><strong>Kaplamal\u0131 ka\u011f\u0131t kutu g\u00f6vdesi<\/strong>: Kal\u0131nla\u015ft\u0131r\u0131lm\u0131\u015f ku\u015fe ka\u011f\u0131t kullan\u0131l\u0131r ve y\u00fczey, su ge\u00e7irmez ve neme dayan\u0131kl\u0131, g\u00fc\u00e7l\u00fc y\u0131rt\u0131lma direncine sahip ve kozmetik, k\u0131rtasiye ve di\u011fer sahneleri saklamak i\u00e7in yeniden kullan\u0131labilen \u00e7evre dostu bir mat film ile kaplan\u0131r.<\/li>\n<li><strong>\u00d6zelle\u015ftirilebilir takviye yap\u0131s\u0131<\/strong>: A\u011f\u0131r nesnelerin depolama ihtiya\u00e7lar\u0131 i\u00e7in, y\u00fck ta\u015f\u0131ma kapasitesini 5 kg'a \u00e7\u0131karmak i\u00e7in \u00e7ift katmanl\u0131 kaplamal\u0131 ka\u011f\u0131t kompozit i\u015flemine y\u00fckseltilebilir.<\/li>\n<\/ul>\n<h2 id=\"4-appearance-customization-\">4.\u00a0<strong>G\u00f6r\u00fcn\u00fcm \u00f6zelle\u015ftirme<\/strong><\/h2>\n<ul>\n<li><strong>Desen ve renk<\/strong>: Pantone renk kartlar\u0131n\u0131n do\u011fru renk e\u015fle\u015ftirmesini destekler ve \u015fal deseni, geometri ve bitkiler gibi ki\u015fiselle\u015ftirilmi\u015f desenlerle de\u011fi\u015ftirilebilir.<\/li>\n<li><strong>Marka logosu<\/strong>: S\u0131cak damgalama, UV kabartma, serigrafi bask\u0131 ve di\u011fer i\u015flemleri sa\u011flar ve kurumsal LOGO veya \u00f6zelle\u015ftirilmi\u015f sloganlar basabilir.<\/li>\n<\/ul>\n<h2 id=\"5-function-adjustment-\">5.\u00a0<strong>Fonksiyon ayar\u0131<\/strong><\/h2>\n<ul>\n<li><strong>Esnek boyut<\/strong>: Mini ta\u015f\u0131nabilir modellerden tam boyutlu \u00f6zelle\u015ftirme sa\u011flar (11,5<em>8cm) \u00e7ok katmanl\u0131 \u00e7ekmece kombinasyonlar\u0131na (40<\/em>30 cm).<\/li>\n<li><strong>Astar se\u00e7imi<\/strong>: Rafyaya ek olarak, farkl\u0131 darbeye dayan\u0131kl\u0131l\u0131k ihtiya\u00e7lar\u0131n\u0131 kar\u015f\u0131lamak i\u00e7in EVA, inci pamuk ve di\u011fer malzemelerle de\u011fi\u015ftirilebilir.<\/li>\n<\/ul>\n<h2 id=\"6-applicable-scenarios-and-advantages-\">6.\u00a0<strong>Uygulanabilir senaryolar ve avantajlar<\/strong><\/h2>\n<ul>\n<li><strong>Ev ve ticari senaryolar<\/strong>: Banyo sabun kutular\u0131, otel tuvalet malzemeleri ambalaj\u0131, hediye kutusu \u00f6zelle\u015ftirme vb. i\u00e7in uygulanabilir.<\/li>\n<li><strong>\u00c7evre koruma ve uygun maliyetli<\/strong>: Malzeme RoHS ve SGS sertifikas\u0131na uygundur ve tek bir kutu 3 y\u0131ldan fazla yeniden kullan\u0131labilir, b\u00f6ylece ambalaj at\u0131klar\u0131 azalt\u0131l\u0131r.<\/li>\n<\/ul>","protected":false},"excerpt":{"rendered":"<p>Kutu g\u00f6vdesi a\u00e7\u0131k ye\u015fil ve mavi-ye\u015fil renkte olup, beyaz retro \u015fal deseniyle taze ve zarif bir g\u00f6rsel etki sunar. Koyu mavi \u00e7ekme halkas\u0131 kutu g\u00f6vdesiyle bir renk kontrast\u0131 olu\u015fturarak tasar\u0131m\u0131n katmanl\u0131l\u0131\u011f\u0131n\u0131 art\u0131r\u0131r.<\/p>","protected":false},"featured_media":643,"template":"","meta":{"_kad_post_transparent":"default","_kad_post_title":"","_kad_post_layout":"default","_kad_post_sidebar_id":"","_kad_post_content_style":"default","_kad_post_vertical_padding":"default","_kad_post_feature":"","_kad_post_feature_position":"","_kad_post_header":false,"_kad_post_footer":false,"_kad_post_classname":""},"product_brand":[],"product_cat":[15,28,20,17],"product_tag":[222,221,223],"class_list":{"0":"post-640","1":"product","2":"type-product","3":"status-publish","4":"has-post-thumbnail","6":"product_cat-red-light-therapy","7":"product_cat-customize","8":"product_cat-led-face-light-therapy","9":"product_cat-services","10":"product_tag-bath-soap-slide-drawer-boxes","11":"product_tag-custom-soap-boxes","12":"product_tag-soap-boxes-wholesale","14":"first","15":"instock","16":"shipping-taxable","17":"product-type-simple","18":"entry","19":"content-bg","20":"loop-entry"},"_links":{"self":[{"href":"https:\/\/red-lighttherapy.com\/tr\/wp-json\/wp\/v2\/product\/640","targetHints":{"allow":["GET"]}}],"collection":[{"href":"https:\/\/red-lighttherapy.com\/tr\/wp-json\/wp\/v2\/product"}],"about":[{"href":"https:\/\/red-lighttherapy.com\/tr\/wp-json\/wp\/v2\/types\/product"}],"wp:featuredmedia":[{"embeddable":true,"href":"https:\/\/red-lighttherapy.com\/tr\/wp-json\/wp\/v2\/media\/643"}],"wp:attachment":[{"href":"https:\/\/red-lighttherapy.com\/tr\/wp-json\/wp\/v2\/media?parent=640"}],"wp:term":[{"taxonomy":"product_brand","embeddable":true,"href":"https:\/\/red-lighttherapy.com\/tr\/wp-json\/wp\/v2\/product_brand?post=640"},{"taxonomy":"product_cat","embeddable":true,"href":"https:\/\/red-lighttherapy.com\/tr\/wp-json\/wp\/v2\/product_cat?post=640"},{"taxonomy":"product_tag","embeddable":true,"href":"https:\/\/red-lighttherapy.com\/tr\/wp-json\/wp\/v2\/product_tag?post=640"}],"curies":[{"name":"wp","href":"https:\/\/api.w.org\/{rel}","templated":true}]}}